{"id":9468,"date":"2020-01-15T17:03:59","date_gmt":"2020-01-15T09:03:59","guid":{"rendered":"https:\/\/flamesquadsdemo.com\/lk-backup\/?page_id=9468"},"modified":"2020-06-08T16:13:25","modified_gmt":"2020-06-08T08:13:25","slug":"research-development","status":"publish","type":"page","link":"https:\/\/www.leekeegroup.com\/vn\/research-development\/","title":{"rendered":"NGHI\u00caN C\u1ee8U V\u00c0 PH\u00c1T TRI\u1ec2N"},"content":{"rendered":"<p>[vc_row css=&#8221;.vc_custom_1421949556992{margin-top: -50px !important;}&#8221;][vc_column]<div class=\"fullwidth-block clearfix\" style=\"background-position: center top;\"><script type=\"text\/javascript\">jQuery(function() { _initLayerSlider( '#layerslider_243_qt2rskr8mgyq', {sliderVersion: '6.11.1', responsiveUnder: 1260, hideUnder: 0, hideOver: 100000, pauseOnHover: 1, skin: 'v5', skinsPath: 'https:\/\/www.leekeegroup.com\/wp-content\/plugins\/LayerSlider\/assets\/static\/layerslider\/skins\/'}); });<\/script><div id=\"layerslider_243_qt2rskr8mgyq\" class=\"ls-wp-container fitvidsignore\" style=\"width:1260px;height:300px;max-width:1260px;margin:0 auto;margin-bottom: 0px;\"><div class=\"ls-slide\" data-ls=\"duration:4000;kenburnsscale:1.2;\"><img width=\"1258\" height=\"300\" src=\"https:\/\/www.leekeegroup.com\/wp-content\/uploads\/2020\/02\/18_business_unit_06-1.jpg\" class=\"ls-bg\" alt=\"\" loading=\"lazy\" srcset=\"https:\/\/www.leekeegroup.com\/wp-content\/uploads\/2020\/02\/18_business_unit_06-1.jpg 1258w, https:\/\/www.leekeegroup.com\/wp-content\/uploads\/2020\/02\/18_business_unit_06-1-300x72.jpg 300w, https:\/\/www.leekeegroup.com\/wp-content\/uploads\/2020\/02\/18_business_unit_06-1-768x183.jpg 768w, https:\/\/www.leekeegroup.com\/wp-content\/uploads\/2020\/02\/18_business_unit_06-1-1024x244.jpg 1024w\" sizes=\"(max-width: 1258px) 100vw, 1258px\" \/><\/div><\/div><\/div>[\/vc_column][\/vc_row][vc_row css=&#8221;.vc_custom_1421949556992{margin-top: -55px !important;}&#8221;][vc_column width = &#8220;3\/4&#8221;][vc_column_text]<\/p>\n<h3 style=\"padding-top: 20px;\"><\/h3>\n<h3 style=\"padding-top: 20px;\"><strong>NGHI\u00caN C\u1ee8U V\u00c0 PH\u00c1T TRI\u1ec2N <\/strong><\/h3>\n<p>[\/vc_column_text][vc_column_text]<\/p>\n<p>B\u00ean c\u1ea1nh vi\u1ec7c gi\u1ea3m chi ph\u00ed v\u00e0 c\u1ea3i thi\u1ec7n ch\u1ea5t l\u01b0\u1ee3ng, vi\u1ec7c \u0111\u1ed5i m\u1edbi s\u1ea3n ph\u1ea9m l\u00e0 m\u1ed9t trong nh\u1eefng y\u1ebfu t\u1ed1 c\u1ed1t l\u00f5i n\u1eb1m trong chi\u1ebfn l\u01b0\u1ee3c kinh doanh c\u1ee7a c\u00e1c c\u00f4ng ty s\u1ea3n xu\u1ea5t, b\u1ea5t k\u1ec3 h\u1ecd ho\u1ea1t \u0111\u1ed9ng trong c\u00e1c ng\u00e0nh c\u00f4ng nghi\u1ec7p m\u1edbi n\u1ed5i nh\u01b0 xe \u0111i\u1ec7n, \u0111i\u1ec7n tho\u1ea1i di \u0111\u1ed9ng v\u00e0 vi\u1ec5n th\u00f4ng hay trong c\u00e1c ng\u00e0nh c\u00f4ng nghi\u1ec7p th\u00f4ng th\u01b0\u1eddng nh\u01b0 thi\u1ebft b\u1ecb v\u1ec7 sinh v\u00e0 \u0111\u1ed3 ch\u01a1i. V\u00e0 m\u1ed9t ph\u01b0\u01a1ng ph\u00e1p ch\u00ednh gi\u00fap t\u1ea1o ra l\u1ee3i th\u1ebf c\u1ea1nh tranh l\u00e0 gi\u1edbi thi\u1ec7u lo\u1ea1i v\u1eadt li\u1ec7u ti\u00ean ti\u1ebfn tr\u00ean c\u00e1c s\u1ea3n ph\u1ea9m m\u1edbi c\u1ee7a h\u1ecd nh\u1eb1m l\u00e0m n\u1ed5i b\u1eadt c\u00e1c t\u00ednh n\u0103ng c\u1ee7a c\u00e1c s\u1ea3n ph\u1ea9m \u0111\u1ed9c \u0111\u00e1o m\u00e0 h\u1ecd s\u1ea3n xu\u1ea5t.<\/p>\n<p>C\u00f3 th\u1ec3 r\u1eb1ng c\u00e1c y\u00eau c\u1ea7u l\u00e0 v\u1ec1 hi\u1ec7u su\u1ea5t c\u01a1 h\u1ecdc, \u0111\u1ed9 d\u1eabn \u0111i\u1ec7n, t\u00ednh ch\u1ed1ng \u0103n m\u00f2n, m\u1ea1 \u0111i\u1ec7n ho\u1eb7c an\u1ed1t h\u00f3a, nh\u01b0ng m\u1ed9t lo\u1ea1i h\u1ee3p kim t\u00f9y ch\u1ec9nh v\u1edbi th\u00e0nh ph\u1ea7n v\u1eadt li\u1ec7u v\u00e0 qu\u00e1 tr\u00ecnh \u0111\u00fac h\u1ee3p kim \u0111\u01b0\u1ee3c bi\u1ebfn \u0111\u1ed5i c\u00f3 th\u1ec3 bi\u1ebfn gi\u1ea5c m\u01a1 \u0111\u00f3 th\u00e0nh hi\u1ec7n th\u1ef1c. T\u1eadp \u0111o\u00e0n Lee Kee \u0111\u00e3 \u0111\u1ea7u t\u01b0 x\u00e2y d\u1ef1ng \u0111\u1ed9i ng\u0169 R &#038; D li\u00ean ng\u00e0nh trong su\u1ed1t h\u01a1n m\u1ed9t th\u1eadp k\u1ef7 qua. \u0110\u1ed9i ng\u0169 c\u00f3 kinh nghi\u1ec7m v\u1eefng trong vi\u1ec7c h\u1ee3p t\u00e1c v\u1edbi c\u00e1c nh\u00e0 s\u1ea3n xu\u1ea5t, k\u1ef9 s\u01b0 v\u00e0 thi\u1ebft k\u1ebf s\u1ea3n ph\u1ea9m. B\u1eb1ng vi\u1ec7c th\u1ea3o lu\u1eadn v\u1ec1 c\u00e1c t\u00ednh n\u0103ng c\u1ee7a s\u1ea3n ph\u1ea9m v\u00e0 c\u00e1c th\u00f4ng s\u1ed1 k\u1ef9 thu\u1eadt v\u1ec1 hi\u1ec7u su\u1ea5t mong mu\u1ed1n c\u1ee7a h\u1ecd, \u0111\u1ed9i ng\u0169 \u0111\u00e3 t\u1ea1o ra m\u1ed9t lo\u1ea1t c\u00e1c h\u1ee3p kim m\u1edbi \u0111\u00e1p \u1ee9ng y\u00eau c\u1ea7u c\u1ee7a h\u1ecd c\u0169ng nh\u01b0 c\u00e1c ti\u00eau chu\u1ea9n qu\u1ed1c t\u1ebf.<\/p>\n<p><strong>PH\u01af\u01a0NG PH\u00c1P TI\u1ebeP C\u1eacN C\u00d3 C\u1ea4U TR\u00daC NH\u1eb0M GI\u1ea2M TH\u1edcI GIAN C\u1ee6A CHU K\u1ef2 S\u1ea2N XU\u1ea4T<\/strong><br \/>\nTrong k\u1ef7 nguy\u00ean di\u1ec5n ra c\u1ea1nh tranh to\u00e0n c\u1ea7u kh\u1ed1c li\u1ec7t, T\u1eadp \u0111o\u00e0n Lee Kee duy tr\u00ec c\u00e1c gi\u00e1 tr\u1ecb c\u1ed1t l\u00f5i c\u1ee7a m\u00ecnh trong vi\u1ec7c \u0111\u1ed5i m\u1edbi v\u00e0 t\u1ea1o ra nh\u1eefng gi\u00e1 tr\u1ecb h\u01b0\u1edbng t\u1edbi t\u01b0\u01a1ng lai. T\u1eeb giai \u0111o\u1ea1n kh\u00e1i ni\u1ec7m h\u00f3a, ki\u1ec3m nghi\u1ec7m, th\u1eed nghi\u1ec7m \u0111\u1ebfn giai \u0111o\u1ea1n s\u1ea3n xu\u1ea5t h\u00e0ng lo\u1ea1t, ch\u00fang t\u00f4i lu\u00f4n gi\u00fap kh\u00e1ch h\u00e0ng c\u1ee7a m\u00ecnh kh\u00f4ng c\u00f2n c\u1ea3m th\u1ea5y kh\u00f3 kh\u0103n \u0111\u1ed1i v\u1edbi t\u00ednh ph\u1ee9c t\u1ea1p trong vi\u1ec7c ph\u00e1t tri\u1ec3n v\u00e0 \u1ee9ng d\u1ee5ng h\u1ee3p kim m\u1edbi.<\/p>\n<p>\u0110\u01b0\u1ee3c trang b\u1ecb c\u00e1c thi\u1ebft b\u1ecb ti\u00ean ti\u1ebfn \u0111\u01b0\u1ee3c s\u1eed d\u1ee5ng trong ph\u00f2ng th\u00ed nghi\u1ec7m, h\u1ec7 th\u1ed1ng k\u1ef9 thu\u1eadt s\u1ed1, c\u0169ng nh\u01b0 d\u00e2y chuy\u1ec1n ki\u1ec3m th\u1eed ph\u1ee5c v\u1ee5 vi\u1ec7c s\u1ea3n xu\u1ea5t th\u1eed nghi\u1ec7m t\u1ea1i H\u1ed3ng K\u00f4ng, ch\u00fang t\u00f4i r\u00fat ng\u1eafn th\u1eddi gian c\u1ea7n thi\u1ebft d\u00e0nh cho vi\u1ec7c ki\u1ec3m tra s\u1ea3n ph\u1ea9m m\u1eabu trong ph\u00f2ng th\u00ed nghi\u1ec7m, ki\u1ec3m th\u1eed v\u00e0 \u0111\u00e1nh gi\u00e1 th\u1eed nghi\u1ec7m, v\u00e0 ki\u1ec3m tra tr\u01b0\u1edbc khi s\u1ea3n xu\u1ea5t m\u1ed9t c\u00e1ch \u0111\u00e1ng k\u1ec3.<\/p>\n<p>Ch\u00fang t\u00f4i c\u0169ng \u00e1p d\u1ee5ng c\u00e1c c\u00f4ng ngh\u1ec7 k\u1ef9 thu\u1eadt s\u1ed1 nh\u1eb1m thu th\u1eadp v\u00e0 trao \u0111\u1ed5i d\u1eef li\u1ec7u to\u00e0n di\u1ec7n t\u1eeb c\u00e1c h\u1ec7 th\u1ed1ng s\u1ea3n xu\u1ea5t v\u00e0 ki\u1ec3m tra ch\u1ea5t l\u01b0\u1ee3ng nh\u1eb1m \u0111\u00e1nh gi\u00e1 th\u1ed1ng k\u00ea v\u00e0 ph\u00e2n t\u00edch k\u1ebf ho\u1ea1ch. H\u1ec7 th\u1ed1ng \u0111\u1ea1t ch\u1ea5t l\u01b0\u1ee3ng cao c\u1ee7a ch\u00fang t\u00f4i gi\u00fap t\u0103ng hi\u1ec7u su\u1ea5t v\u00e0 t\u00ednh hi\u1ec7u qu\u1ea3 trong vi\u1ec7c qu\u1ea3n l\u00fd d\u1ef1 \u00e1n, gi\u00fap ch\u00fang t\u00f4i lu\u00f4n \u0111i \u0111\u1ea7u trong ti\u1ebfn tr\u00ecnh ph\u00e1t tri\u1ec3n nh\u1eb1m mang l\u1ea1i cho kh\u00e1ch h\u00e0ng c\u1ee7a m\u00ecnh nh\u1eefng k\u1ebft qu\u1ea3 nh\u01b0 mong mu\u1ed1n.<br \/>\n<img loading=\"lazy\" class=\"aligncenter\" src=\"https:\/\/www.leekeegroup.com\/wp-content\/uploads\/2020\/02\/he_vn.png\" alt=\"graph\" width=\"600\" height=\"600\" \/><\/p>\n<p>[\/vc_column_text][\/vc_column]<br \/>\n[vc_column width =&#8221;1\/4&#8243;][vc_column_text]<\/p>\n<table style=\"text-align: left;\">\n<tbody>\n<tr>\n<th style=\"background-color: #dddddd; color: #c21332; font-size: 20px; text-align: center; padding-top: 15px; padding-bottom: 15px;\">C\u00e1c \u0111\u01a1n v\u1ecb kinh doanh kh\u00e1c<\/th>\n<\/tr>\n<tr>\n<th style=\"padding-left: 30px; border-bottom: 1px solid #e1e1e1; font-weight: normal; padding-top: 15px; padding-bottom: 15px;\"><a style=\"color: #4f5b69;\" href=\"https:\/\/www.leekeegroup.com\/vn\/market-intelligence-2\/\">T\u00ccNH B\u00c1O TH\u1eca TR\u01af\u1edcNG<br \/>\n<\/a><\/th>\n<\/tr>\n<tr>\n<th style=\"padding-left: 30px; border-bottom: 1px solid #e1e1e1; font-weight: normal; padding-top: 15px; padding-bottom: 15px;\"><a style=\"color: #4f5b69;\" href=\"https:\/\/www.leekeegroup.com\/vn\/technical-consultancy\/\">T\u01af V\u1ea4N K\u1ef8 THU\u1eacT<br \/>\n<\/a><\/th>\n<\/tr>\n<tr>\n<th style=\"padding-left: 30px; border-bottom: 1px solid #e1e1e1; font-weight: normal; padding-top: 15px; padding-bottom: 15px;\"><a style=\"color: #4f5b69;\" href=\"https:\/\/www.leekeegroup.com\/vn\/quality-assurance-and-testing\/\">\u0110\u1ea2M B\u1ea2O &#038; TH\u1eec NGHI\u1ec6M CH\u1ea4T L\u01af\u1ee2NG<br \/>\n<\/a><\/th>\n<\/tr>\n<tr>\n<th style=\"padding-left: 30px; border-bottom: 1px solid #e1e1e1; font-weight: normal; padding-top: 15px; padding-bottom: 15px;\"><a style=\"color: #4f5b69;\" href=\"https:\/\/www.leekeegroup.com\/vn\/alloy-customization\/\">S\u1ea2N XU\u1ea4T H\u1ee2P KIM<br \/>\n<\/a><\/th>\n<\/tr>\n<tr>\n<th style=\"padding-left: 30px; border-bottom: 1px solid #e1e1e1; font-weight: normal; padding-top: 15px; padding-bottom: 15px;\"><a style=\"color: #4f5b69;\" href=\"https:\/\/www.leekeegroup.com\/vn\/supply-chain-management-2\/\">QU\u1ea2N L\u00dd CHU\u1ed6I CUNG \u1ee8NG<br \/>\n<\/a><\/th>\n<\/tr>\n<tr>\n<th style=\"background-color: #ca3128; padding-left: 30px; border-bottom: 1px solid #e1e1e1; font-weight: normal; padding-top: 15px; padding-bottom: 15px;\"><a style=\"color: white;\"  href=\"https:\/\/www.leekeegroup.com\/vn\/research-development\/\">NGHI\u00caN C\u1ee8U V\u00c0 PH\u00c1T TRI\u1ec2N<br \/>\n<\/a><\/th>\n<\/tr>\n<tr>\n<th style=\"background-color: #e1e1e1; color: #c21332; font-size: 20px; text-align: center; padding-top: 15px; padding-bottom: 15px !important;\"><a style=\"display: block; color: #c21332 !important;\" href=\"https:\/\/www.leekeegroup.com\/vn\/subscription\/\">\u0110\u0103ng k\u00fd nh\u1eadn b\u1ea3n tin c\u1ee7a ch\u00fang t\u00f4i<\/a><\/th>\n<\/tr>\n<tr>\n<th style=\"text-align: center; padding-bottom: 15px; padding-top: 15px;\">B\u1ea3n tin Lee Kee \u0111\u01b0\u1ee3c ph\u00e1t h\u00e0nh h\u00e0ng qu\u00fd \u0111\u1ec3 nh\u1ea5n m\u1ea1nh nh\u1eefng ph\u01b0\u01a1ng th\u1ee9c m\u00e0 ch\u00fang t\u00f4i \u0111ang s\u1eed d\u1ee5ng \u0111\u1ec3 mang l\u1ea1i gi\u00e1 tr\u1ecb cho kh\u00e1ch h\u00e0ng, bao g\u1ed3m c\u00e1c tin t\u1ee9c v\u1ec1 th\u1ecb tr\u01b0\u1eddng, c\u1eadp nh\u1eadt th\u00f4ng tin v\u1ec1 k\u1ef9 thu\u1eadt v\u00e0 th\u00f4ng tin v\u1ec1 c\u00f4ng ty.<\/th>\n<\/tr>\n<tr>\n<th style=\"text-align: center; border-bottom: 1px solid #e1e1e1; padding-bottom: 15px;\"><a style=\"background-color: #c21332; color: white !important; padding: 5px;\" href=\"https:\/\/www.leekeegroup.com\/vn\/subscription\/\">\u0110\u0103ng k\u00fd<\/a><\/th>\n<\/tr>\n<tr>\n<th style=\"border-bottom: 1px solid #e1e1e1; font-size: 20px; text-align: center; padding-top: 15px; padding-bottom: 15px; color: #4f5b69;\">Theo d\u00f5i ch\u00fang t\u00f4i tr\u00ean WeChat<img loading=\"lazy\" class=\"aligncenter size-full wp-image-1895\" src=\"https:\/\/www.leekeegroup.com\/wp-content\/uploads\/2016\/10\/Untitled-2.jpg\" alt=\"untitled-2\" width=\"135\" height=\"135\" \/><\/th>\n<\/tr>\n<tr>\n<th style=\"border-bottom: 1px solid #e1e1e1; font-size: 20px; text-align: center; padding-top: 15px; padding-bottom: 15px;\"><a style=\"color: #4f5b69;\" href=\"https:\/\/www.leekeegroup.com\/vn\/contact-us\/\">Li\u00ean h\u1ec7 ch\u00fang t\u00f4i<\/a><\/th>\n<\/tr>\n<\/tbody>\n<\/table>\n<p>[\/vc_column][\/vc_row]<\/p>\n","protected":false},"excerpt":{"rendered":"<p>[vc_row css=&#8221;.vc_custom_1421949556992{margin-top: -50px !important;}&#8221;][vc_column][\/vc_column][\/vc_row][vc_row css=&#8221;.vc_custom_1421949556992{margin-top: -55px !important;}&#8221;][vc_column width = &#8220;3\/4&#8221;][vc_column_text] NGHI\u00caN C\u1ee8U V\u00c0 PH\u00c1T TRI\u1ec2N [\/vc_column_text][vc_column_text] B\u00ean c\u1ea1nh vi\u1ec7c gi\u1ea3m&#8230;<\/p>\n","protected":false},"author":5,"featured_media":0,"parent":0,"menu_order":0,"comment_status":"closed","ping_status":"closed","template":"","meta":[],"_links":{"self":[{"href":"https:\/\/www.leekeegroup.com\/vn\/wp-json\/wp\/v2\/pages\/9468"}],"collection":[{"href":"https:\/\/www.leekeegroup.com\/vn\/wp-json\/wp\/v2\/pages"}],"about":[{"href":"https:\/\/www.leekeegroup.com\/vn\/wp-json\/wp\/v2\/types\/page"}],"author":[{"embeddable":true,"href":"https:\/\/www.leekeegroup.com\/vn\/wp-json\/wp\/v2\/users\/5"}],"replies":[{"embeddable":true,"href":"https:\/\/www.leekeegroup.com\/vn\/wp-json\/wp\/v2\/comments?post=9468"}],"version-history":[{"count":14,"href":"https:\/\/www.leekeegroup.com\/vn\/wp-json\/wp\/v2\/pages\/9468\/revisions"}],"predecessor-version":[{"id":10687,"href":"https:\/\/www.leekeegroup.com\/vn\/wp-json\/wp\/v2\/pages\/9468\/revisions\/10687"}],"wp:attachment":[{"href":"https:\/\/www.leekeegroup.com\/vn\/wp-json\/wp\/v2\/media?parent=9468"}],"curies":[{"name":"wp","href":"https:\/\/api.w.org\/{rel}","templated":true}]}}