{"id":778,"date":"2016-06-10T03:08:35","date_gmt":"2016-06-10T03:08:35","guid":{"rendered":"http:\/\/www.leekeegroup.com\/?page_id=778"},"modified":"2020-06-08T16:23:00","modified_gmt":"2020-06-08T08:23:00","slug":"newsletters","status":"publish","type":"page","link":"https:\/\/www.leekeegroup.com\/vn\/newsletters\/","title":{"rendered":"Newsletters"},"content":{"rendered":"<p>[vc_row css=&#8221;.vc_custom_1421949556992{margin-top: -50px !important;}&#8221;][vc_column]<div class=\"fullwidth-block clearfix\" style=\"background-position: center top;\"><script type=\"text\/javascript\">jQuery(function() { _initLayerSlider( '#layerslider_250_1vb5961erq5bh', {sliderVersion: '6.11.1', responsiveUnder: 1260, slideBGSize: 'auto', hideUnder: 0, hideOver: 100000, pauseOnHover: 1, skin: 'v5', skinsPath: 'https:\/\/www.leekeegroup.com\/wp-content\/plugins\/LayerSlider\/assets\/static\/layerslider\/skins\/'}); });<\/script><div id=\"layerslider_250_1vb5961erq5bh\" class=\"ls-wp-container fitvidsignore\" style=\"width:1260px;height:300px;max-width:1260px;margin:0 auto;margin-bottom: 0px;\"><div class=\"ls-slide\" data-ls=\"duration:4000;kenburnsscale:1.2;\"><img width=\"1258\" height=\"300\" src=\"https:\/\/www.leekeegroup.com\/wp-content\/uploads\/2020\/02\/21_Newsletters.jpg\" class=\"ls-bg\" alt=\"\" loading=\"lazy\" srcset=\"https:\/\/www.leekeegroup.com\/wp-content\/uploads\/2020\/02\/21_Newsletters.jpg 1258w, https:\/\/www.leekeegroup.com\/wp-content\/uploads\/2020\/02\/21_Newsletters-300x72.jpg 300w, https:\/\/www.leekeegroup.com\/wp-content\/uploads\/2020\/02\/21_Newsletters-768x183.jpg 768w, https:\/\/www.leekeegroup.com\/wp-content\/uploads\/2020\/02\/21_Newsletters-1024x244.jpg 1024w\" sizes=\"(max-width: 1258px) 100vw, 1258px\" \/><\/div><\/div><\/div>[\/vc_column][\/vc_row][vc_row css=&#8221;.vc_custom_1421949556992{margin-top: -55px !important;}&#8221;][vc_column width=&#8221;3\/4&#8243; css=&#8221;.vc_custom_1421949556995{margin-top: 30px !important;}&#8221;]\n\t<div class=\"sp_news_static design-20 wpnaw-grid-3 wpnaw-news-grid wpnaw-clearfix\">\n\n\t\t\t\t  \t\n\t\t\t\n            \n\n\n<div class=\"news-grid wpnews-medium-4 wpnews-columns  wpnw-first \">\n\n\t<div class=\"news-grid-content \">\n\n\t\t\n\n\t\t\n\t\t<div class=\"news-image-bg\" style=\"\">\n\n\t\t\t<a href=\"https:\/\/www.leekeegroup.com\/wp-content\/uploads\/2021\/03\/TALK_\u5275\u520a\u865f.pdf\" target=\"_self\">\n\n\t\t\t\t<img src=\"https:\/\/www.leekeegroup.com\/wp-content\/uploads\/2021\/03\/shutterstock_514557583_1000.jpg\" alt=\"Post Image\" \/>\n\n\t\t\t<\/a>\n\n\t\t<\/div>\n\n\t\t\n\n\n<!-- \t\t<div class=\"slideline\">\n\n\t\t\t<hr>\n\n\t\t<\/div> -->\n\n\t\t<!-- end .slideline -->\n\n\n\n\t\t\n\n\n      <h2 class=\"news-title\" style=\"text-align: center; height:100px !important; font-size:auto;  \">\n\n        <a href=\"https:\/\/www.leekeegroup.com\/wp-content\/uploads\/2021\/03\/TALK_\u5275\u520a\u865f.pdf\" target=\"_self\" style=\"color:#c21332 !important; text-align:center; !important\"><p>2020\u5e74\u7b2c\u4e00\u5b63\u5ea6\u7684\u56db\u5927\u4e8b\u4ef6 \u5c0d\u57fa\u672c\u91d1\u5c6c\u50f9\u683c\u7684\u5f71\u97ff \uff0f\u71b1\u6d78\u934d\u92c5\u5408\u91d1\u4ecb\u7d39<\/p><\/a>\n\n      <\/h2><div class=\"new_newsletter\" style=\" position:absolute; top:160px; right:10px; display:none\"><img src=\"https:\/\/www.leekeegroup.com\/wp-content\/uploads\/2016\/11\/Label.png\"><\/div>\n\n\t\t\n\n\t\t\n      \t<div class=\"news-content\" style=\"text-align: center; font-size:15px;\">\n\n\t\t\t2021\n\t\t\t\n\t\t\t\t\t\t\t\tSpring Issue\t\t\t\n\t\t\t\n\n\n\n\t\t<\/div>\n\n\t\t\n\t\t\n\n\t\t\n\t\t<div class=\"news-content\" style=\"text-align: center;\">\t\t\t\t\n\n\t\t\t\n\t\t\t\t\n\n\t\t\t\t<div style=\"text-align: center;\" ><\/div>\n\n\n\n\t\t\t\n\t\t<\/div>\n\n\t\t\n\t\t\n\n\t<\/div><!-- end .news-grid-content -->\t\n\n<\/div><!-- end .news-grid -->\n\n\n<div class=\"news-grid wpnews-medium-4 wpnews-columns \">\n\n\t<div class=\"news-grid-content \">\n\n\t\t\n\n\t\t\n\t\t<div class=\"news-image-bg\" style=\"\">\n\n\t\t\t<a href=\"https:\/\/www.leekeegroup.com\/wp-content\/uploads\/2020\/04\/\u5229\u8a18\u901a\u8a0a_2020\u6625.pdf\" target=\"_self\">\n\n\t\t\t\t<img src=\"https:\/\/www.leekeegroup.com\/wp-content\/uploads\/2020\/03\/cover_2020A.png\" alt=\"Post Image\" \/>\n\n\t\t\t<\/a>\n\n\t\t<\/div>\n\n\t\t\n\n\n<!-- \t\t<div class=\"slideline\">\n\n\t\t\t<hr>\n\n\t\t<\/div> -->\n\n\t\t<!-- end .slideline -->\n\n\n\n\t\t\n\n\n      <h2 class=\"news-title\" style=\"text-align: center; height:100px !important; font-size:auto;  \">\n\n        <a href=\"https:\/\/www.leekeegroup.com\/wp-content\/uploads\/2020\/04\/\u5229\u8a18\u901a\u8a0a_2020\u6625.pdf\" target=\"_self\" style=\"color:#c21332 !important; text-align:center; !important\"><p>2020\u5e74\u7b2c\u4e00\u5b63\u5ea6\u7684\u56db\u5927\u4e8b\u4ef6 \u5c0d\u57fa\u672c\u91d1\u5c6c\u50f9\u683c\u7684\u5f71\u97ff \uff0f\u71b1\u6d78\u934d\u92c5\u5408\u91d1\u4ecb\u7d39<\/p><\/a>\n\n      <\/h2><div class=\"new_newsletter\" style=\" position:absolute; top:160px; right:10px; display:none\"><img src=\"https:\/\/www.leekeegroup.com\/wp-content\/uploads\/2016\/11\/Label.png\"><\/div>\n\n\t\t\n\n\t\t\n      \t<div class=\"news-content\" style=\"text-align: center; font-size:15px;\">\n\n\t\t\t2020\n\t\t\t\n\t\t\t\t\t\t\t\tSpring Issue\t\t\t\n\t\t\t\n\n\n\n\t\t<\/div>\n\n\t\t\n\t\t\n\n\t\t\n\t\t<div class=\"news-content\" style=\"text-align: center;\">\t\t\t\t\n\n\t\t\t\n\t\t\t\t\n\n\t\t\t\t<div style=\"text-align: center;\" ><\/div>\n\n\n\n\t\t\t\n\t\t<\/div>\n\n\t\t\n\t\t\n\n\t<\/div><!-- end .news-grid-content -->\t\n\n<\/div><!-- end .news-grid -->\n\n\n<div class=\"news-grid wpnews-medium-4 wpnews-columns  wpnw-last \">\n\n\t<div class=\"news-grid-content \">\n\n\t\t\n\n\t\t\n\t\t<div class=\"news-image-bg\" style=\"\">\n\n\t\t\t<a href=\"https:\/\/www.leekeegroup.com\/wp-content\/uploads\/2020\/02\/\u5229\u8a18\u901a\u8a0a_2019\u79cb.pdf\" target=\"_self\">\n\n\t\t\t\t<img src=\"https:\/\/www.leekeegroup.com\/wp-content\/uploads\/2020\/02\/nw-1024x320.jpg\" alt=\"Post Image\" \/>\n\n\t\t\t<\/a>\n\n\t\t<\/div>\n\n\t\t\n\n\n<!-- \t\t<div class=\"slideline\">\n\n\t\t\t<hr>\n\n\t\t<\/div> -->\n\n\t\t<!-- end .slideline -->\n\n\n\n\t\t\n\n\n      <h2 class=\"news-title\" style=\"text-align: center; height:100px !important; font-size:auto;  \">\n\n        <a href=\"https:\/\/www.leekeegroup.com\/wp-content\/uploads\/2020\/02\/\u5229\u8a18\u901a\u8a0a_2019\u79cb.pdf\" target=\"_self\" style=\"color:#c21332 !important; text-align:center; !important\"><p>\u5f9e\u5b8f\u89c0\u548c\u5fae\u89c0\u89d2\u5ea6\u770b\u660e\u5e74\u57fa\u672c\u91d1\u5c6c\u8d70\u52e2 \uff0f\u9ad8\u786c\u5ea6\u6297\u78e8\u92c5\u5408\u91d1\u7684\u9078\u64c7<\/p><\/a>\n\n      <\/h2><div class=\"new_newsletter\" style=\" position:absolute; top:160px; right:10px; display:none\"><img src=\"https:\/\/www.leekeegroup.com\/wp-content\/uploads\/2016\/11\/Label.png\"><\/div>\n\n\t\t\n\n\t\t\n      \t<div class=\"news-content\" style=\"text-align: center; font-size:15px;\">\n\n\t\t\t2019\n\t\t\t\n\t\t\t\t\t\t\t\tAutumn Issue\t\t\t\n\t\t\t\n\n\n\n\t\t<\/div>\n\n\t\t\n\t\t\n\n\t\t\n\t\t<div class=\"news-content\" style=\"text-align: center;\">\t\t\t\t\n\n\t\t\t\n\t\t\t\t\n\n\t\t\t\t<div style=\"text-align: center;\" ><\/div>\n\n\n\n\t\t\t\n\t\t<\/div>\n\n\t\t\n\t\t\n\n\t<\/div><!-- end .news-grid-content -->\t\n\n<\/div><!-- end .news-grid -->\t\t\t\t\n\t<\/div><!-- end .sp_news_static -->\n\n\t\n\t<div class=\"sp_news_static design-19 wpnaw-grid-3 wpnaw-news-grid wpnaw-clearfix\">\n\n\t\t\t\t  \t\n\t\t\t\n            \n<div class=\"news-grid wpnews-medium-4 wpnews-columns  wpnw-first \">\n\t<div class=\"news-grid-content \">\n\t\t\n\n\n\t\t\n      <h2 class=\"news-title\" style=\"text-align: center; width:100%; height:100px !important; \">\n\t\t\t<a href=\"https:\/\/www.leekeegroup.com\/wp-content\/uploads\/2019\/09\/\u5229\u8a18\u901a\u8a0a_2019\u590f.pdf\" target=\"_self\" style=\"color:#c21332 !important;\"><p>\u57fa\u672c\u91d1\u5c6c\u50f9\u683c\u8d70\u52e2\u8207LME\u5eab\u5b58\u3001\u671f\u8ca8\u50f9\u683c\u7684\u95dc\u806f\u6027\uff0f\u9ad8\u92c1\u58d3\u9444\u92c5\u5408\u91d1\u7684\u6027\u80fd\u53ca\u4f7f\u7528\u5efa\u8b70<\/p><\/a>\n\t\t<\/h2>\n\t\t\n\t\t\n      \t<div class=\"news-content\" style=\"text-align: center; font-size:15px;\">\n\n\t\t\t2019\n\t\t\t\n\t\t\t\t\t\t\t\tSummer Issue\t\t\t\n\t\t\t\n\n\n\n\t\t<\/div>\n\n\t\t\t\t\n\t\t\t\t<div class=\"news-content\" style=\"text-align: center;\">\t\t\t\t\n\t\t\t\t\t\t\t\n\t\t\t\t<div style=\"text-align: center;\" ><\/div>\n\n\t\t\t\t\t<\/div>\n\t\t\t\t\n\t<\/div><!-- end .news-grid-content -->\t\n<\/div><!-- end .news-grid -->\n<div class=\"news-grid wpnews-medium-4 wpnews-columns  wpnw-last \">\n\t<div class=\"news-grid-content \">\n\t\t\n\n\n\t\t\n      <h2 class=\"news-title\" style=\"text-align: center; width:100%; height:100px !important; \">\n\t\t\t<a href=\"https:\/\/www.leekeegroup.com\/wp-content\/uploads\/2019\/06\/\u5229\u8a18\u901a\u8a0a_2019\u6625.pdf\" target=\"_self\" style=\"color:#c21332 !important;\"><p>LME\u4e9e\u6d32\u5e74\u67032019\uff0f\u5e38\u898b\u7684\u58d3\u9444\u7f3a\u9677\u53ca\u500b\u6848\u5206\u6790<\/p><\/a>\n\t\t<\/h2>\n\t\t\n\t\t\n      \t<div class=\"news-content\" style=\"text-align: center; font-size:15px;\">\n\n\t\t\t2019\n\t\t\t\n\t\t\t\t\t\t\t\tSpring Issue\t\t\t\n\t\t\t\n\n\n\n\t\t<\/div>\n\n\t\t\t\t\n\t\t\t\t<div class=\"news-content\" style=\"text-align: center;\">\t\t\t\t\n\t\t\t\t\t\t\t\n\t\t\t\t<div style=\"text-align: center;\" ><\/div>\n\n\t\t\t\t\t<\/div>\n\t\t\t\t\n\t<\/div><!-- end .news-grid-content -->\t\n<\/div><!-- end .news-grid -->\t\t\t\t\n\t<\/div><!-- end .sp_news_static -->\n\n\t[\/vc_column][vc_column width=&#8221;1\/4&#8243; ]<\/p>\n<table style=\"text-align: left;\">\n<tbody>\n<tr>\n<th style=\"background-color: #e1e1e1; color: #c21332; font-size: 20px; text-align: center; padding-top: 15px; padding-bottom: 15px;\"><a style=\"display: block; color: #c21332 !important;\" href=\"https:\/\/www.leekeegroup.com\/vn\/subscription\/\">\u0110\u0103ng k\u00fd nh\u1eadn b\u1ea3n tin c\u1ee7a ch\u00fang t\u00f4i<\/a><\/th>\n<\/tr>\n<tr>\n<th style=\"text-align: center; padding-bottom: 15px; padding-top: 15px;\">B\u1ea3n tin Lee Kee \u0111\u01b0\u1ee3c ph\u00e1t h\u00e0nh h\u00e0ng qu\u00fd \u0111\u1ec3 nh\u1ea5n m\u1ea1nh nh\u1eefng ph\u01b0\u01a1ng th\u1ee9c m\u00e0 ch\u00fang t\u00f4i \u0111ang s\u1eed d\u1ee5ng \u0111\u1ec3 mang l\u1ea1i gi\u00e1 tr\u1ecb cho kh\u00e1ch h\u00e0ng, bao g\u1ed3m c\u00e1c tin t\u1ee9c v\u1ec1 th\u1ecb tr\u01b0\u1eddng, c\u1eadp nh\u1eadt th\u00f4ng tin v\u1ec1 k\u1ef9 thu\u1eadt v\u00e0 th\u00f4ng tin v\u1ec1 c\u00f4ng ty.<\/th>\n<\/tr>\n<tr>\n<th style=\"text-align: center; border-bottom: 1px solid #e1e1e1; padding-bottom: 15px;\"><a style=\"background-color: #c21332; color: white !important; padding: 5px;\" href=\"https:\/\/www.leekeegroup.com\/vn\/subscription\/\">\u0110\u0103ng k\u00fd<\/a><\/th>\n<\/tr>\n<tr>\n<th style=\"border-bottom: 1px solid #e1e1e1; font-size: 20px; text-align: center; padding-top: 15px; padding-bottom: 15px; color: #4f5b69;\">Theo d\u00f5i ch\u00fang t\u00f4i tr\u00ean WeChat<img loading=\"lazy\" class=\"aligncenter size-full wp-image-1895\" src=\"https:\/\/www.leekeegroup.com\/wp-content\/uploads\/2016\/10\/Untitled-2.jpg\" alt=\"untitled-2\" width=\"135\" height=\"135\" \/><\/th>\n<\/tr>\n<tr>\n<th style=\"border-bottom: 1px solid #e1e1e1; font-size: 20px; text-align: center; padding-top: 15px; padding-bottom: 15px;\"><a style=\"color: #4f5b69;\" href=\"https:\/\/www.leekeegroup.com\/vn\/contact-us\/\">Li\u00ean h\u1ec7 ch\u00fang t\u00f4i<\/a><\/th>\n<\/tr>\n<\/tbody>\n<\/table>\n<p>[\/vc_column][\/vc_row]<\/p>\n","protected":false},"excerpt":{"rendered":"<p>[vc_row css=&#8221;.vc_custom_1421949556992{margin-top: -50px !important;}&#8221;][vc_column][\/vc_column][\/vc_row][vc_row css=&#8221;.vc_custom_1421949556992{margin-top: -55px !important;}&#8221;][vc_column width=&#8221;3\/4&#8243; css=&#8221;.vc_custom_1421949556995{margin-top: 30px !important;}&#8221;][\/vc_column][vc_column width=&#8221;1\/4&#8243; ] \u0110\u0103ng k\u00fd nh\u1eadn b\u1ea3n tin c\u1ee7a ch\u00fang&#8230;<\/p>\n","protected":false},"author":5,"featured_media":0,"parent":0,"menu_order":0,"comment_status":"closed","ping_status":"closed","template":"","meta":[],"_links":{"self":[{"href":"https:\/\/www.leekeegroup.com\/vn\/wp-json\/wp\/v2\/pages\/778"}],"collection":[{"href":"https:\/\/www.leekeegroup.com\/vn\/wp-json\/wp\/v2\/pages"}],"about":[{"href":"https:\/\/www.leekeegroup.com\/vn\/wp-json\/wp\/v2\/types\/page"}],"author":[{"embeddable":true,"href":"https:\/\/www.leekeegroup.com\/vn\/wp-json\/wp\/v2\/users\/5"}],"replies":[{"embeddable":true,"href":"https:\/\/www.leekeegroup.com\/vn\/wp-json\/wp\/v2\/comments?post=778"}],"version-history":[{"count":48,"href":"https:\/\/www.leekeegroup.com\/vn\/wp-json\/wp\/v2\/pages\/778\/revisions"}],"predecessor-version":[{"id":13636,"href":"https:\/\/www.leekeegroup.com\/vn\/wp-json\/wp\/v2\/pages\/778\/revisions\/13636"}],"wp:attachment":[{"href":"https:\/\/www.leekeegroup.com\/vn\/wp-json\/wp\/v2\/media?parent=778"}],"curies":[{"name":"wp","href":"https:\/\/api.w.org\/{rel}","templated":true}]}}