{"id":777,"date":"2016-06-10T03:08:33","date_gmt":"2016-06-10T03:08:33","guid":{"rendered":"http:\/\/www.leekeegroup.com\/?page_id=777"},"modified":"2021-01-06T16:02:51","modified_gmt":"2021-01-06T08:02:51","slug":"events","status":"publish","type":"page","link":"https:\/\/www.leekeegroup.com\/vn\/events\/","title":{"rendered":"Events"},"content":{"rendered":"<p>[vc_row css=&#8221;.vc_custom_1421949556992{margin-top: -50px !important;}&#8221;][vc_column]<div class=\"fullwidth-block clearfix\" style=\"background-position: center top;\"><script type=\"text\/javascript\">jQuery(function() { _initLayerSlider( '#layerslider_248_15q8a39sk1wa9', {sliderVersion: '6.11.1', responsiveUnder: 1260, slideBGSize: 'auto', hideUnder: 0, hideOver: 100000, pauseOnHover: 1, skin: 'v5', skinsPath: 'https:\/\/www.leekeegroup.com\/wp-content\/plugins\/LayerSlider\/assets\/static\/layerslider\/skins\/'}); });<\/script><div id=\"layerslider_248_15q8a39sk1wa9\" class=\"ls-wp-container fitvidsignore\" style=\"width:1260px;height:300px;max-width:1260px;margin:0 auto;margin-bottom: 0px;\"><div class=\"ls-slide\" data-ls=\"duration:4000;kenburnsscale:1.2;\"><img width=\"1258\" height=\"300\" src=\"https:\/\/www.leekeegroup.com\/wp-content\/uploads\/2020\/02\/20_Events.jpg\" class=\"ls-bg\" alt=\"\" loading=\"lazy\" srcset=\"https:\/\/www.leekeegroup.com\/wp-content\/uploads\/2020\/02\/20_Events.jpg 1258w, https:\/\/www.leekeegroup.com\/wp-content\/uploads\/2020\/02\/20_Events-300x72.jpg 300w, https:\/\/www.leekeegroup.com\/wp-content\/uploads\/2020\/02\/20_Events-768x183.jpg 768w, https:\/\/www.leekeegroup.com\/wp-content\/uploads\/2020\/02\/20_Events-1024x244.jpg 1024w\" sizes=\"(max-width: 1258px) 100vw, 1258px\" \/><\/div><\/div><\/div>[\/vc_column][\/vc_row][vc_column width=&#8221;3\/4&#8243; css=&#8221;.vc_custom_1421949556995{margin-top: 30px !important;}&#8221;][vc_column_inner][vc_column_text el_class=&#8221;event_page&#8221;]\n\t<div class=\"sp_news_static design-27 wpnaw-grid-1 wpnaw-news-grid wpnaw-clearfix\">\n\n\t\t\t\t  \t\n\t\t\t\n            \n\n\n\t<div class=\"news-list\">\n\n\t\t<div class=\"news-list-content\">\n\n\n\n\t\t\t\n\t\t\t<div class=\"wpnews-medium-6 wpnews-columns\">\n\n              <div class=\"news-image-bg\" style=\"box-sizing:content-box !important; height:auto !important; \">\n\n\t\t\t\t\t\t\n\n\t\t\t\t\t\n\t\t\t\t\t\n\n\t\t\t\t\t\t<img style=\"width:400px !important; height:200px!important\" src=\"https:\/\/www.leekeegroup.com\/wp-content\/uploads\/2025\/10\/Metalex-2025-Post-1.png\" alt=\"Post Image\" \/>\n\n\t\t\t\t\t\n\n\t\t\t\t\t\n\t\t\t\t<\/div>\n\n\t\t\t<\/div><!-- end .wpnews-medium-6 wpnews-columns -->\n\n\t\t\t\n\n\n<!-- \t\t\t\t\t\t -->\n\n\n\n\n\n\n\n\t\t\t<div class=\"wpnews-medium-6 wpnews-columns\">\n\n\t\t\t\t\n\n\t\t\t\t\n\n\n\t\t\t\t <p style=\"font-size:20px; font-family:leekee_regular; font-weight:bold; color:#c21332;\" class=\"news-title\">\n\n\t\t\t\t\t<!-- <a href=\"https:\/\/www.leekeegroup.com\/vn\/news-category\/events\/\">Events<\/a>-->\n\n\t\t\t\t\tInvites you to the Metalex 2025\n              <\/p>\n\n\n\n\t\t\t\t\t\t\t\t<div class=\"news-date\">\t\t\n\t\t\t\t\tOctober 31, 2025\n\n\n\n\t\t\t\t<\/div>\n\n\t\t\t\t\n\n\n\t\t\t\t\n\t\t\t\t<div class=\"news-content\">\n\n\t\t\t\t\t\n\t\t\t\t\t\t\n\n\t\t\t\t\t<div><br>Lee Kee Development (Thailand) Limited, a member of the Lee Kee Group, is pleased to announce its participation in Metalex 2025, which will be held in Bangkok from November 19 to 22, 2025.\r\nWe warmly invite you to visit us at Booth AC07, Hall 98, where we\u2019ll showcase our latest innovations, professional services, and achievements in sustainable manufacturing and responsible supply chain management.\r\nThis year, we are introducing a dedicated section Metal and Die-Casting Technical Consulting Service, where our technical specialists engage directly on-site to demonstrate how professional expertise and strategic approaches can help clients create greater value and achieve long-term success.<br\/><\/div>\n\n\n\n\t\t\t\t\t\n\t\t\t\t<\/div>\n\n\t\t\t\t\n\n\n\t\t\t<\/div>\n\n\n\n\t\t<\/div><!-- end .news-list-content -->\n\n\t<\/div><!-- end .news-list -->\n\n\t\n\n\t\t\t\t\n\t<\/div><!-- end .sp_news_static -->\n\n\t\n\t<div class=\"sp_news_static design-26 wpnaw-grid-1 wpnaw-news-grid wpnaw-clearfix\">\n\n\t\t\t\t  \t\n\t\t\t\n            <!-- This is the design for the widget -->\n\n<div class=\"news-list\">\n\n\t<div class=\"news-list-content\">\n\n\t\t\n\t\t<div class=\"wpnews-medium-4 wpnews-columns\">\n\n\t\t\t<div class=\"news-image-bg\" style=\"\">\n\n\t\t\t\t<img src=\"https:\/\/www.leekeegroup.com\/wp-content\/uploads\/2025\/07\/Social-Media-Banner-1.png\" alt=\"Post Image\" \/>\n\n\t\t\t\t\n\n\t\t\t<\/div>\n\n\t\t<\/div><!-- end .wpnews-medium-4 wpnews-columns -->\n\n\t\t\n\t\t\t\n\n\t\t<div class=\"wpnews-medium-8 wpnews-columns\">\n\n\t\t\t\t\n\n\t\t\t\n\n\n          <p style=\"font-size:20px; font-family:leekee_regular; font-weight:bold; color:#c21332;\" class=\"news-title\">\n\n\t\t\t\tInvites you to the  CHINA DIECASTING 2025\n\t\t\t<\/p>\n\n\n\n\t\t\t\t\t\t\t<div class=\"news-date\">\t\t\n\t\t\t\t\tJuly 4, 2025\n\n\t\t\t\t<\/div>\n\t\t\t\n\t\t\t\n\t\t\t<div class=\"news-content\">\t\t\t\t\n\n\t\t\t\t\t\t\t\t\t\n\t\t\t\t\t<div><br>Lee Kee Group will participate in the CHINA DIECASTING 2025 from July 16 to 18, 2025, at the Shanghai New International Expo Centre. Join us at Booth N3B33, where we will showcase our premium quality metals and share more about sustainability manufacturing practices, innovative products and services, as well as responsible supply chain management. <br\/>\r\n<br>We are pleased to invite you to attend an informative presentation titled, \"Data-Driven Die-Cast Alloy Innovations for Enhanced Quality and Productivity\u201d. The session will take place on Wednesday, July 16, from 2:30 p.m. to 2:50 p.m. at the Theme Area, N3C50. We look forward to welcoming you as we explore the latest industry trends and discover new opportunities for growth together.<br\/><\/div>\n\n\t\t\t\t\t\t\t<\/div><!-- end .news-content -->\n\n\t\t\t\n\t\t<\/div>\n\n\t<\/div><!-- end .news-list-content -->\n\n<\/div><!-- end .news-list --><!-- This is the design for the widget -->\n\n<div class=\"news-list\">\n\n\t<div class=\"news-list-content\">\n\n\t\t\n\t\t<div class=\"wpnews-medium-4 wpnews-columns\">\n\n\t\t\t<div class=\"news-image-bg\" style=\"\">\n\n\t\t\t\t<img src=\"https:\/\/www.leekeegroup.com\/wp-content\/uploads\/2024\/11\/DMP-SZ-Web_20241106-e1731891367818.jpg\" alt=\"Post Image\" \/>\n\n\t\t\t\t\n\n\t\t\t<\/div>\n\n\t\t<\/div><!-- end .wpnews-medium-4 wpnews-columns -->\n\n\t\t\n\t\t\t\n\n\t\t<div class=\"wpnews-medium-8 wpnews-columns\">\n\n\t\t\t\t\n\n\t\t\t\n\n\n          <p style=\"font-size:20px; font-family:leekee_regular; font-weight:bold; color:#c21332;\" class=\"news-title\">\n\n\t\t\t\tDMP 2024\n\t\t\t<\/p>\n\n\n\n\t\t\t\t\t\t\t<div class=\"news-date\">\t\t\n\t\t\t\t\tNovember 14, 2024\n\n\t\t\t\t<\/div>\n\t\t\t\n\t\t\t\n\t\t\t<div class=\"news-content\">\t\t\t\t\n\n\t\t\t\t\t\t\t\t\t\n\t\t\t\t\t<div><br>Lee Kee Group will participate in the 2024 DMP Greater Bay Area Industrial Expo - 12th International (Shenzhen) Metal Casting Expo, held from November 26-29 at the Shenzhen World Exhibition & Convention Center (Baoan New Hall). <br>\r\n\r\n<br>At the exhibition, our professional team will share on our comprehensive solutions to enhancing production efficiency, material performance and resources optimization, on top of the exhibits of our  premium quality metals, includes our brand Genesis; our made-in-Hong Kong brand - Mastercast,  our Aluminium brand, LMP.  <br>\r\n \r\n<br>Visit us at Hall 9, Booth 9N15, to learn more about Lee Kee Group's Sustainability Manaufacturing practices, Innnovative Products and Services as well as Responsible Supply Chain Management.<br>\r\n \r\n<br>We are looking forward to welcoming you at the exhibition !<br><\/div>\n\n\t\t\t\t\t\t\t<\/div><!-- end .news-content -->\n\n\t\t\t\n\t\t<\/div>\n\n\t<\/div><!-- end .news-list-content -->\n\n<\/div><!-- end .news-list --><!-- This is the design for the widget -->\n\n<div class=\"news-list\">\n\n\t<div class=\"news-list-content\">\n\n\t\t\n\t\t<div class=\"wpnews-medium-4 wpnews-columns\">\n\n\t\t\t<div class=\"news-image-bg\" style=\"\">\n\n\t\t\t\t<img src=\"https:\/\/www.leekeegroup.com\/wp-content\/uploads\/2024\/11\/Metalex-2024-TH-Invitation_v1d_Web.jpg\" alt=\"Post Image\" \/>\n\n\t\t\t\t\n\n\t\t\t<\/div>\n\n\t\t<\/div><!-- end .wpnews-medium-4 wpnews-columns -->\n\n\t\t\n\t\t\t\n\n\t\t<div class=\"wpnews-medium-8 wpnews-columns\">\n\n\t\t\t\t\n\n\t\t\t\n\n\n          <p style=\"font-size:20px; font-family:leekee_regular; font-weight:bold; color:#c21332;\" class=\"news-title\">\n\n\t\t\t\tThe 23rd China International Optoelectronic Exposition\n\t\t\t<\/p>\n\n\n\n\t\t\t\t\t\t\t<div class=\"news-date\">\t\t\n\t\t\t\t\tNovember 13, 2024\n\n\t\t\t\t<\/div>\n\t\t\t\n\t\t\t\n\t\t\t<div class=\"news-content\">\t\t\t\t\n\n\t\t\t\t\t\t\t\t\t\n\t\t\t\t\t<div>Lee Kee Development Company (Thailand) Limited, a member of Lee Kee Group, is excited to participate in Metalex 2024.\r\nTo support the worldwide Responsible Supply Chain, we are joining the exhibition in the bustling city of Bangkok, Thailand, from November 20-23.\r\nWe cordially invite you to visit us at booth AE33, Hall 98, where our professional team will share Innovative Products and Services, Responsible Supply Chain Management and Sustainable Manufacturing practices along with our extensive knowledge and value-adding solutions.\r\nMeet our experts and discover the path to success together.<\/div>\n\n\t\t\t\t\t\t\t<\/div><!-- end .news-content -->\n\n\t\t\t\n\t\t<\/div>\n\n\t<\/div><!-- end .news-list-content -->\n\n<\/div><!-- end .news-list -->\t\t\t\t\n\t<\/div><!-- end .sp_news_static -->\n\n\t[\/vc_column_text][\/vc_column_inner][vc_column_inner][vc_tta_accordion style=&#8221;modern&#8221; shape=&#8221;square&#8221; c_icon=&#8221;triangle&#8221; c_position=&#8221;right&#8221; active_section=&#8221;&#8221; no_fill=&#8221;true&#8221; collapsible_all=&#8221;true&#8221;][vc_tta_section title=&#8221;Past Events&#8221; tab_id=&#8221;event_page_past_events&#8221;][vc_column_text][vc_widget_sidebar sidebar_id=&#8221;page-sidebar&#8221;][\/vc_column_text][\/vc_tta_section][\/vc_tta_accordion][\/vc_column_inner][\/vc_column][vc_column width=&#8221;1\/4&#8243; css=&#8221;.vc_custom_1421949556992{margin-top: -50px !important;}&#8221;]<\/p>\n<table style=\"text-align: left;\">\n<tbody>\n<tr>\n<th style=\"background-color: #e1e1e1; color: #c21332; font-size: 20px; text-align: center; padding-top: 15px; padding-bottom: 15px;\"><a style=\"display: block; color: #c21332 !important;\" href=\"https:\/\/www.leekeegroup.com\/vn\/subscription\/\">\u0110\u0103ng k\u00fd nh\u1eadn b\u1ea3n tin c\u1ee7a ch\u00fang t\u00f4i<\/a><\/th>\n<\/tr>\n<tr>\n<th style=\"text-align: center; padding-bottom: 15px; padding-top: 15px;\">B\u1ea3n tin Lee Kee \u0111\u01b0\u1ee3c ph\u00e1t h\u00e0nh h\u00e0ng qu\u00fd \u0111\u1ec3 nh\u1ea5n m\u1ea1nh nh\u1eefng ph\u01b0\u01a1ng th\u1ee9c m\u00e0 ch\u00fang t\u00f4i \u0111ang s\u1eed d\u1ee5ng \u0111\u1ec3 mang l\u1ea1i gi\u00e1 tr\u1ecb cho kh\u00e1ch h\u00e0ng, bao g\u1ed3m c\u00e1c tin t\u1ee9c v\u1ec1 th\u1ecb tr\u01b0\u1eddng, c\u1eadp nh\u1eadt th\u00f4ng tin v\u1ec1 k\u1ef9 thu\u1eadt v\u00e0 th\u00f4ng tin v\u1ec1 c\u00f4ng ty.<\/th>\n<\/tr>\n<tr>\n<th style=\"text-align: center; border-bottom: 1px solid #e1e1e1; padding-bottom: 15px;\"><a style=\"background-color: #c21332; color: white !important; padding: 5px;\" href=\"https:\/\/www.leekeegroup.com\/vn\/subscription\/\">\u0110\u0103ng k\u00fd<\/a><\/th>\n<\/tr>\n<tr>\n<th style=\"border-bottom: 1px solid #e1e1e1; font-size: 20px; text-align: center; padding-top: 15px; padding-bottom: 15px; color: #4f5b69;\">Theo d\u00f5i ch\u00fang t\u00f4i tr\u00ean WeChat<img loading=\"lazy\" class=\"aligncenter size-full wp-image-1895\" src=\"https:\/\/www.leekeegroup.com\/wp-content\/uploads\/2016\/10\/Untitled-2.jpg\" alt=\"untitled-2\" width=\"135\" height=\"135\" \/><\/th>\n<\/tr>\n<tr>\n<th style=\"border-bottom: 1px solid #e1e1e1; font-size: 20px; text-align: center; padding-top: 15px; padding-bottom: 15px;\"><a style=\"color: #4f5b69;\" href=\"https:\/\/www.leekeegroup.com\/vn\/contact-us\/\">Li\u00ean h\u1ec7 ch\u00fang t\u00f4i<\/a><\/th>\n<\/tr>\n<\/tbody>\n<\/table>\n<p>[\/vc_column]<\/p>\n","protected":false},"excerpt":{"rendered":"<p>[vc_row css=&#8221;.vc_custom_1421949556992{margin-top: -50px !important;}&#8221;][vc_column][\/vc_column][\/vc_row][vc_column width=&#8221;3\/4&#8243; css=&#8221;.vc_custom_1421949556995{margin-top: 30px !important;}&#8221;][vc_column_inner][vc_column_text el_class=&#8221;event_page&#8221;][\/vc_column_text][\/vc_column_inner][vc_column_inner][vc_tta_accordion style=&#8221;modern&#8221; shape=&#8221;square&#8221; c_icon=&#8221;triangle&#8221; c_position=&#8221;right&#8221; active_section=&#8221;&#8221; no_fill=&#8221;true&#8221; collapsible_all=&#8221;true&#8221;][vc_tta_section title=&#8221;Past Events&#8221; tab_id=&#8221;event_page_past_events&#8221;][vc_column_text][vc_widget_sidebar sidebar_id=&#8221;page-sidebar&#8221;][\/vc_column_text][\/vc_tta_section][\/vc_tta_accordion][\/vc_column_inner][\/vc_column][vc_column&#8230;<\/p>\n","protected":false},"author":5,"featured_media":0,"parent":0,"menu_order":0,"comment_status":"closed","ping_status":"closed","template":"","meta":[],"_links":{"self":[{"href":"https:\/\/www.leekeegroup.com\/vn\/wp-json\/wp\/v2\/pages\/777"}],"collection":[{"href":"https:\/\/www.leekeegroup.com\/vn\/wp-json\/wp\/v2\/pages"}],"about":[{"href":"https:\/\/www.leekeegroup.com\/vn\/wp-json\/wp\/v2\/types\/page"}],"author":[{"embeddable":true,"href":"https:\/\/www.leekeegroup.com\/vn\/wp-json\/wp\/v2\/users\/5"}],"replies":[{"embeddable":true,"href":"https:\/\/www.leekeegroup.com\/vn\/wp-json\/wp\/v2\/comments?post=777"}],"version-history":[{"count":62,"href":"https:\/\/www.leekeegroup.com\/vn\/wp-json\/wp\/v2\/pages\/777\/revisions"}],"predecessor-version":[{"id":17677,"href":"https:\/\/www.leekeegroup.com\/vn\/wp-json\/wp\/v2\/pages\/777\/revisions\/17677"}],"wp:attachment":[{"href":"https:\/\/www.leekeegroup.com\/vn\/wp-json\/wp\/v2\/media?parent=777"}],"curies":[{"name":"wp","href":"https:\/\/api.w.org\/{rel}","templated":true}]}}