{"id":755,"date":"2016-06-10T03:07:29","date_gmt":"2016-06-10T03:07:29","guid":{"rendered":"http:\/\/www.leekeegroup.com\/?page_id=755"},"modified":"2020-01-16T14:32:57","modified_gmt":"2020-01-16T06:32:57","slug":"investor-relations","status":"publish","type":"page","link":"https:\/\/www.leekeegroup.com\/vn\/investor-relations\/","title":{"rendered":"Investor Relations"},"content":{"rendered":"<p>[vc_row css=&#8221;.vc_custom_1421949556992{margin-top: -50px !important;}&#8221;][vc_column]<div class=\"fullwidth-block clearfix\" style=\"background-position: center top;\"><script type=\"text\/javascript\">jQuery(function() { _initLayerSlider( '#layerslider_198_iapzn011tehn', {sliderVersion: '6.11.1', responsiveUnder: 1260, hideUnder: 0, hideOver: 100000, pauseOnHover: 1, forceCycles: false, skin: 'v5', skinsPath: 'https:\/\/www.leekeegroup.com\/wp-content\/plugins\/LayerSlider\/assets\/static\/layerslider\/skins\/'}); });<\/script><div id=\"layerslider_198_iapzn011tehn\" class=\"ls-wp-container fitvidsignore\" style=\"width:1260px;height:560px;max-width:1260px;margin:0 auto;margin-bottom: 0px;\"><div class=\"ls-slide\" data-ls=\"duration:4000;transition2d:1;kenburnsscale:1.2;\"><img width=\"1258\" height=\"560\" src=\"https:\/\/www.leekeegroup.com\/wp-content\/uploads\/2016\/06\/investor_relationship_banner_eng_rev1_bg_only.jpg\" class=\"ls-bg\" alt=\"\" loading=\"lazy\" srcset=\"https:\/\/www.leekeegroup.com\/wp-content\/uploads\/2016\/06\/investor_relationship_banner_eng_rev1_bg_only.jpg 1258w, https:\/\/www.leekeegroup.com\/wp-content\/uploads\/2016\/06\/investor_relationship_banner_eng_rev1_bg_only-300x134.jpg 300w, https:\/\/www.leekeegroup.com\/wp-content\/uploads\/2016\/06\/investor_relationship_banner_eng_rev1_bg_only-768x342.jpg 768w, https:\/\/www.leekeegroup.com\/wp-content\/uploads\/2016\/06\/investor_relationship_banner_eng_rev1_bg_only-1024x456.jpg 1024w\" sizes=\"(max-width: 1258px) 100vw, 1258px\" \/><img width=\"648\" height=\"166\" src=\"https:\/\/www.leekeegroup.com\/wp-content\/uploads\/2020\/01\/IR1-01.png\" class=\"ls-l\" alt=\"\" loading=\"lazy\" srcset=\"https:\/\/www.leekeegroup.com\/wp-content\/uploads\/2020\/01\/IR1-01.png 648w, https:\/\/www.leekeegroup.com\/wp-content\/uploads\/2020\/01\/IR1-01-300x77.png 300w\" sizes=\"(max-width: 648px) 100vw, 648px\" style=\"text-align: center;\ncolor:white; font-size:18px !important; line-height:25px;\ntext-shadow: 1px 1px black;top:35%;left:50%;\" data-ls=\"offsetxin:80;offsetxout:-80;durationout:400;parallaxlevel:0;\"><a style=\"\" class=\"ls-l\" href=\"https:\/\/www.leekeegroup.com\/vn\/financial-reporting\/\" target=\"_self\" data-ls=\"offsetxin:80;offsetxout:-80;durationout:400;parallaxlevel:0;\"><img width=\"215\" height=\"215\" src=\"https:\/\/www.leekeegroup.com\/wp-content\/uploads\/2020\/01\/IRvi1.png\" class=\"\" alt=\"\" loading=\"lazy\" srcset=\"https:\/\/www.leekeegroup.com\/wp-content\/uploads\/2020\/01\/IRvi1.png 215w, https:\/\/www.leekeegroup.com\/wp-content\/uploads\/2020\/01\/IRvi1-150x150.png 150w\" sizes=\"(max-width: 215px) 100vw, 215px\" style=\"top:70%;left:25%;\"><\/a><a style=\"\" class=\"ls-l\" href=\"https:\/\/www.leekeegroup.com\/vn\/announcements-n-press-releases\/\" target=\"_self\" data-ls=\"offsetxin:80;offsetxout:-80;durationout:400;parallaxlevel:0;\"><img width=\"215\" height=\"215\" src=\"https:\/\/www.leekeegroup.com\/wp-content\/uploads\/2020\/01\/IRvi2.png\" class=\"\" alt=\"\" loading=\"lazy\" srcset=\"https:\/\/www.leekeegroup.com\/wp-content\/uploads\/2020\/01\/IRvi2.png 215w, https:\/\/www.leekeegroup.com\/wp-content\/uploads\/2020\/01\/IRvi2-150x150.png 150w\" sizes=\"(max-width: 215px) 100vw, 215px\" style=\"top:70%;left:75%;\"><\/a><\/div><\/div><\/div>[\/vc_column][\/vc_row][vc_row css=&#8221;.vc_custom_1421949556992{margin-top: -50px !important;}&#8221;][vc_column]<div class=\"fullwidth-block clearfix\" style=\"background-position: center top;\"><script type=\"text\/javascript\">jQuery(function() { _initLayerSlider( '#layerslider_199_skf653dndlb1', {sliderVersion: '6.11.1', responsiveUnder: 1260, hideUnder: 0, hideOver: 100000, pauseOnHover: 1, forceCycles: false, skin: 'v5', skinsPath: 'https:\/\/www.leekeegroup.com\/wp-content\/plugins\/LayerSlider\/assets\/static\/layerslider\/skins\/'}); });<\/script><div id=\"layerslider_199_skf653dndlb1\" class=\"ls-wp-container fitvidsignore\" style=\"width:1260px;height:851px;max-width:1260px;margin:0 auto;margin-bottom: 0px;\"><div class=\"ls-slide\" data-ls=\"duration:4000;kenburnsscale:1.2;\"><img width=\"1258\" height=\"851\" src=\"https:\/\/www.leekeegroup.com\/wp-content\/uploads\/2016\/10\/banner02-1.jpg\" class=\"ls-bg\" alt=\"\" loading=\"lazy\" srcset=\"https:\/\/www.leekeegroup.com\/wp-content\/uploads\/2016\/10\/banner02-1.jpg 1258w, https:\/\/www.leekeegroup.com\/wp-content\/uploads\/2016\/10\/banner02-1-300x203.jpg 300w, https:\/\/www.leekeegroup.com\/wp-content\/uploads\/2016\/10\/banner02-1-768x520.jpg 768w, https:\/\/www.leekeegroup.com\/wp-content\/uploads\/2016\/10\/banner02-1-1024x693.jpg 1024w\" sizes=\"(max-width: 1258px) 100vw, 1258px\" \/><p style=\"font-family: leekee_bold;\ncolor:#252525;\ntext-align: center;\nfont-weight:normal;\nfont-size:30px;top:15%;left:50%;\" class=\"ls-l\" data-ls=\"offsetxin:80;offsetxout:-80;durationout:400;parallaxlevel:0;\">B\u00e1o c\u00e1o t\u00e0i ch\u00ednh\n<\/p><a style=\"\" class=\"ls-l\" href=\"https:\/\/www.leekeegroup.com\/vn\/financial-reporting\/\" target=\"_self\" data-ls=\"offsetxin:80;offsetxout:-80;durationout:400;parallaxlevel:0;\"><p style=\" background-color: #9b9c9d; border: none; color: white; padding: 10px 20px; text-align: center; text-decoration: none; display: inline-block; font-size: 16px; margin: 4px 2px; cursor: pointer;\nfont-family: leekee_bold;\nfont-weight:normal;\n;top:238px;left:560px;\" class=\"\">T\u00ecm hi\u1ec3u th\u00eam<\/p><\/a><div style=\"text-decoration: underline;\nfont-family:leekee_bold;top:60%;left:50%;\" class=\"ls-l\" data-ls=\"offsetxin:80;offsetxout:-80;durationout:400;parallaxlevel:0;\">\n\t<div class=\"sp_news_static design-17 wpnaw-grid-4 wpnaw-news-grid wpnaw-clearfix\">\n\n\t\t\t\t  \t\n\t\t\t\n            \t\n\t<div class=\"news-grid wpnews-medium-3 wpnews-columns  wpnw-first \" style=\" border-style: none !important; border-style: hidden !important; background-color: hidden;\">\n\t\t\t\n\t\t<div class=\"news-grid-content \" style=\" border-style: none !important; border-style: hidden !important; background-color: hidden; float:left;\">\n\t\t\t\n\t\t\t          <div class=\"news-image-bg\" style=\"float:left; width:auto; height:auto; max-width:185px; max-height: 300px; border-style: none !important; border-style: hidden !important; background-color: none; \">\n\t\t\t\t\n\t\t\t\t\t<a href=\"https:\/\/www.leekeegroup.com\/vn\/news\/interim-report-2025\/\" target=\"_blank\"><img src=\"https:\/\/www.leekeegroup.com\/wp-content\/uploads\/2025\/12\/Interim-Report-2025_Cover.png\" alt=\"Post Image\"><\/a>\n\t\t\t\t\n\t\t\t<\/div>\n\t\t\t\t\t<\/div>\n\t<\/div>\t\n\t<div class=\"news-grid wpnews-medium-3 wpnews-columns \" style=\" border-style: none !important; border-style: hidden !important; background-color: hidden;\">\n\t\t\t\n\t\t<div class=\"news-grid-content \" style=\" border-style: none !important; border-style: hidden !important; background-color: hidden; float:left;\">\n\t\t\t\n\t\t\t          <div class=\"news-image-bg\" style=\"float:left; width:auto; height:auto; max-width:185px; max-height: 300px; border-style: none !important; border-style: hidden !important; background-color: none; \">\n\t\t\t\t\n\t\t\t\t\t<a href=\"https:\/\/www.leekeegroup.com\/vn\/news\/annual-report-2024-25-2\/\" target=\"_blank\"><img src=\"https:\/\/www.leekeegroup.com\/wp-content\/uploads\/2025\/07\/3.png\" alt=\"Post Image\"><\/a>\n\t\t\t\t\n\t\t\t<\/div>\n\t\t\t\t\t<\/div>\n\t<\/div>\t\n\t<div class=\"news-grid wpnews-medium-3 wpnews-columns  wpnw-last \" style=\" border-style: none !important; border-style: hidden !important; background-color: hidden;\">\n\t\t\t\n\t\t<div class=\"news-grid-content \" style=\" border-style: none !important; border-style: hidden !important; background-color: hidden; float:left;\">\n\t\t\t\n\t\t\t          <div class=\"news-image-bg\" style=\"float:left; width:auto; height:auto; max-width:185px; max-height: 300px; border-style: none !important; border-style: hidden !important; background-color: none; \">\n\t\t\t\t\n\t\t\t\t\t<a href=\"https:\/\/www.leekeegroup.com\/vn\/news\/interim-report-2024\/\" target=\"_blank\"><img src=\"https:\/\/www.leekeegroup.com\/wp-content\/uploads\/2024\/12\/interim-cover.png\" alt=\"Post Image\"><\/a>\n\t\t\t\t\n\t\t\t<\/div>\n\t\t\t\t\t<\/div>\n\t<\/div>\t\t\t\t\n\t<\/div>\n<!-- end .sp_news_static -->\n\n\t <\/div><p style=\"text-align: center;\ncolor:#252525;\nfont-weight: bold;\nfont-size: 20px;top:22%;left:50%;\" class=\"ls-l\" data-ls=\"offsetxin:80;offsetxout:-80;durationout:400;parallaxlevel:0;\"><span style=\" font-weight:normal; font-family: leekee_regular\">T\u00ecm hi\u1ec3u th\u00eam v\u1ec1 hi\u1ec7u su\u1ea5t ho\u1ea1t \u0111\u1ed9ng c\u1ee7a c\u00f4ng ty ch\u00fang t\u00f4i th\u00f4ng qua c\u00e1c b\u00e1o c\u00e1o t\u00e0i ch\u00ednh v\u00e0 c\u00e1c th\u00f4ng b\u00e1o c\u1ee7a ch\u00fang t\u00f4i.<\/span><\/p><\/div><\/div><\/div>[\/vc_column][\/vc_row][vc_row css=&#8221;.vc_custom_1421949556992{margin-top: -50px !important;}&#8221;][vc_column]<div class=\"fullwidth-block clearfix\" style=\"background-position: center top;\"><script type=\"text\/javascript\">jQuery(function() { _initLayerSlider( '#layerslider_200_ckhehory81sq', {sliderVersion: '6.11.1', responsiveUnder: 1260, hideUnder: 0, hideOver: 100000, pauseOnHover: 1, forceCycles: false, skin: 'v5', skinsPath: 'https:\/\/www.leekeegroup.com\/wp-content\/plugins\/LayerSlider\/assets\/static\/layerslider\/skins\/'}); });<\/script><div id=\"layerslider_200_ckhehory81sq\" class=\"ls-wp-container fitvidsignore\" style=\"width:1260px;height:600px;max-width:1260px;margin:0 auto;margin-bottom: 0px;\"><div class=\"ls-slide\" data-ls=\"duration:4000;kenburnsscale:1.2;\"><img width=\"1258\" height=\"601\" src=\"https:\/\/www.leekeegroup.com\/wp-content\/uploads\/2016\/11\/banner03.jpg\" class=\"ls-bg\" alt=\"\" loading=\"lazy\" srcset=\"https:\/\/www.leekeegroup.com\/wp-content\/uploads\/2016\/11\/banner03.jpg 1258w, https:\/\/www.leekeegroup.com\/wp-content\/uploads\/2016\/11\/banner03-300x143.jpg 300w, https:\/\/www.leekeegroup.com\/wp-content\/uploads\/2016\/11\/banner03-768x367.jpg 768w, https:\/\/www.leekeegroup.com\/wp-content\/uploads\/2016\/11\/banner03-1024x489.jpg 1024w\" sizes=\"(max-width: 1258px) 100vw, 1258px\" \/><p style=\"text-align: center;\ncolor:white;\nfont-weight: bold;\nfont-size: 20px;\ntext-shadow: 2px 2px 5px black;top:40%;left:50%;\" class=\"ls-l\" data-ls=\"offsetxin:80;delayin:250;offsetxout:-80;durationout:400;parallaxlevel:0;\"><span style=\" font-weight:normal; font-family: leekee_regular\">T\u1eadp \u0111o\u00e0n Lee Kee duy tr\u00ec c\u00e1c ti\u00eau chu\u1ea9n cao trong vi\u1ec7c qu\u1ea3n tr\u1ecb doanh nghi\u1ec7p, <br>ki\u1ec3m so\u00e1t n\u1ed9i b\u1ed9 v\u00e0 \u0111\u1ea1o \u0111\u1ee9c kinh doanh nh\u1eb1m b\u1ea3o v\u1ec7 v\u00e0 th\u00fac \u0111\u1ea9y l\u1ee3i \u00edch c\u1ee7a c\u00e1c c\u1ed5 \u0111\u00f4ng theo m\u1ed9t c\u00e1ch ph\u00f9 h\u1ee3p.<\/span><\/p><p style=\"font-family: leekee_bold;\ncolor:white;\ntext-align: center;\nfont-weight:normal;\nfont-size:30px;\ntext-shadow: 2px 2px 5px black;top:30%;left:50%;\" class=\"ls-l\" data-ls=\"offsetxin:80;offsetxout:-80;durationout:400;parallaxlevel:0;\">Qu\u1ea3n tr\u1ecb<\/p><a style=\"\" class=\"ls-l\" href=\"https:\/\/www.leekeegroup.com\/vn\/corporate-governance\/\" target=\"_blank\" data-ls=\"offsetxin:80;offsetxout:-80;durationout:400;parallaxlevel:0;\"><p style=\" background-color: #9b9c9d; border: none; color: white; padding: 10px 20px; text-align: center; text-decoration: none; display: inline-block; font-size: 16px; margin: 4px 2px; cursor: pointer;\nfont-family: leekee_bold;\nfont-weight:normal;\n;top:315px;left:564px;\" class=\"\">T\u00ecm hi\u1ec3u th\u00eam<\/p><\/a><a style=\"\" class=\"ls-l\" href=\"https:\/\/www.leekeegroup.com\/vn\/corporate-governance\/\" target=\"_self\" data-ls=\"offsetxin:80;offsetxout:-80;durationout:400;parallaxlevel:0;\"><p style=\"font-family: leekee_bold;\nfont-weight:bold;\ncolor: #a54c4c;top:75%;left:40%;\" class=\"\">Ban gi\u00e1m \u0111\u1ed1c<\/p><\/a><a style=\"\" class=\"ls-l\" href=\"https:\/\/www.leekeegroup.com\/vn\/corporate-governance\/\" target=\"_self\" data-ls=\"offsetxin:80;offsetxout:-80;durationout:400;parallaxlevel:0;\"><p style=\"font-family: leekee_bold;\nfont-weight:bold;\ncolor: #a54c4c;top:75%;left:60%;\" class=\"\">\u0110i\u1ec1u kho\u1ea3n tham chi\u1ebfu<\/p><\/a><\/div><\/div><\/div>[\/vc_column][\/vc_row]<\/p>\n","protected":false},"excerpt":{"rendered":"<p>[vc_row css=&#8221;.vc_custom_1421949556992{margin-top: -50px !important;}&#8221;][vc_column][\/vc_column][\/vc_row][vc_row css=&#8221;.vc_custom_1421949556992{margin-top: -50px !important;}&#8221;][vc_column][\/vc_column][\/vc_row][vc_row css=&#8221;.vc_custom_1421949556992{margin-top: -50px !important;}&#8221;][vc_column][\/vc_column][\/vc_row]<\/p>\n","protected":false},"author":5,"featured_media":0,"parent":0,"menu_order":0,"comment_status":"closed","ping_status":"closed","template":"","meta":[],"_links":{"self":[{"href":"https:\/\/www.leekeegroup.com\/vn\/wp-json\/wp\/v2\/pages\/755"}],"collection":[{"href":"https:\/\/www.leekeegroup.com\/vn\/wp-json\/wp\/v2\/pages"}],"about":[{"href":"https:\/\/www.leekeegroup.com\/vn\/wp-json\/wp\/v2\/types\/page"}],"author":[{"embeddable":true,"href":"https:\/\/www.leekeegroup.com\/vn\/wp-json\/wp\/v2\/users\/5"}],"replies":[{"embeddable":true,"href":"https:\/\/www.leekeegroup.com\/vn\/wp-json\/wp\/v2\/comments?post=755"}],"version-history":[{"count":28,"href":"https:\/\/www.leekeegroup.com\/vn\/wp-json\/wp\/v2\/pages\/755\/revisions"}],"predecessor-version":[{"id":2092,"href":"https:\/\/www.leekeegroup.com\/vn\/wp-json\/wp\/v2\/pages\/755\/revisions\/2092"}],"wp:attachment":[{"href":"https:\/\/www.leekeegroup.com\/vn\/wp-json\/wp\/v2\/media?parent=755"}],"curies":[{"name":"wp","href":"https:\/\/api.w.org\/{rel}","templated":true}]}}