{"id":6137,"date":"2017-07-19T16:04:15","date_gmt":"2017-07-19T08:04:15","guid":{"rendered":"http:\/\/www.leekeegroup.com\/?page_id=6137"},"modified":"2022-02-18T16:43:57","modified_gmt":"2022-02-18T08:43:57","slug":"surface-finishing","status":"publish","type":"page","link":"https:\/\/www.leekeegroup.com\/vn\/surface-finishing\/","title":{"rendered":"Surface Finishing"},"content":{"rendered":"<p>[vc_row css=&#8221;.vc_custom_1421949556992{margin-top: -50px !important;}&#8221;][vc_column]<div class=\"fullwidth-block clearfix\" style=\"background-position: center top;\"><script type=\"text\/javascript\">jQuery(function() { _initLayerSlider( '#layerslider_219_g7qj2sryuaju', {sliderVersion: '6.11.1', responsiveUnder: 1260, hideUnder: 0, hideOver: 100000, pauseOnHover: 1, skin: 'v5', skinsPath: 'https:\/\/www.leekeegroup.com\/wp-content\/plugins\/LayerSlider\/assets\/static\/layerslider\/skins\/'}); });<\/script><div id=\"layerslider_219_g7qj2sryuaju\" class=\"ls-wp-container fitvidsignore\" style=\"width:1260px;height:300px;max-width:1260px;margin:0 auto;margin-bottom: 0px;\"><div class=\"ls-slide\" data-ls=\"duration:4000;kenburnsscale:1.2;\"><img width=\"1258\" height=\"300\" src=\"https:\/\/www.leekeegroup.com\/wp-content\/uploads\/2020\/02\/07b_Stainless-Steel_2-1.jpg\" class=\"ls-bg\" alt=\"\" loading=\"lazy\" srcset=\"https:\/\/www.leekeegroup.com\/wp-content\/uploads\/2020\/02\/07b_Stainless-Steel_2-1.jpg 1258w, https:\/\/www.leekeegroup.com\/wp-content\/uploads\/2020\/02\/07b_Stainless-Steel_2-1-300x72.jpg 300w, https:\/\/www.leekeegroup.com\/wp-content\/uploads\/2020\/02\/07b_Stainless-Steel_2-1-768x183.jpg 768w, https:\/\/www.leekeegroup.com\/wp-content\/uploads\/2020\/02\/07b_Stainless-Steel_2-1-1024x244.jpg 1024w\" sizes=\"(max-width: 1258px) 100vw, 1258px\" \/><\/div><\/div><\/div>[\/vc_column][\/vc_row][vc_row]<div class=\"fullwidth-block clearfix\" style=\"background-position: center top;\">[vc_column width = &#8220;3\/4&#8243;][vc_column_inner width=&#8221;1\/2&#8221;]<\/p>\n<p><center><u><a style=\"text-align: center !important;\" href=\"https:\/\/www.leekeegroup.com\/vn\/chemical-composition-of-stainless-steel\/\">Th\u00e0nh ph\u1ea7n h\u00f3a h\u1ecdc<\/a><\/u><\/center>[\/vc_column_inner][vc_column_inner width=&#8221;1\/2&#8243;]<\/p>\n<p><center><u><a style=\"text-align: center !important;\" href=\"https:\/\/www.leekeegroup.com\/vn\/added-value-services-for-stainless-steel\/\">D\u1ecbch v\u1ee5 gi\u00e1 tr\u1ecb gia t\u0103ng<\/a><\/u><\/center>[\/vc_column_inner]<\/p>\n<p>[vc_row_inner css=&#8221;.vc_custom_1478731595267{margin-left: 30px !important;}&#8221;]<\/p>\n<p style=\"color: #c21332; font-size: 30px; font-weight: bold;\">Ho\u00e0n thi\u1ec7n b\u1ec1 m\u1eb7t<\/p>\n<p>\u0110\u1ec3 \u0111\u00e1p \u1ee9ng c\u00e1c nhu c\u1ea7u v\u1ec1 vi\u1ec7c s\u1eed d\u1ee5ng v\u00e0o c\u00e1c \u1ee9ng d\u1ee5ng kh\u00e1c nhau, ch\u00fang t\u00f4i cung c\u1ea5p m\u1ed9t lo\u1ea1t c\u00e1c d\u1ecbch v\u1ee5 v\u1ec1 ho\u00e0n thi\u1ec7n b\u1ec1 m\u1eb7t \u0111\u1ed1i v\u1edbi c\u00e1c v\u1eadt li\u1ec7u th\u00e9p kh\u00f4ng g\u1ec9 sau \u0111\u00e2y.<\/p>\n<div class=\"sc-table rounded-corners sc-table-responsive shadow-box sc-table-style-1\">\n<table style=\"width: 95%; border-color: transparent !important;\">\n<tbody>\n<tr style=\"text-align: center !important;\">\n<td style=\"text-align: center !important;\"><b>S\u1ed1 m\u1eabu m\u00e3 <\/b><\/td>\n<td style=\"text-align: center !important;\"><b>2B<\/b><\/td>\n<td style=\"text-align: center !important;\"><b>BA<\/b><\/td>\n<td style=\"text-align: center !important;\"><b>HL<\/b><\/td>\n<td style=\"text-align: center !important;\"><b>No.1<\/b><\/td>\n<td style=\"text-align: center !important;\"><b>No.4<\/b><\/td>\n<td style=\"text-align: center !important;\"><b>No.8<\/b><\/td>\n<\/tr>\n<\/tbody>\n<thead><\/thead>\n<tbody>\n<tr>\n<td style=\"text-align: center !important;\"><b>201<\/b><\/td>\n<td style=\"text-align: center !important;\"><div class=\"sc-icon sc-icon-size-small  sc-icon-shape-square sc-simple-icon\" style=\"\"><span class=\"sc-icon-half-1\" style=\"color: #384554;\"><span class=\"back-angle\">&#xe770;<\/span><\/span><span class=\"sc-icon-half-2\" style=\"color: #384554;\"><span class=\"back-angle\">&#xe770;<\/span><\/span><\/div><\/td>\n<td style=\"text-align: center !important;\"><div class=\"sc-icon sc-icon-size-small  sc-icon-shape-square sc-simple-icon\" style=\"\"><span class=\"sc-icon-half-1\" style=\"color: #384554;\"><span class=\"back-angle\">&#xe770;<\/span><\/span><span class=\"sc-icon-half-2\" style=\"color: #384554;\"><span class=\"back-angle\">&#xe770;<\/span><\/span><\/div><\/td>\n<td><\/td>\n<td><\/td>\n<td><\/td>\n<td style=\"text-align: center !important;\"><div class=\"sc-icon sc-icon-size-small  sc-icon-shape-square sc-simple-icon\" style=\"\"><span class=\"sc-icon-half-1\" style=\"color: #384554;\"><span class=\"back-angle\">&#xe770;<\/span><\/span><span class=\"sc-icon-half-2\" style=\"color: #384554;\"><span class=\"back-angle\">&#xe770;<\/span><\/span><\/div><\/td>\n<\/tr>\n<tr>\n<td style=\"text-align: center !important;\"><b>304<\/b><\/td>\n<td style=\"text-align: center !important;\"><div class=\"sc-icon sc-icon-size-small  sc-icon-shape-square sc-simple-icon\" style=\"\"><span class=\"sc-icon-half-1\" style=\"color: #384554;\"><span class=\"back-angle\">&#xe770;<\/span><\/span><span class=\"sc-icon-half-2\" style=\"color: #384554;\"><span class=\"back-angle\">&#xe770;<\/span><\/span><\/div><\/td>\n<td style=\"text-align: center !important;\"><div class=\"sc-icon sc-icon-size-small  sc-icon-shape-square sc-simple-icon\" style=\"\"><span class=\"sc-icon-half-1\" style=\"color: #384554;\"><span class=\"back-angle\">&#xe770;<\/span><\/span><span class=\"sc-icon-half-2\" style=\"color: #384554;\"><span class=\"back-angle\">&#xe770;<\/span><\/span><\/div><\/td>\n<td style=\"text-align: center !important;\"><div class=\"sc-icon sc-icon-size-small  sc-icon-shape-square sc-simple-icon\" style=\"\"><span class=\"sc-icon-half-1\" style=\"color: #384554;\"><span class=\"back-angle\">&#xe770;<\/span><\/span><span class=\"sc-icon-half-2\" style=\"color: #384554;\"><span class=\"back-angle\">&#xe770;<\/span><\/span><\/div><\/td>\n<td style=\"text-align: center !important;\"><div class=\"sc-icon sc-icon-size-small  sc-icon-shape-square sc-simple-icon\" style=\"\"><span class=\"sc-icon-half-1\" style=\"color: #384554;\"><span class=\"back-angle\">&#xe770;<\/span><\/span><span class=\"sc-icon-half-2\" style=\"color: #384554;\"><span class=\"back-angle\">&#xe770;<\/span><\/span><\/div><\/td>\n<td style=\"text-align: center !important;\"><div class=\"sc-icon sc-icon-size-small  sc-icon-shape-square sc-simple-icon\" style=\"\"><span class=\"sc-icon-half-1\" style=\"color: #384554;\"><span class=\"back-angle\">&#xe770;<\/span><\/span><span class=\"sc-icon-half-2\" style=\"color: #384554;\"><span class=\"back-angle\">&#xe770;<\/span><\/span><\/div><\/td>\n<td style=\"text-align: center !important;\"><div class=\"sc-icon sc-icon-size-small  sc-icon-shape-square sc-simple-icon\" style=\"\"><span class=\"sc-icon-half-1\" style=\"color: #384554;\"><span class=\"back-angle\">&#xe770;<\/span><\/span><span class=\"sc-icon-half-2\" style=\"color: #384554;\"><span class=\"back-angle\">&#xe770;<\/span><\/span><\/div><\/td>\n<\/tr>\n<tr>\n<td style=\"text-align: center !important;\"><b>316L<\/b><\/td>\n<td style=\"text-align: center !important;\"><div class=\"sc-icon sc-icon-size-small  sc-icon-shape-square sc-simple-icon\" style=\"\"><span class=\"sc-icon-half-1\" style=\"color: #384554;\"><span class=\"back-angle\">&#xe770;<\/span><\/span><span class=\"sc-icon-half-2\" style=\"color: #384554;\"><span class=\"back-angle\">&#xe770;<\/span><\/span><\/div><\/td>\n<td style=\"text-align: center !important;\"><div class=\"sc-icon sc-icon-size-small  sc-icon-shape-square sc-simple-icon\" style=\"\"><span class=\"sc-icon-half-1\" style=\"color: #384554;\"><span class=\"back-angle\">&#xe770;<\/span><\/span><span class=\"sc-icon-half-2\" style=\"color: #384554;\"><span class=\"back-angle\">&#xe770;<\/span><\/span><\/div><\/td>\n<td style=\"text-align: center !important;\"><div class=\"sc-icon sc-icon-size-small  sc-icon-shape-square sc-simple-icon\" style=\"\"><span class=\"sc-icon-half-1\" style=\"color: #384554;\"><span class=\"back-angle\">&#xe770;<\/span><\/span><span class=\"sc-icon-half-2\" style=\"color: #384554;\"><span class=\"back-angle\">&#xe770;<\/span><\/span><\/div><\/td>\n<td style=\"text-align: center !important;\"><div class=\"sc-icon sc-icon-size-small  sc-icon-shape-square sc-simple-icon\" style=\"\"><span class=\"sc-icon-half-1\" style=\"color: #384554;\"><span class=\"back-angle\">&#xe770;<\/span><\/span><span class=\"sc-icon-half-2\" style=\"color: #384554;\"><span class=\"back-angle\">&#xe770;<\/span><\/span><\/div><\/td>\n<td><\/td>\n<td style=\"text-align: center !important;\"><div class=\"sc-icon sc-icon-size-small  sc-icon-shape-square sc-simple-icon\" style=\"\"><span class=\"sc-icon-half-1\" style=\"color: #384554;\"><span class=\"back-angle\">&#xe770;<\/span><\/span><span class=\"sc-icon-half-2\" style=\"color: #384554;\"><span class=\"back-angle\">&#xe770;<\/span><\/span><\/div><\/td>\n<\/tr>\n<tr>\n<td style=\"text-align: center !important;\"><b>420J2<\/b><\/td>\n<td style=\"text-align: center !important;\"><div class=\"sc-icon sc-icon-size-small  sc-icon-shape-square sc-simple-icon\" style=\"\"><span class=\"sc-icon-half-1\" style=\"color: #384554;\"><span class=\"back-angle\">&#xe770;<\/span><\/span><span class=\"sc-icon-half-2\" style=\"color: #384554;\"><span class=\"back-angle\">&#xe770;<\/span><\/span><\/div><\/td>\n<td><\/td>\n<td><\/td>\n<td><\/td>\n<td><\/td>\n<td><\/td>\n<\/tr>\n<tr>\n<td style=\"text-align: center !important;\"><b>430<\/b><\/td>\n<td style=\"text-align: center !important;\"><div class=\"sc-icon sc-icon-size-small  sc-icon-shape-square sc-simple-icon\" style=\"\"><span class=\"sc-icon-half-1\" style=\"color: #384554;\"><span class=\"back-angle\">&#xe770;<\/span><\/span><span class=\"sc-icon-half-2\" style=\"color: #384554;\"><span class=\"back-angle\">&#xe770;<\/span><\/span><\/div><\/td>\n<td style=\"text-align: center !important;\"><div class=\"sc-icon sc-icon-size-small  sc-icon-shape-square sc-simple-icon\" style=\"\"><span class=\"sc-icon-half-1\" style=\"color: #384554;\"><span class=\"back-angle\">&#xe770;<\/span><\/span><span class=\"sc-icon-half-2\" style=\"color: #384554;\"><span class=\"back-angle\">&#xe770;<\/span><\/span><\/div><\/td>\n<td style=\"text-align: center !important;\"><div class=\"sc-icon sc-icon-size-small  sc-icon-shape-square sc-simple-icon\" style=\"\"><span class=\"sc-icon-half-1\" style=\"color: #384554;\"><span class=\"back-angle\">&#xe770;<\/span><\/span><span class=\"sc-icon-half-2\" style=\"color: #384554;\"><span class=\"back-angle\">&#xe770;<\/span><\/span><\/div><\/td>\n<td><\/td>\n<td style=\"text-align: center !important;\"><div class=\"sc-icon sc-icon-size-small  sc-icon-shape-square sc-simple-icon\" style=\"\"><span class=\"sc-icon-half-1\" style=\"color: #384554;\"><span class=\"back-angle\">&#xe770;<\/span><\/span><span class=\"sc-icon-half-2\" style=\"color: #384554;\"><span class=\"back-angle\">&#xe770;<\/span><\/span><\/div><\/td>\n<td><\/td>\n<\/tr>\n<tr>\n<td style=\"text-align: center !important;\"><b>FW1<\/b><\/td>\n<td style=\"text-align: center !important;\"><div class=\"sc-icon sc-icon-size-small  sc-icon-shape-square sc-simple-icon\" style=\"\"><span class=\"sc-icon-half-1\" style=\"color: #384554;\"><span class=\"back-angle\">&#xe770;<\/span><\/span><span class=\"sc-icon-half-2\" style=\"color: #384554;\"><span class=\"back-angle\">&#xe770;<\/span><\/span><\/div><\/td>\n<td style=\"text-align: center !important;\"><div class=\"sc-icon sc-icon-size-small  sc-icon-shape-square sc-simple-icon\" style=\"\"><span class=\"sc-icon-half-1\" style=\"color: #384554;\"><span class=\"back-angle\">&#xe770;<\/span><\/span><span class=\"sc-icon-half-2\" style=\"color: #384554;\"><span class=\"back-angle\">&#xe770;<\/span><\/span><\/div><\/td>\n<td><\/td>\n<td><\/td>\n<td><\/td>\n<td><\/td>\n<\/tr>\n<tr>\n<td style=\"text-align: center !important;\"><b>FW2<\/b><\/td>\n<td style=\"text-align: center !important;\"><div class=\"sc-icon sc-icon-size-small  sc-icon-shape-square sc-simple-icon\" style=\"\"><span class=\"sc-icon-half-1\" style=\"color: #384554;\"><span class=\"back-angle\">&#xe770;<\/span><\/span><span class=\"sc-icon-half-2\" style=\"color: #384554;\"><span class=\"back-angle\">&#xe770;<\/span><\/span><\/div><\/td>\n<td style=\"text-align: center !important;\"><div class=\"sc-icon sc-icon-size-small  sc-icon-shape-square sc-simple-icon\" style=\"\"><span class=\"sc-icon-half-1\" style=\"color: #384554;\"><span class=\"back-angle\">&#xe770;<\/span><\/span><span class=\"sc-icon-half-2\" style=\"color: #384554;\"><span class=\"back-angle\">&#xe770;<\/span><\/span><\/div><\/td>\n<td><\/td>\n<td><\/td>\n<td><\/td>\n<td><\/td>\n<\/tr>\n<\/tbody>\n<\/table>\n<\/div>\n<p>[\/vc_row_inner][\/vc_column][vc_column width =&#8221;1\/4&#8243; css=&#8221;.vc_custom_1421949556992{margin-top: -50px !important;}&#8221;]<\/p>\n\n\t<table style=\"width:100%;\" class=\"product_sidebar\">\n\t<tr>\n\t<th colspan=\"3\" style=\" width:100%;background-color: #dddddd; color: #c21332; font-size: 20px;text-align: center; padding-top: 15px; padding-bottom: 15px;\">L\u1ef1a ch\u1ecdn c\u1ee7a b\u1ea1n<\/th>\n\t<\/tr>\n\t<tr >\n\t<th style=\"padding-top:10px; padding-bottom:10px\">\n\n\t\t<a href=\"https:\/\/www.leekeegroup.com\/vn\/aluminum\">\n\n\t<i style=\" float:left; \" class=\"fa fa-chevron-left\" aria-hidden=\"true\"><\/i><\/a><\/th>\n\t<th style=\"text-align: center;\"><span style=\"padding-top:10px; padding-bottom: 10px; font-family: leekee_bold; font-weight: normal; text-align: center;float:center;\">Th\u00e9p kh\u00f4ng g\u1ec9<\/span><\/th>\n\t<th colspan=\"0\">\n\n\t\t<a href=\"https:\/\/www.leekeegroup.com\/vn\/electroplating-chemicals-2\">\n\n\t<i style=\"float:right\" class=\"fa fa-chevron-right\" aria-hidden=\"true\"><\/i><\/a><\/th>\n\t<\/tr>\n\t<\/table>\n<table class=\"product_sidebar\" style=\"text-align: left; width: 100%;\">\n<tbody>\n<tr>\n<th style=\"background-color: #dddddd; color: #c21332; font-size: 20px; text-align: center; padding-top: 15px; padding-bottom: 15px; wdith: 100%;\">T\u00ecm m\u1ed9t s\u1ea3n ph\u1ea9m<\/th>\n<\/tr>\n<tr>\n<th>[vc_accordion active_tab=&#8221;1&#8243; collapsible=&#8221;yes&#8221;][vc_accordion_tab title=&#8221;LO\u1ea0I&#8221;][vc_column_text css=&#8221;.vc_custom_1478136533200{margin-left: 20px !important;}&#8221;]<a href=\"https:\/\/www.leekeegroup.com\/vn\/steel-304\/\">304<\/a><br \/>\n<a href=\"https:\/\/www.leekeegroup.com\/vn\/steel-316l\/\">316L<\/a><br \/>\n<a href=\"https:\/\/www.leekeegroup.com\/vn\/steel-430\/\">430<\/a><br \/>\n<a href=\"https:\/\/www.leekeegroup.com\/vn\/steel-420j2\/\">420J2<\/a><br \/>\n<a href=\"https:\/\/www.leekeegroup.com\/vn\/steel-180\/\">180<\/a><br \/>\n<a href=\"https:\/\/www.leekeegroup.com\/vn\/steel-201\/\">201<\/a><br \/>\n<a href=\"https:\/\/www.leekeegroup.com\/vn\/steel-202\/\">202<\/a><br \/>\n<a href=\"https:\/\/www.leekeegroup.com\/vn\/steel-301\/\">301<\/a><br \/>\n<a href=\"https:\/\/www.leekeegroup.com\/vn\/steel-fw\/\">Fw<\/a><br \/>\n[\/vc_column_text][\/vc_accordion_tab][vc_accordion_tab title=&#8221;XU\u1ea4T X\u1ee8&#8221;][vc_column_text css=&#8221;.vc_custom_1478136533200{margin-left: 20px !important;}&#8221;]<a href=\"https:\/\/www.leekeegroup.com\/vn\/steel-taiwan\/\">\u0110\u00e0i Loan<\/a><br \/>\n<a href=\"https:\/\/www.leekeegroup.com\/vn\/steel-korea\/\">H\u00e0n Qu\u1ed1c<\/a><br \/>\n<a href=\"https:\/\/www.leekeegroup.com\/vn\/steel-vietnam\/\">Vi\u1ec7t Nam<\/a><br \/>\n<a href=\"https:\/\/www.leekeegroup.com\/vn\/steel-japan\/\">Nh\u1eadt B\u1ea3n<\/a><br \/>\n<a href=\"https:\/\/www.leekeegroup.com\/vn\/steel-finland\/\">Ph\u1ea7n Lan<\/a><br \/>\n<a href=\"https:\/\/www.leekeegroup.com\/vn\/steel-mainlandchina\/\">Trung Qu\u1ed1c<\/a><br \/>\n<a href=\"https:\/\/www.leekeegroup.com\/vn\/steel-malaysia\/\">Malaysia<\/a><br \/>\n[\/vc_column_text][\/vc_accordion_tab][vc_accordion_tab title=&#8221;H\u00ccNH TH\u1ee8C&#8221;][vc_column_text css=&#8221;.vc_custom_1478136533200{margin-left: 20px !important;}&#8221;]<a href=\"https:\/\/www.leekeegroup.com\/vn\/steel-coil\/\">Cu\u1ed9n d\u00e2y<\/a><br \/>\n<a href=\"https:\/\/www.leekeegroup.com\/vn\/steel-sheet\/\">T\u1ea5m<\/a><br \/>\n[\/vc_column_text][\/vc_accordion_tab][\/vc_accordion]<\/th>\n<\/tr>\n<tr>\n<th style=\"background-color: #dddddd; color: #c21332; font-size: 18px; text-align: center; padding-top: 15px; padding-bottom: 15px;\"><a style=\"display: block; color: #c21332 !important;\" href=\"https:\/\/www.leekeegroup.com\/vn\/stainless-steel-2\/#\">D\u1ecbch v\u1ee5 gi\u00e1 tr\u1ecb gia t\u0103ng<br \/>\n\u0111\u1ed1i v\u1edbi th\u00e9p kh\u00f4ng g\u1ec9<\/a><\/th>\n<\/tr>\n<tr>\n<th style=\"border-bottom: 1px solid #e1e1e1; font-size: 20px; text-align: center; padding-top: 15px; padding-bottom: 15px; color: #4f5b69;\">Theo d\u00f5i ch\u00fang t\u00f4i tr\u00ean WeChat<img loading=\"lazy\" class=\"aligncenter size-full wp-image-1895\" src=\"https:\/\/www.leekeegroup.com\/wp-content\/uploads\/2016\/10\/Untitled-2.jpg\" alt=\"untitled-2\" width=\"135\" height=\"135\" \/><\/th>\n<\/tr>\n<tr>\n<th style=\"border-bottom: 1px solid #e1e1e1; font-size: 20px; text-align: center; padding-top: 15px; padding-bottom: 15px;\"><a style=\"color: #4f5b69;\" href=\"https:\/\/www.leekeegroup.com\/vn\/contact-us\/\">Li\u00ean h\u1ec7 ch\u00fang t\u00f4i<\/a><\/th>\n<\/tr>\n<\/tbody>\n<\/table>\n<p>[\/vc_column]<\/div>[\/vc_row]<\/p>\n","protected":false},"excerpt":{"rendered":"<p>[vc_row css=&#8221;.vc_custom_1421949556992{margin-top: -50px !important;}&#8221;][vc_column][\/vc_column][\/vc_row][vc_row][\/vc_row]<\/p>\n","protected":false},"author":5,"featured_media":0,"parent":0,"menu_order":0,"comment_status":"closed","ping_status":"closed","template":"","meta":[],"_links":{"self":[{"href":"https:\/\/www.leekeegroup.com\/vn\/wp-json\/wp\/v2\/pages\/6137"}],"collection":[{"href":"https:\/\/www.leekeegroup.com\/vn\/wp-json\/wp\/v2\/pages"}],"about":[{"href":"https:\/\/www.leekeegroup.com\/vn\/wp-json\/wp\/v2\/types\/page"}],"author":[{"embeddable":true,"href":"https:\/\/www.leekeegroup.com\/vn\/wp-json\/wp\/v2\/users\/5"}],"replies":[{"embeddable":true,"href":"https:\/\/www.leekeegroup.com\/vn\/wp-json\/wp\/v2\/comments?post=6137"}],"version-history":[{"count":34,"href":"https:\/\/www.leekeegroup.com\/vn\/wp-json\/wp\/v2\/pages\/6137\/revisions"}],"predecessor-version":[{"id":11914,"href":"https:\/\/www.leekeegroup.com\/vn\/wp-json\/wp\/v2\/pages\/6137\/revisions\/11914"}],"wp:attachment":[{"href":"https:\/\/www.leekeegroup.com\/vn\/wp-json\/wp\/v2\/media?parent=6137"}],"curies":[{"name":"wp","href":"https:\/\/api.w.org\/{rel}","templated":true}]}}