{"id":6107,"date":"2017-07-19T14:51:30","date_gmt":"2017-07-19T06:51:30","guid":{"rendered":"http:\/\/www.leekeegroup.com\/?page_id=6107"},"modified":"2022-02-18T16:32:19","modified_gmt":"2022-02-18T08:32:19","slug":"chemical-composition-of-stainless-steel","status":"publish","type":"page","link":"https:\/\/www.leekeegroup.com\/vn\/chemical-composition-of-stainless-steel\/","title":{"rendered":"Th\u00e0nh ph\u1ea7n h\u00f3a h\u1ecdc c\u1ee7a Th\u00e9p kh\u00f4ng g\u1ec9"},"content":{"rendered":"<p>[vc_row css=&#8221;.vc_custom_1421949556992{margin-top: -50px !important;}&#8221;][vc_column]<div class=\"fullwidth-block clearfix\" style=\"background-position: center top;\"><script type=\"text\/javascript\">jQuery(function() { _initLayerSlider( '#layerslider_219_140gtm0gr4ab1', {sliderVersion: '6.11.1', responsiveUnder: 1260, hideUnder: 0, hideOver: 100000, pauseOnHover: 1, skin: 'v5', skinsPath: 'https:\/\/www.leekeegroup.com\/wp-content\/plugins\/LayerSlider\/assets\/static\/layerslider\/skins\/'}); });<\/script><div id=\"layerslider_219_140gtm0gr4ab1\" class=\"ls-wp-container fitvidsignore\" style=\"width:1260px;height:300px;max-width:1260px;margin:0 auto;margin-bottom: 0px;\"><div class=\"ls-slide\" data-ls=\"duration:4000;kenburnsscale:1.2;\"><img width=\"1258\" height=\"300\" src=\"https:\/\/www.leekeegroup.com\/wp-content\/uploads\/2020\/02\/07b_Stainless-Steel_2-1.jpg\" class=\"ls-bg\" alt=\"\" loading=\"lazy\" srcset=\"https:\/\/www.leekeegroup.com\/wp-content\/uploads\/2020\/02\/07b_Stainless-Steel_2-1.jpg 1258w, https:\/\/www.leekeegroup.com\/wp-content\/uploads\/2020\/02\/07b_Stainless-Steel_2-1-300x72.jpg 300w, https:\/\/www.leekeegroup.com\/wp-content\/uploads\/2020\/02\/07b_Stainless-Steel_2-1-768x183.jpg 768w, https:\/\/www.leekeegroup.com\/wp-content\/uploads\/2020\/02\/07b_Stainless-Steel_2-1-1024x244.jpg 1024w\" sizes=\"(max-width: 1258px) 100vw, 1258px\" \/><\/div><\/div><\/div>[\/vc_column][\/vc_row][vc_row]<div class=\"fullwidth-block clearfix\" style=\"background-position: center top;\">[vc_column width = &#8220;3\/4&#8243;][vc_column_inner width=&#8221;1\/2&#8221;]<\/p>\n<p><center><u><a style=\"text-align: center !important;\" href=\"https:\/\/www.leekeegroup.com\/vn\/surface-finishing\/\">Ho\u00e0n thi\u1ec7n b\u1ec1 m\u1eb7t<\/a><\/u><\/center>[\/vc_column_inner][vc_column_inner width=&#8221;1\/2&#8243;]<\/p>\n<p><center><u><a style=\"text-align: center !important;\" href=\"https:\/\/www.leekeegroup.com\/vn\/added-value-services-for-stainless-steel\/\">D\u1ecbch v\u1ee5 gi\u00e1 tr\u1ecb gia t\u0103ng<\/a><\/u><\/center>[\/vc_column_inner]<\/p>\n<p>[vc_row_inner css=&#8221;.vc_custom_1478731595267{margin-left: 30px !important;}&#8221;]<\/p>\n<p style=\"color: #c21332; font-size: 30px; font-weight: bold;\">Th\u00e0nh ph\u1ea7n h\u00f3a h\u1ecdc c\u1ee7a Th\u00e9p kh\u00f4ng g\u1ec9<\/p>\n<table style=\"width: 100%; border-color: transparent !important;\">\n<tbody>\n<tr>\n<td style=\"text-align: center !important;\" rowspan=\"2\" bgcolor=\"#DDDEDF\" width=\"60\"><strong>H\u1ec7 th\u1ed1ng<\/strong><\/td>\n<td style=\"text-align: center !important;\" rowspan=\"2\" bgcolor=\"#EEF0F0\" width=\"60\"><strong>S\u1ed1 m\u1eabu m\u00e3 <\/strong><\/td>\n<td style=\"text-align: center !important;\" colspan=\"10\" bgcolor=\"#F5F6F7\" width=\"625\"><strong>Th\u00e0nh ph\u1ea7n h\u00f3a h\u1ecdc (%)<\/strong><\/td>\n<\/tr>\n<tr bgcolor=\"#DDDEDF\">\n<td style=\"text-align: center !important;\" width=\"54\"><strong>C <\/strong><\/td>\n<td style=\"text-align: center !important;\" width=\"54\"><strong>Si<\/strong><\/td>\n<td style=\"text-align: center !important;\" width=\"54\"><strong>Mn<\/strong><\/td>\n<td style=\"text-align: center !important;\" width=\"54\"><strong>P<\/strong><\/td>\n<td style=\"text-align: center !important;\" width=\"54\"><strong>S<\/strong><\/td>\n<td style=\"text-align: center !important;\" width=\"54\"><strong>Ni <\/strong><\/td>\n<td style=\"text-align: center !important;\" width=\"54\"><strong>Cr <\/strong><\/td>\n<td style=\"text-align: center !important;\" width=\"54\"><strong>Mo <\/strong><\/td>\n<td style=\"text-align: center !important;\" width=\"54\"><strong>N <\/strong><\/td>\n<td style=\"text-align: center !important;\" width=\"145\"><strong>Others <\/strong><\/td>\n<\/tr>\n<tr bgcolor=\"#F5F6F7\">\n<td style=\"text-align: center !important;\" rowspan=\"6\" bgcolor=\"#EEF0F0\" width=\"60\"><strong>Austenite<\/strong><\/td>\n<td style=\"text-align: center !important;\" bgcolor=\"#DDDEDF\" width=\"60\"><strong>SUS201<\/strong><\/td>\n<td style=\"text-align: center !important;\" width=\"54\">0.15 max<\/td>\n<td style=\"text-align: center !important;\" width=\"54\">1.0 max<\/td>\n<td style=\"text-align: center !important;\" width=\"54\">5.5-7.5<\/td>\n<td style=\"text-align: center !important;\" width=\"54\">0.06 max<\/td>\n<td style=\"text-align: center !important;\" width=\"54\">0.03 max<\/td>\n<td style=\"text-align: center !important;\" width=\"54\">3.5-5.5<\/td>\n<td style=\"text-align: center !important;\" width=\"54\">16.0-18.0<\/td>\n<td style=\"text-align: center !important;\" width=\"54\">&#8211;<\/td>\n<td style=\"text-align: center !important;\" width=\"54\">0.25 max<\/td>\n<td style=\"text-align: center !important;\" width=\"145\">&#8211;<\/td>\n<\/tr>\n<tr bgcolor=\"#DDDEDF\">\n<td style=\"text-align: center !important;\" bgcolor=\"#EEF0F0\" width=\"60\"><strong>SUS202<\/strong><\/td>\n<td style=\"text-align: center !important;\" width=\"54\">0.15 max<\/td>\n<td style=\"text-align: center !important;\" width=\"54\">1.0 max<\/td>\n<td style=\"text-align: center !important;\" width=\"54\">7.5-10.0<\/td>\n<td style=\"text-align: center !important;\" width=\"54\">0.06 max<\/td>\n<td style=\"text-align: center !important;\" width=\"54\">0.03 max<\/td>\n<td style=\"text-align: center !important;\" width=\"54\">4.0-6.0<\/td>\n<td style=\"text-align: center !important;\" width=\"54\">17.0-19.0<\/td>\n<td style=\"text-align: center !important;\" width=\"54\">&#8211;<\/td>\n<td style=\"text-align: center !important;\" width=\"54\">0.25 max<\/td>\n<td style=\"text-align: center !important;\" width=\"145\">&#8211;<\/td>\n<\/tr>\n<tr bgcolor=\"#F5F6F7\">\n<td style=\"text-align: center !important;\" bgcolor=\"#DDDEDF\" width=\"60\"><strong>SUS301<\/strong><\/td>\n<td style=\"text-align: center !important;\" width=\"54\">0.15 max<\/td>\n<td style=\"text-align: center !important;\" width=\"54\">1.0 max<\/td>\n<td style=\"text-align: center !important;\" width=\"54\">2.0 max<\/td>\n<td style=\"text-align: center !important;\" width=\"54\">0.045 max<\/td>\n<td style=\"text-align: center !important;\" width=\"54\">0.03 max<\/td>\n<td style=\"text-align: center !important;\" width=\"54\">6.0-8.0<\/td>\n<td style=\"text-align: center !important;\" width=\"54\">16.0-18.0<\/td>\n<td style=\"text-align: center !important;\" width=\"54\">&#8211;<\/td>\n<td style=\"text-align: center !important;\" width=\"54\">&#8211;<\/td>\n<td style=\"text-align: center !important;\" width=\"145\">&#8211;<\/td>\n<\/tr>\n<tr bgcolor=\"#DDDEDF\">\n<td style=\"text-align: center !important;\" bgcolor=\"#EEF0F0\" width=\"60\"><strong>SUS304<\/strong><\/td>\n<td style=\"text-align: center !important;\" width=\"54\">0.08 max<\/td>\n<td style=\"text-align: center !important;\" width=\"54\">1.0 max<\/td>\n<td style=\"text-align: center !important;\" width=\"54\">2.0 max<\/td>\n<td style=\"text-align: center !important;\" width=\"54\">0.045 max<\/td>\n<td style=\"text-align: center !important;\" width=\"54\">0.03 max<\/td>\n<td style=\"text-align: center !important;\" width=\"54\">8.0-10.5<\/td>\n<td style=\"text-align: center !important;\" width=\"54\">18.0-20.0<\/td>\n<td style=\"text-align: center !important;\" width=\"54\">&#8211;<\/td>\n<td style=\"text-align: center !important;\" width=\"54\">&#8211;<\/td>\n<td style=\"text-align: center !important;\" width=\"145\">&#8211;<\/td>\n<\/tr>\n<tr bgcolor=\"#F5F6F7\">\n<td style=\"text-align: center !important;\" bgcolor=\"#DDDEDF\" width=\"60\"><strong>SUS316L<\/strong><\/td>\n<td style=\"text-align: center !important;\" width=\"54\">0.03 max<\/td>\n<td style=\"text-align: center !important;\" width=\"54\">1.0 max<\/td>\n<td style=\"text-align: center !important;\" width=\"54\">2.0 max<\/td>\n<td style=\"text-align: center !important;\" width=\"54\">0.045 max<\/td>\n<td style=\"text-align: center !important;\" width=\"54\">0.03 max<\/td>\n<td style=\"text-align: center !important;\" width=\"54\">12.0-15.0<\/td>\n<td style=\"text-align: center !important;\" width=\"54\">16.0-18.0<\/td>\n<td style=\"text-align: center !important;\" width=\"54\">2.0 \u2013 3.0<\/td>\n<td style=\"text-align: center !important;\" width=\"54\">&#8211;<\/td>\n<td style=\"text-align: center !important;\" width=\"145\">&#8211;<\/td>\n<\/tr>\n<tr bgcolor=\"#DDDEDF\">\n<td style=\"text-align: center !important;\" bgcolor=\"#EEF0F0\" width=\"60\"><strong>SUS321<\/strong><\/td>\n<td style=\"text-align: center !important;\" width=\"54\">0.08 max<\/td>\n<td style=\"text-align: center !important;\" width=\"54\">1.0 max<\/td>\n<td style=\"text-align: center !important;\" width=\"54\">2.0 max<\/td>\n<td style=\"text-align: center !important;\" width=\"54\">0.045 max<\/td>\n<td style=\"text-align: center !important;\" width=\"54\">0.03 max<\/td>\n<td style=\"text-align: center !important;\" width=\"54\">9.0-13.0<\/td>\n<td style=\"text-align: center !important;\" width=\"54\">17.0-19.0<\/td>\n<td style=\"text-align: center !important;\" width=\"54\">&#8211;<\/td>\n<td style=\"text-align: center !important;\" width=\"54\">&#8211;<\/td>\n<td style=\"text-align: center !important;\" width=\"145\">Ti: 5xC% min.<\/td>\n<\/tr>\n<tr bgcolor=\"#F5F6F7\">\n<td style=\"text-align: center !important;\" rowspan=\"3\" bgcolor=\"#DDDEDF\" width=\"60\"><strong>Ferrite<\/strong><\/td>\n<td style=\"text-align: center !important;\" bgcolor=\"#DDDEDF\" width=\"60\"><strong>NSSC180<\/strong><\/td>\n<td style=\"text-align: center !important;\" width=\"54\">0.02 max<\/td>\n<td style=\"text-align: center !important;\" width=\"54\">1.0 max<\/td>\n<td style=\"text-align: center !important;\" width=\"54\">1.0 max<\/td>\n<td style=\"text-align: center !important;\" width=\"54\">0.04 max<\/td>\n<td style=\"text-align: center !important;\" width=\"54\">0.006 max<\/td>\n<td style=\"text-align: center !important;\" width=\"54\">0.6 max<\/td>\n<td style=\"text-align: center !important;\" width=\"54\">19.0-21.0<\/td>\n<td style=\"text-align: center !important;\" width=\"54\">&#8211;<\/td>\n<td style=\"text-align: center !important;\" width=\"54\">0.025 max<\/td>\n<td style=\"text-align: center !important;\" width=\"145\">Cu: 0.3-0.6;<br \/>\nNB: \u226510C+N &#038;<br \/>\n0.3-0.8<\/td>\n<\/tr>\n<tr bgcolor=\"#DDDEDF\">\n<td style=\"text-align: center !important;\" bgcolor=\"#EEF0F0\" width=\"60\"><strong>SUS430<\/strong><\/td>\n<td style=\"text-align: center !important;\" width=\"54\">0.12 max<\/td>\n<td style=\"text-align: center !important;\" width=\"54\">0.75 max<\/td>\n<td style=\"text-align: center !important;\" width=\"54\">1.0 max<\/td>\n<td style=\"text-align: center !important;\" width=\"54\">0.06 max<\/td>\n<td style=\"text-align: center !important;\" width=\"54\">0.03 max<\/td>\n<td style=\"text-align: center !important;\" width=\"54\">&#8211;<\/td>\n<td style=\"text-align: center !important;\" width=\"54\">16.0-18.0<\/td>\n<td style=\"text-align: center !important;\" width=\"54\">&#8211;<\/td>\n<td style=\"text-align: center !important;\" width=\"54\">&#8211;<\/td>\n<td style=\"text-align: center !important;\" width=\"145\">&#8211;<\/td>\n<\/tr>\n<tr bgcolor=\"#F5F6F7\">\n<td style=\"text-align: center !important;\" bgcolor=\"#DDDEDF\" width=\"60\"><strong>443CT<\/strong><\/td>\n<td style=\"text-align: center !important;\" width=\"54\">&#8211;<\/td>\n<td style=\"text-align: center !important;\" width=\"54\">&#8211;<\/td>\n<td style=\"text-align: center !important;\" width=\"54\">&#8211;<\/td>\n<td style=\"text-align: center !important;\" width=\"54\">&#8211;<\/td>\n<td style=\"text-align: center !important;\" width=\"54\">&#8211;<\/td>\n<td style=\"text-align: center !important;\" width=\"54\">&#8211;<\/td>\n<td style=\"text-align: center !important;\" width=\"54\">20.0-23.0<\/td>\n<td style=\"text-align: center !important;\" width=\"54\">&#8211;<\/td>\n<td style=\"text-align: center !important;\" width=\"54\">&#8211;<\/td>\n<td style=\"text-align: center !important;\" width=\"145\">Cu: 0.3-0.8;<br \/>\nTi: 8x(C+N)-0.8<\/td>\n<\/tr>\n<tr bgcolor=\"#DDDEDF\">\n<td style=\"text-align: center !important;\" rowspan=\"1\" bgcolor=\"#EEF0F0\" width=\"60\"><strong>Martensite<\/strong><\/td>\n<td style=\"text-align: center !important;\" bgcolor=\"#EEF0F0\" width=\"60\"><strong>SUS420J2<\/strong><\/td>\n<td style=\"text-align: center !important;\" width=\"54\">0.26-0.40<\/td>\n<td style=\"text-align: center !important;\" width=\"54\">1.0 max<\/td>\n<td style=\"text-align: center !important;\" width=\"54\">1.0 max<\/td>\n<td style=\"text-align: center !important;\" width=\"54\">0.04 max<\/td>\n<td style=\"text-align: center !important;\" width=\"54\">0.03 max<\/td>\n<td style=\"text-align: center !important;\" width=\"54\">&#8211;<\/td>\n<td style=\"text-align: center !important;\" width=\"54\">12.0-14.0<\/td>\n<td style=\"text-align: center !important;\" width=\"54\">&#8211;<\/td>\n<td style=\"text-align: center !important;\" width=\"54\">&#8211;<\/td>\n<td style=\"text-align: center !important;\" width=\"145\">&#8211;<\/td>\n<\/tr>\n<\/tbody>\n<\/table>\n<p>[\/vc_row_inner][\/vc_column][vc_column width =&#8221;1\/4&#8243; css=&#8221;.vc_custom_1421949556992{margin-top: -50px !important;}&#8221;]<\/p>\n\n\t<table style=\"width:100%;\" class=\"product_sidebar\">\n\t<tr>\n\t<th colspan=\"3\" style=\" width:100%;background-color: #dddddd; color: #c21332; font-size: 20px;text-align: center; padding-top: 15px; padding-bottom: 15px;\">L\u1ef1a ch\u1ecdn c\u1ee7a b\u1ea1n<\/th>\n\t<\/tr>\n\t<tr >\n\t<th style=\"padding-top:10px; padding-bottom:10px\">\n\n\t\t<a href=\"https:\/\/www.leekeegroup.com\/vn\/aluminum\">\n\n\t<i style=\" float:left; \" class=\"fa fa-chevron-left\" aria-hidden=\"true\"><\/i><\/a><\/th>\n\t<th style=\"text-align: center;\"><span style=\"padding-top:10px; padding-bottom: 10px; font-family: leekee_bold; font-weight: normal; text-align: center;float:center;\">Th\u00e9p kh\u00f4ng g\u1ec9<\/span><\/th>\n\t<th colspan=\"0\">\n\n\t\t<a href=\"https:\/\/www.leekeegroup.com\/vn\/electroplating-chemicals-2\">\n\n\t<i style=\"float:right\" class=\"fa fa-chevron-right\" aria-hidden=\"true\"><\/i><\/a><\/th>\n\t<\/tr>\n\t<\/table>\n<table class=\"product_sidebar\" style=\"text-align: left; width: 100%;\">\n<tbody>\n<tr>\n<th style=\"background-color: #dddddd; color: #c21332; font-size: 20px; text-align: center; padding-top: 15px; padding-bottom: 15px; wdith: 100%;\">T\u00ecm m\u1ed9t s\u1ea3n ph\u1ea9m<\/th>\n<\/tr>\n<tr>\n<th>[vc_accordion active_tab=&#8221;1&#8243; collapsible=&#8221;yes&#8221;][vc_accordion_tab title=&#8221;LO\u1ea0I&#8221;][vc_column_text css=&#8221;.vc_custom_1478136533200{margin-left: 20px !important;}&#8221;]<a href=\"https:\/\/www.leekeegroup.com\/vn\/steel-304\/\">304<\/a><br \/>\n<a href=\"https:\/\/www.leekeegroup.com\/vn\/steel-316l\/\">316L<\/a><br \/>\n<a href=\"https:\/\/www.leekeegroup.com\/vn\/steel-430\/\">430<\/a><br \/>\n<a href=\"https:\/\/www.leekeegroup.com\/vn\/steel-420j2\/\">420J2<\/a><br \/>\n<a href=\"https:\/\/www.leekeegroup.com\/vn\/steel-180\/\">180<\/a><br \/>\n<a href=\"https:\/\/www.leekeegroup.com\/vn\/steel-201\/\">201<\/a><br \/>\n<a href=\"https:\/\/www.leekeegroup.com\/vn\/steel-202\/\">202<\/a><br \/>\n<a href=\"https:\/\/www.leekeegroup.com\/vn\/steel-301\/\">301<\/a><br \/>\n<a href=\"https:\/\/www.leekeegroup.com\/vn\/steel-fw\/\">Fw<\/a><br \/>\n[\/vc_column_text][\/vc_accordion_tab][vc_accordion_tab title=&#8221;XU\u1ea4T X\u1ee8&#8221;][vc_column_text css=&#8221;.vc_custom_1478136533200{margin-left: 20px !important;}&#8221;]<a href=\"https:\/\/www.leekeegroup.com\/vn\/steel-taiwan\/\">\u0110\u00e0i Loan<\/a><br \/>\n<a href=\"https:\/\/www.leekeegroup.com\/vn\/steel-korea\/\">H\u00e0n Qu\u1ed1c<\/a><br \/>\n<a href=\"https:\/\/www.leekeegroup.com\/vn\/steel-vietnam\/\">Vi\u1ec7t Nam<\/a><br \/>\n<a href=\"https:\/\/www.leekeegroup.com\/vn\/steel-japan\/\">Nh\u1eadt B\u1ea3n<\/a><br \/>\n<a href=\"https:\/\/www.leekeegroup.com\/vn\/steel-finland\/\">Ph\u1ea7n Lan<\/a><br \/>\n<a href=\"https:\/\/www.leekeegroup.com\/vn\/steel-mainlandchina\/\">Trung Qu\u1ed1c<\/a><br \/>\n<a href=\"https:\/\/www.leekeegroup.com\/vn\/steel-malaysia\/\">Malaysia<\/a><br \/>\n[\/vc_column_text][\/vc_accordion_tab][vc_accordion_tab title=&#8221;H\u00ccNH TH\u1ee8C&#8221;][vc_column_text css=&#8221;.vc_custom_1478136533200{margin-left: 20px !important;}&#8221;]<a href=\"https:\/\/www.leekeegroup.com\/vn\/steel-coil\/\">Cu\u1ed9n d\u00e2y<\/a><br \/>\n<a href=\"https:\/\/www.leekeegroup.com\/vn\/steel-sheet\/\">T\u1ea5m<\/a><br \/>\n[\/vc_column_text][\/vc_accordion_tab][\/vc_accordion]<\/th>\n<\/tr>\n<tr>\n<th style=\"background-color: #dddddd; color: #c21332; font-size: 18px; text-align: center; padding-top: 15px; padding-bottom: 15px;\"><a style=\"display: block; color: #c21332 !important;\" href=\"https:\/\/www.leekeegroup.com\/vn\/stainless-steel-2\/#\">D\u1ecbch v\u1ee5 gi\u00e1 tr\u1ecb gia t\u0103ng \u0111\u1ed1i v\u1edbi th\u00e9p kh\u00f4ng g\u1ec9<\/a><\/th>\n<\/tr>\n<tr>\n<th style=\"border-bottom: 1px solid #e1e1e1; font-size: 20px; text-align: center; padding-top: 15px; padding-bottom: 15px; color: #4f5b69;\">Theo d\u00f5i ch\u00fang t\u00f4i tr\u00ean WeChat<img loading=\"lazy\" class=\"aligncenter size-full wp-image-1895\" src=\"https:\/\/www.leekeegroup.com\/wp-content\/uploads\/2016\/10\/Untitled-2.jpg\" alt=\"untitled-2\" width=\"135\" height=\"135\" \/><\/th>\n<\/tr>\n<tr>\n<th style=\"border-bottom: 1px solid #e1e1e1; font-size: 20px; text-align: center; padding-top: 15px; padding-bottom: 15px;\"><a style=\"color: #4f5b69;\" href=\"https:\/\/www.leekeegroup.com\/vn\/contact-us\/\">Li\u00ean h\u1ec7 ch\u00fang t\u00f4i<\/a><\/th>\n<\/tr>\n<\/tbody>\n<\/table>\n<p>[\/vc_column]<\/div>[\/vc_row]<\/p>\n","protected":false},"excerpt":{"rendered":"<p>[vc_row css=&#8221;.vc_custom_1421949556992{margin-top: -50px !important;}&#8221;][vc_column][\/vc_column][\/vc_row][vc_row][\/vc_row]<\/p>\n","protected":false},"author":5,"featured_media":0,"parent":0,"menu_order":0,"comment_status":"closed","ping_status":"closed","template":"","meta":[],"_links":{"self":[{"href":"https:\/\/www.leekeegroup.com\/vn\/wp-json\/wp\/v2\/pages\/6107"}],"collection":[{"href":"https:\/\/www.leekeegroup.com\/vn\/wp-json\/wp\/v2\/pages"}],"about":[{"href":"https:\/\/www.leekeegroup.com\/vn\/wp-json\/wp\/v2\/types\/page"}],"author":[{"embeddable":true,"href":"https:\/\/www.leekeegroup.com\/vn\/wp-json\/wp\/v2\/users\/5"}],"replies":[{"embeddable":true,"href":"https:\/\/www.leekeegroup.com\/vn\/wp-json\/wp\/v2\/comments?post=6107"}],"version-history":[{"count":127,"href":"https:\/\/www.leekeegroup.com\/vn\/wp-json\/wp\/v2\/pages\/6107\/revisions"}],"predecessor-version":[{"id":10305,"href":"https:\/\/www.leekeegroup.com\/vn\/wp-json\/wp\/v2\/pages\/6107\/revisions\/10305"}],"wp:attachment":[{"href":"https:\/\/www.leekeegroup.com\/vn\/wp-json\/wp\/v2\/media?parent=6107"}],"curies":[{"name":"wp","href":"https:\/\/api.w.org\/{rel}","templated":true}]}}