{"id":598,"date":"2016-06-10T00:21:39","date_gmt":"2016-06-10T00:21:39","guid":{"rendered":"http:\/\/www.leekeegroup.com\/?page_id=598"},"modified":"2020-06-10T09:17:01","modified_gmt":"2020-06-10T01:17:01","slug":"our-businesses","status":"publish","type":"page","link":"https:\/\/www.leekeegroup.com\/vn\/our-businesses\/","title":{"rendered":"Our Businesses"},"content":{"rendered":"<p>[vc_row css=&#8221;.vc_custom_1421949556992{margin-top: -50px !important;}&#8221;][vc_column]<div class=\"fullwidth-block clearfix\" style=\"background-position: center top;\"><script type=\"text\/javascript\">jQuery(function() { _initLayerSlider( '#layerslider_209_8ffc7t0wpws1', {sliderVersion: '', responsiveUnder: 1260, layersContainer: 2, hideUnder: 0, hideOver: 100000, pauseOnHover: 1, skin: 'v5', skinsPath: 'https:\/\/www.leekeegroup.com\/wp-content\/plugins\/LayerSlider\/assets\/static\/layerslider\/skins\/', type: 'responsive', showCircleTimer: false}); });<\/script><div id=\"layerslider_209_8ffc7t0wpws1\" class=\"ls-wp-container fitvidsignore\" style=\"width:1260px;height:300px;max-width:1260px;margin:0 auto;margin-bottom: 0px;\"><div class=\"ls-slide\" data-ls=\"duration:4000;\"><img width=\"1259\" height=\"300\" src=\"https:\/\/www.leekeegroup.com\/wp-content\/uploads\/2020\/02\/02_our_business-2.jpg\" class=\"ls-bg\" alt=\"\" loading=\"lazy\" srcset=\"https:\/\/www.leekeegroup.com\/wp-content\/uploads\/2020\/02\/02_our_business-2.jpg 1259w, https:\/\/www.leekeegroup.com\/wp-content\/uploads\/2020\/02\/02_our_business-2-300x71.jpg 300w, https:\/\/www.leekeegroup.com\/wp-content\/uploads\/2020\/02\/02_our_business-2-768x183.jpg 768w, https:\/\/www.leekeegroup.com\/wp-content\/uploads\/2020\/02\/02_our_business-2-1024x244.jpg 1024w\" sizes=\"(max-width: 1259px) 100vw, 1259px\" \/><\/div><\/div><\/div>[\/vc_column][\/vc_row][vc_row][vc_column][vc_column_text]<br \/>\n[\/vc_column_text][\/vc_column][\/vc_row][vc_row][vc_column width=&#8221;1\/2&#8243;][vc_single_image image=&#8221;9526&#8243; img_size=&#8221;full&#8221; alignment=&#8221;center&#8221; onclick=&#8221;custom_link&#8221; link=&#8221;https:\/\/www.leekeegroup.com\/vn\/products-3\/&#8221;][vc_column_text]<\/p>\n<p style=\"text-align: justify;\">Lee Kee cung c\u1ea5p m\u1ed9t ngu\u1ed3n l\u1edbn c\u00e1c kim lo\u1ea1i ch\u1ea5t l\u01b0\u1ee3ng bao g\u1ed3m v\u1eadt li\u1ec7u k\u1ebdm, nh\u00f4m, niken, \u0111\u1ed3ng c\u0169ng nh\u01b0 h\u1ee3p kim k\u1ebdm, h\u1ee3p kim nh\u00f4m, th\u00e9p kh\u00f4ng g\u1ec9 v\u00e0 h\u00f3a ch\u1ea5t m\u1ea1 \u0111i\u1ec7n. T\u1eadp \u0111o\u00e0n Lee Kee cung c\u1ea5p m\u1ed9t ngu\u1ed3n l\u1edbn c\u00e1c kim lo\u1ea1i ch\u1ea5t l\u01b0\u1ee3ng bao g\u1ed3m v\u1eadt li\u1ec7u k\u1ebdm th\u00e0nh ph\u1ea9m, nh\u00f4m, niken, \u0111\u1ed3ng c\u0169ng nh\u01b0 h\u1ee3p kim k\u1ebdm, h\u1ee3p kim nh\u00f4m, th\u00e9p kh\u00f4ng g\u1ec9 v\u00e0 h\u00f3a ch\u1ea5t m\u1ea1 \u0111i\u1ec7n. Ngo\u00e0i vi\u1ec7c ph\u00e2n ph\u1ed1i c\u00e1c s\u1ea3n ph\u1ea9m ch\u1ea5t l\u01b0\u1ee3ng h\u00e0ng \u0111\u1ea7u tr\u00ean to\u00e0n c\u1ea7u, Lee Kee c\u00f2n s\u1edf h\u1eefu c\u00e1c th\u01b0\u01a1ng hi\u1ec7u s\u1ea3n ph\u1ea9m kim lo\u1ea1i nh\u01b0 &#8211; Mastercast, GZ, SA v\u00e0 LMP &#8211; th\u1ec3 hi\u1ec7n ch\u1ea5t l\u01b0\u1ee3ng cao c\u1ea5p, t\u00edn nhi\u1ec7m v\u00e0 kinh nghi\u1ec7m c\u0169ng nh\u01b0 chuy\u00ean m\u00f4n s\u1ea3n xu\u1ea5t c\u1ee7a ch\u00fang t\u00f4i.<\/p>\n<p>[\/vc_column_text][\/vc_column][vc_column width=&#8221;1\/2&#8243;][vc_single_image image=&#8221;9524&#8243; img_size=&#8221;full&#8221; alignment=&#8221;center&#8221; onclick=&#8221;custom_link&#8221; link=&#8221; https:\/\/www.leekeegroup.com\/vn\/research-development\/&#8221; css=&#8221;.vc_custom_1465873191806{border-top-width: 1px !important;border-right-width: 1px !important;border-bottom-width: 1px !important;border-left-width: 1px !important;}&#8221;][vc_column_text]<\/p>\n<p style=\"text-align: justify;\">Nh\u00f3m Nghi\u00ean c\u1ee9u v\u00e0 Ph\u00e1t tri\u1ec3n \u0111a ng\u00e0nh c\u1ee7a T\u1eadp \u0111o\u00e0n c\u00f3 kinh nghi\u1ec7m d\u00e0y d\u1eb7n trong vi\u1ec7c h\u1ee3p t\u00e1c v\u1edbi c\u00e1c nh\u00e0 s\u1ea3n xu\u1ea5t, k\u1ef9 s\u01b0 v\u00e0 nh\u00e0 thi\u1ebft k\u1ebf s\u1ea3n ph\u1ea9m. Th\u00f4ng qua vi\u1ec7c th\u1ea3o lu\u1eadn v\u1ec1 c\u00e1c t\u00ednh n\u0103ng s\u1ea3n ph\u1ea9m v\u00e0 th\u00f4ng s\u1ed1 k\u1ef9 thu\u1eadt mong mu\u1ed1n c\u1ee7a h\u1ecd, nh\u00f3m nghi\u00ean c\u1ee9u \u0111\u00e3 \u0111\u01b0a ra m\u1ed9t lo\u1ea1t c\u00e1c lo\u1ea1i h\u1ee3p kim m\u1edbi \u0111\u00e1p \u1ee9ng kh\u00f4ng ch\u1ec9 c\u00e1c y\u00eau c\u1ea7u c\u1ee7a h\u1ecd m\u00e0 c\u1ea3 c\u00e1c ti\u00eau chu\u1ea9n c\u00f4ng nghi\u1ec7p qu\u1ed1c t\u1ebf.<\/p>\n<p>[\/vc_column_text][\/vc_column][\/vc_row][vc_row][vc_column width=&#8221;1\/2&#8243;][vc_single_image image=&#8221;9528&#8243; img_size=&#8221;full&#8221; alignment=&#8221;center&#8221; onclick=&#8221;custom_link&#8221; link=&#8221;http:\/\/www.prometlab.com\/en&#8221;][vc_column_text]<\/p>\n<p style=\"text-align: justify;\"><a href=\"http:\/\/www.prometlab.com\/en\">Promet Metals Testing Laboratory <\/a> l\u00e0 ph\u00f2ng th\u00ed nghi\u1ec7m \u0111\u1ea7u ti\u00ean \u1edf H\u1ed3ng K\u00f4ng \u0111\u01b0\u1ee3c c\u00f4ng nh\u1eadn trong danh m\u1ee5c Kim lo\u1ea1i v\u00e0 H\u1ee3p kim c\u1ee7a HOKLAS. \u0110\u00e2y c\u0169ng l\u00e0 m\u1ed9t ph\u00f2ng th\u1eed nghi\u1ec7m m\u1eabu v\u00e0 ki\u1ec3m \u0111\u1ecbnh k\u1ebdm, nh\u00f4m v\u00e0 h\u1ee3p kim nh\u00f4m (LSA) \u0111\u01b0\u1ee3c LME ph\u00ea chu\u1ea9n. Ph\u00f2ng th\u00ed nghi\u1ec7m c\u0169ng \u0111\u1ee7 \u0111i\u1ec1u ki\u1ec7n \u0111\u1ec3 ti\u1ebfn h\u00e0nh c\u00e1c th\u1eed nghi\u1ec7m CS2 cho ng\u00e0nh x\u00e2y d\u1ef1ng. Ki\u1ec3m tra th\u00e0nh ph\u1ea7n v\u00e0 ph\u00e2n t\u00edch h\u1ecfng h\u00f3c t\u1ea1i Promet c\u0169ng \u0111\u01b0\u1ee3c hoan ngh\u00eanh r\u1ed9ng r\u00e3i trong c\u00e1c ng\u00e0nh c\u00f4ng nghi\u1ec7p v\u00ec \u0111\u1ed9 tin c\u1eady, s\u1ef1 s\u00e1ng su\u1ed1t v\u00e0 t\u00ednh chuy\u00ean nghi\u1ec7p c\u1ee7a ph\u00f2ng th\u00ed nghi\u1ec7m.<\/p>\n<p>[\/vc_column_text][\/vc_column][vc_column width=&#8221;1\/2&#8243;][vc_single_image image=&#8221;9530&#8243; img_size=&#8221;full&#8221; alignment=&#8221;center&#8221; onclick=&#8221;custom_link&#8221; link=&#8221;http:\/\/www.prometlab.com\/en&#8221; css=&#8221;.vc_custom_1465892963542{border-top-width: 1px !important;border-right-width: 1px !important;border-bottom-width: 1px !important;border-left-width: 1px !important;}&#8221;][vc_column_text]<\/p>\n<p style=\"text-align: justify;\">V\u1edbi kinh nghi\u1ec7m d\u00e0y d\u1eb7n trong vi\u1ec7c gi\u1ea3i quy\u1ebft c\u00e1c th\u00e1ch th\u1ee9c k\u1ef9 thu\u1eadt c\u1ee7a c\u00e1c ng\u00e0nh c\u00f4ng nghi\u1ec7p kh\u00e1c nhau, <a href=\"http:\/\/www.prometlab.com\/en\">Promet Consultancy<\/a> mang \u0111\u1ebfn ki\u1ebfn th\u1ee9c v\u00e0 chuy\u00ean m\u00f4n m\u1edbi nh\u1ea5t cho c\u1ea3 nh\u00e0 s\u1ea3n xu\u1ea5t v\u00e0 x\u01b0\u1edfng \u0111\u00fac. C\u00f3 l\u1ebd b\u1ea1n s\u1ebd mu\u1ed1n xem x\u00e9t nguy\u00ean nh\u00e2n g\u1ed1c r\u1ec5 c\u1ee7a m\u1ed9t b\u1ed9 ph\u1eadn b\u1ecb l\u1ed7i, ti\u1ebfn h\u00e0nh ki\u1ec3m tra ho\u1ea1t \u0111\u1ed9ng \u0111\u1ec3 c\u1ea3i thi\u1ec7n ch\u1ea5t l\u01b0\u1ee3ng v\u00e0 ti\u1ebft ki\u1ec7m chi ph\u00ed ho\u1eb7c s\u1eed d\u1ee5ng m\u1ed9t lo\u1ea1i h\u1ee3p kim ph\u00f9 h\u1ee3p v\u1edbi m\u1ed9t \u1ee9ng d\u1ee5ng c\u1ee5 th\u1ec3, nh\u00f3m k\u1ef9 thu\u1eadt Promet c\u00f3 th\u1ec3 \u0111\u00e1p \u1ee9ng m\u1ecdi y\u00eau c\u1ea7u \u0111\u00f3 \u0111\u1ec3 gi\u00fap b\u1ea1n \u0111\u1ea1t \u0111\u01b0\u1ee3c m\u1ee5c ti\u00eau c\u1ee7a m\u00ecnh.<\/p>\n<p>[\/vc_column_text][\/vc_column][\/vc_row]<\/p>\n","protected":false},"excerpt":{"rendered":"<p>[vc_row css=&#8221;.vc_custom_1421949556992{margin-top: -50px !important;}&#8221;][vc_column][\/vc_column][\/vc_row][vc_row][vc_column][vc_column_text] [\/vc_column_text][\/vc_column][\/vc_row][vc_row][vc_column width=&#8221;1\/2&#8243;][vc_single_image image=&#8221;9526&#8243; img_size=&#8221;full&#8221; alignment=&#8221;center&#8221; onclick=&#8221;custom_link&#8221; link=&#8221;https:\/\/www.leekeegroup.com\/vn\/products-3\/&#8221;][vc_column_text] Lee Kee cung c\u1ea5p m\u1ed9t ngu\u1ed3n l\u1edbn c\u00e1c kim&#8230;<\/p>\n","protected":false},"author":5,"featured_media":0,"parent":0,"menu_order":0,"comment_status":"closed","ping_status":"closed","template":"","meta":[],"_links":{"self":[{"href":"https:\/\/www.leekeegroup.com\/vn\/wp-json\/wp\/v2\/pages\/598"}],"collection":[{"href":"https:\/\/www.leekeegroup.com\/vn\/wp-json\/wp\/v2\/pages"}],"about":[{"href":"https:\/\/www.leekeegroup.com\/vn\/wp-json\/wp\/v2\/types\/page"}],"author":[{"embeddable":true,"href":"https:\/\/www.leekeegroup.com\/vn\/wp-json\/wp\/v2\/users\/5"}],"replies":[{"embeddable":true,"href":"https:\/\/www.leekeegroup.com\/vn\/wp-json\/wp\/v2\/comments?post=598"}],"version-history":[{"count":68,"href":"https:\/\/www.leekeegroup.com\/vn\/wp-json\/wp\/v2\/pages\/598\/revisions"}],"predecessor-version":[{"id":13661,"href":"https:\/\/www.leekeegroup.com\/vn\/wp-json\/wp\/v2\/pages\/598\/revisions\/13661"}],"wp:attachment":[{"href":"https:\/\/www.leekeegroup.com\/vn\/wp-json\/wp\/v2\/media?parent=598"}],"curies":[{"name":"wp","href":"https:\/\/api.w.org\/{rel}","templated":true}]}}