{"id":596,"date":"2016-06-10T00:21:20","date_gmt":"2016-06-10T00:21:20","guid":{"rendered":"http:\/\/www.leekeegroup.com\/?page_id=596"},"modified":"2025-08-01T10:11:13","modified_gmt":"2025-08-01T02:11:13","slug":"corporate-profile","status":"publish","type":"page","link":"https:\/\/www.leekeegroup.com\/vn\/corporate-profile\/","title":{"rendered":"Corporate Profile"},"content":{"rendered":"<p>[vc_row css=&#8221;.vc_custom_1421949556992{margin-top: -50px !important;}&#8221;][vc_column]<div class=\"fullwidth-block clearfix\" style=\"background-position: center top;\"><script type=\"text\/javascript\">jQuery(function() { _initLayerSlider( '#layerslider_17_1wsa360pc8cfn', {sliderVersion: '6.11.1', responsiveUnder: 1260, hideUnder: 0, hideOver: 100000, pauseOnHover: 1, skin: 'v5', skinsPath: 'https:\/\/www.leekeegroup.com\/wp-content\/plugins\/LayerSlider\/assets\/static\/layerslider\/skins\/'}); });<\/script><div id=\"layerslider_17_1wsa360pc8cfn\" class=\"ls-wp-container fitvidsignore\" style=\"width:1260px;height:400px;max-width:1260px;margin:0 auto;margin-bottom: 0px;\"><div class=\"ls-slide\" data-ls=\"duration:4000;kenburnsscale:1.2;\"><img width=\"1260\" height=\"400\" src=\"https:\/\/www.leekeegroup.com\/wp-content\/uploads\/2016\/06\/Untitled-3.jpg\" class=\"ls-bg\" alt=\"\" loading=\"lazy\" srcset=\"https:\/\/www.leekeegroup.com\/wp-content\/uploads\/2016\/06\/Untitled-3.jpg 1260w, https:\/\/www.leekeegroup.com\/wp-content\/uploads\/2016\/06\/Untitled-3-300x95.jpg 300w, https:\/\/www.leekeegroup.com\/wp-content\/uploads\/2016\/06\/Untitled-3-768x244.jpg 768w, https:\/\/www.leekeegroup.com\/wp-content\/uploads\/2016\/06\/Untitled-3-1024x325.jpg 1024w\" sizes=\"(max-width: 1260px) 100vw, 1260px\" \/><\/div><\/div><\/div>[\/vc_column][\/vc_row][vc_row][vc_column][vc_column_text]<\/p>\n<h3>H\u1ed3 s\u01a1 C\u00f4ng ty<\/h3>\n<p>[\/vc_column_text][\/vc_column][\/vc_row][vc_row][vc_column width=&#8221;1\/2&#8243;][vc_column_text]\u0110\u01b0\u1ee3c th\u00e0nh l\u1eadp v\u00e0o n\u0103m 1947, T\u1eadp \u0111o\u00e0n Lee Kee l\u00e0 nh\u00e0 cung c\u1ea5p gi\u1ea3i ph\u00e1p h\u00e0ng \u0111\u1ea7u v\u1ec1 kim lo\u1ea1i. Ch\u00fang t\u00f4i l\u00e0 nh\u00e0 nh\u1eadp kh\u1ea9u h\u1ee3p kim k\u1ebdm l\u1edbn sang Trung Qu\u1ed1c nh\u01b0ng m\u1ea1ng l\u01b0\u1edbi kinh doanh c\u1ee7a ch\u00fang t\u00f4i c\u0169ng m\u1edf r\u1ed9ng sang khu v\u1ef1c ASEAN bao g\u1ed3m Singapore, Malaysia, Vi\u1ec7t Nam, Th\u00e1i Lan, Indonesia v\u00e0 Bangladesh. T\u1eadp \u0111o\u00e0n Lee Kee l\u00e0 c\u00f4ng ty \u0111\u1ea7u ti\u00ean \u1edf Trung Qu\u1ed1c \u0111\u01b0\u1ee3c k\u1ebft n\u1ea1p tr\u1edf th\u00e0nh Th\u00e0nh vi\u00ean th\u01b0\u01a1ng m\u1ea1i li\u00ean k\u1ebft h\u1ea1ng 5 c\u1ee7a S\u00e0n giao d\u1ecbch Kim lo\u1ea1i Lu\u00e2n \u0110\u00f4n v\u00e0 gia nh\u1eadp h\u00e0ng ng\u0169 nh\u1eefng doanh nghi\u1ec7p s\u1ea3n xu\u1ea5t kim lo\u1ea1i n\u1ed5i ti\u1ebfng tr\u00ean to\u00e0n c\u1ea7u.<\/p>\n<p>Lee Kee cung c\u1ea5p m\u1ed9t ngu\u1ed3n l\u1edbn c\u00e1c kim lo\u1ea1i ch\u1ea5t l\u01b0\u1ee3ng bao g\u1ed3m v\u1eadt li\u1ec7u k\u1ebdm, nh\u00f4m, niken, \u0111\u1ed3ng c\u0169ng nh\u01b0 h\u1ee3p kim k\u1ebdm, h\u1ee3p kim nh\u00f4m, th\u00e9p kh\u00f4ng g\u1ec9 v\u00e0 h\u00f3a ch\u1ea5t m\u1ea1 \u0111i\u1ec7n. Ngo\u00e0i s\u1ea3n xu\u1ea5t v\u00e0 ph\u00e2n ph\u1ed1i kim lo\u1ea1i, c\u00e1c doanh nghi\u1ec7p c\u1ee7a T\u1eadp \u0111o\u00e0n c\u00f2n cung c\u1ea5p c\u00e1c d\u1ecbch v\u1ee5 t\u1eeb \u0111\u1ea3m b\u1ea3o ch\u1ea5t l\u01b0\u1ee3ng v\u00e0 th\u1eed nghi\u1ec7m, t\u01b0 v\u1ea5n k\u1ef9 thu\u1eadt, cho \u0111\u1ebfn h\u1ee3p t\u00e1c nghi\u00ean c\u1ee9u v\u00e0 ph\u00e1t tri\u1ec3n. [\/vc_column_text][\/vc_column][vc_column width=&#8221;1\/2&#8243;][vc_column_text]L\u00e0 \u0111\u1ed1i t\u00e1c \u0111\u00e1ng tin c\u1eady c\u1ee7a nhi\u1ec1u nh\u00e0 cung c\u1ea5p v\u1eadt li\u1ec7u, nh\u00e0 s\u1ea3n xu\u1ea5t, x\u01b0\u1edfng \u0111\u00fac v\u00e0 ch\u1ee7 s\u1edf h\u1eefu th\u01b0\u01a1ng hi\u1ec7u n\u1ed5i ti\u1ebfng trong h\u01a1n 20 ng\u00e0nh c\u00f4ng nghi\u1ec7p, ch\u00fang t\u00f4i chuy\u00ean cung c\u1ea5p c\u00e1c gi\u1ea3i ph\u00e1p x\u1eed l\u00fd kim lo\u1ea1i ch\u1ea5t l\u01b0\u1ee3ng, chuy\u00ean nghi\u1ec7p v\u00e0 \u0111\u00e1ng tin c\u1eady t\u1edbi kh\u00e1ch h\u00e0ng. Nh\u1eefng gi\u1ea3i ph\u00e1p chuy\u00ean bi\u1ec7t n\u00e0y gi\u00fap \u0111\u00e1p \u1ee9ng nhu c\u1ea7u kinh doanh c\u1ed1t l\u00f5i c\u1ee7a c\u00e1c doanh nghi\u1ec7p, ph\u00f9 h\u1ee3p v\u1edbi h\u1ec7 th\u1ed1ng v\u1eadn h\u00e0nh doanh nghi\u1ec7p, \u0111\u1ed3ng th\u1eddi n\u00e2ng cao hi\u1ec7u qu\u1ea3 v\u00e0 n\u0103ng su\u1ea5t c\u1ee7a c\u00e1c doanh nghi\u1ec7p. C\u00e1c gi\u1ea3i ph\u00e1p bao g\u1ed3m t\u00ecm ngu\u1ed3n cung \u1ee9ng to\u00e0n c\u1ea7u, t\u00f9y ch\u1ec9nh h\u1ee3p kim, th\u1eed nghi\u1ec7m v\u00e0 ki\u1ec3m tra, th\u00f4ng tin th\u1ecb tr\u01b0\u1eddng v\u00e0 qu\u1ea3n l\u00fd chu\u1ed7i cung \u1ee9ng.<\/p>\n<p>L\u00e0 m\u1ed9t trong nh\u1eefng \u0111\u01a1n v\u1ecb cung \u1ee9ng v\u00e0 ph\u00e2n ph\u1ed1i kim lo\u1ea1i l\u1edbn nh\u1ea5t trong khu v\u1ef1c, Lee Kee cam k\u1ebft lu\u00f4n \u0111\u1ed5i m\u1edbi v\u00e0 thi\u1ebft l\u1eadp n\u1ec1n t\u1ea3ng v\u1eefng ch\u1eafc v\u00e0 danh ti\u1ebfng \u0111\u00e1ng k\u1ef3 v\u1ecdng trong ng\u00e0nh.<br \/>\n[\/vc_column_text][\/vc_column][\/vc_row][vc_row][vc_column][vc_separator color=&#8221;white&#8221;][\/vc_column][\/vc_row]<\/p>\n","protected":false},"excerpt":{"rendered":"<p>[vc_row css=&#8221;.vc_custom_1421949556992{margin-top: -50px !important;}&#8221;][vc_column][\/vc_column][\/vc_row][vc_row][vc_column][vc_column_text] H\u1ed3 s\u01a1 C\u00f4ng ty [\/vc_column_text][\/vc_column][\/vc_row][vc_row][vc_column width=&#8221;1\/2&#8243;][vc_column_text]\u0110\u01b0\u1ee3c th\u00e0nh l\u1eadp v\u00e0o n\u0103m 1947, T\u1eadp \u0111o\u00e0n Lee Kee l\u00e0&#8230;<\/p>\n","protected":false},"author":5,"featured_media":0,"parent":0,"menu_order":0,"comment_status":"closed","ping_status":"closed","template":"","meta":[],"_links":{"self":[{"href":"https:\/\/www.leekeegroup.com\/vn\/wp-json\/wp\/v2\/pages\/596"}],"collection":[{"href":"https:\/\/www.leekeegroup.com\/vn\/wp-json\/wp\/v2\/pages"}],"about":[{"href":"https:\/\/www.leekeegroup.com\/vn\/wp-json\/wp\/v2\/types\/page"}],"author":[{"embeddable":true,"href":"https:\/\/www.leekeegroup.com\/vn\/wp-json\/wp\/v2\/users\/5"}],"replies":[{"embeddable":true,"href":"https:\/\/www.leekeegroup.com\/vn\/wp-json\/wp\/v2\/comments?post=596"}],"version-history":[{"count":37,"href":"https:\/\/www.leekeegroup.com\/vn\/wp-json\/wp\/v2\/pages\/596\/revisions"}],"predecessor-version":[{"id":17789,"href":"https:\/\/www.leekeegroup.com\/vn\/wp-json\/wp\/v2\/pages\/596\/revisions\/17789"}],"wp:attachment":[{"href":"https:\/\/www.leekeegroup.com\/vn\/wp-json\/wp\/v2\/media?parent=596"}],"curies":[{"name":"wp","href":"https:\/\/api.w.org\/{rel}","templated":true}]}}