{"id":3584,"date":"2016-11-12T08:47:11","date_gmt":"2016-11-12T08:47:11","guid":{"rendered":"http:\/\/www.leekeegroup.com\/?page_id=3584"},"modified":"2020-01-24T12:24:34","modified_gmt":"2020-01-24T04:24:34","slug":"testing-services","status":"publish","type":"page","link":"https:\/\/www.leekeegroup.com\/vn\/testing-services\/","title":{"rendered":"Testing Services"},"content":{"rendered":"<div role=\"form\" class=\"wpcf7\" id=\"wpcf7-f9548-o1\" lang=\"en-US\" dir=\"ltr\">\n<div class=\"screen-reader-response\" role=\"alert\" aria-live=\"polite\"><\/div>\n<form action=\"\/vn\/wp-json\/wp\/v2\/pages\/3584#wpcf7-f9548-o1\" method=\"post\" class=\"wpcf7-form init contact-for-company\" novalidate=\"novalidate\">\n<div style=\"display: none;\">\n<input type=\"hidden\" name=\"_wpcf7\" value=\"9548\" \/>\n<input type=\"hidden\" name=\"_wpcf7_version\" value=\"5.2\" \/>\n<input type=\"hidden\" name=\"_wpcf7_locale\" value=\"en_US\" \/>\n<input type=\"hidden\" name=\"_wpcf7_unit_tag\" value=\"wpcf7-f9548-o1\" \/>\n<input type=\"hidden\" name=\"_wpcf7_container_post\" value=\"0\" \/>\n<input type=\"hidden\" name=\"_wpcf7_posted_data_hash\" value=\"\" \/>\n<input type=\"hidden\" name=\"_wpcf7_recaptcha_response\" value=\"\" \/>\n<\/div>\n<p>T\u00f4i quan t\u00e2m \u0111\u1ebfn<br\/><span class=\"wpcf7-form-control-wrap checkbox-265\"><span class=\"wpcf7-form-control wpcf7-checkbox squaredThree\"><span class=\"wpcf7-list-item first\"><input type=\"checkbox\" name=\"checkbox-265[]\" value=\"C\u00e1c d\u1ecbch v\u1ee5 ki\u1ec3m nghi\u1ec7m\" \/><span class=\"wpcf7-list-item-label\">C\u00e1c d\u1ecbch v\u1ee5 ki\u1ec3m nghi\u1ec7m<\/span><\/span><span class=\"wpcf7-list-item\"><input type=\"checkbox\" name=\"checkbox-265[]\" value=\"Ph\u00e2n t\u00edch khi\u1ebfm khuy\u1ebft\" \/><span class=\"wpcf7-list-item-label\">Ph\u00e2n t\u00edch khi\u1ebfm khuy\u1ebft<\/span><\/span><span class=\"wpcf7-list-item\"><input type=\"checkbox\" name=\"checkbox-265[]\" value=\"T\u01b0 v\u1ea5n\" \/><span class=\"wpcf7-list-item-label\">T\u01b0 v\u1ea5n<\/span><\/span><span class=\"wpcf7-list-item last\"><input type=\"checkbox\" name=\"checkbox-265[]\" value=\"\u0110\u00e0o t\u1ea1o\" \/><span class=\"wpcf7-list-item-label\">\u0110\u00e0o t\u1ea1o<\/span><\/span><\/span><\/span><\/p>\n<p>T\u00ean*<br \/>\n    <span class=\"wpcf7-form-control-wrap your-name\"><input type=\"text\" name=\"your-name\" value=\"\" size=\"40\" class=\"wpcf7-form-control wpcf7-text wpcf7-validates-as-required\" aria-required=\"true\" aria-invalid=\"false\" \/><\/span> <\/p>\n<p>C\u00f4ng ty*<br \/>\n    <span class=\"wpcf7-form-control-wrap Company\"><input type=\"text\" name=\"Company\" value=\"\" size=\"40\" class=\"wpcf7-form-control wpcf7-text wpcf7-validates-as-required\" aria-required=\"true\" aria-invalid=\"false\" \/><\/span> <\/p>\n<p>Email*<br \/>\n    <span class=\"wpcf7-form-control-wrap your-email\"><input type=\"email\" name=\"your-email\" value=\"\" size=\"40\" class=\"wpcf7-form-control wpcf7-text wpcf7-email wpcf7-validates-as-required wpcf7-validates-as-email\" aria-required=\"true\" aria-invalid=\"false\" \/><\/span> <\/p>\n<p>Tin nh\u1eafn<br \/>\n    <span class=\"wpcf7-form-control-wrap your-message\"><textarea name=\"your-message\" cols=\"40\" rows=\"10\" class=\"wpcf7-form-control wpcf7-textarea contact-for-company-textarea\" aria-invalid=\"false\"><\/textarea><\/span><\/p>\n<p>T\u1ea5t c\u1ea3 c\u00e1c m\u1ee5c \u0111\u01b0\u1ee3c \u0111\u00e1nh d\u1ea5u b\u1eb1ng (*) l\u00e0 b\u1eaft bu\u1ed9c c\u1ea7n \u0111i\u1ec1n<\/p>\n<p><input type=\"submit\" value=\"G\u1eedi\" class=\"wpcf7-form-control wpcf7-submit contact-for-company-button\" \/><\/p>\n<div class=\"wpcf7-response-output\" role=\"alert\" aria-hidden=\"true\"><\/div><\/form><\/div>\n","protected":false},"excerpt":{"rendered":"","protected":false},"author":5,"featured_media":0,"parent":0,"menu_order":0,"comment_status":"closed","ping_status":"closed","template":"","meta":[],"_links":{"self":[{"href":"https:\/\/www.leekeegroup.com\/vn\/wp-json\/wp\/v2\/pages\/3584"}],"collection":[{"href":"https:\/\/www.leekeegroup.com\/vn\/wp-json\/wp\/v2\/pages"}],"about":[{"href":"https:\/\/www.leekeegroup.com\/vn\/wp-json\/wp\/v2\/types\/page"}],"author":[{"embeddable":true,"href":"https:\/\/www.leekeegroup.com\/vn\/wp-json\/wp\/v2\/users\/5"}],"replies":[{"embeddable":true,"href":"https:\/\/www.leekeegroup.com\/vn\/wp-json\/wp\/v2\/comments?post=3584"}],"version-history":[{"count":7,"href":"https:\/\/www.leekeegroup.com\/vn\/wp-json\/wp\/v2\/pages\/3584\/revisions"}],"predecessor-version":[{"id":9563,"href":"https:\/\/www.leekeegroup.com\/vn\/wp-json\/wp\/v2\/pages\/3584\/revisions\/9563"}],"wp:attachment":[{"href":"https:\/\/www.leekeegroup.com\/vn\/wp-json\/wp\/v2\/media?parent=3584"}],"curies":[{"name":"wp","href":"https:\/\/api.w.org\/{rel}","templated":true}]}}