{"id":3380,"date":"2016-11-09T22:50:18","date_gmt":"2016-11-09T22:50:18","guid":{"rendered":"http:\/\/www.leekeegroup.com\/?page_id=3380"},"modified":"2022-02-18T16:50:30","modified_gmt":"2022-02-18T08:50:30","slug":"added-value-services-for-stainless-steel","status":"publish","type":"page","link":"https:\/\/www.leekeegroup.com\/vn\/added-value-services-for-stainless-steel\/","title":{"rendered":"Added Value Services for Stainless Steel"},"content":{"rendered":"<p>[vc_row css=&#8221;.vc_custom_1421949556992{margin-top: -50px !important;}&#8221;][vc_column]<div class=\"fullwidth-block clearfix\" style=\"background-position: center top;\"><script type=\"text\/javascript\">jQuery(function() { _initLayerSlider( '#layerslider_219_12lu7c8vtudc8', {sliderVersion: '6.11.1', responsiveUnder: 1260, hideUnder: 0, hideOver: 100000, pauseOnHover: 1, skin: 'v5', skinsPath: 'https:\/\/www.leekeegroup.com\/wp-content\/plugins\/LayerSlider\/assets\/static\/layerslider\/skins\/'}); });<\/script><div id=\"layerslider_219_12lu7c8vtudc8\" class=\"ls-wp-container fitvidsignore\" style=\"width:1260px;height:300px;max-width:1260px;margin:0 auto;margin-bottom: 0px;\"><div class=\"ls-slide\" data-ls=\"duration:4000;kenburnsscale:1.2;\"><img width=\"1258\" height=\"300\" src=\"https:\/\/www.leekeegroup.com\/wp-content\/uploads\/2020\/02\/07b_Stainless-Steel_2-1.jpg\" class=\"ls-bg\" alt=\"\" loading=\"lazy\" srcset=\"https:\/\/www.leekeegroup.com\/wp-content\/uploads\/2020\/02\/07b_Stainless-Steel_2-1.jpg 1258w, https:\/\/www.leekeegroup.com\/wp-content\/uploads\/2020\/02\/07b_Stainless-Steel_2-1-300x72.jpg 300w, https:\/\/www.leekeegroup.com\/wp-content\/uploads\/2020\/02\/07b_Stainless-Steel_2-1-768x183.jpg 768w, https:\/\/www.leekeegroup.com\/wp-content\/uploads\/2020\/02\/07b_Stainless-Steel_2-1-1024x244.jpg 1024w\" sizes=\"(max-width: 1258px) 100vw, 1258px\" \/><\/div><\/div><\/div>[\/vc_column][\/vc_row][vc_row]<div class=\"fullwidth-block clearfix\" style=\"background-position: center top;\">[vc_column width = &#8220;3\/4&#8243;][vc_column_inner width=&#8221;1\/2&#8221;]<\/p>\n<p><center><u><a style=\"text-align: center !important;\" href=\"https:\/\/www.leekeegroup.com\/vn\/chemical-composition-of-stainless-steel\/\">Th\u00e0nh ph\u1ea7n h\u00f3a h\u1ecdc<\/a><\/u><\/center>[\/vc_column_inner][vc_column_inner width=&#8221;1\/2&#8243;]<\/p>\n<p><center><u><a style=\"text-align: center !important;\" href=\"https:\/\/www.leekeegroup.com\/vn\/surface-finishing\/\">Ho\u00e0n thi\u1ec7n b\u1ec1 m\u1eb7t<\/a><\/u><\/center>[\/vc_column_inner]<\/p>\n<p>[vc_row_inner css=&#8221;.vc_custom_1478731595267{margin-left: 30px !important;}&#8221;][vc_column_inner width=&#8221;1\/3&#8243;][vc_single_image border_color=&#8221;grey&#8221; img_link_target=&#8221;_self&#8221; image=&#8221;3385&#8243; img_size=&#8221;full&#8221; alignment=&#8221;center&#8221;][\/vc_column_inner][vc_column_inner width=&#8221;2\/3&#8243;][vc_column_text]<\/p>\n<p style=\"color: #c21332; font-size: 25px; font-weight: bold;\">C\u00c1C D\u1ecaCH V\u1ee4 TH\u1eec NGHI\u1ec6M<\/p>\n<p>\u0110\u1ec3 \u0111\u00e1p \u1ee9ng c\u00e1c y\u00eau c\u1ea7u c\u1ee7a FDA v\u1ec1 v\u1eadt li\u1ec7u th\u00e9p kh\u00f4ng g\u1ec9 d\u00e0nh cho ng\u00e0nh c\u00f4ng nghi\u1ec7p th\u1ef1c ph\u1ea9m v\u00e0 \u0111\u1ed3 u\u1ed1ng, T\u1eadp \u0111o\u00e0n Lee Kee \u0111\u00e3 x\u00e2y d\u1ef1ng m\u1ed9t ph\u00f2ng th\u00ed nghi\u1ec7m \u0111\u01b0\u1ee3c ch\u00ednh th\u1ee9c c\u00f4ng nh\u1eadn v\u1edbi vai tr\u00f2 cung c\u1ea5p ph\u00e2n t\u00edch h\u00f3a h\u1ecdc v\u00e0 th\u1ef1c hi\u1ec7n th\u1eed nghi\u1ec7m m\u00f9 mu\u1ed1i. C\u00e1c chuy\u00ean gia c\u1ee7a ch\u00fang t\u00f4i c\u00f3 kinh nghi\u1ec7m chuy\u00ean s\u00e2u trong vi\u1ec7c th\u1eed nghi\u1ec7m th\u00e9p kh\u00f4ng g\u1ec9 nh\u1eb1m \u0111\u1ea3m b\u1ea3o r\u1eb1ng lo\u1ea1i th\u00e9p b\u1ea1n \u0111ang s\u1eed d\u1ee5ng ph\u00e1t huy t\u1ed1i \u01b0u hi\u1ec7u qu\u1ea3 \u0111\u1ed1i v\u1edbi m\u1ee5c \u0111\u00edch s\u1eed d\u1ee5ng c\u1ee7a b\u1ea1n.<\/p>\n<p>\u0110\u1ec3 bi\u1ebft th\u00eam th\u00f4ng tin v\u1ec1 c\u00e1c d\u1ecbch v\u1ee5 th\u1eed nghi\u1ec7m c\u1ee7a ch\u00fang t\u00f4i, xin vui l\u00f2ng b\u1ea5m v\u00e0o \u0111\u00e2y.<a style=\"text-decoration: underline; color: #384554;\" href=\"http:\/\/www.prometlab.com\/en\/index.asp\">click here.<\/a><br \/>\n[\/vc_column_text][\/vc_column_inner][vc_separator color=&#8221;grey&#8221;][\/vc_row_inner][vc_row_inner css=&#8221;.vc_custom_1478731595267{margin-left: 30px !important;}&#8221;][vc_column_inner width=&#8221;1\/3&#8243;][vc_single_image border_color=&#8221;grey&#8221; img_link_target=&#8221;_self&#8221; image=&#8221;3386&#8243; img_size=&#8221;full&#8221; alignment=&#8221;center&#8221;][\/vc_column_inner][vc_column_inner width=&#8221;2\/3&#8243;][vc_column_text]<\/p>\n<p style=\"color: #c21332; font-size: 25px; font-weight: bold;\">GIA C\u00d4NG KIM LO\u1ea0I<\/p>\n<p>Trung t\u00e2m D\u1ecbch v\u1ee5 v\u1ec1 Cu\u1ed9n th\u00e9p c\u1ee7a ch\u00fang t\u00f4i c\u00f3 tr\u1ee5 s\u1edf t\u1ea1i H\u1ed3ng K\u00f4ng \u0111\u01b0\u1ee3c trang b\u1ecb r\u1ea5t nhi\u1ec1u m\u00e1y chia cu\u1ed9n ti\u00ean ti\u1ebfn, \u0111\u01b0\u1eddng c\u1eaft theo chi\u1ec1u d\u00e0i NC v\u00e0 m\u00e1y c\u1eaft ngang NC, cung c\u1ea5p d\u1ecbch v\u1ee5 chia cu\u1ed9n v\u00e0 c\u1eaft \u0111\u1ed1i v\u1edbi c\u00e1c lo\u1ea1i cu\u1ed9n th\u00e9p. Ch\u00fang t\u00f4i cung c\u1ea5p d\u1ecbch v\u1ee5 &#8220;c\u1eeda h\u00e0ng m\u1ed9t \u0111i\u1ec3m \u0111\u1ebfn&#8221; v\u00e0 c\u00e1c d\u1ecbch v\u1ee5 gi\u00e1 tr\u1ecb gia t\u0103ng \u0111\u1ed1i v\u1edbi \u0111\u01a1n \u0111\u1eb7t h\u00e0ng gia c\u00f4ng c\u1ee7a ch\u00fang t\u00f4i nh\u1eb1m ph\u1ee5c v\u1ee5 c\u00f4ng vi\u1ec7c c\u1eaft, ph\u00e2n ph\u1ed1i, \u0111\u00f3ng g\u00f3i v\u00e0 th\u1ef1c hi\u1ec7n d\u1ecbch v\u1ee5 h\u1eadu c\u1ea7n.[\/vc_column_text][\/vc_column_inner][vc_separator color=&#8221;grey&#8221;][\/vc_row_inner][\/vc_column][vc_column width =&#8221;1\/4&#8243; css=&#8221;.vc_custom_1421949556992{margin-top: -50px !important;}&#8221;]<\/p>\n\n\t<table style=\"width:100%;\" class=\"product_sidebar\">\n\t<tr>\n\t<th colspan=\"3\" style=\" width:100%;background-color: #dddddd; color: #c21332; font-size: 20px;text-align: center; padding-top: 15px; padding-bottom: 15px;\">L\u1ef1a ch\u1ecdn c\u1ee7a b\u1ea1n<\/th>\n\t<\/tr>\n\t<tr >\n\t<th style=\"padding-top:10px; padding-bottom:10px\">\n\n\t\t<a href=\"https:\/\/www.leekeegroup.com\/vn\/aluminum\">\n\n\t<i style=\" float:left; \" class=\"fa fa-chevron-left\" aria-hidden=\"true\"><\/i><\/a><\/th>\n\t<th style=\"text-align: center;\"><span style=\"padding-top:10px; padding-bottom: 10px; font-family: leekee_bold; font-weight: normal; text-align: center;float:center;\">Th\u00e9p kh\u00f4ng g\u1ec9<\/span><\/th>\n\t<th colspan=\"0\">\n\n\t\t<a href=\"https:\/\/www.leekeegroup.com\/vn\/electroplating-chemicals-2\">\n\n\t<i style=\"float:right\" class=\"fa fa-chevron-right\" aria-hidden=\"true\"><\/i><\/a><\/th>\n\t<\/tr>\n\t<\/table>\n<table class=\"product_sidebar\" style=\"text-align: left; width: 100%;\">\n<tbody>\n<tr>\n<th style=\"background-color: #dddddd; color: #c21332; font-size: 20px; text-align: center; padding-top: 15px; padding-bottom: 15px; wdith: 100%;\">T\u00ecm m\u1ed9t s\u1ea3n ph\u1ea9m<\/th>\n<\/tr>\n<tr>\n<th>[vc_accordion active_tab=&#8221;1&#8243; collapsible=&#8221;yes&#8221;][vc_accordion_tab title=&#8221;LO\u1ea0I&#8221;][vc_column_text css=&#8221;.vc_custom_1478136533200{margin-left: 20px !important;}&#8221;]<a href=\"https:\/\/www.leekeegroup.com\/vn\/steel-304\/\">304<\/a><br \/>\n<a href=\"https:\/\/www.leekeegroup.com\/vn\/steel-316l\/\">316L<\/a><br \/>\n<a href=\"https:\/\/www.leekeegroup.com\/vn\/steel-430\/\">430<\/a><br \/>\n<a href=\"https:\/\/www.leekeegroup.com\/vn\/steel-420j2\/\">420J2<\/a><br \/>\n<a href=\"https:\/\/www.leekeegroup.com\/vn\/steel-180\/\">180<\/a><br \/>\n<a href=\"https:\/\/www.leekeegroup.com\/vn\/steel-201\/\">201<\/a><br \/>\n<a href=\"https:\/\/www.leekeegroup.com\/vn\/steel-202\/\">202<\/a><br \/>\n<a href=\"https:\/\/www.leekeegroup.com\/vn\/steel-301\/\">301<\/a><br \/>\n<a href=\"https:\/\/www.leekeegroup.com\/vn\/steel-fw\/\">Fw<\/a><br \/>\n[\/vc_column_text][\/vc_accordion_tab][vc_accordion_tab title=&#8221;XU\u1ea4T X\u1ee8&#8221;][vc_column_text css=&#8221;.vc_custom_1478136533200{margin-left: 20px !important;}&#8221;]<a href=\"https:\/\/www.leekeegroup.com\/vn\/steel-taiwan\/\">Taiwan<\/a><br \/>\n<a href=\"https:\/\/www.leekeegroup.com\/vn\/steel-korea\/\">Korea<\/a><br \/>\n<a href=\"https:\/\/www.leekeegroup.com\/vn\/steel-vietnam\/\">Vietnam<\/a><br \/>\n<a href=\"https:\/\/www.leekeegroup.com\/vn\/steel-japan\/\">Japan<\/a><br \/>\n<a href=\"https:\/\/www.leekeegroup.com\/vn\/steel-finland\/\">Finland<\/a><br \/>\n<a href=\"https:\/\/www.leekeegroup.com\/vn\/steel-mainlandchina\/\">China<\/a><br \/>\n<a href=\"https:\/\/www.leekeegroup.com\/vn\/steel-malaysia\/\">Malaysia<\/a><br \/>\n[\/vc_column_text][\/vc_accordion_tab][vc_accordion_tab title=&#8221;H\u00ccNH TH\u1ee8C&#8221;][vc_column_text css=&#8221;.vc_custom_1478136533200{margin-left: 20px !important;}&#8221;]<a href=\"https:\/\/www.leekeegroup.com\/vn\/steel-coil\/\">Coil<\/a><br \/>\n<a href=\"https:\/\/www.leekeegroup.com\/vn\/steel-sheet\/\">Sheet<\/a>[\/vc_column_text][\/vc_accordion_tab][\/vc_accordion]<\/th>\n<\/tr>\n<tr>\n<th style=\"background-color: #dddddd; color: #c21332; font-size: 18px; text-align: center; padding-top: 15px; padding-bottom: 15px;\"><a style=\"display: block; color: #c21332 !important;\" href=\"https:\/\/www.leekeegroup.com\/stainless-steel-2\/#\">D\u1ecbch v\u1ee5 gi\u00e1 tr\u1ecb gia t\u0103ng \u0111\u1ed1i v\u1edbi th\u00e9p kh\u00f4ng g\u1ec9<\/a><\/th>\n<\/tr>\n<tr>\n<th style=\"border-bottom: 1px solid #e1e1e1; font-size: 20px; text-align: center; padding-top: 15px; padding-bottom: 15px; color: #4f5b69;\">Theo d\u00f5i ch\u00fang t\u00f4i tr\u00ean WeChat<img loading=\"lazy\" class=\"aligncenter size-full wp-image-1895\" src=\"https:\/\/www.leekeegroup.com\/wp-content\/uploads\/2016\/10\/Untitled-2.jpg\" alt=\"untitled-2\" width=\"135\" height=\"135\" \/><\/th>\n<\/tr>\n<tr>\n<th style=\"border-bottom: 1px solid #e1e1e1; font-size: 20px; text-align: center; padding-top: 15px; padding-bottom: 15px;\"><a style=\"color: #4f5b69;\" href=\"https:\/\/www.leekeegroup.com\/vn\/contact-us\/\">Li\u00ean h\u1ec7 ch\u00fang t\u00f4i<\/a><\/th>\n<\/tr>\n<\/tbody>\n<\/table>\n<p>[\/vc_column]<\/div>[\/vc_row]<\/p>\n","protected":false},"excerpt":{"rendered":"<p>[vc_row css=&#8221;.vc_custom_1421949556992{margin-top: -50px !important;}&#8221;][vc_column][\/vc_column][\/vc_row][vc_row][\/vc_row]<\/p>\n","protected":false},"author":5,"featured_media":0,"parent":0,"menu_order":0,"comment_status":"closed","ping_status":"closed","template":"","meta":[],"_links":{"self":[{"href":"https:\/\/www.leekeegroup.com\/vn\/wp-json\/wp\/v2\/pages\/3380"}],"collection":[{"href":"https:\/\/www.leekeegroup.com\/vn\/wp-json\/wp\/v2\/pages"}],"about":[{"href":"https:\/\/www.leekeegroup.com\/vn\/wp-json\/wp\/v2\/types\/page"}],"author":[{"embeddable":true,"href":"https:\/\/www.leekeegroup.com\/vn\/wp-json\/wp\/v2\/users\/5"}],"replies":[{"embeddable":true,"href":"https:\/\/www.leekeegroup.com\/vn\/wp-json\/wp\/v2\/comments?post=3380"}],"version-history":[{"count":42,"href":"https:\/\/www.leekeegroup.com\/vn\/wp-json\/wp\/v2\/pages\/3380\/revisions"}],"predecessor-version":[{"id":11916,"href":"https:\/\/www.leekeegroup.com\/vn\/wp-json\/wp\/v2\/pages\/3380\/revisions\/11916"}],"wp:attachment":[{"href":"https:\/\/www.leekeegroup.com\/vn\/wp-json\/wp\/v2\/media?parent=3380"}],"curies":[{"name":"wp","href":"https:\/\/api.w.org\/{rel}","templated":true}]}}