{"id":3329,"date":"2016-11-07T04:18:57","date_gmt":"2016-11-07T04:18:57","guid":{"rendered":"http:\/\/www.leekeegroup.com\/?page_id=3329"},"modified":"2020-03-31T18:23:57","modified_gmt":"2020-03-31T10:23:57","slug":"other-metals-and-products","status":"publish","type":"page","link":"https:\/\/www.leekeegroup.com\/vn\/other-metals-and-products\/","title":{"rendered":"Other Metals and Products"},"content":{"rendered":"<p>[vc_row css=&#8221;.vc_custom_1421949556992{margin-top: -50px !important;}&#8221;][vc_column]<div class=\"fullwidth-block clearfix\" style=\"background-position: center top;\"><script type=\"text\/javascript\">jQuery(function() { _initLayerSlider( '#layerslider_226_1sle3vqdmqure', {sliderVersion: '6.11.1', responsiveUnder: 1260, hideUnder: 0, hideOver: 100000, pauseOnHover: 1, skin: 'v5', skinsPath: 'https:\/\/www.leekeegroup.com\/wp-content\/plugins\/LayerSlider\/assets\/static\/layerslider\/skins\/'}); });<\/script><div id=\"layerslider_226_1sle3vqdmqure\" class=\"ls-wp-container fitvidsignore\" style=\"width:1260px;height:300px;max-width:1260px;margin:0 auto;margin-bottom: 0px;\"><div class=\"ls-slide\" data-ls=\"duration:4000;kenburnsscale:1.2;\"><img width=\"1258\" height=\"296\" src=\"https:\/\/www.leekeegroup.com\/wp-content\/uploads\/2020\/02\/11_Other-Metals-_-Products-1.jpg\" class=\"ls-bg\" alt=\"\" loading=\"lazy\" srcset=\"https:\/\/www.leekeegroup.com\/wp-content\/uploads\/2020\/02\/11_Other-Metals-_-Products-1.jpg 1258w, https:\/\/www.leekeegroup.com\/wp-content\/uploads\/2020\/02\/11_Other-Metals-_-Products-1-300x71.jpg 300w, https:\/\/www.leekeegroup.com\/wp-content\/uploads\/2020\/02\/11_Other-Metals-_-Products-1-768x181.jpg 768w, https:\/\/www.leekeegroup.com\/wp-content\/uploads\/2020\/02\/11_Other-Metals-_-Products-1-1024x241.jpg 1024w\" sizes=\"(max-width: 1258px) 100vw, 1258px\" \/><\/div><\/div><\/div>[\/vc_column][\/vc_row][vc_row]<div class=\"fullwidth-block clearfix\" style=\"background-position: center top;\">[vc_column width = &#8220;3\/4&#8221;][vc_column_text]\n\t<div class=\"sp_news_static design-28 wpnaw-grid-4 wpnaw-news-grid wpnaw-clearfix\">\n\n\t\t\t\t<div class=\"news-block\">\t\t   \n\t\t\t\t  \t\n\t\t\t\n            \t\n<div class=\"news-grid wpnews-medium-3 wpnews-columns  wpnw-first \" style=\"  display: block; display: inline-block; border-style: none !important; border-style: hidden !important; background-color: white; line-height:100% Important;\">\n\t\t\t\n\t\t<div class=\"news-grid-content \" style=\" display: block; display: inline-block; border-style: none !important; border-style: hidden !important; background-color: white; line-height:100% Important;\">\n\t\t\t\n\t\t\t          <div class=\"news-image-bg\" style=\" width:auto; display: block; display: inline-block; height:auto; max-width:185px; border-style: none !important; border-style: hidden !important; background-color: white !important; line-height:100% Important;\">\n\t\t\t\t\n\t\t\t\t\t<img src=\"https:\/\/www.leekeegroup.com\/wp-content\/uploads\/2016\/11\/pewter-alloy.jpg\" alt=\"Post Image\" \/>\n            <h2 class=\"news-title\" style=\"font-size: 25px; text-align: center; background-color: white !important;\">\n\t\t\t\tH\u1ee3p kim thi\u1ebfc\t\t\t<\/h2> \n            <p style=\"line-height:100% Important\">\t\t\t\n\t\t\t\t\t\t\t\t\t\t<div><p style=\"text-align:center;line-height:100%; important\">Lee Kee<br>H\u1ed3ng K\u00f4ng<br>RoHS<\/p><\/div>\n\t\t\t<\/div>\n\t\t\t\t\t\t\n\n\n\t\t<\/div><!-- end .news-grid-content -->\n\t<\/div><!-- end .news-grid -->\t\n<div class=\"news-grid wpnews-medium-3 wpnews-columns \" style=\"  display: block; display: inline-block; border-style: none !important; border-style: hidden !important; background-color: white; line-height:100% Important;\">\n\t\t\t\n\t\t<div class=\"news-grid-content \" style=\" display: block; display: inline-block; border-style: none !important; border-style: hidden !important; background-color: white; line-height:100% Important;\">\n\t\t\t\n\t\t\t          <div class=\"news-image-bg\" style=\" width:auto; display: block; display: inline-block; height:auto; max-width:185px; border-style: none !important; border-style: hidden !important; background-color: white !important; line-height:100% Important;\">\n\t\t\t\t\n\t\t\t\t\t<img src=\"https:\/\/www.leekeegroup.com\/wp-content\/uploads\/2016\/11\/lead.jpg\" alt=\"Post Image\" \/>\n            <h2 class=\"news-title\" style=\"font-size: 25px; text-align: center; background-color: white !important;\">\n\t\t\t\tT\u1ea5m ch\u00ec\t\t\t<\/h2> \n            <p style=\"line-height:100% Important\">\t\t\t\n\t\t\t\t\t\t\t\t\t\t<div><p style=\"text-align:center;line-height:100%; important\">H\u00e0 Lan<\/p><\/div>\n\t\t\t<\/div>\n\t\t\t\t\t\t\n\n\n\t\t<\/div><!-- end .news-grid-content -->\n\t<\/div><!-- end .news-grid -->\t\n<div class=\"news-grid wpnews-medium-3 wpnews-columns \" style=\"  display: block; display: inline-block; border-style: none !important; border-style: hidden !important; background-color: white; line-height:100% Important;\">\n\t\t\t\n\t\t<div class=\"news-grid-content \" style=\" display: block; display: inline-block; border-style: none !important; border-style: hidden !important; background-color: white; line-height:100% Important;\">\n\t\t\t\n\t\t\t          <div class=\"news-image-bg\" style=\" width:auto; display: block; display: inline-block; height:auto; max-width:185px; border-style: none !important; border-style: hidden !important; background-color: white !important; line-height:100% Important;\">\n\t\t\t\t\n\t\t\t\t\t<img src=\"https:\/\/www.leekeegroup.com\/wp-content\/uploads\/2016\/11\/magnesium-alloy.jpg\" alt=\"Post Image\" \/>\n            <h2 class=\"news-title\" style=\"font-size: 25px; text-align: center; background-color: white !important;\">\n\t\t\t\tH\u1ee3p kim magi\u00ea\t\t\t<\/h2> \n            <p style=\"line-height:100% Important\">\t\t\t\n\t\t\t\t\t\t\t\t\t\t<div><p style=\"text-align:center;line-height:100%; important\">Trung Qu\u1ed1c<br>RoHS<\/p><\/div>\n\t\t\t<\/div>\n\t\t\t\t\t\t\n\n\n\t\t<\/div><!-- end .news-grid-content -->\n\t<\/div><!-- end .news-grid -->\t\n<div class=\"news-grid wpnews-medium-3 wpnews-columns  wpnw-last \" style=\"  display: block; display: inline-block; border-style: none !important; border-style: hidden !important; background-color: white; line-height:100% Important;\">\n\t\t\t\n\t\t<div class=\"news-grid-content \" style=\" display: block; display: inline-block; border-style: none !important; border-style: hidden !important; background-color: white; line-height:100% Important;\">\n\t\t\t\n\t\t\t          <div class=\"news-image-bg\" style=\" width:auto; display: block; display: inline-block; height:auto; max-width:185px; border-style: none !important; border-style: hidden !important; background-color: white !important; line-height:100% Important;\">\n\t\t\t\t\n\t\t\t\t\t<img src=\"https:\/\/www.leekeegroup.com\/wp-content\/uploads\/2016\/11\/Italy-silicon.jpg\" alt=\"Post Image\" \/>\n            <h2 class=\"news-title\" style=\"font-size: 25px; text-align: center; background-color: white !important;\">\n\t\t\t\tKhu\u00f4n cao su silicon\t\t\t<\/h2> \n            <p style=\"line-height:100% Important\">\t\t\t\n\t\t\t\t\t\t\t\t\t\t<div><p style=\"text-align:center;line-height:100%; important\">Italy<br>RoHS<\/p><\/div>\n\t\t\t<\/div>\n\t\t\t\t\t\t\n\n\n\t\t<\/div><!-- end .news-grid-content -->\n\t<\/div><!-- end .news-grid -->\t\n<div class=\"news-grid wpnews-medium-3 wpnews-columns  wpnw-first  wpnw-last \" style=\"  display: block; display: inline-block; border-style: none !important; border-style: hidden !important; background-color: white; line-height:100% Important;\">\n\t\t\t\n\t\t<div class=\"news-grid-content \" style=\" display: block; display: inline-block; border-style: none !important; border-style: hidden !important; background-color: white; line-height:100% Important;\">\n\t\t\t\n\t\t\t          <div class=\"news-image-bg\" style=\" width:auto; display: block; display: inline-block; height:auto; max-width:185px; border-style: none !important; border-style: hidden !important; background-color: white !important; line-height:100% Important;\">\n\t\t\t\t\n\t\t\t\t\t<img src=\"https:\/\/www.leekeegroup.com\/wp-content\/uploads\/2016\/11\/tin-ingot.jpg\" alt=\"Post Image\" \/>\n            <h2 class=\"news-title\" style=\"font-size: 25px; text-align: center; background-color: white !important;\">\n\t\t\t\tPh\u00f4i thi\u1ebfc\t\t\t<\/h2> \n            <p style=\"line-height:100% Important\">\t\t\t\n\t\t\t\t\t\t\t\t\t\t<div><p style=\"text-align:center;line-height:100%; important\">H\u1ed3ng K\u00f4ng<br>RoHS<\/p><\/div>\n\t\t\t<\/div>\n\t\t\t\t\t\t\n\n\n\t\t<\/div><!-- end .news-grid-content -->\n\t<\/div><!-- end .news-grid -->\t\t\t\t<\/div><!-- end .news-block -->\n\t\t\t\t\n\t<\/div><!-- end .sp_news_static -->\n\n\t\t\t<div class=\"news_pagination wpnaw-clearfix design-28\">\n\n\t\t\t\t\t<\/div><!-- end .news_pagination -->\n\t[\/vc_column][vc_column width =&#8221;1\/4&#8243; css=&#8221;.vc_custom_1421949556992{margin-top: -50px !important;}&#8221;]<\/p>\n\n\t<table style=\"width:100%;\" class=\"product_sidebar\">\n\t<tr>\n\t<th colspan=\"3\" style=\" width:100%;background-color: #dddddd; color: #c21332; font-size: 20px;text-align: center; padding-top: 15px; padding-bottom: 15px;\"><\/th>\n\t<\/tr>\n\t<tr >\n\t<th style=\"padding-top:10px; padding-bottom:10px\">\n\n\t\t<a href=\"https:\/\/www.leekeegroup.com\/vn\/\">\n\n\t<i style=\" float:left; \" class=\"fa fa-chevron-left\" aria-hidden=\"true\"><\/i><\/a><\/th>\n\t<th style=\"text-align: center;\"><span style=\"padding-top:10px; padding-bottom: 10px; font-family: leekee_bold; font-weight: normal; text-align: center;float:center;\"><\/span><\/th>\n\t<th colspan=\"0\">\n\n\t\t<a href=\"https:\/\/www.leekeegroup.com\/vn\/\">\n\n\t<i style=\"float:right\" class=\"fa fa-chevron-right\" aria-hidden=\"true\"><\/i><\/a><\/th>\n\t<\/tr>\n\t<\/table>\n<table class=\"product_sidebar\" style=\"text-align: left;\">\n<tbody>\n<tr>\n<th style=\"background-color: #e1e1e1; color: #c21332; font-size: 20px; text-align: center; padding-top: 15px; padding-bottom: 15px !important;\"><a style=\"display: block; color: #c21332 !important;\" href=\"https:\/\/www.leekeegroup.com\/vn\/subscription\/\">\u0110\u0103ng k\u00fd nh\u1eadn b\u1ea3n tin c\u1ee7a ch\u00fang t\u00f4i<\/a><\/th>\n<\/tr>\n<tr>\n<th style=\"text-align: center; padding-bottom: 15px; padding-top: 15px;\">B\u1ea3n tin Lee Kee \u0111\u01b0\u1ee3c ph\u00e1t h\u00e0nh h\u00e0ng qu\u00fd \u0111\u1ec3 nh\u1ea5n m\u1ea1nh nh\u1eefng ph\u01b0\u01a1ng th\u1ee9c m\u00e0 ch\u00fang t\u00f4i \u0111ang s\u1eed d\u1ee5ng \u0111\u1ec3 mang l\u1ea1i gi\u00e1 tr\u1ecb cho kh\u00e1ch h\u00e0ng, bao g\u1ed3m c\u00e1c tin t\u1ee9c v\u1ec1 th\u1ecb tr\u01b0\u1eddng, c\u1eadp nh\u1eadt th\u00f4ng tin v\u1ec1 k\u1ef9 thu\u1eadt v\u00e0 th\u00f4ng tin v\u1ec1 c\u00f4ng ty.<\/th>\n<\/tr>\n<tr>\n<th style=\"text-align: center; border-bottom: 1px solid #e1e1e1; padding-bottom: 15px;\"><a style=\"background-color: #c21332; color: white !important; padding: 5px;\" href=\"https:\/\/www.leekeegroup.com\/vn\/subscription\/\">\u0110\u0103ng k\u00fd<\/a><\/th>\n<\/tr>\n<tr>\n<th style=\"border-bottom: 1px solid #e1e1e1; font-size: 20px; text-align: center; padding-top: 15px; padding-bottom: 15px; color: #4f5b69;\">Theo d\u00f5i ch\u00fang t\u00f4i tr\u00ean WeChat<img loading=\"lazy\" class=\"aligncenter size-full wp-image-1895\" src=\"https:\/\/www.leekeegroup.com\/wp-content\/uploads\/2016\/10\/Untitled-2.jpg\" alt=\"untitled-2\" width=\"135\" height=\"135\" \/><\/th>\n<\/tr>\n<tr>\n<th style=\"border-bottom: 1px solid #e1e1e1; font-size: 20px; text-align: center; padding-top: 15px; padding-bottom: 15px;\"><a style=\"color: #4f5b69;\" href=\"https:\/\/www.leekeegroup.com\/vn\/contact-us\/\">Li\u00ean h\u1ec7 ch\u00fang t\u00f4i<\/a><\/th>\n<\/tr>\n<\/tbody>\n<\/table>\n<p>[\/vc_column]<\/div>[\/vc_row]<\/p>\n","protected":false},"excerpt":{"rendered":"<p>[vc_row css=&#8221;.vc_custom_1421949556992{margin-top: -50px !important;}&#8221;][vc_column][\/vc_column][\/vc_row][vc_row][\/vc_row]<\/p>\n","protected":false},"author":5,"featured_media":0,"parent":0,"menu_order":0,"comment_status":"closed","ping_status":"closed","template":"","meta":[],"_links":{"self":[{"href":"https:\/\/www.leekeegroup.com\/vn\/wp-json\/wp\/v2\/pages\/3329"}],"collection":[{"href":"https:\/\/www.leekeegroup.com\/vn\/wp-json\/wp\/v2\/pages"}],"about":[{"href":"https:\/\/www.leekeegroup.com\/vn\/wp-json\/wp\/v2\/types\/page"}],"author":[{"embeddable":true,"href":"https:\/\/www.leekeegroup.com\/vn\/wp-json\/wp\/v2\/users\/5"}],"replies":[{"embeddable":true,"href":"https:\/\/www.leekeegroup.com\/vn\/wp-json\/wp\/v2\/comments?post=3329"}],"version-history":[{"count":51,"href":"https:\/\/www.leekeegroup.com\/vn\/wp-json\/wp\/v2\/pages\/3329\/revisions"}],"predecessor-version":[{"id":12133,"href":"https:\/\/www.leekeegroup.com\/vn\/wp-json\/wp\/v2\/pages\/3329\/revisions\/12133"}],"wp:attachment":[{"href":"https:\/\/www.leekeegroup.com\/vn\/wp-json\/wp\/v2\/media?parent=3329"}],"curies":[{"name":"wp","href":"https:\/\/api.w.org\/{rel}","templated":true}]}}