{"id":3204,"date":"2016-11-07T01:56:32","date_gmt":"2016-11-07T01:56:32","guid":{"rendered":"http:\/\/www.leekeegroup.com\/?page_id=3204"},"modified":"2022-06-13T17:30:48","modified_gmt":"2022-06-13T09:30:48","slug":"elec-imc","status":"publish","type":"page","link":"https:\/\/www.leekeegroup.com\/vn\/elec-imc\/","title":{"rendered":"IMC"},"content":{"rendered":"<p>[vc_row css=&#8221;.vc_custom_1421949556992{margin-top: -50px !important;}&#8221;][vc_column]<div class=\"fullwidth-block clearfix\" style=\"background-position: center top;\"><script type=\"text\/javascript\">jQuery(function() { _initLayerSlider( '#layerslider_220_lqb1wy9p34da', {sliderVersion: '6.11.1', responsiveUnder: 1260, hideUnder: 0, hideOver: 100000, pauseOnHover: 1, skin: 'v5', skinsPath: 'https:\/\/www.leekeegroup.com\/wp-content\/plugins\/LayerSlider\/assets\/static\/layerslider\/skins\/'}); });<\/script><div id=\"layerslider_220_lqb1wy9p34da\" class=\"ls-wp-container fitvidsignore\" style=\"width:1260px;height:300px;max-width:1260px;margin:0 auto;margin-bottom: 0px;\"><div class=\"ls-slide\" data-ls=\"duration:4000;kenburnsscale:1.2;\"><img width=\"1258\" height=\"300\" src=\"https:\/\/www.leekeegroup.com\/wp-content\/uploads\/2020\/02\/08_Electroplating-Chemicals-1.jpg\" class=\"ls-bg\" alt=\"\" loading=\"lazy\" srcset=\"https:\/\/www.leekeegroup.com\/wp-content\/uploads\/2020\/02\/08_Electroplating-Chemicals-1.jpg 1258w, https:\/\/www.leekeegroup.com\/wp-content\/uploads\/2020\/02\/08_Electroplating-Chemicals-1-300x72.jpg 300w, https:\/\/www.leekeegroup.com\/wp-content\/uploads\/2020\/02\/08_Electroplating-Chemicals-1-768x183.jpg 768w, https:\/\/www.leekeegroup.com\/wp-content\/uploads\/2020\/02\/08_Electroplating-Chemicals-1-1024x244.jpg 1024w\" sizes=\"(max-width: 1258px) 100vw, 1258px\" \/><\/div><\/div><\/div>[\/vc_column][\/vc_row][vc_row]<div class=\"fullwidth-block clearfix\" style=\"background-position: center top;\">[vc_column width = &#8220;3\/4&#8221;][vc_column_text]\n\t<div class=\"sp_news_static design-28 wpnaw-grid-4 wpnaw-news-grid wpnaw-clearfix\">\n\n\t\t\t\t<div class=\"news-block\">\t\t   \n\t\t\t\t  \t\n\t\t\t\n            \t\n<div class=\"news-grid wpnews-medium-3 wpnews-columns  wpnw-first \" style=\"  display: block; display: inline-block; border-style: none !important; border-style: hidden !important; background-color: white; line-height:100% Important;\">\n\t\t\t\n\t\t<div class=\"news-grid-content \" style=\" display: block; display: inline-block; border-style: none !important; border-style: hidden !important; background-color: white; line-height:100% Important;\">\n\t\t\t\n\t\t\t          <div class=\"news-image-bg\" style=\" width:auto; display: block; display: inline-block; height:auto; max-width:185px; border-style: none !important; border-style: hidden !important; background-color: white !important; line-height:100% Important;\">\n\t\t\t\t\n\t\t\t\t\t<img src=\"https:\/\/www.leekeegroup.com\/wp-content\/uploads\/2016\/11\/imc.jpg\" alt=\"Post Image\" \/>\n            <h2 class=\"news-title\" style=\"font-size: 25px; text-align: center; background-color: white !important;\">\n\t\t\t\t\u0110\u1ed3ng kh\u00f4ng ng\u00e2m oxy (ph\u00f4i)\t\t\t<\/h2> \n            <p style=\"line-height:100% Important\">\t\t\t\n\t\t\t\t\t\t\t\t\t\t<div><p style=\"text-align:center;line-height:100%; important\">IMC<br>M\u1ef9<\/p><\/div>\n\t\t\t<\/div>\n\t\t\t\t\t\t\n\n\n\t\t<\/div><!-- end .news-grid-content -->\n\t<\/div><!-- end .news-grid -->\t\n<div class=\"news-grid wpnews-medium-3 wpnews-columns \" style=\"  display: block; display: inline-block; border-style: none !important; border-style: hidden !important; background-color: white; line-height:100% Important;\">\n\t\t\t\n\t\t<div class=\"news-grid-content \" style=\" display: block; display: inline-block; border-style: none !important; border-style: hidden !important; background-color: white; line-height:100% Important;\">\n\t\t\t\n\t\t\t          <div class=\"news-image-bg\" style=\" width:auto; display: block; display: inline-block; height:auto; max-width:185px; border-style: none !important; border-style: hidden !important; background-color: white !important; line-height:100% Important;\">\n\t\t\t\t\n\t\t\t\t\t<img src=\"https:\/\/www.leekeegroup.com\/wp-content\/uploads\/2016\/11\/phor-slug3.jpg\" alt=\"Post Image\" \/>\n            <h2 class=\"news-title\" style=\"font-size: 25px; text-align: center; background-color: white !important;\">\n\t\t\t\t\u0110\u1ed3ng Phosphorus <br>(Ph\u00f4i)\t\t\t<\/h2> \n            <p style=\"line-height:100% Important\">\t\t\t\n\t\t\t\t\t\t\t\t\t\t<div><p style=\"text-align:center;line-height:100%; important\">IMC<br>M\u1ef9<\/p><\/div>\n\t\t\t<\/div>\n\t\t\t\t\t\t\n\n\n\t\t<\/div><!-- end .news-grid-content -->\n\t<\/div><!-- end .news-grid -->\t\n<div class=\"news-grid wpnews-medium-3 wpnews-columns  wpnw-last \" style=\"  display: block; display: inline-block; border-style: none !important; border-style: hidden !important; background-color: white; line-height:100% Important;\">\n\t\t\t\n\t\t<div class=\"news-grid-content \" style=\" display: block; display: inline-block; border-style: none !important; border-style: hidden !important; background-color: white; line-height:100% Important;\">\n\t\t\t\n\t\t\t          <div class=\"news-image-bg\" style=\" width:auto; display: block; display: inline-block; height:auto; max-width:185px; border-style: none !important; border-style: hidden !important; background-color: white !important; line-height:100% Important;\">\n\t\t\t\t\n\t\t\t\t\t<img src=\"https:\/\/www.leekeegroup.com\/wp-content\/uploads\/2017\/08\/imc2.jpg\" alt=\"Post Image\" \/>\n            <h2 class=\"news-title\" style=\"font-size: 25px; text-align: center; background-color: white !important;\">\n\t\t\t\t\u0110\u1ed3ng Phosphorus <br>(Bi)\t\t\t<\/h2> \n            <p style=\"line-height:100% Important\">\t\t\t\n\t\t\t\t\t\t\t\t\t\t<div><p style=\"text-align:center;line-height:100%; important\">IMC<br>M\u1ef9<\/p><\/div>\n\t\t\t<\/div>\n\t\t\t\t\t\t\n\n\n\t\t<\/div><!-- end .news-grid-content -->\n\t<\/div><!-- end .news-grid -->\t\t\t\t<\/div><!-- end .news-block -->\n\t\t\t\t\n\t<\/div><!-- end .sp_news_static -->\n\n\t\t\t<div class=\"news_pagination wpnaw-clearfix design-28\">\n\n\t\t\t\t\t<\/div><!-- end .news_pagination -->\n\t[\/vc_column][vc_column width =&#8221;1\/4&#8243; css=&#8221;.vc_custom_1421949556992{margin-top: -50px !important;}&#8221;]<\/p>\n<table class=\"product_sidebar\" style=\"width: 100%;\">\n<tbody>\n<tr>\n<th style=\"width: 100%; background-color: #dddddd; color: #c21332; font-size: 20px; text-align: center; padding-top: 15px; padding-bottom: 15px;\" colspan=\"3\">L\u1ef1a ch\u1ecdn c\u1ee7a b\u1ea1n<\/th>\n<\/tr>\n<tr>\n<th><\/th>\n<th style=\"text-align: center;\"><span style=\"padding-top: 10px; padding-bottom: 10px; font-family: leekee_bold; font-weight: normal; text-align: center; float: center;\">C\u00e1c h\u00f3a ch\u1ea5t m\u1ea1 \u0111i\u1ec7n<\/span><\/th>\n<th colspan=\"0\"><\/th>\n<\/tr>\n<\/tbody>\n<\/table>\n<table class=\"product_sidebar\" style=\"text-align: left;\">\n<tbody>\n<tr>\n<th style=\"background-color: #dddddd; color: #c21332; font-size: 20px; text-align: center; padding-top: 15px; padding-bottom: 15px;\">T\u00ecm m\u1ed9t s\u1ea3n ph\u1ea9m<\/th>\n<\/tr>\n<tr>\n<th>[vc_accordion active_tab=&#8221;3&#8243; collapsible=&#8221;yes&#8221;][vc_accordion_tab title=&#8221;Lo\u1ea1i&#8221;][vc_column_text css=&#8221;.vc_custom_1478136533200{margin-left: 20px !important;}&#8221;]<br \/>\n<a href=\"https:\/\/www.leekeegroup.com\/vn\/elec-copper\/\">\u0110\u1ed3ng<\/a><br \/>\n<a href=\"https:\/\/www.leekeegroup.com\/vn\/elec-nickel\/\">Ni-ken<\/a><br \/>\n<a href=\"https:\/\/www.leekeegroup.com\/vn\/elec-nickel-sulphate\/\">Niken sunfat<\/a><br \/>\n<a href=\"https:\/\/www.leekeegroup.com\/vn\/elec-others\/\">C\u00e1c lo\u1ea1i kh\u00e1c<\/a><br \/>\n[\/vc_column_text][\/vc_accordion_tab][vc_accordion_tab title=&#8221;XU\u1ea4T X\u1ee8&#8221;][vc_column_text css=&#8221;.vc_custom_1478136533200{margin-left: 20px !important;}&#8221;]<br \/>\n<a href=\"https:\/\/www.leekeegroup.com\/vn\/elec-canada\/\">Canada<\/a><br \/>\n<a href=\"https:\/\/www.leekeegroup.com\/vn\/elec-chile\/\">Chile<\/a><br \/>\n<a href=\"https:\/\/www.leekeegroup.com\/vn\/elec-mainlandchina\/\">Trung Qu\u1ed1c<\/a><br \/>\n<a href=\"https:\/\/www.leekeegroup.com\/vn\/elec-finland\">Ph\u1ea7n Lan<\/a><br \/>\n<a href=\"https:\/\/www.leekeegroup.com\/vn\/elec-france\/\">Ph\u00e1p<\/a><br \/>\n<a href=\"https:\/\/www.leekeegroup.com\/vn\/elec-italy\/\">Italy<\/a><br \/>\n<a href=\"https:\/\/www.leekeegroup.com\/vn\/elec-malaysia\/\">Malaysia<\/a><br \/>\n<a href=\"https:\/\/www.leekeegroup.com\/vn\/elec-south-africa\/\">Nam Phi<\/a><br \/>\n<a href=\"https:\/\/www.leekeegroup.com\/vn\/elec-usa\/\">M\u1ef9<\/a><br \/>\n[\/vc_column_text][\/vc_accordion_tab][vc_accordion_tab title=&#8221;NH\u00c3N HI\u1ec6U&#8221;][vc_column_text css=&#8221;.vc_custom_1478136533200{margin-left: 20px !important;}&#8221;]<br \/>\n<a href=\"https:\/\/www.leekeegroup.com\/vn\/elec-eramet\/\">Eramet<\/a><br \/>\n<a style=\"color: #c21332 !important;\" href=\"https:\/\/www.leekeegroup.com\/vn\/elec-imc\/\">IMC<\/a><br \/>\n<a href=\"https:\/\/www.leekeegroup.com\/vn\/elec-incomond\/\">Incomond<\/a><br \/>\n<a href=\"https:\/\/www.leekeegroup.com\/vn\/elec-lanxess\/\">Lanxess<\/a><br \/>\n<a href=\"https:\/\/www.leekeegroup.com\/vn\/elec-luvata\/\">Luvata<\/a><br \/>\n<a href=\"https:\/\/www.leekeegroup.com\/vn\/elec-norilsk\/\">Norilsk<\/a><br \/>\n<a href=\"https:\/\/www.leekeegroup.com\/vn\/elec-vale-inco\/\">Vale Inco<\/a><br \/>\n<a href=\"https:\/\/www.leekeegroup.com\/vn\/elec-otherbrand\">C\u00e1c lo\u1ea1i kh\u00e1c<\/a>[\/vc_column_text][\/vc_accordion_tab][\/vc_accordion]<\/th>\n<\/tr>\n<tr>\n<th style=\"background-color: #e1e1e1; color: #c21332; font-size: 20px; text-align: center; padding-top: 15px; padding-bottom: 15px !important;\"><a style=\"display: block; color: #c21332 !important;\" href=\"https:\/\/www.leekeegroup.com\/vn\/subscription\/\">\u0110\u0103ng k\u00fd nh\u1eadn b\u1ea3n tin c\u1ee7a ch\u00fang t\u00f4i<\/a><\/th>\n<\/tr>\n<tr>\n<th style=\"text-align: center; padding-bottom: 15px; padding-top: 15px;\">B\u1ea3n tin Lee Kee \u0111\u01b0\u1ee3c ph\u00e1t h\u00e0nh h\u00e0ng qu\u00fd \u0111\u1ec3 nh\u1ea5n m\u1ea1nh nh\u1eefng ph\u01b0\u01a1ng th\u1ee9c m\u00e0 ch\u00fang t\u00f4i \u0111ang s\u1eed d\u1ee5ng \u0111\u1ec3 mang l\u1ea1i gi\u00e1 tr\u1ecb cho kh\u00e1ch h\u00e0ng, bao g\u1ed3m c\u00e1c tin t\u1ee9c v\u1ec1 th\u1ecb tr\u01b0\u1eddng, c\u1eadp nh\u1eadt th\u00f4ng tin v\u1ec1 k\u1ef9 thu\u1eadt v\u00e0 th\u00f4ng tin v\u1ec1 c\u00f4ng ty.<\/th>\n<\/tr>\n<tr>\n<th style=\"text-align: center; border-bottom: 1px solid #e1e1e1; padding-bottom: 15px;\"><a style=\"background-color: #c21332; color: white !important; padding: 5px;\" href=\"https:\/\/www.leekeegroup.com\/vn\/subscription\/\">\u0110\u0103ng k\u00fd<\/a><\/th>\n<\/tr>\n<tr>\n<th style=\"border-bottom: 1px solid #e1e1e1; font-size: 20px; text-align: center; padding-top: 15px; padding-bottom: 15px; color: #4f5b69;\">Theo d\u00f5i ch\u00fang t\u00f4i tr\u00ean WeChat<img loading=\"lazy\" class=\"aligncenter size-full wp-image-1895\" src=\"https:\/\/www.leekeegroup.com\/wp-content\/uploads\/2016\/10\/Untitled-2.jpg\" alt=\"untitled-2\" width=\"135\" height=\"135\" \/><\/th>\n<\/tr>\n<tr>\n<th style=\"border-bottom: 1px solid #e1e1e1; font-size: 20px; text-align: center; padding-top: 15px; padding-bottom: 15px;\"><a style=\"color: #4f5b69;\" href=\"https:\/\/www.leekeegroup.com\/vn\/contact-us\/\">Li\u00ean h\u1ec7 ch\u00fang t\u00f4i<\/a><\/th>\n<\/tr>\n<\/tbody>\n<\/table>\n<p>[\/vc_column]<\/div>[\/vc_row]<\/p>\n","protected":false},"excerpt":{"rendered":"<p>[vc_row css=&#8221;.vc_custom_1421949556992{margin-top: -50px !important;}&#8221;][vc_column][\/vc_column][\/vc_row][vc_row][\/vc_row]<\/p>\n","protected":false},"author":5,"featured_media":0,"parent":0,"menu_order":0,"comment_status":"closed","ping_status":"closed","template":"","meta":[],"_links":{"self":[{"href":"https:\/\/www.leekeegroup.com\/vn\/wp-json\/wp\/v2\/pages\/3204"}],"collection":[{"href":"https:\/\/www.leekeegroup.com\/vn\/wp-json\/wp\/v2\/pages"}],"about":[{"href":"https:\/\/www.leekeegroup.com\/vn\/wp-json\/wp\/v2\/types\/page"}],"author":[{"embeddable":true,"href":"https:\/\/www.leekeegroup.com\/vn\/wp-json\/wp\/v2\/users\/5"}],"replies":[{"embeddable":true,"href":"https:\/\/www.leekeegroup.com\/vn\/wp-json\/wp\/v2\/comments?post=3204"}],"version-history":[{"count":8,"href":"https:\/\/www.leekeegroup.com\/vn\/wp-json\/wp\/v2\/pages\/3204\/revisions"}],"predecessor-version":[{"id":12117,"href":"https:\/\/www.leekeegroup.com\/vn\/wp-json\/wp\/v2\/pages\/3204\/revisions\/12117"}],"wp:attachment":[{"href":"https:\/\/www.leekeegroup.com\/vn\/wp-json\/wp\/v2\/media?parent=3204"}],"curies":[{"name":"wp","href":"https:\/\/api.w.org\/{rel}","templated":true}]}}