{"id":2991,"date":"2016-11-06T22:50:54","date_gmt":"2016-11-06T22:50:54","guid":{"rendered":"http:\/\/www.leekeegroup.com\/?page_id=2991"},"modified":"2022-02-23T11:28:57","modified_gmt":"2022-02-23T03:28:57","slug":"steel-430","status":"publish","type":"page","link":"https:\/\/www.leekeegroup.com\/vn\/steel-430\/","title":{"rendered":"430"},"content":{"rendered":"<p>[vc_row css=&#8221;.vc_custom_1421949556992{margin-top: -50px !important;}&#8221;][vc_column]<div class=\"fullwidth-block clearfix\" style=\"background-position: center top;\"><script type=\"text\/javascript\">jQuery(function() { _initLayerSlider( '#layerslider_219_gl5zhsy23e1x', {sliderVersion: '6.11.1', responsiveUnder: 1260, hideUnder: 0, hideOver: 100000, pauseOnHover: 1, skin: 'v5', skinsPath: 'https:\/\/www.leekeegroup.com\/wp-content\/plugins\/LayerSlider\/assets\/static\/layerslider\/skins\/'}); });<\/script><div id=\"layerslider_219_gl5zhsy23e1x\" class=\"ls-wp-container fitvidsignore\" style=\"width:1260px;height:300px;max-width:1260px;margin:0 auto;margin-bottom: 0px;\"><div class=\"ls-slide\" data-ls=\"duration:4000;kenburnsscale:1.2;\"><img width=\"1258\" height=\"300\" src=\"https:\/\/www.leekeegroup.com\/wp-content\/uploads\/2020\/02\/07b_Stainless-Steel_2-1.jpg\" class=\"ls-bg\" alt=\"\" loading=\"lazy\" srcset=\"https:\/\/www.leekeegroup.com\/wp-content\/uploads\/2020\/02\/07b_Stainless-Steel_2-1.jpg 1258w, https:\/\/www.leekeegroup.com\/wp-content\/uploads\/2020\/02\/07b_Stainless-Steel_2-1-300x72.jpg 300w, https:\/\/www.leekeegroup.com\/wp-content\/uploads\/2020\/02\/07b_Stainless-Steel_2-1-768x183.jpg 768w, https:\/\/www.leekeegroup.com\/wp-content\/uploads\/2020\/02\/07b_Stainless-Steel_2-1-1024x244.jpg 1024w\" sizes=\"(max-width: 1258px) 100vw, 1258px\" \/><\/div><\/div><\/div>[\/vc_column][\/vc_row][vc_row]<div class=\"fullwidth-block clearfix\" style=\"background-position: center top;\">[vc_column width = &#8220;3\/4&#8243;][vc_column_inner width=&#8221;1\/3&#8221;]<\/p>\n<p><center><u><a style=\"text-align: center !important;\" href=\"https:\/\/www.leekeegroup.com\/vn\/chemical-composition-of-stainless-steel\/\">Th\u00e0nh ph\u1ea7n h\u00f3a h\u1ecdc<\/a><\/u><\/center>[\/vc_column_inner][vc_column_inner width=&#8221;1\/3&#8243;]<\/p>\n<p><center><u><a style=\"text-align: center !important;\" href=\"https:\/\/www.leekeegroup.com\/vn\/surface-finishing\/\">Ho\u00e0n thi\u1ec7n b\u1ec1 m\u1eb7t<\/a><\/u><\/center>[\/vc_column_inner][vc_column_inner width=&#8221;1\/3&#8243;]<\/p>\n<p><center><u><a style=\"text-align: center !important;\" href=\"https:\/\/www.leekeegroup.com\/vn\/added-value-services-for-stainless-steel\/\">D\u1ecbch v\u1ee5 gi\u00e1 tr\u1ecb gia t\u0103ng<\/a><\/u><\/center>[\/vc_column_inner]<\/p>\n<div class=\"sp_news_static design-37 wpnaw-grid-4 wpnaw-news-grid wpnaw-clearfix\">\n\n\t\t\t\t  \t\n\t\t\t\n            \t\n\t<div class=\"news-grid wpnews-medium-3 wpnews-columns  wpnw-first \" style=\"border-style: none !important; border-style: hidden !important; background-color: hidden;\">\n\t\t\t\n\t\t<div class=\"news-grid-content \" style=\"border-style: none !important; border-style: hidden !important; background-color: hidden; float:left;\">\n\t\t\t\n\t\t\t\t\t\t<div class=\"news-image-bg\" style=\"float:left; width:auto; height:auto; max-width:416px; max-height:500px; border-style: none !important; border-style: hidden !important; background-color: none;\">\n\t\t\t\t\n\t\t\t\t\t<img src=\"https:\/\/www.leekeegroup.com\/wp-content\/uploads\/2016\/11\/steel_0013_Layer-6-1.jpg\" alt=\"Post Image\" \/>\n\t\t\t\t\n\t\t\t<\/div>\n\t\t\t\t\t\t\n          \t\t\t<h2 class=\"news-title\" style=\"font-size: 25px;\">\n\t\t\t\tCHIA FAR\t\t\t<\/h2> \n\t\t\t\n\t\t\t\t\t\t\t\t\t\t<div>\u0110\u00e0i Loan<\/div>\t\t\t\t\t\n\t\t\t\t\t\t\n\t\t<\/div><!-- end .news-grid-content -->\n\t<\/div><!-- end .news-grid -->\t\n\t<div class=\"news-grid wpnews-medium-3 wpnews-columns \" style=\"border-style: none !important; border-style: hidden !important; background-color: hidden;\">\n\t\t\t\n\t\t<div class=\"news-grid-content \" style=\"border-style: none !important; border-style: hidden !important; background-color: hidden; float:left;\">\n\t\t\t\n\t\t\t\t\t\t<div class=\"news-image-bg\" style=\"float:left; width:auto; height:auto; max-width:416px; max-height:500px; border-style: none !important; border-style: hidden !important; background-color: none;\">\n\t\t\t\t\n\t\t\t\t\t<img src=\"https:\/\/www.leekeegroup.com\/wp-content\/uploads\/2016\/11\/steel_0003_Layer-16-1.jpg\" alt=\"Post Image\" \/>\n\t\t\t\t\n\t\t\t<\/div>\n\t\t\t\t\t\t\n          \t\t\t<h2 class=\"news-title\" style=\"font-size: 25px;\">\n\t\t\t\tSTANCH\t\t\t<\/h2> \n\t\t\t\n\t\t\t\t\t\t\t\t\t\t<div>\u0110\u00e0i Loan<\/div>\t\t\t\t\t\n\t\t\t\t\t\t\n\t\t<\/div><!-- end .news-grid-content -->\n\t<\/div><!-- end .news-grid -->\t\n\t<div class=\"news-grid wpnews-medium-3 wpnews-columns \" style=\"border-style: none !important; border-style: hidden !important; background-color: hidden;\">\n\t\t\t\n\t\t<div class=\"news-grid-content \" style=\"border-style: none !important; border-style: hidden !important; background-color: hidden; float:left;\">\n\t\t\t\n\t\t\t\t\t\t<div class=\"news-image-bg\" style=\"float:left; width:auto; height:auto; max-width:416px; max-height:500px; border-style: none !important; border-style: hidden !important; background-color: none;\">\n\t\t\t\t\n\t\t\t\t\t<img src=\"https:\/\/www.leekeegroup.com\/wp-content\/uploads\/2016\/11\/steel_0003_Layer-16-1.jpg\" alt=\"Post Image\" \/>\n\t\t\t\t\n\t\t\t<\/div>\n\t\t\t\t\t\t\n          \t\t\t<h2 class=\"news-title\" style=\"font-size: 25px;\">\n\t\t\t\tTANG ENG\t\t\t<\/h2> \n\t\t\t\n\t\t\t\t\t\t\t\t\t\t<div>\u0110\u00e0i Loan<\/div>\t\t\t\t\t\n\t\t\t\t\t\t\n\t\t<\/div><!-- end .news-grid-content -->\n\t<\/div><!-- end .news-grid -->\t\n\t<div class=\"news-grid wpnews-medium-3 wpnews-columns  wpnw-last \" style=\"border-style: none !important; border-style: hidden !important; background-color: hidden;\">\n\t\t\t\n\t\t<div class=\"news-grid-content \" style=\"border-style: none !important; border-style: hidden !important; background-color: hidden; float:left;\">\n\t\t\t\n\t\t\t\t\t\t<div class=\"news-image-bg\" style=\"float:left; width:auto; height:auto; max-width:416px; max-height:500px; border-style: none !important; border-style: hidden !important; background-color: none;\">\n\t\t\t\t\n\t\t\t\t\t<img src=\"https:\/\/www.leekeegroup.com\/wp-content\/uploads\/2016\/11\/steel_0003_Layer-16-1.jpg\" alt=\"Post Image\" \/>\n\t\t\t\t\n\t\t\t<\/div>\n\t\t\t\t\t\t\n          \t\t\t<h2 class=\"news-title\" style=\"font-size: 25px;\">\n\t\t\t\tYUAN LONG\t\t\t<\/h2> \n\t\t\t\n\t\t\t\t\t\t\t\t\t\t<div>\u0110\u00e0i Loan<\/div>\t\t\t\t\t\n\t\t\t\t\t\t\n\t\t<\/div><!-- end .news-grid-content -->\n\t<\/div><!-- end .news-grid -->\t\n\t<div class=\"news-grid wpnews-medium-3 wpnews-columns  wpnw-first \" style=\"border-style: none !important; border-style: hidden !important; background-color: hidden;\">\n\t\t\t\n\t\t<div class=\"news-grid-content \" style=\"border-style: none !important; border-style: hidden !important; background-color: hidden; float:left;\">\n\t\t\t\n\t\t\t\t\t\t<div class=\"news-image-bg\" style=\"float:left; width:auto; height:auto; max-width:416px; max-height:500px; border-style: none !important; border-style: hidden !important; background-color: none;\">\n\t\t\t\t\n\t\t\t\t\t<img src=\"https:\/\/www.leekeegroup.com\/wp-content\/uploads\/2016\/11\/steel_0013_Layer-6-1.jpg\" alt=\"Post Image\" \/>\n\t\t\t\t\n\t\t\t<\/div>\n\t\t\t\t\t\t\n          \t\t\t<h2 class=\"news-title\" style=\"font-size: 25px;\">\n\t\t\t\tYUSCO\t\t\t<\/h2> \n\t\t\t\n\t\t\t\t\t\t\t\t\t\t<div>\u0110\u00e0i Loan<\/div>\t\t\t\t\t\n\t\t\t\t\t\t\n\t\t<\/div><!-- end .news-grid-content -->\n\t<\/div><!-- end .news-grid -->\t\n\t<div class=\"news-grid wpnews-medium-3 wpnews-columns \" style=\"border-style: none !important; border-style: hidden !important; background-color: hidden;\">\n\t\t\t\n\t\t<div class=\"news-grid-content \" style=\"border-style: none !important; border-style: hidden !important; background-color: hidden; float:left;\">\n\t\t\t\n\t\t\t\t\t\t<div class=\"news-image-bg\" style=\"float:left; width:auto; height:auto; max-width:416px; max-height:500px; border-style: none !important; border-style: hidden !important; background-color: none;\">\n\t\t\t\t\n\t\t\t\t\t<img src=\"https:\/\/www.leekeegroup.com\/wp-content\/uploads\/2016\/11\/steel_0003_Layer-16-1.jpg\" alt=\"Post Image\" \/>\n\t\t\t\t\n\t\t\t<\/div>\n\t\t\t\t\t\t\n          \t\t\t<h2 class=\"news-title\" style=\"font-size: 25px;\">\n\t\t\t\tBAOSTEEL\t\t\t<\/h2> \n\t\t\t\n\t\t\t\t\t\t\t\t\t\t<div>Trung Qu\u1ed1c<\/div>\t\t\t\t\t\n\t\t\t\t\t\t\n\t\t<\/div><!-- end .news-grid-content -->\n\t<\/div><!-- end .news-grid -->\t\n\t<div class=\"news-grid wpnews-medium-3 wpnews-columns \" style=\"border-style: none !important; border-style: hidden !important; background-color: hidden;\">\n\t\t\t\n\t\t<div class=\"news-grid-content \" style=\"border-style: none !important; border-style: hidden !important; background-color: hidden; float:left;\">\n\t\t\t\n\t\t\t\t\t\t<div class=\"news-image-bg\" style=\"float:left; width:auto; height:auto; max-width:416px; max-height:500px; border-style: none !important; border-style: hidden !important; background-color: none;\">\n\t\t\t\t\n\t\t\t\t\t<img src=\"https:\/\/www.leekeegroup.com\/wp-content\/uploads\/2016\/11\/steel_0003_Layer-16-1.jpg\" alt=\"Post Image\" \/>\n\t\t\t\t\n\t\t\t<\/div>\n\t\t\t\t\t\t\n          \t\t\t<h2 class=\"news-title\" style=\"font-size: 25px;\">\n\t\t\t\tLZ STEEL\t\t\t<\/h2> \n\t\t\t\n\t\t\t\t\t\t\t\t\t\t<div>Trung Qu\u1ed1c<\/div>\t\t\t\t\t\n\t\t\t\t\t\t\n\t\t<\/div><!-- end .news-grid-content -->\n\t<\/div><!-- end .news-grid -->\t\n\t<div class=\"news-grid wpnews-medium-3 wpnews-columns  wpnw-last \" style=\"border-style: none !important; border-style: hidden !important; background-color: hidden;\">\n\t\t\t\n\t\t<div class=\"news-grid-content \" style=\"border-style: none !important; border-style: hidden !important; background-color: hidden; float:left;\">\n\t\t\t\n\t\t\t\t\t\t<div class=\"news-image-bg\" style=\"float:left; width:auto; height:auto; max-width:416px; max-height:500px; border-style: none !important; border-style: hidden !important; background-color: none;\">\n\t\t\t\t\n\t\t\t\t\t<img src=\"https:\/\/www.leekeegroup.com\/wp-content\/uploads\/2016\/11\/steel_0013_Layer-6-1.jpg\" alt=\"Post Image\" \/>\n\t\t\t\t\n\t\t\t<\/div>\n\t\t\t\t\t\t\n          \t\t\t<h2 class=\"news-title\" style=\"font-size: 25px;\">\n\t\t\t\tTISCO\t\t\t<\/h2> \n\t\t\t\n\t\t\t\t\t\t\t\t\t\t<div>Trung Qu\u1ed1c<\/div>\t\t\t\t\t\n\t\t\t\t\t\t\n\t\t<\/div><!-- end .news-grid-content -->\n\t<\/div><!-- end .news-grid -->\t\n\t<div class=\"news-grid wpnews-medium-3 wpnews-columns  wpnw-first \" style=\"border-style: none !important; border-style: hidden !important; background-color: hidden;\">\n\t\t\t\n\t\t<div class=\"news-grid-content \" style=\"border-style: none !important; border-style: hidden !important; background-color: hidden; float:left;\">\n\t\t\t\n\t\t\t\t\t\t<div class=\"news-image-bg\" style=\"float:left; width:auto; height:auto; max-width:416px; max-height:500px; border-style: none !important; border-style: hidden !important; background-color: none;\">\n\t\t\t\t\n\t\t\t\t\t<img src=\"https:\/\/www.leekeegroup.com\/wp-content\/uploads\/2016\/11\/steel_0013_Layer-6-1.jpg\" alt=\"Post Image\" \/>\n\t\t\t\t\n\t\t\t<\/div>\n\t\t\t\t\t\t\n          \t\t\t<h2 class=\"news-title\" style=\"font-size: 25px;\">\n\t\t\t\tJFE\t\t\t<\/h2> \n\t\t\t\n\t\t\t\t\t\t\t\t\t\t<div>Nh\u1eadt B\u1ea3n<\/div>\t\t\t\t\t\n\t\t\t\t\t\t\n\t\t<\/div><!-- end .news-grid-content -->\n\t<\/div><!-- end .news-grid -->\t\n\t<div class=\"news-grid wpnews-medium-3 wpnews-columns  wpnw-last \" style=\"border-style: none !important; border-style: hidden !important; background-color: hidden;\">\n\t\t\t\n\t\t<div class=\"news-grid-content \" style=\"border-style: none !important; border-style: hidden !important; background-color: hidden; float:left;\">\n\t\t\t\n\t\t\t\t\t\t<div class=\"news-image-bg\" style=\"float:left; width:auto; height:auto; max-width:416px; max-height:500px; border-style: none !important; border-style: hidden !important; background-color: none;\">\n\t\t\t\t\n\t\t\t\t\t<img src=\"https:\/\/www.leekeegroup.com\/wp-content\/uploads\/2016\/11\/steel_0003_Layer-16-1.jpg\" alt=\"Post Image\" \/>\n\t\t\t\t\n\t\t\t<\/div>\n\t\t\t\t\t\t\n          \t\t\t<h2 class=\"news-title\" style=\"font-size: 25px;\">\n\t\t\t\tPOSCO\t\t\t<\/h2> \n\t\t\t\n\t\t\t\t\t\t\t\t\t\t<div>H\u00e0n Qu\u1ed1c\/ Vi\u1ec7t Nam<\/div>\t\t\t\t\t\n\t\t\t\t\t\t\n\t\t<\/div><!-- end .news-grid-content -->\n\t<\/div><!-- end .news-grid -->\t\t\t\t\n\t<\/div><!-- end .sp_news_static -->\n\n\t\t\t<div class=\"news_pagination wpnaw-clearfix design-37\">\n\n\t\t\t\t\t<\/div><!-- end .news_pagination -->\n\t[\/vc_column][vc_column width =&#8221;1\/4&#8243; css=&#8221;.vc_custom_1421949556992{margin-top: -50px !important;}&#8221;]<\/p>\n\n\t<table style=\"width:100%;\" class=\"product_sidebar\">\n\t<tr>\n\t<th colspan=\"3\" style=\" width:100%;background-color: #dddddd; color: #c21332; font-size: 20px;text-align: center; padding-top: 15px; padding-bottom: 15px;\">L\u1ef1a ch\u1ecdn c\u1ee7a b\u1ea1n<\/th>\n\t<\/tr>\n\t<tr >\n\t<th style=\"padding-top:10px; padding-bottom:10px\">\n\n\t\t<a href=\"https:\/\/www.leekeegroup.com\/vn\/aluminum\">\n\n\t<i style=\" float:left; \" class=\"fa fa-chevron-left\" aria-hidden=\"true\"><\/i><\/a><\/th>\n\t<th style=\"text-align: center;\"><span style=\"padding-top:10px; padding-bottom: 10px; font-family: leekee_bold; font-weight: normal; text-align: center;float:center;\">Th\u00e9p kh\u00f4ng g\u1ec9<\/span><\/th>\n\t<th colspan=\"0\">\n\n\t\t<a href=\"https:\/\/www.leekeegroup.com\/vn\/electroplating-chemicals-2\">\n\n\t<i style=\"float:right\" class=\"fa fa-chevron-right\" aria-hidden=\"true\"><\/i><\/a><\/th>\n\t<\/tr>\n\t<\/table>\n<table class=\"product_sidebar\" style=\"text-align: left; width: 100%;\">\n<tbody>\n<tr>\n<th style=\"background-color: #dddddd; color: #c21332; font-size: 20px; text-align: center; padding-top: 15px; padding-bottom: 15px; wdith: 100%;\">T\u00ecm m\u1ed9t s\u1ea3n ph\u1ea9m<\/th>\n<\/tr>\n<tr>\n<th>[vc_accordion active_tab=&#8221;1&#8243; collapsible=&#8221;yes&#8221;][vc_accordion_tab title=&#8221;Lo\u1ea1i&#8221;][vc_column_text css=&#8221;.vc_custom_1478136533200{margin-left: 20px !important;}&#8221;]<a href=\"https:\/\/www.leekeegroup.com\/vn\/steel-304\/\">304<\/a><br \/>\n<a href=\"https:\/\/www.leekeegroup.com\/vn\/steel-316l\/\">316L<\/a><br \/>\n<a style=\"color: #c21332 !important;\" href=\"https:\/\/www.leekeegroup.com\/vn\/steel-430\/\">430<\/a><br \/>\n<a href=\"https:\/\/www.leekeegroup.com\/vn\/steel-420j2\/\">420J2<\/a><br \/>\n<a href=\"https:\/\/www.leekeegroup.com\/vn\/steel-180\/\">180<\/a><br \/>\n<a href=\"https:\/\/www.leekeegroup.com\/vn\/steel-201\/\">201<\/a><br \/>\n<a href=\"https:\/\/www.leekeegroup.com\/vn\/steel-202\/\">202<\/a><br \/>\n<a href=\"https:\/\/www.leekeegroup.com\/vn\/steel-301\/\">301<\/a><br \/>\n<a href=\"https:\/\/www.leekeegroup.com\/vn\/steel-fw\/\">Fw<\/a><br \/>\n[\/vc_column_text][\/vc_accordion_tab][vc_accordion_tab title=&#8221;XU\u1ea4T X\u1ee8&#8221;][vc_column_text css=&#8221;.vc_custom_1478136533200{margin-left: 20px !important;}&#8221;]<a href=\"https:\/\/www.leekeegroup.com\/vn\/steel-taiwan\/\">\u0110\u00e0i Loan<\/a><br \/>\n<a href=\"https:\/\/www.leekeegroup.com\/vn\/steel-korea\/\">H\u00e0n Qu\u1ed1c<\/a><br \/>\n<a href=\"https:\/\/www.leekeegroup.com\/vn\/steel-vietnam\/\">Vi\u1ec7t Nam<\/a><br \/>\n<a href=\"https:\/\/www.leekeegroup.com\/vn\/steel-japan\/\">Nh\u1eadt B\u1ea3n<\/a><br \/>\n<a href=\"https:\/\/www.leekeegroup.com\/vn\/steel-finland\/\">Ph\u1ea7n Lan<\/a><br \/>\n<a href=\"https:\/\/www.leekeegroup.com\/vn\/steel-mainlandchina\/\">Trung Qu\u1ed1c<\/a><br \/>\n<a href=\"https:\/\/www.leekeegroup.com\/vn\/steel-malaysia\/\">Malaysia<\/a><br \/>\n[\/vc_column_text][\/vc_accordion_tab][vc_accordion_tab title=&#8221;H\u00ccNH TH\u1ee8C&#8221;][vc_column_text css=&#8221;.vc_custom_1478136533200{margin-left: 20px !important;}&#8221;]<a href=\"https:\/\/www.leekeegroup.com\/vn\/steel-coil\/\">Cu\u1ed9n d\u00e2y<\/a><br \/>\n<a href=\"https:\/\/www.leekeegroup.com\/vn\/steel-sheet\/\">T\u1ea5m<\/a><br \/>\n[\/vc_column_text][\/vc_accordion_tab][\/vc_accordion]<\/th>\n<\/tr>\n<tr>\n<th style=\"background-color: #dddddd; color: #c21332; font-size: 18px; text-align: center; padding-top: 15px; padding-bottom: 15px;\"><a style=\"display: block; color: #c21332 !important;\" href=\"https:\/\/www.leekeegroup.com\/vn\/added-value-services-for-stainless-steel\/\">D\u1ecbch v\u1ee5 gi\u00e1 tr\u1ecb gia t\u0103ng \u0111\u1ed1i v\u1edbi th\u00e9p kh\u00f4ng g\u1ec9<\/a><\/th>\n<\/tr>\n<tr>\n<th style=\"border-bottom: 1px solid #e1e1e1; font-size: 20px; text-align: center; padding-top: 15px; padding-bottom: 15px; color: #4f5b69;\">Theo d\u00f5i ch\u00fang t\u00f4i tr\u00ean WeChat<img loading=\"lazy\" class=\"aligncenter size-full wp-image-1895\" src=\"https:\/\/www.leekeegroup.com\/wp-content\/uploads\/2016\/10\/Untitled-2.jpg\" alt=\"untitled-2\" width=\"135\" height=\"135\" \/><\/th>\n<\/tr>\n<tr>\n<th style=\"border-bottom: 1px solid #e1e1e1; font-size: 20px; text-align: center; padding-top: 15px; padding-bottom: 15px;\"><a style=\"color: #4f5b69;\" href=\"https:\/\/www.leekeegroup.com\/vn\/contact-us\/\">Li\u00ean h\u1ec7 ch\u00fang t\u00f4i<\/a><\/th>\n<\/tr>\n<\/tbody>\n<\/table>\n<p>[\/vc_column]<\/div>[\/vc_row]<\/p>\n","protected":false},"excerpt":{"rendered":"<p>[vc_row css=&#8221;.vc_custom_1421949556992{margin-top: -50px !important;}&#8221;][vc_column][\/vc_column][\/vc_row][vc_row][\/vc_row]<\/p>\n","protected":false},"author":5,"featured_media":0,"parent":0,"menu_order":0,"comment_status":"closed","ping_status":"closed","template":"","meta":[],"_links":{"self":[{"href":"https:\/\/www.leekeegroup.com\/vn\/wp-json\/wp\/v2\/pages\/2991"}],"collection":[{"href":"https:\/\/www.leekeegroup.com\/vn\/wp-json\/wp\/v2\/pages"}],"about":[{"href":"https:\/\/www.leekeegroup.com\/vn\/wp-json\/wp\/v2\/types\/page"}],"author":[{"embeddable":true,"href":"https:\/\/www.leekeegroup.com\/vn\/wp-json\/wp\/v2\/users\/5"}],"replies":[{"embeddable":true,"href":"https:\/\/www.leekeegroup.com\/vn\/wp-json\/wp\/v2\/comments?post=2991"}],"version-history":[{"count":18,"href":"https:\/\/www.leekeegroup.com\/vn\/wp-json\/wp\/v2\/pages\/2991\/revisions"}],"predecessor-version":[{"id":11926,"href":"https:\/\/www.leekeegroup.com\/vn\/wp-json\/wp\/v2\/pages\/2991\/revisions\/11926"}],"wp:attachment":[{"href":"https:\/\/www.leekeegroup.com\/vn\/wp-json\/wp\/v2\/media?parent=2991"}],"curies":[{"name":"wp","href":"https:\/\/api.w.org\/{rel}","templated":true}]}}