{"id":2845,"date":"2016-11-06T13:08:56","date_gmt":"2016-11-06T13:08:56","guid":{"rendered":"http:\/\/www.leekeegroup.com\/?page_id=2845"},"modified":"2021-11-29T16:37:26","modified_gmt":"2021-11-29T08:37:26","slug":"al-mainlandchina","status":"publish","type":"page","link":"https:\/\/www.leekeegroup.com\/vn\/al-mainlandchina\/","title":{"rendered":"Trung Qu\u1ed1c"},"content":{"rendered":"<p>[vc_row css=&#8221;.vc_custom_1421949556992{margin-top: -50px !important;}&#8221;][vc_column]<div class=\"fullwidth-block clearfix\" style=\"background-position: center top;\"><script type=\"text\/javascript\">jQuery(function() { _initLayerSlider( '#layerslider_216_8sq5cbs9z87d', {sliderVersion: '6.11.1', responsiveUnder: 1260, hideUnder: 0, hideOver: 100000, pauseOnHover: 1, skin: 'v5', skinsPath: 'https:\/\/www.leekeegroup.com\/wp-content\/plugins\/LayerSlider\/assets\/static\/layerslider\/skins\/'}); });<\/script><div id=\"layerslider_216_8sq5cbs9z87d\" class=\"ls-wp-container fitvidsignore\" style=\"width:1260px;height:300px;max-width:1260px;margin:0 auto;margin-bottom: 0px;\"><div class=\"ls-slide\" data-ls=\"duration:4000;kenburnsscale:1.2;\"><img width=\"1258\" height=\"300\" src=\"https:\/\/www.leekeegroup.com\/wp-content\/uploads\/2020\/02\/06_Aluminum.jpg\" class=\"ls-bg\" alt=\"\" loading=\"lazy\" srcset=\"https:\/\/www.leekeegroup.com\/wp-content\/uploads\/2020\/02\/06_Aluminum.jpg 1258w, https:\/\/www.leekeegroup.com\/wp-content\/uploads\/2020\/02\/06_Aluminum-300x72.jpg 300w, https:\/\/www.leekeegroup.com\/wp-content\/uploads\/2020\/02\/06_Aluminum-768x183.jpg 768w, https:\/\/www.leekeegroup.com\/wp-content\/uploads\/2020\/02\/06_Aluminum-1024x244.jpg 1024w\" sizes=\"(max-width: 1258px) 100vw, 1258px\" \/><\/div><\/div><\/div>[\/vc_column][\/vc_row][vc_row]<div class=\"fullwidth-block clearfix\" style=\"background-position: center top;\">[vc_column width=&#8221;3\/4&#8243;]\n\t<div class=\"sp_news_static design-16 wpnaw-grid-2 wpnaw-news-grid wpnaw-clearfix\">\n\n\t\t\t\t  \t\n\t\t\t\n            \t\n\t<div class=\"news-grid wpnews-medium-6 wpnews-columns  wpnw-first \" style=\"border-style: none !important; border-style: hidden !important; background-color: hidden;max-height:500px\">\n\t\t\t\n\t\t<div class=\"news-grid-content \" style=\"border-style: none !important; border-style: hidden !important; background-color: hidden; float:left;\">\n\t\t\t\n\t\t\t\t\t\t<div class=\"news-image-bg\" style=\"float:left; width:auto; height:auto; max-width:416px; max-height:500px; border-style: none !important; border-style: hidden !important; background-color: none;\">\n\t\t\t\t<a href=\"https:\/\/www.leekeegroup.com\/vn\/news\/lmp-aluminum-alloy\/\" target=\"_self\">\n\t\t\t\t\t<img src=\"https:\/\/www.leekeegroup.com\/wp-content\/uploads\/2016\/11\/LMP_416x198-02.jpg\" alt=\"Post Image\" \/>\n\t\t\t\t<\/a>\n\t\t\t<\/div>\n\t\t\t          \t\t\t<h2 class=\"news-title\">\n\t\t\t\t<a href=\"https:\/\/www.leekeegroup.com\/vn\/news\/lmp-aluminum-alloy\/\" target=\"_self\">LMP H\u1ee2P KIM NH\u00d4M<\/a>\n\t\t\t<\/h2> \n\t\t\t\n\t\t\t\t\t\t\t\t\t\t<div style=\"padding-left: 20px;\"><ul>\r\n<li>T\u00ednh l\u01b0u \u0111\u1ed9ng cao<\/li>\r\n<li>Ch\u1ea5t l\u01b0\u1ee3ng v\u00e0 t\u00ednh \u1ed5n \u0111\u1ecbnh cao<\/li>\r\n<li>C\u00e1c t\u00e1c d\u1ee5ng c\u1ee7a m\u1ed1i h\u00e0n ch\u1ebft gi\u1ea3m xu\u1ed1ng<\/li>\r\n<li>Hi\u1ec7u su\u1ea5t cao<\/li>\r\n<li>C\u00f3 th\u1ec3 \u0111\u01b0\u1ee3c t\u00f9y ch\u1ec9nh \u0111\u1ed1i v\u1edbi c\u00e1c \u1ee9ng d\u1ee5ng kh\u00e1c nhau<\/li>\r\n<\/ul><\/div>\t\t\t\t\t\n\t\t\t\t\t\t\n\t\t<\/div><!-- end .news-grid-content -->\n\t<\/div><!-- end .news-grid -->\t\n\t<div class=\"news-grid wpnews-medium-6 wpnews-columns  wpnw-last \" style=\"border-style: none !important; border-style: hidden !important; background-color: hidden;max-height:500px\">\n\t\t\t\n\t\t<div class=\"news-grid-content \" style=\"border-style: none !important; border-style: hidden !important; background-color: hidden; float:left;\">\n\t\t\t\n\t\t\t\t\t\t<div class=\"news-image-bg\" style=\"float:left; width:auto; height:auto; max-width:416px; max-height:500px; border-style: none !important; border-style: hidden !important; background-color: none;\">\n\t\t\t\t<a href=\"https:\/\/www.leekeegroup.com\/vn\/news\/lmp-aluminium-special-alloy-ad2h-ad2\/\" target=\"_self\">\n\t\t\t\t\t<img src=\"https:\/\/www.leekeegroup.com\/wp-content\/uploads\/2016\/11\/LMP_416x198-02.jpg\" alt=\"Post Image\" \/>\n\t\t\t\t<\/a>\n\t\t\t<\/div>\n\t\t\t          \t\t\t<h2 class=\"news-title\">\n\t\t\t\t<a href=\"https:\/\/www.leekeegroup.com\/vn\/news\/lmp-aluminium-special-alloy-ad2h-ad2\/\" target=\"_self\">LMP H\u1ee2P KIM NH\u00d4M \u0110\u1ec2 ANOD H\u00d3A AD2 &#038; AD2H<\/a>\n\t\t\t<\/h2> \n\t\t\t\n\t\t\t\t\t\t\t\t\t\t<div style=\"padding-left: 20px;\"><ul>\r\n<li>\u0110\u1ed9 b\u1ec1n cao <\/li>\r\n<li>Hi\u1ec7u \u1ee9ng t\u1ea1o m\u00e0u xu\u1ea5t s\u1eafc<\/li>\r\n<li>\u0110\u1ed9 c\u1ee9ng cao<\/li>\r\n<\/ul><\/div>\t\t\t\t\t\n\t\t\t\t\t\t\n\t\t<\/div><!-- end .news-grid-content -->\n\t<\/div><!-- end .news-grid -->\t\n\t<div class=\"news-grid wpnews-medium-6 wpnews-columns  wpnw-first \" style=\"border-style: none !important; border-style: hidden !important; background-color: hidden;max-height:500px\">\n\t\t\t\n\t\t<div class=\"news-grid-content \" style=\"border-style: none !important; border-style: hidden !important; background-color: hidden; float:left;\">\n\t\t\t\n\t\t\t\t\t\t<div class=\"news-image-bg\" style=\"float:left; width:auto; height:auto; max-width:416px; max-height:500px; border-style: none !important; border-style: hidden !important; background-color: none;\">\n\t\t\t\t<a href=\"https:\/\/www.leekeegroup.com\/vn\/news\/lmp-aluminum-special-alloy-ad3\/\" target=\"_self\">\n\t\t\t\t\t<img src=\"https:\/\/www.leekeegroup.com\/wp-content\/uploads\/2016\/11\/LMP_416x198-02.jpg\" alt=\"Post Image\" \/>\n\t\t\t\t<\/a>\n\t\t\t<\/div>\n\t\t\t          \t\t\t<h2 class=\"news-title\">\n\t\t\t\t<a href=\"https:\/\/www.leekeegroup.com\/vn\/news\/lmp-aluminum-special-alloy-ad3\/\" target=\"_self\">LMP H\u1ee2P KIM NH\u00d4M \u0110\u1eb6C BI\u1ec6T AD3<\/a>\n\t\t\t<\/h2> \n\t\t\t\n\t\t\t\t\t\t\t\t\t\t<div style=\"padding-left: 20px;\"><ul>\r\n<li>Ph\u00f9 h\u1ee3p cho c\u00e1c thi\u1ebft b\u1ecb ngo\u00e0i tr\u1eddi <\/li>\r\n<li>Kh\u1ea3 n\u0103ng ch\u1ed1ng \u0103n m\u00f2n tuy\u1ec7t v\u1eddi<\/li>\r\n<\/ul><\/div>\t\t\t\t\t\n\t\t\t\t\t\t\n\t\t<\/div><!-- end .news-grid-content -->\n\t<\/div><!-- end .news-grid -->\t\n\t<div class=\"news-grid wpnews-medium-6 wpnews-columns  wpnw-last \" style=\"border-style: none !important; border-style: hidden !important; background-color: hidden;max-height:500px\">\n\t\t\t\n\t\t<div class=\"news-grid-content \" style=\"border-style: none !important; border-style: hidden !important; background-color: hidden; float:left;\">\n\t\t\t\n\t\t\t\t\t\t<div class=\"news-image-bg\" style=\"float:left; width:auto; height:auto; max-width:416px; max-height:500px; border-style: none !important; border-style: hidden !important; background-color: none;\">\n\t\t\t\t<a href=\"https:\/\/www.leekeegroup.com\/vn\/news\/lmp-aluminum-special-alloy-ad8\/\" target=\"_self\">\n\t\t\t\t\t<img src=\"https:\/\/www.leekeegroup.com\/wp-content\/uploads\/2016\/11\/LMP_416x198-02.jpg\" alt=\"Post Image\" \/>\n\t\t\t\t<\/a>\n\t\t\t<\/div>\n\t\t\t          \t\t\t<h2 class=\"news-title\">\n\t\t\t\t<a href=\"https:\/\/www.leekeegroup.com\/vn\/news\/lmp-aluminum-special-alloy-ad8\/\" target=\"_self\">LMP H\u1ee2P KIM NH\u00d4M \u0110\u1eb6C BI\u1ec6T AD8<\/a>\n\t\t\t<\/h2> \n\t\t\t\n\t\t\t\t\t\t\t\t\t\t<div style=\"padding-left: 20px;\"><ul>\r\n<li>\u0110\u1ed9 d\u1eabn nhi\u1ec7t tuy\u1ec7t v\u1eddi <\/li>\r\n<li>Kh\u1ea3 n\u0103ng \u0111\u00fac xu\u1ea5t s\u1eafc <\/li>\r\n<li>\u0110\u1eb7c t\u00ednh c\u01a1 h\u1ecdc \u0111\u00e1ng ch\u00fa \u00fd <\/li>\r\n<\/ul><\/div>\t\t\t\t\t\n\t\t\t\t\t\t\n\t\t<\/div><!-- end .news-grid-content -->\n\t<\/div><!-- end .news-grid -->\t\n\t<div class=\"news-grid wpnews-medium-6 wpnews-columns  wpnw-first \" style=\"border-style: none !important; border-style: hidden !important; background-color: hidden;max-height:500px\">\n\t\t\t\n\t\t<div class=\"news-grid-content \" style=\"border-style: none !important; border-style: hidden !important; background-color: hidden; float:left;\">\n\t\t\t\n\t\t\t\t\t\t<div class=\"news-image-bg\" style=\"float:left; width:auto; height:auto; max-width:416px; max-height:500px; border-style: none !important; border-style: hidden !important; background-color: none;\">\n\t\t\t\t<a href=\"https:\/\/www.leekeegroup.com\/vn\/news\/lmp-aluminum-special-alloy-adc12l\/\" target=\"_self\">\n\t\t\t\t\t<img src=\"https:\/\/www.leekeegroup.com\/wp-content\/uploads\/2016\/11\/LMP_416x198-02.jpg\" alt=\"Post Image\" \/>\n\t\t\t\t<\/a>\n\t\t\t<\/div>\n\t\t\t          \t\t\t<h2 class=\"news-title\">\n\t\t\t\t<a href=\"https:\/\/www.leekeegroup.com\/vn\/news\/lmp-aluminum-special-alloy-adc12l\/\" target=\"_self\">LMP H\u1ee2P KIM NH\u00d4M \u0110\u1eb6C BI\u1ec6T ADC12L<\/a>\n\t\t\t<\/h2> \n\t\t\t\n\t\t\t\t\t\t\t\t\t\t<div style=\"padding-left: 20px;\"><ul>\r\n<li>Kh\u1ea3 n\u0103ng l\u01b0u \u0111\u1ed9ng cao tuy\u1ec7t v\u1eddi <\/li>\r\n<li>S\u1ee9c m\u1ea1nh cao h\u01a1n <\/li>\r\n<li>\u0110\u1ed9 c\u1ee9ng cao h\u01a1n<\/li>\r\n<\/ul><\/div>\t\t\t\t\t\n\t\t\t\t\t\t\n\t\t<\/div><!-- end .news-grid-content -->\n\t<\/div><!-- end .news-grid -->\t\n\t<div class=\"news-grid wpnews-medium-6 wpnews-columns  wpnw-last \" style=\"border-style: none !important; border-style: hidden !important; background-color: hidden;max-height:500px\">\n\t\t\t\n\t\t<div class=\"news-grid-content \" style=\"border-style: none !important; border-style: hidden !important; background-color: hidden; float:left;\">\n\t\t\t\n\t\t\t\t\t\t<div class=\"news-image-bg\" style=\"float:left; width:auto; height:auto; max-width:416px; max-height:500px; border-style: none !important; border-style: hidden !important; background-color: none;\">\n\t\t\t\t<a href=\"https:\/\/www.leekeegroup.com\/vn\/news\/lmp-fg601\/\" target=\"_self\">\n\t\t\t\t\t<img src=\"https:\/\/www.leekeegroup.com\/wp-content\/uploads\/2016\/11\/LMP_416x198-02.jpg\" alt=\"Post Image\" \/>\n\t\t\t\t<\/a>\n\t\t\t<\/div>\n\t\t\t          \t\t\t<h2 class=\"news-title\">\n\t\t\t\t<a href=\"https:\/\/www.leekeegroup.com\/vn\/news\/lmp-fg601\/\" target=\"_self\">LMP H\u1ee2P KIM NH\u00d4M \u0110\u1eb6C BI\u1ec6T FG601<\/a>\n\t\t\t<\/h2> \n\t\t\t\n\t\t\t\t\t\t\t\t\t\t<div style=\"padding-left: 20px;\"><ul>\r\n<li>Kh\u1ea3 n\u0103ng ch\u1ed1ng m\u00e0i m\u00f2n kh\u1ecfe<\/li>\r\n<li>An to\u00e0n v\u00e0 \u0111\u00e1ng tin c\u1eady <\/li>\r\n<li>B\u1ec1n<\/li>\r\n<\/ul><\/div>\t\t\t\t\t\n\t\t\t\t\t\t\n\t\t<\/div><!-- end .news-grid-content -->\n\t<\/div><!-- end .news-grid -->\t\t\t\t\n\t<\/div><!-- end .sp_news_static -->\n\n\t\t\t<div class=\"news_pagination wpnaw-clearfix design-16\">\n\n\t\t\t\t\t<\/div><!-- end .news_pagination -->\n\t[\/vc_column][vc_column width =&#8221;1\/4&#8243; css=&#8221;.vc_custom_1421949556992{margin-top: -50px !important;}&#8221;]<\/p>\n<table class=\"product_sidebar\" style=\"width: 100%;\">\n<tbody>\n<tr>\n<th style=\"width: 100%; background-color: #dddddd; color: #c21332; font-size: 20px; text-align: center; padding-top: 15px; padding-bottom: 15px;\" colspan=\"3\">L\u1ef1a ch\u1ecdn c\u1ee7a b\u1ea1n<\/th>\n<\/tr>\n<tr>\n<th style=\"padding-top: 10px; padding-bottom: 10px;\"><\/th>\n<th style=\"text-align: center;\"><span style=\"padding-top: 10px; padding-bottom: 10px; font-family: leekee_bold; font-weight: normal; text-align: center; float: center;\">H\u1ee3p kim nh\u00f4m<\/span><\/th>\n<th colspan=\"0\"><\/th>\n<\/tr>\n<\/tbody>\n<\/table>\n<table class=\"product_sidebar\" style=\"text-align: left; width: 100%;\">\n<tbody>\n<tr>\n<th style=\"background-color: #dddddd; color: #c21332; font-size: 20px; text-align: center; padding-top: 15px; padding-bottom: 15px;\">T\u00ecm m\u1ed9t s\u1ea3n ph\u1ea9m<\/th>\n<\/tr>\n<tr>\n<th>[vc_accordion active_tab=&#8221;3&#8243; collapsible=&#8221;yes&#8221;][vc_accordion_tab title=&#8221;Lo\u1ea1i&#8221;][vc_column_text css=&#8221;.vc_custom_1478136533200{margin-left: 20px !important;}&#8221;]<a href=\"https:\/\/www.leekeegroup.com\/vn\/a356-2\/\">A356.2<\/a><br \/>\n<a href=\"https:\/\/www.leekeegroup.com\/vn\/a360-1\/\">A360.1<\/a><br \/>\n<a href=\"https:\/\/www.leekeegroup.com\/vn\/a380-0\/\">A380.0<\/a><br \/>\n<a href=\"https:\/\/www.leekeegroup.com\/vn\/a380-1\/\">A380.1<\/a><br \/>\n<a href=\"https:\/\/www.leekeegroup.com\/vn\/a413-2\/\">A413.2<\/a><br \/>\n<a href=\"https:\/\/www.leekeegroup.com\/vn\/adc-1\/\">ADC1<\/a><br \/>\n<a href=\"https:\/\/www.leekeegroup.com\/vn\/adc-6\/\">ADC6<\/a><br \/>\n<a href=\"https:\/\/www.leekeegroup.com\/vn\/adc-10\/\">ADC10<\/a><br \/>\n<a href=\"https:\/\/www.leekeegroup.com\/vn\/adc-12\/\">ADC12<\/a><br \/>\n<a href=\"https:\/\/www.leekeegroup.com\/vn\/lm24\/\">LM24<\/a><br \/>\n<a href=\"https:\/\/www.leekeegroup.com\/vn\/al-special-alloy\/\">H\u1ee3p kim \u0111\u1eb7c bi\u1ec7t<\/a>[\/vc_column_text][\/vc_accordion_tab][vc_accordion_tab title=&#8221;Ng\u00e0nh c\u00f4ng nghi\u1ec7p&#8221;][vc_column_text css=&#8221;.vc_custom_1478136533200{margin-left: 20px !important;}&#8221;]<a href=\"https:\/\/www.leekeegroup.com\/vn\/al-automotive\/\">\u00d4 t\u00f4<\/a><br \/>\n<a href=\"https:\/\/www.leekeegroup.com\/vn\/al-builders-hardware\/\">V\u1eadt li\u1ec7u c\u1ee7a nh\u00e0 x\u00e2y d\u1ef1ng<\/a><br \/>\n<a href=\"https:\/\/www.leekeegroup.com\/vn\/al-electronics\/\">Thi\u1ebft b\u1ecb \u0111i\u1ec7n t\u1eed<\/a><br \/>\n<a href=\"https:\/\/www.leekeegroup.com\/vn\/al-furniture\/\">\u0110\u1ed3 n\u1ed9i th\u1ea5t<\/a><br \/>\n<a href=\"https:\/\/www.leekeegroup.com\/vn\/al-mechanical-components\/\">Linh ki\u1ec7n c\u01a1 kh\u00ed<\/a><br \/>\n<a href=\"https:\/\/www.leekeegroup.com\/vn\/al-sports-equipment\/\">Thi\u1ebft b\u1ecb th\u1ec3 thao<\/a><br \/>\n<a href=\"https:\/\/www.leekeegroup.com\/vn\/al-telecommunications\/\">Vi\u1ec5n th\u00f4ng<\/a><br \/>\n[\/vc_column_text][\/vc_accordion_tab][vc_accordion_tab title=&#8221;XU\u1ea4T X\u1ee8&#8221;][vc_column_text css=&#8221;.vc_custom_1478136533200{margin-left: 20px !important;}&#8221;]<a style=\"color: #c21332 !important;\" href=\"https:\/\/www.leekeegroup.com\/vn\/al-china\/\">Trung Qu\u1ed1c<\/a><br \/>\n<a href=\"https:\/\/www.leekeegroup.com\/vn\/al-usa\/\">M\u1ef9<\/a><br \/>\n<a href=\"https:\/\/www.leekeegroup.com\/vn\/al-malaysia\/\">Malaysia<\/a><br \/>\n[\/vc_column_text][\/vc_accordion_tab][vc_accordion_tab title=&#8221;NH\u00c3N HI\u1ec6U&#8221;][vc_column_text css=&#8221;.vc_custom_1478136533200{margin-left: 20px !important;}&#8221;]<a href=\"https:\/\/www.leekeegroup.com\/vn\/al-lmp\/\">LMP<\/a><br \/>\n<a href=\"https:\/\/www.leekeegroup.com\/vn\/al-cass\/\">CASS<\/a><br \/>\n<a href=\"https:\/\/www.leekeegroup.com\/vn\/al-timco\/\">Timco<\/a><br \/>\n<a href=\"https:\/\/www.leekeegroup.com\/vn\/al-intech\/\">Intech<\/a><br \/>\n[\/vc_column_text][\/vc_accordion_tab][\/vc_accordion]<\/th>\n<\/tr>\n<tr>\n<th style=\"background-color: #e1e1e1; color: #c21332; font-size: 20px; text-align: center; padding-top: 15px; padding-bottom: 15px !important;\"><a style=\"display: block; color: #c21332 !important;\" href=\"https:\/\/www.leekeegroup.com\/vn\/subscription\/\">\u0110\u0103ng k\u00fd nh\u1eadn b\u1ea3n tin c\u1ee7a ch\u00fang t\u00f4i<\/a><\/th>\n<\/tr>\n<tr>\n<th style=\"text-align: center; padding-bottom: 15px; padding-top: 15px;\">B\u1ea3n tin Lee Kee \u0111\u01b0\u1ee3c ph\u00e1t h\u00e0nh h\u00e0ng qu\u00fd \u0111\u1ec3 nh\u1ea5n m\u1ea1nh nh\u1eefng ph\u01b0\u01a1ng th\u1ee9c m\u00e0 ch\u00fang t\u00f4i \u0111ang s\u1eed d\u1ee5ng \u0111\u1ec3 mang l\u1ea1i gi\u00e1 tr\u1ecb cho kh\u00e1ch h\u00e0ng, bao g\u1ed3m c\u00e1c tin t\u1ee9c v\u1ec1 th\u1ecb tr\u01b0\u1eddng, c\u1eadp nh\u1eadt th\u00f4ng tin v\u1ec1 k\u1ef9 thu\u1eadt v\u00e0 th\u00f4ng tin v\u1ec1 c\u00f4ng ty.<\/th>\n<\/tr>\n<tr>\n<th style=\"text-align: center; border-bottom: 1px solid #e1e1e1; padding-bottom: 15px;\"><a style=\"background-color: #c21332; color: white !important; padding: 5px;\" href=\"https:\/\/www.leekeegroup.com\/vn\/subscription\/\">\u0110\u0103ng k\u00fd<\/a><\/th>\n<\/tr>\n<tr>\n<th style=\"border-bottom: 1px solid #e1e1e1; font-size: 20px; text-align: center; padding-top: 15px; padding-bottom: 15px; color: #4f5b69;\">Theo d\u00f5i ch\u00fang t\u00f4i tr\u00ean WeChat<img loading=\"lazy\" class=\"aligncenter size-full wp-image-1895\" src=\"https:\/\/www.leekeegroup.com\/wp-content\/uploads\/2016\/10\/Untitled-2.jpg\" alt=\"untitled-2\" width=\"135\" height=\"135\" \/><\/th>\n<\/tr>\n<tr>\n<th style=\"border-bottom: 1px solid #e1e1e1; font-size: 20px; text-align: center; padding-top: 15px; padding-bottom: 15px;\"><a style=\"color: #4f5b69;\" href=\"https:\/\/www.leekeegroup.com\/vn\/contact-us\/\">Li\u00ean h\u1ec7 ch\u00fang t\u00f4i<\/a><\/th>\n<\/tr>\n<\/tbody>\n<\/table>\n<p>[\/vc_column]<\/div>[\/vc_row]<\/p>\n","protected":false},"excerpt":{"rendered":"<p>[vc_row css=&#8221;.vc_custom_1421949556992{margin-top: -50px !important;}&#8221;][vc_column][\/vc_column][\/vc_row][vc_row][\/vc_row]<\/p>\n","protected":false},"author":5,"featured_media":0,"parent":0,"menu_order":0,"comment_status":"closed","ping_status":"closed","template":"","meta":[],"_links":{"self":[{"href":"https:\/\/www.leekeegroup.com\/vn\/wp-json\/wp\/v2\/pages\/2845"}],"collection":[{"href":"https:\/\/www.leekeegroup.com\/vn\/wp-json\/wp\/v2\/pages"}],"about":[{"href":"https:\/\/www.leekeegroup.com\/vn\/wp-json\/wp\/v2\/types\/page"}],"author":[{"embeddable":true,"href":"https:\/\/www.leekeegroup.com\/vn\/wp-json\/wp\/v2\/users\/5"}],"replies":[{"embeddable":true,"href":"https:\/\/www.leekeegroup.com\/vn\/wp-json\/wp\/v2\/comments?post=2845"}],"version-history":[{"count":20,"href":"https:\/\/www.leekeegroup.com\/vn\/wp-json\/wp\/v2\/pages\/2845\/revisions"}],"predecessor-version":[{"id":11734,"href":"https:\/\/www.leekeegroup.com\/vn\/wp-json\/wp\/v2\/pages\/2845\/revisions\/11734"}],"wp:attachment":[{"href":"https:\/\/www.leekeegroup.com\/vn\/wp-json\/wp\/v2\/media?parent=2845"}],"curies":[{"name":"wp","href":"https:\/\/api.w.org\/{rel}","templated":true}]}}