{"id":2509,"date":"2016-11-03T02:33:09","date_gmt":"2016-11-03T02:33:09","guid":{"rendered":"http:\/\/www.leekeegroup.com\/?page_id=2509"},"modified":"2021-11-01T16:24:18","modified_gmt":"2021-11-01T08:24:18","slug":"zinc-genesisgz","status":"publish","type":"page","link":"https:\/\/www.leekeegroup.com\/vn\/zinc-genesisgz\/","title":{"rendered":"Genesis\/GZ"},"content":{"rendered":"<p>[vc_row css=&#8221;.vc_custom_1421949556992{margin-top: -50px !important;}&#8221;][vc_column]<div class=\"fullwidth-block clearfix\" style=\"background-position: center top;\"><script type=\"text\/javascript\">jQuery(function() { _initLayerSlider( '#layerslider_215_nyyij3qlypbi', {sliderVersion: '6.11.1', responsiveUnder: 1260, hideUnder: 0, hideOver: 100000, pauseOnHover: 1, skin: 'v5', skinsPath: 'https:\/\/www.leekeegroup.com\/wp-content\/plugins\/LayerSlider\/assets\/static\/layerslider\/skins\/'}); });<\/script><div id=\"layerslider_215_nyyij3qlypbi\" class=\"ls-wp-container fitvidsignore\" style=\"width:1260px;height:300px;max-width:1260px;margin:0 auto;margin-bottom: 0px;\"><div class=\"ls-slide\" data-ls=\"duration:4000;kenburnsscale:1.2;\"><img width=\"1258\" height=\"300\" src=\"https:\/\/www.leekeegroup.com\/wp-content\/uploads\/2020\/02\/05_zinc-3.jpg\" class=\"ls-bg\" alt=\"\" loading=\"lazy\" srcset=\"https:\/\/www.leekeegroup.com\/wp-content\/uploads\/2020\/02\/05_zinc-3.jpg 1258w, https:\/\/www.leekeegroup.com\/wp-content\/uploads\/2020\/02\/05_zinc-3-300x72.jpg 300w, https:\/\/www.leekeegroup.com\/wp-content\/uploads\/2020\/02\/05_zinc-3-768x183.jpg 768w, https:\/\/www.leekeegroup.com\/wp-content\/uploads\/2020\/02\/05_zinc-3-1024x244.jpg 1024w\" sizes=\"(max-width: 1258px) 100vw, 1258px\" \/><\/div><\/div><\/div>[\/vc_column][\/vc_row][vc_row]<div class=\"fullwidth-block clearfix\" style=\"background-position: center top;\">[vc_column width=&#8221;3\/4&#8243;]\n\t<div class=\"sp_news_static design-16 wpnaw-grid-2 wpnaw-news-grid wpnaw-clearfix\">\n\n\t\t\t\t  \t\n\t\t\t\n            \t\n\t<div class=\"news-grid wpnews-medium-6 wpnews-columns  wpnw-first \" style=\"border-style: none !important; border-style: hidden !important; background-color: hidden;max-height:500px\">\n\t\t\t\n\t\t<div class=\"news-grid-content \" style=\"border-style: none !important; border-style: hidden !important; background-color: hidden; float:left;\">\n\t\t\t\n\t\t\t\t\t\t<div class=\"news-image-bg\" style=\"float:left; width:auto; height:auto; max-width:416px; max-height:500px; border-style: none !important; border-style: hidden !important; background-color: none;\">\n\t\t\t\t<a href=\"https:\/\/www.leekeegroup.com\/vn\/news\/mastercast-special-alloy-g-force\/\" target=\"_self\">\n\t\t\t\t\t<img src=\"https:\/\/www.leekeegroup.com\/wp-content\/uploads\/2017\/07\/mastercast.jpg\" alt=\"Post Image\" \/>\n\t\t\t\t<\/a>\n\t\t\t<\/div>\n\t\t\t          \t\t\t<h2 class=\"news-title\">\n\t\t\t\t<a href=\"https:\/\/www.leekeegroup.com\/vn\/news\/mastercast-special-alloy-g-force\/\" target=\"_self\">MASTERCAST H\u1ee2P KIM \u0110\u1eb6C BI\u1ec6T G-FORCE<\/a>\n\t\t\t<\/h2> \n\t\t\t\n\t\t\t\t\t\t\t\t\t\t<div style=\"padding-left: 20px;\"><ul>\r\n<li>\u0110\u01b0\u1ee3c thi\u1ebft k\u1ebf \u0111\u1ec3 s\u1eed d\u1ee5ng trong quy tr\u00ecnh \u0111\u00fac tr\u1ecdng l\u1ef1c<\/li>\r\n<li>Quy tr\u00ecnh s\u1ea3n xu\u1ea5t \u0111\u1ed9c \u0111\u00e1o, gi\u1ea3m vi\u1ec7c h\u00ecnh th\u00e0nh c\u00e1c \u0111\u1ed1m c\u1ee9ng m\u1ed9t c\u00e1ch hi\u1ec7u qu\u1ea3<\/li>\r\n<\/ul><\/div>\t\t\t\t\t\n\t\t\t\t\t\t\n\t\t<\/div><!-- end .news-grid-content -->\n\t<\/div><!-- end .news-grid -->\t\n\t<div class=\"news-grid wpnews-medium-6 wpnews-columns  wpnw-last \" style=\"border-style: none !important; border-style: hidden !important; background-color: hidden;max-height:500px\">\n\t\t\t\n\t\t<div class=\"news-grid-content \" style=\"border-style: none !important; border-style: hidden !important; background-color: hidden; float:left;\">\n\t\t\t\n\t\t\t\t\t\t<div class=\"news-image-bg\" style=\"float:left; width:auto; height:auto; max-width:416px; max-height:500px; border-style: none !important; border-style: hidden !important; background-color: none;\">\n\t\t\t\t<a href=\"https:\/\/www.leekeegroup.com\/vn\/news\/gz-special-alloy-g-force\/\" target=\"_self\">\n\t\t\t\t\t<img src=\"https:\/\/www.leekeegroup.com\/wp-content\/uploads\/2016\/10\/gz-1.jpg\" alt=\"Post Image\" \/>\n\t\t\t\t<\/a>\n\t\t\t<\/div>\n\t\t\t          \t\t\t<h2 class=\"news-title\">\n\t\t\t\t<a href=\"https:\/\/www.leekeegroup.com\/vn\/news\/gz-special-alloy-g-force\/\" target=\"_self\">GZ H\u1ee2P KIM \u0110\u1eb6C BI\u1ec6T G-FORCE<\/a>\n\t\t\t<\/h2> \n\t\t\t\n\t\t\t\t\t\t\t\t\t\t<div style=\"padding-left: 20px;\"><ul>\r\n<li>\u0110\u01b0\u1ee3c thi\u1ebft k\u1ebf \u0111\u1ec3 s\u1eed d\u1ee5ng trong quy tr\u00ecnh \u0111\u00fac tr\u1ecdng l\u1ef1c<\/li>\r\n<li>Quy tr\u00ecnh s\u1ea3n xu\u1ea5t \u0111\u1ed9c \u0111\u00e1o, gi\u1ea3m vi\u1ec7c h\u00ecnh th\u00e0nh c\u00e1c \u0111\u1ed1m c\u1ee9ng m\u1ed9t c\u00e1ch hi\u1ec7u qu\u1ea3<\/li>\r\n<li>T\u1ea5t c\u1ea3 c\u00e1c h\u1ee3p kim gang d\u1ebbo (GZ) \u0111\u01b0\u1ee3c s\u1ea3n xu\u1ea5t t\u1eeb K\u1ebdm Ch\u1ea5t l\u01b0\u1ee3ng cao \u0110\u1eb7c bi\u1ec7t (k\u1ebdm SHG) cao c\u1ea5p v\u1edbi s\u1ef1 ki\u1ec3m so\u00e1t ch\u1eb7t ch\u1ebd trong vi\u1ec7c l\u1ef1a ch\u1ecdn nguy\u00ean li\u1ec7u<\/li>\r\n<li>Tu\u00e2n th\u1ee7 theo c\u00e1c ti\u00eau chu\u1ea9n v\u1ec1 ki\u1ec3m tra b\u1ee9c x\u1ea1 c\u1ee7a qu\u1ed1c gia<\/li>\r\n<li>Thu nh\u1ecf bao b\u00ec \u0111\u1ec3 gi\u1ea3m ti\u1ebfp x\u00fac v\u1edbi qu\u00e1 tr\u00ecnh oxy h\u00f3a<\/li>\r\n<\/ul><\/div>\t\t\t\t\t\n\t\t\t\t\t\t\n\t\t<\/div><!-- end .news-grid-content -->\n\t<\/div><!-- end .news-grid -->\t\n\t<div class=\"news-grid wpnews-medium-6 wpnews-columns  wpnw-first  wpnw-last \" style=\"border-style: none !important; border-style: hidden !important; background-color: hidden;max-height:500px\">\n\t\t\t\n\t\t<div class=\"news-grid-content \" style=\"border-style: none !important; border-style: hidden !important; background-color: hidden; float:left;\">\n\t\t\t\n\t\t\t\t\t\t<div class=\"news-image-bg\" style=\"float:left; width:auto; height:auto; max-width:416px; max-height:500px; border-style: none !important; border-style: hidden !important; background-color: none;\">\n\t\t\t\t<a href=\"https:\/\/www.leekeegroup.com\/vn\/news\/gz-zinc-alloy\/\" target=\"_self\">\n\t\t\t\t\t<img src=\"https:\/\/www.leekeegroup.com\/wp-content\/uploads\/2016\/10\/gz-1.jpg\" alt=\"Post Image\" \/>\n\t\t\t\t<\/a>\n\t\t\t<\/div>\n\t\t\t          \t\t\t<h2 class=\"news-title\">\n\t\t\t\t<a href=\"https:\/\/www.leekeegroup.com\/vn\/news\/gz-zinc-alloy\/\" target=\"_self\">GZ H\u1ee2P KIM K\u1ebcM<\/a>\n\t\t\t<\/h2> \n\t\t\t\n\t\t\t\t\t\t\t\t\t\t<div style=\"padding-left: 20px;\"><ul>\r\n<li>M\u1ee9c \u0111\u1ed9 ph\u1ebf li\u1ec7u th\u1ea5p<\/li>\r\n<li>T\u00ednh l\u1ecfng v\u00e0 t\u00ednh d\u1ec5 u\u1ed1n tuy\u1ec7t v\u1eddi gi\u00fap n\u00e2ng cao hi\u1ec7u su\u1ea5t m\u1ea1 \u0111i\u1ec7n<\/li>\r\n<li>T\u00ednh nh\u1ea5t qu\u00e1n trong c\u00e1c tham s\u1ed1 v\u1ec1 quy tr\u00ecnh \u0111\u00fac khu\u00f4n gi\u00fap gi\u1ea3m c\u00e1c thay \u0111\u1ed5i trong c\u00e1c tham s\u1ed1 c\u1ee7a quy tr\u00ecnh<\/li>\r\n<li>Ki\u1ec3m so\u00e1t ch\u1eb7t ch\u1ebd c\u00e1c t\u1ea1p ch\u1ea5t, v\u00ed d\u1ee5: ch\u00ec, cadimi<\/li>\r\n<li>L\u00fd t\u01b0\u1edfng cho vi\u1ec7c s\u1ea3n xu\u1ea5t c\u00e1c s\u1ea3n ph\u1ea9m c\u00f3 y\u00eau c\u1ea7u kh\u1eaft khe v\u1ec1 t\u00ednh ho\u00e0n thi\u1ec7n b\u1ec1 m\u1eb7t v\u00e0 c\u00e1c t\u00ednh ch\u1ea5t c\u01a1 h\u1ecdc<\/li>\r\n<\/ul><\/div>\t\t\t\t\t\n\t\t\t\t\t\t\n\t\t<\/div><!-- end .news-grid-content -->\n\t<\/div><!-- end .news-grid -->\t\t\t\t\n\t<\/div><!-- end .sp_news_static -->\n\n\t\t\t<div class=\"news_pagination wpnaw-clearfix design-16\">\n\n\t\t\t\t\t<\/div><!-- end .news_pagination -->\n\t[\/vc_column][vc_column width =&#8221;1\/4&#8243; css=&#8221;.vc_custom_1421949556992{margin-top: -50px !important;}&#8221;]<\/p>\n\n\t<table style=\"width:100%;\" class=\"product_sidebar\">\n\t<tr>\n\t<th colspan=\"3\" style=\" width:100%;background-color: #dddddd; color: #c21332; font-size: 20px;text-align: center; padding-top: 15px; padding-bottom: 15px;\">L\u1ef1a ch\u1ecdn c\u1ee7a b\u1ea1n<\/th>\n\t<\/tr>\n\t<tr >\n\t<th style=\"padding-top:10px; padding-bottom:10px\">\n\n\t\t<a href=\"https:\/\/www.leekeegroup.com\/vn\/base-metals\">\n\n\t<i style=\" float:left; \" class=\"fa fa-chevron-left\" aria-hidden=\"true\"><\/i><\/a><\/th>\n\t<th style=\"text-align: center;\"><span style=\"padding-top:10px; padding-bottom: 10px; font-family: leekee_bold; font-weight: normal; text-align: center;float:center;\">H\u1ee3p kim k\u1ebdm<\/span><\/th>\n\t<th colspan=\"0\">\n\n\t\t<a href=\"https:\/\/www.leekeegroup.com\/vn\/aluminum\">\n\n\t<i style=\"float:right\" class=\"fa fa-chevron-right\" aria-hidden=\"true\"><\/i><\/a><\/th>\n\t<\/tr>\n\t<\/table>\n<table class=\"product_sidebar\" style=\"text-align: left; width: 100%;\">\n<tbody>\n<tr>\n<th style=\"background-color: #dddddd; color: #c21332; font-size: 20px; text-align: center; padding-top: 15px; padding-bottom: 15px;\">T\u00ecm m\u1ed9t s\u1ea3n ph\u1ea9m<\/th>\n<\/tr>\n<tr>\n<th>[vc_accordion active_tab=&#8221;4&#8243;][vc_accordion_tab title=&#8221;Lo\u1ea1i&#8221;][vc_column_text css=&#8221;.vc_custom_1478136533200{margin-left: 20px !important;}&#8221;]<br \/>\n<a href=\"https:\/\/www.leekeegroup.com\/vn\/2_zinc_alloy\/\">#2 H\u1ee3p kim k\u1ebdm<\/a><br \/>\n<a href=\"https:\/\/www.leekeegroup.com\/vn\/3_zinc_alloy\/\">#3 H\u1ee3p kim k\u1ebdm<\/a><br \/>\n<a href=\"https:\/\/www.leekeegroup.com\/vn\/4-zinc-alloy\/\">#4 H\u1ee3p kim k\u1ebdm<\/a><br \/>\n<a href=\"https:\/\/www.leekeegroup.com\/vn\/5-zinc-alloy\/\">#5 H\u1ee3p kim k\u1ebdm<\/a><br \/>\n<a href=\"https:\/\/www.leekeegroup.com\/vn\/7-zinc-alloy\/\">#7 H\u1ee3p kim k\u1ebdm<\/a><br \/>\n<a href=\"https:\/\/www.leekeegroup.com\/vn\/8-zinc-alloy\/\">#8 H\u1ee3p kim k\u1ebdm<\/a><br \/>\n<a href=\"https:\/\/www.leekeegroup.com\/vn\/12-zinc-alloy\/\">#12 H\u1ee3p kim k\u1ebdm<\/a><br \/>\n<a href=\"https:\/\/www.leekeegroup.com\/vn\/27-zinc-alloy\/\">#27 H\u1ee3p kim k\u1ebdm<\/a><br \/>\n<a href=\"https:\/\/www.leekeegroup.com\/vn\/acuzinc-5\/\">ACuZinc 5 H\u1ee3p kim<\/a><br \/>\n<a href=\"https:\/\/www.leekeegroup.com\/vn\/special-alloy\/\">H\u1ee3p kim \u0111\u1eb7c bi\u1ec7t<\/a>[\/vc_column_text][\/vc_accordion_tab][vc_accordion_tab title=&#8221;Ng\u00e0nh c\u00f4ng nghi\u1ec7p&#8221;][vc_column_text css=&#8221;.vc_custom_1478136533200{margin-left: 20px !important;}&#8221;]<a href=\"https:\/\/www.leekeegroup.com\/vn\/zinc-automotive\/\">\u00d4 t\u00f4<\/a><br \/>\n<a href=\"https:\/\/www.leekeegroup.com\/vn\/zinc-builders-hardware\/\">V\u1eadt li\u1ec7u c\u1ee7a nh\u00e0 x\u00e2y d\u1ef1ng<\/a><br \/>\n<a href=\"https:\/\/www.leekeegroup.com\/vn\/zinc-telecommunications\/\">Vi\u1ec5n th\u00f4ng<\/a><br \/>\n<a href=\"https:\/\/www.leekeegroup.com\/vn\/zinc-fashion-accessories\/\">Ph\u1ee5 ki\u1ec7n th\u1eddi trang<\/a><br \/>\n<a href=\"https:\/\/www.leekeegroup.com\/vn\/zinc-toys-gifts\/\">\u0110\u1ed3 ch\u01a1i &#038; Qu\u00e0 t\u1eb7ng<\/a><br \/>\n<a href=\"https:\/\/www.leekeegroup.com\/vn\/zinc-mechanical-components\/\">Linh ki\u1ec7n c\u01a1 kh\u00ed<\/a><br \/>\n<a href=\"https:\/\/www.leekeegroup.com\/vn\/zinc-tableware-silverware\/\">B\u1ed9 \u0111\u1ed3 \u0103n, \u0111\u1ed3 d\u00f9ng b\u1eb1ng b\u1ea1c<\/a><br \/>\n<a href=\"https:\/\/www.leekeegroup.com\/vn\/zinc-bathroom-hardware\/\">Ph\u1ee5 ki\u1ec7n ph\u00f2ng t\u1eafm<\/a><br \/>\n<a href=\"https:\/\/www.leekeegroup.com\/vn\/zinc-zippers\/\">Kh\u00f3a k\u00e9o<\/a><br \/>\n<a href=\"https:\/\/www.leekeegroup.com\/vn\/zinc-ceiling-fans\/\">Qu\u1ea1t tr\u1ea7n<\/a><br \/>\n<a href=\"https:\/\/www.leekeegroup.com\/vn\/zinc-electronics\/\">Thi\u1ebft b\u1ecb \u0111i\u1ec7n t\u1eed<\/a><br \/>\n<a href=\"https:\/\/www.leekeegroup.com\/vn\/zinc-sports-equipment\/\">Thi\u1ebft b\u1ecb th\u1ec3 thao<\/a><br \/>\n<a href=\"https:\/\/www.leekeegroup.com\/vn\/zinc-gas-regulators\/\">B\u1ed9 \u0111i\u1ec1u ti\u1ebft kh\u00ed<\/a> [\/vc_column_text][\/vc_accordion_tab][vc_accordion_tab title=&#8221;XU\u1ea4T X\u1ee8&#8221;][vc_column_text css=&#8221;.vc_custom_1478136533200{margin-left: 20px !important;}&#8221;]<br \/>\n<a href=\"https:\/\/www.leekeegroup.com\/vn\/zinc-china\/\">Trung Qu\u1ed1c<\/a><br \/>\n<a href=\"https:\/\/www.leekeegroup.com\/vn\/zinc-hong-kong\/\">H\u1ed3ng K\u00f4ng<\/a><br \/>\n<a href=\"https:\/\/www.leekeegroup.com\/vn\/zinc-japan\/\">Nh\u1eadt B\u1ea3n<\/a><br \/>\n<a href=\"https:\/\/www.leekeegroup.com\/vn\/zinc-korea\/\">H\u00e0n Qu\u1ed1c<\/a><br \/>\n[\/vc_column_text][\/vc_accordion_tab][vc_accordion_tab title=&#8221;NH\u00c3N HI\u1ec6U&#8221;][vc_column_text css=&#8221;.vc_custom_1478136533200{margin-left: 20px !important;}&#8221;]<a style=\"color: #c21332 !important;\" href=\"https:\/\/www.leekeegroup.com\/vn\/zinc-genesisgz\/\">Genesis\/GZ<\/a><br \/>\n<a href=\"https:\/\/www.leekeegroup.com\/vn\/zinc-korea-zinckza\/\">Korea Zinc\/KZ<\/a><br \/>\n<a href=\"https:\/\/www.leekeegroup.com\/vn\/mastercast\/\">Mastercast<\/a><br \/>\n<a href=\"https:\/\/www.leekeegroup.com\/vn\/zinc-mitisuizac\/\">Mitsui\/ZAC<\/a><br \/>\n<a href=\"https:\/\/www.leekeegroup.com\/vn\/zinc-sa\/\">SA<\/a><br \/>\n<a href=\"https:\/\/www.leekeegroup.com\/vn\/zinc-zintec\/\">Zintec<\/a><br \/>\n[\/vc_column_text][\/vc_accordion_tab][\/vc_accordion]<\/th>\n<\/tr>\n<tr>\n<th style=\"background-color: #e1e1e1; color: #c21332; font-size: 20px; text-align: center; padding-top: 15px; padding-bottom: 15px !important;\"><a style=\"display: block; color: #c21332 !important;\" href=\"https:\/\/www.leekeegroup.com\/vn\/subscription\/\">\u0110\u0103ng k\u00fd nh\u1eadn b\u1ea3n tin c\u1ee7a ch\u00fang t\u00f4i<\/a><\/th>\n<\/tr>\n<tr>\n<th style=\"text-align: center; padding-bottom: 15px; padding-top: 15px;\">B\u1ea3n tin Lee Kee \u0111\u01b0\u1ee3c ph\u00e1t h\u00e0nh h\u00e0ng qu\u00fd \u0111\u1ec3 nh\u1ea5n m\u1ea1nh nh\u1eefng ph\u01b0\u01a1ng th\u1ee9c m\u00e0 ch\u00fang t\u00f4i \u0111ang s\u1eed d\u1ee5ng \u0111\u1ec3 mang l\u1ea1i gi\u00e1 tr\u1ecb cho kh\u00e1ch h\u00e0ng, bao g\u1ed3m c\u00e1c tin t\u1ee9c v\u1ec1 th\u1ecb tr\u01b0\u1eddng, c\u1eadp nh\u1eadt th\u00f4ng tin v\u1ec1 k\u1ef9 thu\u1eadt v\u00e0 th\u00f4ng tin v\u1ec1 c\u00f4ng ty.<\/th>\n<\/tr>\n<tr>\n<th style=\"text-align: center; border-bottom: 1px solid #e1e1e1; padding-bottom: 15px;\"><a style=\"background-color: #c21332; color: white !important; padding: 5px;\" href=\"https:\/\/www.leekeegroup.com\/vn\/subscription\/\">\u0110\u0103ng k\u00fd<\/a><\/th>\n<\/tr>\n<tr>\n<th style=\"border-bottom: 1px solid #e1e1e1; font-size: 20px; text-align: center; padding-top: 15px; padding-bottom: 15px; color: #4f5b69;\">Theo d\u00f5i ch\u00fang t\u00f4i tr\u00ean WeChat<img loading=\"lazy\" class=\"aligncenter size-full wp-image-1895\" src=\"https:\/\/www.leekeegroup.com\/wp-content\/uploads\/2016\/10\/Untitled-2.jpg\" alt=\"untitled-2\" width=\"135\" height=\"135\" \/><\/th>\n<\/tr>\n<tr>\n<th style=\"border-bottom: 1px solid #e1e1e1; font-size: 20px; text-align: center; padding-top: 15px; padding-bottom: 15px;\"><a style=\"color: #4f5b69;\" href=\"https:\/\/www.leekeegroup.com\/vn\/contact-us\/\">Li\u00ean h\u1ec7 ch\u00fang t\u00f4i<\/a><\/th>\n<\/tr>\n<\/tbody>\n<\/table>\n<p>[\/vc_column]<\/div>[\/vc_row]<\/p>\n","protected":false},"excerpt":{"rendered":"<p>[vc_row css=&#8221;.vc_custom_1421949556992{margin-top: -50px !important;}&#8221;][vc_column][\/vc_column][\/vc_row][vc_row][\/vc_row]<\/p>\n","protected":false},"author":5,"featured_media":0,"parent":0,"menu_order":0,"comment_status":"closed","ping_status":"closed","template":"","meta":[],"_links":{"self":[{"href":"https:\/\/www.leekeegroup.com\/vn\/wp-json\/wp\/v2\/pages\/2509"}],"collection":[{"href":"https:\/\/www.leekeegroup.com\/vn\/wp-json\/wp\/v2\/pages"}],"about":[{"href":"https:\/\/www.leekeegroup.com\/vn\/wp-json\/wp\/v2\/types\/page"}],"author":[{"embeddable":true,"href":"https:\/\/www.leekeegroup.com\/vn\/wp-json\/wp\/v2\/users\/5"}],"replies":[{"embeddable":true,"href":"https:\/\/www.leekeegroup.com\/vn\/wp-json\/wp\/v2\/comments?post=2509"}],"version-history":[{"count":20,"href":"https:\/\/www.leekeegroup.com\/vn\/wp-json\/wp\/v2\/pages\/2509\/revisions"}],"predecessor-version":[{"id":11677,"href":"https:\/\/www.leekeegroup.com\/vn\/wp-json\/wp\/v2\/pages\/2509\/revisions\/11677"}],"wp:attachment":[{"href":"https:\/\/www.leekeegroup.com\/vn\/wp-json\/wp\/v2\/media?parent=2509"}],"curies":[{"name":"wp","href":"https:\/\/api.w.org\/{rel}","templated":true}]}}