{"id":2214,"date":"2016-10-27T02:00:44","date_gmt":"2016-10-27T02:00:44","guid":{"rendered":"http:\/\/www.leekeegroup.com\/?page_id=2214"},"modified":"2020-02-24T14:37:21","modified_gmt":"2020-02-24T06:37:21","slug":"subscription","status":"publish","type":"page","link":"https:\/\/www.leekeegroup.com\/vn\/subscription\/","title":{"rendered":"\u0110\u0103ng k\u00fd nh\u1eadn b\u1ea3n tin c\u1ee7a ch\u00fang t\u00f4i"},"content":{"rendered":"<div role=\"form\" class=\"wpcf7\" id=\"wpcf7-f9936-o1\" lang=\"en-US\" dir=\"ltr\">\n<div class=\"screen-reader-response\" role=\"alert\" aria-live=\"polite\"><\/div>\n<form action=\"\/vn\/wp-json\/wp\/v2\/pages\/2214#wpcf7-f9936-o1\" method=\"post\" class=\"wpcf7-form init contact-for-company\" novalidate=\"novalidate\">\n<div style=\"display: none;\">\n<input type=\"hidden\" name=\"_wpcf7\" value=\"9936\" \/>\n<input type=\"hidden\" name=\"_wpcf7_version\" value=\"5.2\" \/>\n<input type=\"hidden\" name=\"_wpcf7_locale\" value=\"en_US\" \/>\n<input type=\"hidden\" name=\"_wpcf7_unit_tag\" value=\"wpcf7-f9936-o1\" \/>\n<input type=\"hidden\" name=\"_wpcf7_container_post\" value=\"0\" \/>\n<input type=\"hidden\" name=\"_wpcf7_posted_data_hash\" value=\"\" \/>\n<input type=\"hidden\" name=\"_wpcf7_recaptcha_response\" value=\"\" \/>\n<\/div>\n<p>\u0110\u0103ng k\u00fd nh\u1eadn b\u1ea3n tin c\u1ee7a ch\u00fang t\u00f4i<\/p>\n<p>T\u00ean*<br \/>\n    <span class=\"wpcf7-form-control-wrap your-name\"><input type=\"text\" name=\"your-name\" value=\"\" size=\"40\" class=\"wpcf7-form-control wpcf7-text wpcf7-validates-as-required\" aria-required=\"true\" aria-invalid=\"false\" \/><\/span> <\/p>\n<p>C\u00f4ng ty*<br \/>\n    <span class=\"wpcf7-form-control-wrap Company\"><input type=\"text\" name=\"Company\" value=\"\" size=\"40\" class=\"wpcf7-form-control wpcf7-text wpcf7-validates-as-required\" aria-required=\"true\" aria-invalid=\"false\" \/><\/span> <\/p>\n<p>Email*<br \/>\n    <span class=\"wpcf7-form-control-wrap your-email\"><input type=\"email\" name=\"your-email\" value=\"\" size=\"40\" class=\"wpcf7-form-control wpcf7-text wpcf7-email wpcf7-validates-as-required wpcf7-validates-as-email\" aria-required=\"true\" aria-invalid=\"false\" \/><\/span> <\/p>\n<p>T\u1ea5t c\u1ea3 c\u00e1c m\u1ee5c \u0111\u01b0\u1ee3c \u0111\u00e1nh d\u1ea5u b\u1eb1ng (*) l\u00e0 b\u1eaft bu\u1ed9c c\u1ea7n \u0111i\u1ec1n<\/p>\n<p><input type=\"submit\" value=\"G\u1eedi\" class=\"wpcf7-form-control wpcf7-submit contact-for-company-button\" \/><\/p>\n<div class=\"wpcf7-response-output\" role=\"alert\" aria-hidden=\"true\"><\/div><\/form><\/div>\n","protected":false},"excerpt":{"rendered":"","protected":false},"author":5,"featured_media":0,"parent":0,"menu_order":0,"comment_status":"closed","ping_status":"closed","template":"","meta":[],"_links":{"self":[{"href":"https:\/\/www.leekeegroup.com\/vn\/wp-json\/wp\/v2\/pages\/2214"}],"collection":[{"href":"https:\/\/www.leekeegroup.com\/vn\/wp-json\/wp\/v2\/pages"}],"about":[{"href":"https:\/\/www.leekeegroup.com\/vn\/wp-json\/wp\/v2\/types\/page"}],"author":[{"embeddable":true,"href":"https:\/\/www.leekeegroup.com\/vn\/wp-json\/wp\/v2\/users\/5"}],"replies":[{"embeddable":true,"href":"https:\/\/www.leekeegroup.com\/vn\/wp-json\/wp\/v2\/comments?post=2214"}],"version-history":[{"count":3,"href":"https:\/\/www.leekeegroup.com\/vn\/wp-json\/wp\/v2\/pages\/2214\/revisions"}],"predecessor-version":[{"id":9938,"href":"https:\/\/www.leekeegroup.com\/vn\/wp-json\/wp\/v2\/pages\/2214\/revisions\/9938"}],"wp:attachment":[{"href":"https:\/\/www.leekeegroup.com\/vn\/wp-json\/wp\/v2\/media?parent=2214"}],"curies":[{"name":"wp","href":"https:\/\/api.w.org\/{rel}","templated":true}]}}