{"id":2111,"date":"2016-10-27T01:56:07","date_gmt":"2016-10-27T01:56:07","guid":{"rendered":"http:\/\/www.leekeegroup.com\/?page_id=2111"},"modified":"2020-01-24T12:20:55","modified_gmt":"2020-01-24T04:20:55","slug":"quotation","status":"publish","type":"page","link":"https:\/\/www.leekeegroup.com\/vn\/quotation\/","title":{"rendered":"Quotation"},"content":{"rendered":"<div role=\"form\" class=\"wpcf7\" id=\"wpcf7-f9546-o1\" lang=\"en-US\" dir=\"ltr\">\n<div class=\"screen-reader-response\" role=\"alert\" aria-live=\"polite\"><\/div>\n<form action=\"\/vn\/wp-json\/wp\/v2\/pages\/2111#wpcf7-f9546-o1\" method=\"post\" class=\"wpcf7-form init contact-for-company\" novalidate=\"novalidate\">\n<div style=\"display: none;\">\n<input type=\"hidden\" name=\"_wpcf7\" value=\"9546\" \/>\n<input type=\"hidden\" name=\"_wpcf7_version\" value=\"5.2\" \/>\n<input type=\"hidden\" name=\"_wpcf7_locale\" value=\"en_US\" \/>\n<input type=\"hidden\" name=\"_wpcf7_unit_tag\" value=\"wpcf7-f9546-o1\" \/>\n<input type=\"hidden\" name=\"_wpcf7_container_post\" value=\"0\" \/>\n<input type=\"hidden\" name=\"_wpcf7_posted_data_hash\" value=\"\" \/>\n<input type=\"hidden\" name=\"_wpcf7_recaptcha_response\" value=\"\" \/>\n<\/div>\n<table style=\"width: 100%; border-color: transparent !important;\">\n<tr style=\"text-align: left; border-bottom: 1px solid #d3d3d3 !important;\">\n<th>\n<p>T\u00f4i quan t\u00e2m \u0111\u1ebfn<br\/><span class=\"wpcf7-form-control-wrap checkbox-265\"><span class=\"wpcf7-form-control wpcf7-checkbox wpcf7-validates-as-required squaredThree\"><span class=\"wpcf7-list-item first\"><input type=\"checkbox\" name=\"checkbox-265[]\" value=\"H\u1ee3p kim k\u1ebdm\" \/><span class=\"wpcf7-list-item-label\">H\u1ee3p kim k\u1ebdm<\/span><\/span><span class=\"wpcf7-list-item\"><input type=\"checkbox\" name=\"checkbox-265[]\" value=\"H\u1ee3p kim nh\u00f4m\" \/><span class=\"wpcf7-list-item-label\">H\u1ee3p kim nh\u00f4m<\/span><\/span><span class=\"wpcf7-list-item\"><input type=\"checkbox\" name=\"checkbox-265[]\" value=\"Th\u00e9p kh\u00f4ng g\u1ec9\" \/><span class=\"wpcf7-list-item-label\">Th\u00e9p kh\u00f4ng g\u1ec9<\/span><\/span><span class=\"wpcf7-list-item\"><input type=\"checkbox\" name=\"checkbox-265[]\" value=\"C\u00e1c h\u00f3a ch\u1ea5t m\u1ea1 \u0111i\u1ec7n\" \/><span class=\"wpcf7-list-item-label\">C\u00e1c h\u00f3a ch\u1ea5t m\u1ea1 \u0111i\u1ec7n<\/span><\/span><span class=\"wpcf7-list-item\"><input type=\"checkbox\" name=\"checkbox-265[]\" value=\"D\u00e2y h\u00e0n\" \/><span class=\"wpcf7-list-item-label\">D\u00e2y h\u00e0n<\/span><\/span><span class=\"wpcf7-list-item\"><input type=\"checkbox\" name=\"checkbox-265[]\" value=\"C\u00e1c kim lo\u1ea1i qu\u00fd\" \/><span class=\"wpcf7-list-item-label\">C\u00e1c kim lo\u1ea1i qu\u00fd<\/span><\/span><span class=\"wpcf7-list-item\"><input type=\"checkbox\" name=\"checkbox-265[]\" value=\"C\u00e1c kim lo\u1ea1i &amp; S\u1ea3n ph\u1ea9m kh\u00e1c\" \/><span class=\"wpcf7-list-item-label\">C\u00e1c kim lo\u1ea1i &amp; S\u1ea3n ph\u1ea9m kh\u00e1c<\/span><\/span><span class=\"wpcf7-list-item last\"><input type=\"checkbox\" name=\"checkbox-265[]\" value=\"C\u00e1c kim lo\u1ea1i g\u1ed1c\" \/><span class=\"wpcf7-list-item-label\">C\u00e1c kim lo\u1ea1i g\u1ed1c<\/span><\/span><\/span><\/span><\/p>\n<\/th>\n<th>\n<p>\u0110\u1ecba \u0111i\u1ec3m*<br\/><span class=\"wpcf7-form-control-wrap your-recipient\"><span class=\"wpcf7-form-control wpcf7-checkbox wpcf7-validates-as-required\"><span class=\"wpcf7-list-item first\"><input type=\"checkbox\" name=\"your-recipient[]\" value=\"Mi\u1ec1n Nam Trung Qu\u1ed1c\" \/><span class=\"wpcf7-list-item-label\">Mi\u1ec1n Nam Trung Qu\u1ed1c<\/span><\/span><span class=\"wpcf7-list-item\"><input type=\"checkbox\" name=\"your-recipient[]\" value=\"Mi\u1ec1n \u0110\u00f4ng trung qu\u1ed1c\" \/><span class=\"wpcf7-list-item-label\">Mi\u1ec1n \u0110\u00f4ng trung qu\u1ed1c<\/span><\/span><span class=\"wpcf7-list-item last\"><input type=\"checkbox\" name=\"your-recipient[]\" value=\"\u0110\u00f4ng Nam \u00c1 ho\u1eb7c n\u01b0\u1edbc ngo\u00e0i\" \/><span class=\"wpcf7-list-item-label\">\u0110\u00f4ng Nam \u00c1 ho\u1eb7c n\u01b0\u1edbc ngo\u00e0i<\/span><\/span><\/span><\/span><\/p>\n<\/th>\n<\/tr>\n<\/table>\n<p>T\u00ean*<br \/>\n    <span class=\"wpcf7-form-control-wrap your-name\"><input type=\"text\" name=\"your-name\" value=\"\" size=\"40\" class=\"wpcf7-form-control wpcf7-text wpcf7-validates-as-required\" aria-required=\"true\" aria-invalid=\"false\" \/><\/span> <\/p>\n<p>C\u00f4ng ty*<br \/>\n    <span class=\"wpcf7-form-control-wrap Company\"><input type=\"text\" name=\"Company\" value=\"\" size=\"40\" class=\"wpcf7-form-control wpcf7-text wpcf7-validates-as-required\" aria-required=\"true\" aria-invalid=\"false\" \/><\/span> <\/p>\n<p>Email*<br \/>\n    <span class=\"wpcf7-form-control-wrap your-email\"><input type=\"email\" name=\"your-email\" value=\"\" size=\"40\" class=\"wpcf7-form-control wpcf7-text wpcf7-email wpcf7-validates-as-required wpcf7-validates-as-email\" aria-required=\"true\" aria-invalid=\"false\" \/><\/span> <\/p>\n<p>Tin nh\u1eafn<br \/>\n    <span class=\"wpcf7-form-control-wrap your-message\"><textarea name=\"your-message\" cols=\"40\" rows=\"10\" class=\"wpcf7-form-control wpcf7-textarea contact-for-company-textarea\" aria-invalid=\"false\"><\/textarea><\/span><\/p>\n<p>T\u1ea5t c\u1ea3 c\u00e1c m\u1ee5c \u0111\u01b0\u1ee3c \u0111\u00e1nh d\u1ea5u b\u1eb1ng (*) l\u00e0 b\u1eaft bu\u1ed9c c\u1ea7n \u0111i\u1ec1n<\/p>\n<p><input type=\"submit\" value=\"G\u1eedi\" class=\"wpcf7-form-control wpcf7-submit contact-for-company-button\" \/><\/p>\n<div class=\"wpcf7-response-output\" role=\"alert\" aria-hidden=\"true\"><\/div><\/form><\/div>\n","protected":false},"excerpt":{"rendered":"","protected":false},"author":5,"featured_media":0,"parent":0,"menu_order":0,"comment_status":"closed","ping_status":"closed","template":"","meta":[],"_links":{"self":[{"href":"https:\/\/www.leekeegroup.com\/vn\/wp-json\/wp\/v2\/pages\/2111"}],"collection":[{"href":"https:\/\/www.leekeegroup.com\/vn\/wp-json\/wp\/v2\/pages"}],"about":[{"href":"https:\/\/www.leekeegroup.com\/vn\/wp-json\/wp\/v2\/types\/page"}],"author":[{"embeddable":true,"href":"https:\/\/www.leekeegroup.com\/vn\/wp-json\/wp\/v2\/users\/5"}],"replies":[{"embeddable":true,"href":"https:\/\/www.leekeegroup.com\/vn\/wp-json\/wp\/v2\/comments?post=2111"}],"version-history":[{"count":13,"href":"https:\/\/www.leekeegroup.com\/vn\/wp-json\/wp\/v2\/pages\/2111\/revisions"}],"predecessor-version":[{"id":12703,"href":"https:\/\/www.leekeegroup.com\/vn\/wp-json\/wp\/v2\/pages\/2111\/revisions\/12703"}],"wp:attachment":[{"href":"https:\/\/www.leekeegroup.com\/vn\/wp-json\/wp\/v2\/media?parent=2111"}],"curies":[{"name":"wp","href":"https:\/\/api.w.org\/{rel}","templated":true}]}}