{"id":2056,"date":"2016-10-24T05:51:38","date_gmt":"2016-10-24T05:51:38","guid":{"rendered":"http:\/\/www.leekeegroup.com\/?page_id=2056"},"modified":"2021-09-14T17:23:30","modified_gmt":"2021-09-14T09:23:30","slug":"career","status":"publish","type":"page","link":"https:\/\/www.leekeegroup.com\/vn\/career\/","title":{"rendered":"Careers"},"content":{"rendered":"<p>[vc_row css=&#8221;.vc_custom_1421949556992{margin-top: -50px !important;}&#8221;][vc_column]<div class=\"fullwidth-block clearfix\" style=\"background-position: center top;\"><script type=\"text\/javascript\">jQuery(function() { _initLayerSlider( '#layerslider_212_ji2t2m7v8nz7', {sliderVersion: '', responsiveUnder: 1260, layersContainer: 2, hideUnder: 0, hideOver: 100000, pauseOnHover: 1, skin: 'v5', skinsPath: 'https:\/\/www.leekeegroup.com\/wp-content\/plugins\/LayerSlider\/assets\/static\/layerslider\/skins\/', type: 'responsive', showCircleTimer: false}); });<\/script><div id=\"layerslider_212_ji2t2m7v8nz7\" class=\"ls-wp-container fitvidsignore\" style=\"width:1260px;height:300px;max-width:1260px;margin:0 auto;margin-bottom: 0px;\"><div class=\"ls-slide\" data-ls=\"duration:4000;\"><img width=\"1259\" height=\"301\" src=\"https:\/\/www.leekeegroup.com\/wp-content\/uploads\/2020\/02\/04_Careers-3.jpg\" class=\"ls-bg\" alt=\"\" loading=\"lazy\" srcset=\"https:\/\/www.leekeegroup.com\/wp-content\/uploads\/2020\/02\/04_Careers-3.jpg 1259w, https:\/\/www.leekeegroup.com\/wp-content\/uploads\/2020\/02\/04_Careers-3-300x72.jpg 300w, https:\/\/www.leekeegroup.com\/wp-content\/uploads\/2020\/02\/04_Careers-3-768x184.jpg 768w, https:\/\/www.leekeegroup.com\/wp-content\/uploads\/2020\/02\/04_Careers-3-1024x245.jpg 1024w\" sizes=\"(max-width: 1259px) 100vw, 1259px\" \/><\/div><\/div><\/div>[\/vc_column][\/vc_row][vc_row][vc_column][vc_column_text]<\/p>\n<p style=\"text-align: center; font-weight: bold; font-size: 20px; line-height: 130%; text-transform: uppercase;\">CH\u00cdNH NH\u1eeeNG TH\u00c0NH VI\u00caN TRONG T\u1eacP \u0110O\u00c0N LEE KEE<br \/>\nNH\u1eeeNG NG\u01af\u1edcI TH\u00daC \u0110\u1ea8Y TH\u00c0NH C\u00d4NG C\u1ee6A CH\u00daNG T\u00d4I B\u1eb0NG C\u00c1CH<br \/>\nDUY TR\u00cc N\u00c2NG CAO CH\u1ea4T L\u01af\u1ee2NG<br \/>\nCHO C\u00c1C S\u1ea2N PH\u1ea8M V\u00c0 D\u1ecaCH V\u1ee4 C\u1ee6A CH\u00daNG T\u00d4I.<\/p>\n<p style=\"text-align: center; font-size: 20px; font-weight: normal;\">V\u01a1i t\u01b0 c\u00e1ch l\u00e0 m\u1ed9t nh\u00e0 l\u00e3nh \u0111\u1ea1o trong ng\u00e0nh c\u00f4ng nghi\u1ec7p c\u1ee7a ch\u00fang t\u00f4i, Lee Kee coi nh\u00e2n vi\u00ean c\u1ee7a m\u00ecnh l\u00e0 t\u00e0i s\u1ea3n qu\u00fd gi\u00e1 nh\u1ea5t. Ch\u00ednh s\u00e1ch nh\u00e2n s\u1ef1 c\u1ee7a ch\u00fang t\u00f4i t\u1eadp trung v\u00e0o vi\u1ec7c coi tr\u1ecdng nh\u00e2n vi\u00ean v\u00e0 \u0111\u1ea7u t\u01b0 v\u00e0o s\u1ef1 ph\u00e1t tri\u1ec3n v\u00e0 th\u0103ng ti\u1ebfn trong T\u1eadp \u0111o\u00e0n. \u0110\u00e2y l\u00e0 ch\u00eca kh\u00f3a d\u1eabn \u0111\u1ebfn s\u1ef1 th\u00e0nh c\u00f4ng v\u00e0 s\u1ef1 ph\u00e1t tri\u1ec3n b\u1ec1n v\u1eefng c\u1ee7a t\u1ed5 ch\u1ee9c ch\u00fang t\u00f4i.<\/p>\n<p>[\/vc_column]<br \/>\n[vc_column]<img loading=\"lazy\" class=\"aligncenter size-full wp-image-10983\" src=\"https:\/\/www.leekeegroup.com\/wp-content\/uploads\/2021\/04\/shutterstock_141877153.jpg\" alt=\"\" width=\"570\" height=\"378\" srcset=\"https:\/\/www.leekeegroup.com\/wp-content\/uploads\/2021\/04\/shutterstock_141877153.jpg 570w, https:\/\/www.leekeegroup.com\/wp-content\/uploads\/2021\/04\/shutterstock_141877153-300x199.jpg 300w\" sizes=\"(max-width: 570px) 100vw, 570px\" \/>[vc_column_text]<\/p>\n<p style=\"text-align: center; font-weight: bold; font-size: 20px; line-height: 130%; text-transform: uppercase;\">C\u01a1 h\u1ed9i ngh\u1ec1 nghi\u1ec7p<\/p>\n<p style=\"text-align: center;\"><span style=\"font-weight: normal;\">T\u1eeb nghi\u00ean c\u1ee9u, k\u1ef9 thu\u1eadt, s\u1ea3n xu\u1ea5t \u0111\u1ebfn c\u00e1c ch\u1ee9c n\u0103ng kh\u00e1c c\u1ee7a c\u00f4ng ty nh\u01b0 CNTT, nh\u00e2n l\u1ef1c, t\u00e0i ch\u00ednh, b\u00e1n h\u00e0ng v\u00e0 ti\u1ebfp th\u1ecb, n\u1ebfu c\u00e1c b\u1ea1n l\u00e0 nh\u1eefng c\u00e1 nh\u00e2n m\u1ea1nh m\u1ebd, \u0111\u1ea7y t\u00e0i n\u0103ng v\u00e0 t\u1eadn t\u1ee5y v\u00e0 c\u00f3 chung t\u1ea7m nh\u00ecn v\u1edbi ch\u00fang t\u00f4i c\u0169ng nh\u01b0 h\u01b0\u1edbng t\u1edbi vi\u1ec7c ph\u1ea5n \u0111\u1ea5u \u0111\u1ec3 tr\u1edf th\u00e0nh nh\u1eefng nh\u00e2n t\u00e0i xu\u1ea5t s\u1eafc, h\u00e3y tham gia c\u00f9ng ch\u00fang t\u00f4i!<\/span><\/p>\n<p style=\"text-align: center;\">[\/vc_column_text][\/vc_column][vc_column][vc_column_text]<\/p>\n<p style=\"font-size: 30px; font-family: leekee_bold; text-align: center;\">TH\u0102NG TI\u00caN &#038; PH\u00c1T TRI\u1ec2N T\u1ea0I Lee Kee<\/p>\n<p>[\/vc_column_text]<\/p>\n<p><img loading=\"lazy\" class=\"aligncenter size-full wp-image-2259\" src=\"https:\/\/www.leekeegroup.com\/wp-content\/uploads\/2016\/10\/Untitled-14.jpg\" alt=\"pic03\" width=\"100%\" height=\"100%\" srcset=\"https:\/\/www.leekeegroup.com\/wp-content\/uploads\/2016\/10\/Untitled-14.jpg 1099w, https:\/\/www.leekeegroup.com\/wp-content\/uploads\/2016\/10\/Untitled-14-300x118.jpg 300w, https:\/\/www.leekeegroup.com\/wp-content\/uploads\/2016\/10\/Untitled-14-768x303.jpg 768w, https:\/\/www.leekeegroup.com\/wp-content\/uploads\/2016\/10\/Untitled-14-1024x403.jpg 1024w\" sizes=\"(max-width: 1099px) 100vw, 1099px\" \/>[vc_column_text]<\/p>\n<p style=\"text-align: center; font-weight: bold; font-size: 20px; line-height: 130%; text-transform: uppercase;\">\u0110I\u1ec0U G\u00cc L\u00c0M CH\u00daNG TA TR\u1ede N\u00caN KH\u00c1C BI\u1ec6T<\/p>\n<p style=\"text-align: center; font-size: 20px; font-weight: normal;\">V\u0103n h\u00f3a Lee Kee l\u00e0 m\u1ed9t n\u1ec1n v\u0103n h\u00f3a m\u00e0 c\u00e1c th\u00e0nh vi\u00ean trong t\u1eadp \u0111o\u00e0n c\u1ee7a ch\u00fang t\u00f4i c\u00f3 c\u01a1 h\u1ed9i theo \u0111u\u1ed5i kh\u00e1t v\u1ecdng ngh\u1ec1 nghi\u1ec7p c\u1ee7a h\u1ecd trong m\u1ed9t m\u00f4i tr\u01b0\u1eddng mang t\u00ednh h\u1ee3p t\u00e1c v\u00e0 h\u1ed7 tr\u1ee3. D\u00f9 b\u1ea1n \u0111\u00f3ng vai tr\u00f2 g\u00ec \u0111i ch\u0103ng n\u1eefa th\u00ec khi b\u1ea1n tham gia Lee Kee, b\u1ea1n s\u1ebd tr\u1edf th\u00e0nh m\u1ed9t ph\u1ea7n c\u1ee7a m\u1ed9t \u0111i\u1ec1u g\u00ec \u0111\u00f3 l\u1edbn lao.<\/p>\n<p>[\/vc_column_text][\/vc_column][\/vc_row][vc_row css=&#8221;.vc_custom_1421949556992{margin-top: -50px !important; box-sizing:content-box !important;}&#8221;][vc_column]<div class=\"fullwidth-block clearfix\" style=\"background-position: center top;\"><script type=\"text\/javascript\">jQuery(function() { _initLayerSlider( '#layerslider_262_1b6vmmel1jhzo', {sliderVersion: '6.11.1', responsiveUnder: 1260, hideOnMobile: true, hideUnder: 0, hideOver: 100000, pauseOnHover: 1, forceCycles: false, skin: 'v5', skinsPath: 'https:\/\/www.leekeegroup.com\/wp-content\/plugins\/LayerSlider\/assets\/static\/layerslider\/skins\/'}); });<\/script><div id=\"layerslider_262_1b6vmmel1jhzo\" class=\"ls-wp-container fitvidsignore\" style=\"width:1260px;height:536px;max-width:1260px;margin:0 auto;margin-bottom: 0px;\"><div class=\"ls-slide\" data-ls=\"duration:4000;kenburnsscale:1.2;\"><img width=\"1258\" height=\"536\" src=\"https:\/\/www.leekeegroup.com\/wp-content\/uploads\/2016\/11\/Untitled-8-1.jpg\" class=\"ls-bg\" alt=\"\" loading=\"lazy\" srcset=\"https:\/\/www.leekeegroup.com\/wp-content\/uploads\/2016\/11\/Untitled-8-1.jpg 1258w, https:\/\/www.leekeegroup.com\/wp-content\/uploads\/2016\/11\/Untitled-8-1-300x128.jpg 300w, https:\/\/www.leekeegroup.com\/wp-content\/uploads\/2016\/11\/Untitled-8-1-768x327.jpg 768w, https:\/\/www.leekeegroup.com\/wp-content\/uploads\/2016\/11\/Untitled-8-1-1024x436.jpg 1024w\" sizes=\"(max-width: 1258px) 100vw, 1258px\" \/><img width=\"633\" height=\"250\" src=\"https:\/\/www.leekeegroup.com\/wp-content\/uploads\/2020\/02\/dialogue-021.jpg\" class=\"ls-l\" alt=\"\" loading=\"lazy\" srcset=\"https:\/\/www.leekeegroup.com\/wp-content\/uploads\/2020\/02\/dialogue-021.jpg 633w, https:\/\/www.leekeegroup.com\/wp-content\/uploads\/2020\/02\/dialogue-021-300x118.jpg 300w\" sizes=\"(max-width: 633px) 100vw, 633px\" style=\"text-align: left;\nfont-weight: bold;\nfont-size: 30px; background-color: white; padding: 40px; margin: 25px;\nline-height:normal;\nfont-style: italic;top:50px;left:80%;\" data-ls=\"offsetxin:80;delayin:250;offsetxout:-80;durationout:400;parallaxlevel:0;\"><\/div><\/div><\/div>[\/vc_column][\/vc_row][vc_row css=&#8221;.career_page_text_margin_bottom{margin-bottom:<br \/>\n10px!important;}&#8221;][vc_column][vc_column_text]<\/p>\n<p style=\"text-align: center;\">Ch\u00fang t\u00f4i cho r\u1eb1ng \u0111\u1eddi s\u1ed1ng di\u1ec5n ra sau ng\u00e0y l\u00e0m vi\u1ec7c \u0111\u00f3ng vai tr\u00f2 v\u00f4 c\u00f9ng quan tr\u1ecdng v\u00e0 do \u0111\u00f3, ch\u00fang t\u00f4i t\u1ed5 ch\u1ee9c m\u1ed9t lo\u1ea1t c\u00e1c s\u1ef1 ki\u1ec7n mang t\u00ednh x\u00e3 h\u1ed9i, c\u1ed9ng \u0111\u1ed3ng v\u00e0 th\u1ec3 thao nh\u1eb1m gi\u00fap c\u00e1c th\u00e0nh vi\u00ean trong t\u1eadp \u0111o\u00e0n c\u1ee7a ch\u00fang t\u00f4i \u0111\u01b0\u1ee3c tham gia v\u00e0 c\u00e1c s\u1ef1 ki\u1ec7n \u0111\u00f3 theo s\u1edf th\u00edch c\u1ee7a h\u1ecd.[\/vc_column_text][\/vc_column][\/vc_row][vc_row css=&#8221;.vc_custom_1421949556992{margin-top: -50px !important; box-sizing:content-box !important;}&#8221;][vc_column_inner width=&#8221;1\/4&#8243;]<img class=\"aligncenter size-full wp-image-11548\" src=\"https:\/\/www.leekeegroup.com\/wp-content\/uploads\/2021\/09\/logo_ready-01.jpg\" alt=\"icon_2 \" height=\"90\" srcset=\"https:\/\/www.leekeegroup.com\/wp-content\/uploads\/2021\/09\/logo_ready-01.jpg 780w, https:\/\/www.leekeegroup.com\/wp-content\/uploads\/2021\/09\/logo_ready-01-300x140.jpg 300w, https:\/\/www.leekeegroup.com\/wp-content\/uploads\/2021\/09\/logo_ready-01-768x357.jpg 768w\" sizes=\"(max-width: 780px) 100vw, 780px\" \/>[\/vc_column_inner][vc_column_inner width=&#8221;1\/4&#8243;]<a href=\"https:\/\/www.leekeegroup.com\/wp-content\/uploads\/2020\/03\/CSR-5RGB.jpg\"><img loading=\"lazy\" class=\"wp-image-7192 aligncenter\" src=\"https:\/\/www.leekeegroup.com\/wp-content\/uploads\/2020\/03\/CSR-5RGB.jpg\" alt=\"Industry Cares 3+\" width=\"257\" height=\"116\" \/><\/a>[\/vc_column_inner][vc_column_inner width=&#8221;1\/4&#8243;]<img class=\"aligncenter wp-image-7028\" src=\"https:\/\/www.leekeegroup.com\/wp-content\/uploads\/2017\/08\/2017_5-e1502847063121.jpg\" alt=\"icon_2 \" height=\"90\" srcset=\"https:\/\/www.leekeegroup.com\/wp-content\/uploads\/2017\/08\/2017_5-e1502847063121.jpg 560w, https:\/\/www.leekeegroup.com\/wp-content\/uploads\/2017\/08\/2017_5-e1502847063121-300x117.jpg 300w\" sizes=\"(max-width: 560px) 100vw, 560px\" \/>[\/vc_column_inner][vc_column_inner width=&#8221;1\/4&#8243;]<img class=\"aligncenter wp-image-7028\" src=\"https:\/\/www.leekeegroup.com\/wp-content\/uploads\/2020\/03\/5\u300c\u53cb\u5546\u6709\u826f\u300dLOGO.jpg\" alt=\"icon_2 \" height=\"90\" \/>[\/vc_column_inner][\/vc_row][vc_row css=&#8221;.career_page_no_padding_2{margin:0px !important}&#8221;][vc_column width=&#8221;1\/3&#8243; css=&#8221;.career_page_no_padding{margin-top:5px !important; padding:3px !important; margin: 0px !important; margin-bottom:0!important; box-sizing:content-box !important; max_width:98% !important; margin-top:0px !important; }&#8221;][vc_single_image image=&#8221;3599&#8243; border_color=&#8221;grey&#8221; img_link_target=&#8221;_self&#8221; img_size=&#8221;full&#8221; alignment=&#8221;center&#8221;][\/vc_column][vc_column width=&#8221;1\/3&#8243; css=&#8221;.career_page_no_padding{margin-top:5px !important; padding:3px !important; margin: 0px !important; margin-bottom:0!important; box-sizing:content-box !important; width:98% !important; margin-top:0px !important; }&#8221;][vc_single_image image=&#8221;3597&#8243; border_color=&#8221;grey&#8221; img_link_target=&#8221;_self&#8221; img_size=&#8221;full&#8221;][\/vc_column][vc_column width=&#8221;1\/3&#8243; css=&#8221;.career_page_no_padding{margin-top:5px !important; padding:3px !important; margin: 0px !important; margin-bottom:0!important; box-sizing:content-box !important; width:98% !important; margin-top:0px !important; }&#8221;][vc_single_image image=&#8221;3596&#8243; border_color=&#8221;grey&#8221; img_link_target=&#8221;_self&#8221; img_size=&#8221;full&#8221;][\/vc_column][\/vc_row][vc_row css=&#8221;.career_page_no_padding_2{margin:0px !important}&#8221;][vc_column width=&#8221;1\/3&#8243; css=&#8221;.career_page_no_padding{margin-top:5px !important; padding:3px !important; margin: 0px !important; margin-bottom:0!important; box-sizing:content-box !important; max_width:98% !important; margin-top:0px !important; }&#8221;][vc_single_image image=&#8221;3594&#8243; border_color=&#8221;grey&#8221; img_link_target=&#8221;_self&#8221; img_size=&#8221;full&#8221;][\/vc_column][vc_column width=&#8221;1\/3&#8243; css=&#8221;.career_page_no_padding{margin-top:5px !important; padding:3px !important; margin: 0px !important; margin-bottom:0!important; box-sizing:content-box !important; max_width:98% !important; margin-top:0px !important; }&#8221;][vc_single_image image=&#8221;3598&#8243; border_color=&#8221;grey&#8221; img_link_target=&#8221;_self&#8221; img_size=&#8221;full&#8221;][\/vc_column][vc_column width=&#8221;1\/3&#8243; css=&#8221;.career_page_no_padding{margin-top:5px !important; padding:3px !important; margin: 0px !important; margin-bottom:0!important; box-sizing:content-box !important; max_width:98% !important; margin-top:0px !important; }&#8221;][vc_single_image image=&#8221;3595&#8243; border_color=&#8221;grey&#8221; img_link_target=&#8221;_self&#8221; img_size=&#8221;full&#8221;][\/vc_column][\/vc_row]<\/p>\n","protected":false},"excerpt":{"rendered":"<p>[vc_row css=&#8221;.vc_custom_1421949556992{margin-top: -50px !important;}&#8221;][vc_column][\/vc_column][\/vc_row][vc_row][vc_column][vc_column_text] CH\u00cdNH NH\u1eeeNG TH\u00c0NH VI\u00caN TRONG T\u1eacP \u0110O\u00c0N LEE KEE NH\u1eeeNG NG\u01af\u1edcI TH\u00daC \u0110\u1ea8Y TH\u00c0NH C\u00d4NG C\u1ee6A&#8230;<\/p>\n","protected":false},"author":5,"featured_media":0,"parent":0,"menu_order":0,"comment_status":"closed","ping_status":"closed","template":"","meta":[],"_links":{"self":[{"href":"https:\/\/www.leekeegroup.com\/vn\/wp-json\/wp\/v2\/pages\/2056"}],"collection":[{"href":"https:\/\/www.leekeegroup.com\/vn\/wp-json\/wp\/v2\/pages"}],"about":[{"href":"https:\/\/www.leekeegroup.com\/vn\/wp-json\/wp\/v2\/types\/page"}],"author":[{"embeddable":true,"href":"https:\/\/www.leekeegroup.com\/vn\/wp-json\/wp\/v2\/users\/5"}],"replies":[{"embeddable":true,"href":"https:\/\/www.leekeegroup.com\/vn\/wp-json\/wp\/v2\/comments?post=2056"}],"version-history":[{"count":80,"href":"https:\/\/www.leekeegroup.com\/vn\/wp-json\/wp\/v2\/pages\/2056\/revisions"}],"predecessor-version":[{"id":10976,"href":"https:\/\/www.leekeegroup.com\/vn\/wp-json\/wp\/v2\/pages\/2056\/revisions\/10976"}],"wp:attachment":[{"href":"https:\/\/www.leekeegroup.com\/vn\/wp-json\/wp\/v2\/media?parent=2056"}],"curies":[{"name":"wp","href":"https:\/\/api.w.org\/{rel}","templated":true}]}}