{"id":1999,"date":"2016-10-23T17:14:56","date_gmt":"2016-10-23T17:14:56","guid":{"rendered":"http:\/\/www.leekeegroup.com\/?page_id=1999"},"modified":"2026-02-27T15:04:47","modified_gmt":"2026-02-27T07:04:47","slug":"commitment-2","status":"publish","type":"page","link":"https:\/\/www.leekeegroup.com\/vn\/commitment-2\/","title":{"rendered":"Commitment"},"content":{"rendered":"<p>[vc_row css=&#8221;.vc_custom_1421949556992{margin-top: -50px !important;}&#8221;][vc_column]<div class=\"fullwidth-block clearfix\" style=\"background-position: center top;\"><script type=\"text\/javascript\">jQuery(function() { _initLayerSlider( '#layerslider_256_wvvma0picoan', {sliderVersion: '6.11.1', responsiveUnder: 1260, hideOnMobile: true, hideUnder: 0, hideOver: 100000, pauseOnHover: 1, forceCycles: false, skin: 'v5', skinsPath: 'https:\/\/www.leekeegroup.com\/wp-content\/plugins\/LayerSlider\/assets\/static\/layerslider\/skins\/'}); });<\/script><div id=\"layerslider_256_wvvma0picoan\" class=\"ls-wp-container fitvidsignore\" style=\"width:1260px;height:300px;max-width:1260px;margin:0 auto;margin-bottom: 0px;\"><div class=\"ls-slide\" data-ls=\"duration:4000;kenburnsscale:1.2;\"><img width=\"1258\" height=\"300\" src=\"https:\/\/www.leekeegroup.com\/wp-content\/uploads\/2020\/02\/committment_banner-01.jpg\" class=\"ls-bg\" alt=\"\" loading=\"lazy\" srcset=\"https:\/\/www.leekeegroup.com\/wp-content\/uploads\/2020\/02\/committment_banner-01.jpg 1258w, https:\/\/www.leekeegroup.com\/wp-content\/uploads\/2020\/02\/committment_banner-01-300x72.jpg 300w, https:\/\/www.leekeegroup.com\/wp-content\/uploads\/2020\/02\/committment_banner-01-768x183.jpg 768w, https:\/\/www.leekeegroup.com\/wp-content\/uploads\/2020\/02\/committment_banner-01-1024x244.jpg 1024w\" sizes=\"(max-width: 1258px) 100vw, 1258px\" \/><\/div><\/div><\/div>[\/vc_column][\/vc_row][vc_row css=&#8221;.vc_custom_1421949556992{margin-top: -55px !important;}&#8221;][vc_column width=&#8221;3\/4&#8243;][vc_column_text]<\/p>\n<h3 style=\"padding-top: 20px;\"><strong>Qu\u1ea3n l\u00fd ch\u1ea5t l\u01b0\u1ee3ng<\/strong><\/h3>\n<p>[\/vc_column_text][vc_column_text]Ch\u1ea5t l\u01b0\u1ee3ng l\u00e0 m\u1ed9t trong nh\u1eefng gi\u00e1 tr\u1ecb c\u1ed1t l\u00f5i c\u1ee7a Lee Kee. T\u1eeb vi\u1ec7c ki\u1ec3m to\u00e1n nh\u00e0 cung c\u1ea5p m\u1ed9t c\u00e1ch th\u01b0\u1eddng xuy\u00ean v\u00e0 chuy\u00ean nghi\u1ec7p, ki\u1ec3m so\u00e1t ki\u1ec3m to\u00e1n n\u1ed9i b\u1ed9 nghi\u00eam ng\u1eb7t, cho \u0111\u1ebfn vi\u1ec7c kh\u1ea3o s\u00e1t kh\u00e1ch h\u00e0ng h\u00e0ng n\u0103m nh\u1eb1m n\u1eafm b\u1eaft ph\u1ea3n h\u1ed3i c\u1ee7a kh\u00e1ch h\u00e0ng, Lee Kee cam k\u1ebft \u0111\u1ea1t \u0111\u01b0\u1ee3c ti\u00eau chu\u1ea9n cao nh\u1ea5t trong ng\u00e0nh. V\u1edbi s\u1ef1 t\u1eadp trung ng\u00e0y c\u00e0ng t\u0103ng v\u00e0o c\u00e1c ngu\u1ed3n nguy\u00ean li\u1ec7u v\u1ec1 m\u1eb7t an to\u00e0n c\u0169ng nh\u01b0 t\u1eadp trung v\u00e0o tr\u00e1ch nhi\u1ec7m c\u1ee7a m\u00ecnh, Lee Kee \u0111ang d\u1eabn \u0111\u1ea7u ng\u00e0nh trong vi\u1ec7c k\u1ebft h\u1ee3p c\u00e1c t\u00ednh n\u0103ng truy xu\u1ea5t ngu\u1ed3n g\u1ed1c.<\/p>\n<p>[vc_row_inner][vc_column_inner width=&#8221;1\/2&#8243;]<img loading=\"lazy\" class=\"aligncenter size-full wp-image-7383\" src=\"https:\/\/www.leekeegroup.com\/wp-content\/uploads\/2026\/01\/ISO_1-2.png\" alt=\"1\" width=\"317\" height=\"103\" \/><\/p>\n<p style=\"text-align: center;\">\u0110\u1ea1t \u0111\u01b0\u1ee3c c\u00e1c ti\u00eau chu\u1ea9n v\u1ec1 qu\u1ea3n l\u00fd ch\u1ea5t l\u01b0\u1ee3ng qu\u1ed1c t\u1ebf, bao g\u1ed3m\u00a0<span style=\"text-decoration: underline;\"><a href=\"https:\/\/www.leekeegroup.com\/wp-content\/uploads\/2021\/01\/ISO-9001_SGS_Cert_20200131-20230130.pdf\">ISO9001<\/a><\/span>, <span style=\"text-decoration: underline;\"><a href=\"https:\/\/www.leekeegroup.com\/wp-content\/uploads\/2022\/08\/ISO-14001_Cert_2022.pdf\">ISO14001<\/a><\/span>, <span style=\"text-decoration: underline;\"><a href=\"https:\/\/www.leekeegroup.com\/wp-content\/uploads\/2022\/09\/IATF-16949_Cert_2022.pdf\">IATF16949<\/a><\/span><\/p>\n<p>[\/vc_column_inner][vc_column_inner width=&#8221;1\/2&#8243;]<img loading=\"lazy\" class=\"aligncenter size-full wp-image-2014\" src=\"https:\/\/www.leekeegroup.com\/wp-content\/uploads\/2016\/10\/icon04.jpg\" alt=\"icon04\" width=\"120\" height=\"92\" \/><\/p>\n<p style=\"text-align: center;\">Ph\u00f2ng th\u00ed nghi\u1ec7m th\u1eed nghi\u1ec7m kim lo\u1ea1i \u0111\u01b0\u1ee3c c\u00f4ng nh\u1eadn \u0111\u00e1p \u1ee9ng ISO\/IEC17025<\/p>\n<p>[\/vc_column_inner][\/vc_row_inner][vc_row_inner][vc_column_inner width=&#8221;1\/2&#8243;]<img loading=\"lazy\" class=\"aligncenter size-full wp-image-2008\" src=\"https:\/\/www.leekeegroup.com\/wp-content\/uploads\/2020\/03\/Company-Logo-2019-20.png\" alt=\"Company-Logo-2018-19\" width=\"260\" height=\"128\" \/><\/p>\n<p style=\"text-align: center;\">C\u00f4ng ty th\u00e0nh vi\u00ean c\u1ee7a Vi\u1ec7n Ki\u1ec3m to\u00e1n C\u00f4ng ch\u1ee9ng H\u1ed3ng K\u00f4ng<\/p>\n<p style=\"text-align: center;\">[\/vc_column_inner][vc_column_inner width=&#8221;1\/2&#8243;]<\/p>\n<p><img loading=\"lazy\" class=\"aligncenter size-full wp-image-2012\" src=\"https:\/\/www.leekeegroup.com\/wp-content\/uploads\/2016\/10\/icon05.jpg\" alt=\"icon05\" width=\"128\" height=\"142\" \/><\/p>\n<p style=\"text-align: center;\">Thi\u1ebfc h\u00e0n kh\u00f4ng ch\u00ec d\u1ea1ng d\u00e2y nh\u1eadn \u0111\u01b0\u1ee3c Gi\u1ea5y ch\u1ee9ng nh\u1eadn Q-Mark c\u1ee7a H\u1ed3ng K\u00f4ng<\/p>\n<p style=\"text-align: center;\">[\/vc_column_inner][\/vc_row_inner][vc_row_inner][vc_column_inner width=&#8221;1\/2&#8243;]<\/p>\n<p><img loading=\"lazy\" class=\"aligncenter size-full wp-image-2012\" src=\"https:\/\/www.leekeegroup.com\/wp-content\/uploads\/2016\/10\/pic01.jpg\" alt=\"pic01\" width=\"251\" height=\"167\" srcset=\"https:\/\/www.leekeegroup.com\/wp-content\/uploads\/2016\/10\/pic01.jpg 251w, https:\/\/www.leekeegroup.com\/wp-content\/uploads\/2016\/10\/pic01-250x167.jpg 250w\" sizes=\"(max-width: 251px) 100vw, 251px\" \/><\/p>\n<p style=\"text-align: center;\">S\u1ea3n ph\u1ea9m tu\u00e2n th\u1ee7 theo c\u00e1c ti\u00eau chu\u1ea9n qu\u1ed1c t\u1ebf v\u00e0 khu v\u1ef1c nh\u01b0 RoHS, ASTM, GB, EN, JIS<\/p>\n<p style=\"text-align: center;\">[\/vc_column_inner][vc_column_inner width=&#8221;1\/2&#8243;]<\/p>\n<p><img loading=\"lazy\" class=\"aligncenter size-full wp-image-2012\" src=\"https:\/\/www.leekeegroup.com\/wp-content\/uploads\/2019\/06\/best_zinc_award_2018.jpg\" alt=\"bestzincaward\" width=\"170\" height=\"167\" \/><\/p>\n<p style=\"text-align: center;\">T\u1eadp \u0111o\u00e0n \u0111\u00e3 \u0111\u01b0\u1ee3c trao gi\u1ea3i Th\u01b0\u01a1ng hi\u1ec7u H\u1ee3p kim k\u1ebdm T\u1ed1t nh\u1ea5t c\u1ee7a Trung Qu\u1ed1c trong 2 n\u0103m li\u00ean ti\u1ebfp<\/p>\n<p style=\"text-align: center;\">[\/vc_column_inner][\/vc_row_inner]<\/p>\n<h3 style=\"padding-top: 20px;\"><strong>T\u00ednh b\u1ec1n v\u1eefng<\/strong><\/h3>\n<p>[vc_row_inner][vc_column_inner width=&#8221;1\/3&#8243;]<img loading=\"lazy\" class=\"aligncenter wp-image-7225\" src=\"https:\/\/www.leekeegroup.com\/wp-content\/uploads\/2017\/10\/CarbonSmart.jpg\" alt=\"CarbonSmart \" width=\"227\" height=\"140\" \/><\/p>\n<p style=\"text-align: center;\">\u0110\u00e3 tham gia v\u00e0o Hi\u1ec7p h\u00f4i L\u01b0u tr\u1eef D\u1ea5u v\u1ebft Carbon v\u00e0 Carbon Th\u00f4ng minh b\u1eb1ng c\u00e1ch t\u00ednh to\u00e1n v\u00e0 b\u00e1o c\u00e1o ph\u00e1t l\u01b0\u1ee3ng th\u1ea3i kh\u00ed nh\u00e0 k\u00ednh c\u1ee7a ch\u00fang t\u00f4i<\/p>\n<p style=\"text-align: center;\">[\/vc_column_inner][vc_column_inner width=&#8221;2\/3&#8243;]<\/p>\n<p><img loading=\"lazy\" class=\"aligncenter wp-image-4554\" src=\"https:\/\/www.leekeegroup.com\/wp-content\/uploads\/2017\/01\/icon_2.jpg\" alt=\"icon_2 \" width=\"357\" height=\"140\" \/><\/p>\n<p style=\"text-align: center;\">\u0110\u1ed1i t\u00e1cKi\u1ec3m to\u00e1n Carbon Xanh \u0111\u01b0\u1ee3c C\u1ee5c B\u1ea3o v\u1ec7 M\u00f4i tr\u01b0\u1eddng c\u1ee7a HKSAR c\u00f4ng nh\u1eadn v\u1ec1 vi\u1ec7c gi\u1ea3m l\u01b0\u1ee3ng ph\u00e1t th\u1ea3i kh\u00ed nh\u00e0 k\u00ednh b\u1eb1ng vi\u1ec7c th\u1ef1c hi\u1ec7n m\u1ed9t lo\u1ea1t c\u00e1c bi\u1ec7n ph\u00e1p nh\u1eb1m c\u1eaft gi\u1ea3m vi\u1ec7c s\u1eed d\u1ee5ng \u0111i\u1ec7n v\u00e0 t\u00e0i nguy\u00ean thi\u00ean nhi\u00ean c\u1ee7a ch\u00fang t\u00f4i<\/p>\n<p style=\"text-align: center;\">[\/vc_column_inner][\/vc_row_inner][vc_row_inner][vc_column_inner width=&#8221;1\/2&#8243;]<\/p>\n<p><img loading=\"lazy\" class=\"aligncenter wp-image-11797\" src=\"https:\/\/www.leekeegroup.com\/wp-content\/uploads\/2022\/08\/5YrEcoPioneer4C.png\" width=\"300\" height=\"140\" \/><\/p>\n<p style=\"text-align: center;\">L\u00e0 m\u1ed9t EcoChallenger \u0111\u01b0\u1ee3c nh\u1eadn Gi\u1ea3i th\u01b0\u1edfng L\u00e3nh \u0111\u1ea1o M\u00f4i tr\u01b0\u1eddng Doanh nghi\u1ec7p BOCHK \u0111\u01b0\u1ee3c FHKI v\u00e0 BOCHK c\u00f4ng nh\u1eadn trong 5 n\u0103m li\u00ean ti\u1ebfp<\/p>\n<p style=\"text-align: center;\">[\/vc_column_inner][vc_column_inner width=&#8221;1\/2&#8243;]<\/p>\n<p><img loading=\"lazy\" class=\"aligncenter wp-image-5737\" src=\"https:\/\/www.leekeegroup.com\/wp-content\/uploads\/2018\/05\/Green_Organisation.png\" alt=\"icon_2 \" width=\"90\" height=\"140\" \/><\/p>\n<p style=\"text-align: center;\">T\u1eadp \u0111o\u00e0n \u0111\u01b0\u1ee3c c\u00f4ng nh\u1eadn l\u00e0 T\u1ed5 ch\u1ee9c xanh c\u1ee7a H\u1ed3ng K\u00f4ng v\u00e0o n\u0103m 2018<\/p>\n<p style=\"text-align: center;\">[\/vc_column_inner][\/vc_row_inner]<\/p>\n<p>[vc_row_inner][vc_column_inner width=&#8221;1\/2&#8243;]<img loading=\"lazy\" class=\"aligncenter wp-image-7225\" src=\"https:\/\/www.leekeegroup.com\/wp-content\/uploads\/2021\/03\/logo_ready-01.jpg\" alt=\"CarbonSmart \" width=\"300\" height=\"140\" \/><\/p>\n<p style=\"text-align: center;\">\u201cC\u00f4ng ty ch\u0103m s\u00f3c\u201d \u0111\u01b0\u1ee3c trao t\u1eb7ng b\u1edfi H\u1ed9i \u0111\u1ed3ng D\u1ecbch v\u1ee5 X\u00e3 h\u1ed9i H\u1ed3ng K\u00f4ng trong h\u01a1n 15 n\u0103m li\u00ean ti\u1ebfp<\/p>\n<p>&nbsp;<\/p>\n<p>[\/vc_column_inner][vc_column_inner width=&#8221;1\/2&#8243;]<img loading=\"lazy\" class=\"aligncenter size-full wp-image-11884\" src=\"https:\/\/www.leekeegroup.com\/wp-content\/uploads\/2022\/02\/BEC-General-PMS-since-2016.png\" alt=\"\" width=\"272\" height=\"155\" srcset=\"https:\/\/www.leekeegroup.com\/wp-content\/uploads\/2022\/02\/BEC-General-PMS-since-2016.png 908w, https:\/\/www.leekeegroup.com\/wp-content\/uploads\/2022\/02\/BEC-General-PMS-since-2016-300x170.png 300w, https:\/\/www.leekeegroup.com\/wp-content\/uploads\/2022\/02\/BEC-General-PMS-since-2016-768x436.png 768w\" sizes=\"(max-width: 272px) 100vw, 272px\" \/><\/p>\n<p style=\"text-align: center;\">M\u1ed9t th\u00e0nh vi\u00ean chung c\u1ee7a H\u1ed9i \u0111\u1ed3ng m\u00f4i tr\u01b0\u1eddng kinh doanh v\u00e0 tr\u1edf th\u00e0nh m\u1ed9t ph\u1ea7n c\u1ee7a Hi\u1ebfn ch\u01b0\u01a1ng c\u00e1c-bon th\u1ea5p c\u1ee7a h\u1ecd \u0111\u01b0\u1ee3c \u0111\u01b0a ra v\u00e0o n\u0103m 2020<\/p>\n<p>[\/vc_column_inner][\/vc_row_inner]<br \/>\n[vc_row_inner][vc_column_inner width=&#8221;1\/3&#8243;]<img loading=\"lazy\" class=\"aligncenter wp-image-7225\" src=\"https:\/\/www.leekeegroup.com\/wp-content\/uploads\/2021\/01\/HKAEE-Logo_v3-01-e1608714608717.png\" alt=\"CarbonSmart \" width=\"170\" height=\"140\" \/><\/p>\n<p style=\"text-align: center;\">Gi\u1ea3i th\u01b0\u1edfng H\u1ed3ng K\u00f4ng 2019 v\u1ec1 M\u00f4i tr\u01b0\u1eddng xu\u1ea5t s\u1eafc \u0111\u01b0\u1ee3c c\u00f4ng nh\u1eadn b\u1edfi C\u1ee5c B\u1ea3o v\u1ec7 M\u00f4i tr\u01b0\u1eddng c\u1ee7a HKSAR<\/p>\n<p>[\/vc_column_inner][vc_column_inner width=&#8221;2\/3&#8243;]<img loading=\"lazy\" class=\"aligncenter wp-image-11806\" src=\"https:\/\/www.leekeegroup.com\/wp-content\/uploads\/2021\/12\/CarbonESG.jpg\" alt=\"icon_2 \" width=\"300\" height=\"140\" \/><\/p>\n<p style=\"text-align: center;\">\u0110\u01b0\u1ee3c c\u1ea5p Nh\u00e3n CarbonCare\u00ae &#8211; C\u1ea5p \u0111\u1ed9 3 v\u00e0 Nh\u00e3n CarbonCare\u00ae ESG &#8211; C\u1ea5p \u0111\u1ed9 3 v\u00e0o n\u0103m 2021 b\u1edfi Carbon Care Asia Limited (CCA) v\u00ec nh\u1eefng n\u1ed7 l\u1ef1c kh\u00f4ng ng\u1eebng v\u1ec1 Xanh v\u00e0 B\u1ec1n v\u1eefng<\/p>\n<p>[\/vc_column_inner][\/vc_row_inner]<\/p>\n<p>[vc_row_inner][vc_column_inner width=&#8221;1\/2&#8243;]<\/p>\n<p><img loading=\"lazy\" class=\"aligncenter wp-image-11814\" src=\"https:\/\/www.leekeegroup.com\/wp-content\/uploads\/2021\/12\/Logo_Color-SPC-Sendout-with-Chinese-scaled.jpg\" width=\"300\" height=\"140\" \/><\/p>\n<p style=\"text-align: center;\">An Established Member of Green Council\u2019s Sustainable Procurement Charter<\/p>\n<p>[\/vc_column_inner][\/vc_row_inner]<\/p>\n<p>&nbsp;<\/p>\n<h3 style=\"padding-top: 20px;\"><strong>S\u1ee9c kh\u1ecfe v\u00e0 an to\u00e0n lao \u0111\u1ed9ng<\/strong><\/h3>\n<p>S\u1ee9c kh\u1ecfe v\u00e0 an to\u00e0n lao \u0111\u1ed9ng (OH &#038; S) l\u00e0 \u0111i\u1ec1u quan tr\u1ecdng nh\u1ea5t \u0111\u1ed1i v\u1edbi Lee Kee. T\u1eadp \u0111o\u00e0n t\u1ea1o n\u00ean m\u1ed9t n\u01a1i l\u00e0m vi\u1ec7c an to\u00e0n v\u00e0 l\u00e0nh m\u1ea1nh cho \u0111\u1ed9i ng\u0169 nh\u00e2n vi\u00ean v\u00e0 c\u00f4ng ch\u1ee9c c\u00f3 li\u00ean quan c\u1ee7a ch\u00fang t\u00f4i th\u00f4ng qua vi\u1ec7c \u0111\u00e1nh gi\u00e1 r\u1ee7i ro nghi\u00eam ng\u1eb7t, \u0111\u00e0o t\u1ea1o to\u00e0n di\u1ec7n, s\u1eed d\u1ee5ng h\u1ec7 th\u1ed1ng \u0111\u01b0\u1ee3c thi\u1ebft k\u1ebf v\u00e0 kh\u1ea3o ch\u1ee9ng to\u00e0n di\u1ec7n, c\u0169ng nh\u01b0 th\u1ef1c hi\u1ec7n qu\u1ea3n l\u00fd an to\u00e0n m\u1ed9t c\u00e1ch hi\u1ec7u qu\u1ea3 v\u00e0 c\u1ed1 g\u1eafng c\u1ea3i thi\u1ec7n hi\u1ec7u qu\u1ea3 c\u1ee7a OH &#038; S li\u00ean t\u1ee5c.<\/p>\n<p>[vc_row_inner][vc_column_inner width=&#8221;1\/3&#8243;]<\/p>\n<p style=\"text-align: center;\"><a href=\"https:\/\/www.leekeegroup.com\/wp-content\/uploads\/2019\/05\/SGS_ISO_45001_TCS_LR.jpg\"><img loading=\"lazy\" class=\"alignnone wp-image-7981\" src=\"https:\/\/www.leekeegroup.com\/wp-content\/uploads\/2019\/05\/SGS_ISO_45001_TCS_LR.jpg\" alt=\"Imprimer\" width=\"167\" height=\"163\" srcset=\"https:\/\/www.leekeegroup.com\/wp-content\/uploads\/2019\/05\/SGS_ISO_45001_TCS_LR.jpg 302w, https:\/\/www.leekeegroup.com\/wp-content\/uploads\/2019\/05\/SGS_ISO_45001_TCS_LR-300x293.jpg 300w\" sizes=\"(max-width: 167px) 100vw, 167px\" \/><\/a><br \/>\n\u0110\u01b0\u1ee3cy <span style=\"text-decoration: underline;\"><a href=\"https:\/\/www.leekeegroup.com\/wp-content\/uploads\/2022\/08\/ISO-45001_HKAS-Cert_2022.pdf\">ISO 45001<\/a>\u00a0<\/span>c\u00f4ng nh\u1eadn<\/p>\n<p>[\/vc_column_inner]<\/p>\n<p>[\/vc_column_text][\/vc_column][vc_column width=&#8221;1\/4&#8243;][\/vc_column]<\/p>\n<table>\n<tbody>\n<tr>\n<th style=\"background-color: #e1e1e1; color: #c21332; font-size: 20px; text-align: center; padding-top: 15px; padding-bottom: 15px;\"><a style=\"display: block; color: #c21332 !important;\" href=\"https:\/\/www.leekeegroup.com\/vn\/subscription\/\">\u0110\u0103ng k\u00fd nh\u1eadn b\u1ea3n tin c\u1ee7a ch\u00fang t\u00f4i<\/a><\/th>\n<\/tr>\n<tr>\n<th style=\"text-align: center; padding-bottom: 15px; padding-top: 15px;\">B\u1ea3n tin Lee Kee \u0111\u01b0\u1ee3c ph\u00e1t h\u00e0nh h\u00e0ng qu\u00fd \u0111\u1ec3 nh\u1ea5n m\u1ea1nh nh\u1eefng ph\u01b0\u01a1ng th\u1ee9c m\u00e0 ch\u00fang t\u00f4i \u0111ang s\u1eed d\u1ee5ng \u0111\u1ec3 mang l\u1ea1i gi\u00e1 tr\u1ecb cho kh\u00e1ch h\u00e0ng, bao g\u1ed3m c\u00e1c tin t\u1ee9c v\u1ec1 th\u1ecb tr\u01b0\u1eddng, c\u1eadp nh\u1eadt th\u00f4ng tin v\u1ec1 k\u1ef9 thu\u1eadt v\u00e0 th\u00f4ng tin v\u1ec1 c\u00f4ng ty.<\/th>\n<\/tr>\n<tr>\n<th style=\"text-align: center; border-bottom: 1px solid #e1e1e1; padding-bottom: 15px;\"><a style=\"background-color: #c21332; color: white !important; padding: 5px;\" href=\"https:\/\/www.leekeegroup.com\/vn\/subscription\/\">\u0110\u0103ng k\u00fd<\/a><\/th>\n<\/tr>\n<tr>\n<th style=\"border-bottom: 1px solid #e1e1e1; font-size: 20px; text-align: center; padding-top: 15px; padding-bottom: 15px; color: #4f5b69;\">Theo d\u00f5i ch\u00fang t\u00f4i tr\u00ean WeChat<img loading=\"lazy\" class=\"aligncenter size-full wp-image-1895\" src=\"https:\/\/www.leekeegroup.com\/wp-content\/uploads\/2016\/10\/Untitled-2.jpg\" alt=\"untitled-2\" width=\"135\" height=\"135\" \/><\/th>\n<\/tr>\n<tr>\n<th style=\"border-bottom: 1px solid #e1e1e1; font-size: 20px; text-align: center; padding-top: 15px; padding-bottom: 15px; color: #4f5b69;\">Li\u00ean h\u1ec7 ch\u00fang t\u00f4i<\/th>\n<\/tr>\n<\/tbody>\n<\/table>\n<p>[\/vc_row]<\/p>\n","protected":false},"excerpt":{"rendered":"<p>[vc_row css=&#8221;.vc_custom_1421949556992{margin-top: -50px !important;}&#8221;][vc_column][\/vc_column][\/vc_row][vc_row css=&#8221;.vc_custom_1421949556992{margin-top: -55px !important;}&#8221;][vc_column width=&#8221;3\/4&#8243;][vc_column_text] Qu\u1ea3n l\u00fd ch\u1ea5t l\u01b0\u1ee3ng [\/vc_column_text][vc_column_text]Ch\u1ea5t l\u01b0\u1ee3ng l\u00e0 m\u1ed9t trong nh\u1eefng gi\u00e1 tr\u1ecb&#8230;<\/p>\n","protected":false},"author":5,"featured_media":0,"parent":0,"menu_order":0,"comment_status":"closed","ping_status":"closed","template":"","meta":[],"_links":{"self":[{"href":"https:\/\/www.leekeegroup.com\/vn\/wp-json\/wp\/v2\/pages\/1999"}],"collection":[{"href":"https:\/\/www.leekeegroup.com\/vn\/wp-json\/wp\/v2\/pages"}],"about":[{"href":"https:\/\/www.leekeegroup.com\/vn\/wp-json\/wp\/v2\/types\/page"}],"author":[{"embeddable":true,"href":"https:\/\/www.leekeegroup.com\/vn\/wp-json\/wp\/v2\/users\/5"}],"replies":[{"embeddable":true,"href":"https:\/\/www.leekeegroup.com\/vn\/wp-json\/wp\/v2\/comments?post=1999"}],"version-history":[{"count":343,"href":"https:\/\/www.leekeegroup.com\/vn\/wp-json\/wp\/v2\/pages\/1999\/revisions"}],"predecessor-version":[{"id":18007,"href":"https:\/\/www.leekeegroup.com\/vn\/wp-json\/wp\/v2\/pages\/1999\/revisions\/18007"}],"wp:attachment":[{"href":"https:\/\/www.leekeegroup.com\/vn\/wp-json\/wp\/v2\/media?parent=1999"}],"curies":[{"name":"wp","href":"https:\/\/api.w.org\/{rel}","templated":true}]}}