{"id":1932,"date":"2016-10-23T07:40:49","date_gmt":"2016-10-23T07:40:49","guid":{"rendered":"http:\/\/www.leekeegroup.com\/?page_id=1932"},"modified":"2026-01-21T15:47:15","modified_gmt":"2026-01-21T07:47:15","slug":"supply-chain-management-2","status":"publish","type":"page","link":"https:\/\/www.leekeegroup.com\/vn\/supply-chain-management-2\/","title":{"rendered":"QU\u1ea2N L\u00dd CHU\u1ed6I CUNG \u1ee8NG"},"content":{"rendered":"<p>[vc_row css=&#8221;.vc_custom_1421949556992{margin-top: -50px !important;}&#8221;][vc_column]<div class=\"fullwidth-block clearfix\" style=\"background-position: center top;\"><script type=\"text\/javascript\">jQuery(function() { _initLayerSlider( '#layerslider_238_u51tu3x20ktk', {sliderVersion: '6.11.1', responsiveUnder: 1260, hideUnder: 0, hideOver: 100000, pauseOnHover: 1, skin: 'v5', skinsPath: 'https:\/\/www.leekeegroup.com\/wp-content\/plugins\/LayerSlider\/assets\/static\/layerslider\/skins\/'}); });<\/script><div id=\"layerslider_238_u51tu3x20ktk\" class=\"ls-wp-container fitvidsignore\" style=\"width:1260px;height:300px;max-width:1260px;margin:0 auto;margin-bottom: 0px;\"><div class=\"ls-slide\" data-ls=\"duration:4000;kenburnsscale:1.2;\"><img width=\"1258\" height=\"300\" src=\"https:\/\/www.leekeegroup.com\/wp-content\/uploads\/2020\/02\/17_business_unit_05-1.jpg\" class=\"ls-bg\" alt=\"\" loading=\"lazy\" srcset=\"https:\/\/www.leekeegroup.com\/wp-content\/uploads\/2020\/02\/17_business_unit_05-1.jpg 1258w, https:\/\/www.leekeegroup.com\/wp-content\/uploads\/2020\/02\/17_business_unit_05-1-300x72.jpg 300w, https:\/\/www.leekeegroup.com\/wp-content\/uploads\/2020\/02\/17_business_unit_05-1-768x183.jpg 768w, https:\/\/www.leekeegroup.com\/wp-content\/uploads\/2020\/02\/17_business_unit_05-1-1024x244.jpg 1024w\" sizes=\"(max-width: 1258px) 100vw, 1258px\" \/><\/div><\/div><\/div>[\/vc_column][\/vc_row][vc_row css=&#8221;.vc_custom_1421949556992{margin-top: -55px !important;}&#8221;][vc_column width = &#8220;3\/4&#8221;][vc_column_text]<\/p>\n<h3 style=\"padding-top: 20px;\"><strong>QU\u1ea2N L\u00dd CHU\u1ed6I CUNG \u1ee8NG <\/strong><\/h3>\n<p>[\/vc_column_text][vc_column_text]B\u1eb1ng c\u00e1ch t\u1eadn d\u1ee5ng l\u01b0\u1ee3ng d\u1eef li\u1ec7u l\u1edbn v\u00e0 v\u1edbi vi\u1ec7c qu\u1ea3n l\u00fd d\u1eef li\u1ec7u ti\u00ean ti\u1ebfn, Lee Kee \u0111\u00e3 ph\u00e1t tri\u1ec3n c\u00e1c gi\u1ea3i ph\u00e1p v\u1ec1 chu\u1ed7i cung \u1ee9ng mang t\u00ednh chi\u1ebfn l\u01b0\u1ee3c t\u00edch h\u1ee3p v\u1edbi vi\u1ec7c qu\u1ea3n l\u00fd kho v\u00e0 v\u1eadn chuy\u1ec3n m\u1ea1nh m\u1ebd.<\/p>\n<p>V\u1edbi m\u1ea1ng l\u01b0\u1edbi chu\u1ed7i cung \u1ee9ng r\u1ed9ng kh\u1eafp \u1edf c\u1ea3 khu v\u1ef1c Trung Qu\u1ed1c v\u00e0 ASEAN, c\u00e1c trung t\u00e2m h\u1eadu c\u1ea7n c\u1ee7a ch\u00fang t\u00f4i ph\u1ed1i h\u1ee3p vi\u1ec7c giao h\u00e0ng nhanh ch\u00f3ng, \u0111\u00e1ng tin c\u1eady v\u00e0 ti\u1ebft ki\u1ec7m chi ph\u00ed cho kh\u00e1ch h\u00e0ng b\u1eb1ng \u0111\u01b0\u1eddng bi\u1ec3n ho\u1eb7c v\u1eadn chuy\u1ec3n b\u1eb1ng xe t\u1ea3i. Ngu\u1ed3n cung \u1ed5n \u0111\u1ecbnh c\u1ee7a ch\u00fang t\u00f4i c\u00f9ng v\u1edbi d\u1ecbch v\u1ee5 giao h\u00e0ng \/ nh\u1eadn h\u00e0ng linh ho\u1ea1t gi\u00fap gi\u1ea3m chi ph\u00ed s\u1ea3n xu\u1ea5t c\u1ee7a kh\u00e1ch h\u00e0ng.<\/p>\n<p>H\u01a1n n\u1eefa, ch\u00fang t\u00f4i \u0111\u01b0\u1ee3c C\u1ee5c H\u1ea3i quan v\u00e0 Thu\u1ebf c\u00f4ng nh\u1eadn l\u00e0 &#8220;Doanh nghi\u1ec7p \u0111\u01b0\u1ee3c \u01b0u ti\u00ean&#8221;. \u0110i\u1ec1u n\u00e0y gi\u00fap ch\u00fang t\u00f4i \u0111\u01b0\u1ee3c h\u01b0\u1edfng c\u00e1c \u0111\u1eb7c quy\u1ec1n kh\u00e1c nhau m\u00e0 gi\u00fap t\u1ea1o \u0111i\u1ec1u thu\u1eadn l\u1ee3i cho th\u01b0\u01a1ng m\u1ea1i, ch\u1eb3ng h\u1ea1n nh\u01b0 ki\u1ec3m tra h\u1ea3i quan \u00edt h\u01a1n, \u01b0u ti\u00ean th\u00f4ng quan, t\u1eeb \u0111\u00f3 gi\u00fap t\u0103ng c\u01b0\u1eddng hi\u1ec7u qu\u1ea3 ho\u1ea1t \u0111\u1ed9ng c\u0169ng nh\u01b0 kh\u1ea3 n\u0103ng c\u1ea1nh tranh trong qu\u1ea3n l\u00fd chu\u1ed7i cung \u1ee9ng. C\u00e1c c\u00f4ng ty \u0111\u01b0\u1ee3c c\u00f4ng nh\u1eadn c\u1ee7a ch\u00fang t\u00f4i bao g\u1ed3m:<\/p>\n<ul>\n<li>Lee Kee Metal Co., Ltd.<\/li>\n<li>Lee Fung Metal Co., Ltd.<\/li>\n<li>Lee\u00a0Kee International Ltd.<\/li>\n<li>Essense Metal (Asia) Co., Ltd<\/li>\n<\/ul>\n<hr style=\"border-bottom: 1px solid #dddddd;\" \/>\n<p>[vc_row_inner][vc_column_inner width=&#8221;1\/2&#8243;]<img loading=\"lazy\" class=\"aligncenter size-full wp-image-1900\" src=\"https:\/\/www.leekeegroup.com\/wp-content\/uploads\/2016\/10\/icon01.jpg\" alt=\"icon01\" width=\"250\" height=\"105\" \/><\/p>\n<p>[\/vc_column_inner][vc_column_inner width=&#8221;1\/2&#8243;]<\/p>\n<p style=\"text-align: center; font-weight: normal;\">Lee Kee Group received <strong><em>Hong Kong AEO Programme Partnership Scheme Awards &#8211; Bronze 2024<\/em><\/strong><\/p>\n<p>[\/vc_column_inner][\/vc_row_inner][vc_row_inner]<\/p>\n<p>[vc_column_inner width=&#8221;1\/2&#8243;]<\/p>\n<p style=\"text-align: center;\"><iframe src=\"https:\/\/www.youtube.com\/embed\/p7UJIyzs3-c\" width=\"280\" height=\"158\" frameborder=\"0\" allowfullscreen=\"allowfullscreen\"><\/iframe><\/p>\n<p>[\/vc_column_inner][vc_column_inner width=&#8221;1\/2&#8243;]<\/p>\n<p style=\"text-align: center;\">B\u00e0 Clara Chan, Gi\u00e1m \u0111\u1ed1c \u0111i\u1ec1u h\u00e0nh c\u1ee7a T\u1eadp \u0111o\u00e0n Lee Kee, \u0111\u00e3 \u0111\u01b0\u1ee3c m\u1eddi \u0111\u1ebfn cu\u1ed9c ph\u1ecfng v\u1ea5n c\u1ee7a C\u1ee5c H\u1ea3i quan v\u00e0 Thu\u1ebf \u0111\u1ec3 chia s\u1ebb kinh nghi\u1ec7m v\u1ec1 vi\u1ec7c Lee Kee l\u00e0 Doanh nghi\u1ec7p \u0111\u01b0\u1ee3c \u01b0u ti\u00ean (AEO).<\/p>\n<p>[\/vc_column_inner][\/vc_row_inner][vc_row_inner]<br \/>\n[\/vc_row_inner]<\/p>\n<p>[vc_row_inner]<\/p>\n<hr style=\"border-bottom: 1px solid #dddddd;\" \/>\n<p>[vc_row_inner]As part of our commitment to responsible business practices, we recognize the critical importance of ensuring that our operations contribute positively to society and the environment.<\/p>\n<p>A sustainable supply chain is essential to achieving this commitment, as it reflects not only how we source materials and services but also how we collaborate with partners around the world to uphold shared values.<\/p>\n<p>Building on this commitment, we have developed a Responsible Sourcing Policy to identify, assess, and mitigate environmental and social risks within our supply chains.<\/p>\n<ul>\n<li><span style=\"text-decoration: underline;\"><a href=\"https:\/\/www.leekeegroup.com\/wp-content\/uploads\/2026\/01\/Responsible-Sourcing-Policy-1.pdf\">Responsible Sourcing Policy<\/a><\/span><\/li>\n<li><span style=\"text-decoration: underline;\"><a href=\"https:\/\/www.leekeegroup.com\/wp-content\/uploads\/2026\/01\/\u8d1f\u8d23\u4efb\u91c7\u8d2d\u653f\u7b56-1.pdf\">\u8d1f\u8d23\u4efb\u91c7\u8d2d\u653f\u7b56<\/a><\/span><\/li>\n<\/ul>\n<p>[\/vc_row_inner][\/vc_column_text][\/vc_column]<\/p>\n<p>[\/vc_column_text][\/vc_column]<br \/>\n[vc_column width =&#8221;1\/4&#8243;][vc_column_text]<\/p>\n<table style=\"text-align: left;\">\n<tbody>\n<tr>\n<th style=\"background-color: #dddddd; color: #c21332; font-size: 20px; text-align: center; padding-top: 15px; padding-bottom: 15px;\">C\u00e1c \u0111\u01a1n v\u1ecb kinh doanh kh\u00e1c<\/th>\n<\/tr>\n<tr>\n<th style=\"padding-left: 30px; border-bottom: 1px solid #e1e1e1; font-weight: normal; padding-top: 15px; padding-bottom: 15px;\"><a style=\"color: #4f5b69;\" href=\"https:\/\/www.leekeegroup.com\/vn\/market-intelligence-2\/\">T\u00ccNH B\u00c1O TH\u1eca TR\u01af\u1edcNG<br \/>\n<\/a><\/th>\n<\/tr>\n<tr>\n<th style=\"padding-left: 30px; border-bottom: 1px solid #e1e1e1; font-weight: normal; padding-top: 15px; padding-bottom: 15px;\"><a style=\"color: #4f5b69;\" href=\"https:\/\/www.leekeegroup.com\/vn\/technical-consultancy\/\">T\u01af V\u1ea4N K\u1ef8 THU\u1eacT<br \/>\n<\/a><\/th>\n<\/tr>\n<tr>\n<th style=\"padding-left: 30px; border-bottom: 1px solid #e1e1e1; font-weight: normal; padding-top: 15px; padding-bottom: 15px;\"><a style=\"color: #4f5b69;\" href=\"https:\/\/www.leekeegroup.com\/vn\/quality-assurance-and-testing\/\">\u0110\u1ea2M B\u1ea2O &#038; TH\u1eec NGHI\u1ec6M CH\u1ea4T L\u01af\u1ee2NG<br \/>\n<\/a><\/th>\n<\/tr>\n<tr>\n<th style=\"padding-left: 30px; border-bottom: 1px solid #e1e1e1; font-weight: normal; padding-top: 15px; padding-bottom: 15px;\"><a style=\"color: #4f5b69;\" href=\"https:\/\/www.leekeegroup.com\/vn\/alloy-customization\/\">S\u1ea2N XU\u1ea4T H\u1ee2P KIM<br \/>\n<\/a><\/th>\n<\/tr>\n<tr>\n<th style=\"background-color: #ca3128; padding-left: 30px; border-bottom: 1px solid #e1e1e1; font-weight: normal; padding-top: 15px; padding-bottom: 15px;\"><a style=\"color: white;\" href=\"https:\/\/www.leekeegroup.com\/vn\/supply-chain-management-2\/\">QU\u1ea2N L\u00dd CHU\u1ed6I CUNG \u1ee8NG<br \/>\n<\/a><\/th>\n<\/tr>\n<tr>\n<th style=\"padding-left: 30px; border-bottom: 1px solid #e1e1e1; font-weight: normal; padding-top: 15px; padding-bottom: 15px;\"><a style=\"color: #4f5b69;\" href=\"https:\/\/www.leekeegroup.com\/vn\/research-development\/\">NGHI\u00caN C\u1ee8U V\u00c0 PH\u00c1T TRI\u1ec2N<br \/>\n<\/a><\/th>\n<\/tr>\n<tr>\n<th style=\"background-color: #e1e1e1; color: #c21332; font-size: 20px; text-align: center; padding-top: 15px; padding-bottom: 15px !important;\"><a style=\"display: block; color: #c21332 !important;\" href=\"https:\/\/www.leekeegroup.com\/vn\/subscription\/\">\u0110\u0103ng k\u00fd nh\u1eadn b\u1ea3n tin c\u1ee7a ch\u00fang t\u00f4i<\/a><\/th>\n<\/tr>\n<tr>\n<th style=\"text-align: center; padding-bottom: 15px; padding-top: 15px;\">B\u1ea3n tin Lee Kee \u0111\u01b0\u1ee3c ph\u00e1t h\u00e0nh h\u00e0ng qu\u00fd \u0111\u1ec3 nh\u1ea5n m\u1ea1nh nh\u1eefng ph\u01b0\u01a1ng th\u1ee9c m\u00e0 ch\u00fang t\u00f4i \u0111ang s\u1eed d\u1ee5ng \u0111\u1ec3 mang l\u1ea1i gi\u00e1 tr\u1ecb cho kh\u00e1ch h\u00e0ng, bao g\u1ed3m c\u00e1c tin t\u1ee9c v\u1ec1 th\u1ecb tr\u01b0\u1eddng, c\u1eadp nh\u1eadt th\u00f4ng tin v\u1ec1 k\u1ef9 thu\u1eadt v\u00e0 th\u00f4ng tin v\u1ec1 c\u00f4ng ty.<\/th>\n<\/tr>\n<tr>\n<th style=\"text-align: center; border-bottom: 1px solid #e1e1e1; padding-bottom: 15px;\"><a style=\"background-color: #c21332; color: white !important; padding: 5px;\" href=\"https:\/\/www.leekeegroup.com\/vn\/subscription\/\">\u0110\u0103ng k\u00fd<\/a><\/th>\n<\/tr>\n<tr>\n<th style=\"border-bottom: 1px solid #e1e1e1; font-size: 20px; text-align: center; padding-top: 15px; padding-bottom: 15px; color: #4f5b69;\">Theo d\u00f5i ch\u00fang t\u00f4i tr\u00ean WeChat<img loading=\"lazy\" class=\"aligncenter size-full wp-image-1895\" src=\"https:\/\/www.leekeegroup.com\/wp-content\/uploads\/2016\/10\/Untitled-2.jpg\" alt=\"untitled-2\" width=\"135\" height=\"135\" \/><\/th>\n<\/tr>\n<tr>\n<th style=\"border-bottom: 1px solid #e1e1e1; font-size: 20px; text-align: center; padding-top: 15px; padding-bottom: 15px;\"><a style=\"color: #4f5b69;\" href=\"https:\/\/www.leekeegroup.com\/vn\/contact-us\/\">Li\u00ean h\u1ec7 ch\u00fang t\u00f4i<\/a><\/th>\n<\/tr>\n<\/tbody>\n<\/table>\n<p>[\/vc_column][\/vc_row]<\/p>\n","protected":false},"excerpt":{"rendered":"<p>[vc_row css=&#8221;.vc_custom_1421949556992{margin-top: -50px !important;}&#8221;][vc_column][\/vc_column][\/vc_row][vc_row css=&#8221;.vc_custom_1421949556992{margin-top: -55px !important;}&#8221;][vc_column width = &#8220;3\/4&#8221;][vc_column_text] QU\u1ea2N L\u00dd CHU\u1ed6I CUNG \u1ee8NG [\/vc_column_text][vc_column_text]B\u1eb1ng c\u00e1ch t\u1eadn d\u1ee5ng l\u01b0\u1ee3ng&#8230;<\/p>\n","protected":false},"author":5,"featured_media":0,"parent":0,"menu_order":0,"comment_status":"closed","ping_status":"closed","template":"","meta":[],"_links":{"self":[{"href":"https:\/\/www.leekeegroup.com\/vn\/wp-json\/wp\/v2\/pages\/1932"}],"collection":[{"href":"https:\/\/www.leekeegroup.com\/vn\/wp-json\/wp\/v2\/pages"}],"about":[{"href":"https:\/\/www.leekeegroup.com\/vn\/wp-json\/wp\/v2\/types\/page"}],"author":[{"embeddable":true,"href":"https:\/\/www.leekeegroup.com\/vn\/wp-json\/wp\/v2\/users\/5"}],"replies":[{"embeddable":true,"href":"https:\/\/www.leekeegroup.com\/vn\/wp-json\/wp\/v2\/comments?post=1932"}],"version-history":[{"count":100,"href":"https:\/\/www.leekeegroup.com\/vn\/wp-json\/wp\/v2\/pages\/1932\/revisions"}],"predecessor-version":[{"id":17896,"href":"https:\/\/www.leekeegroup.com\/vn\/wp-json\/wp\/v2\/pages\/1932\/revisions\/17896"}],"wp:attachment":[{"href":"https:\/\/www.leekeegroup.com\/vn\/wp-json\/wp\/v2\/media?parent=1932"}],"curies":[{"name":"wp","href":"https:\/\/api.w.org\/{rel}","templated":true}]}}