{"id":1929,"date":"2016-10-23T07:31:54","date_gmt":"2016-10-23T07:31:54","guid":{"rendered":"http:\/\/www.leekeegroup.com\/?page_id=1929"},"modified":"2022-06-14T17:00:11","modified_gmt":"2022-06-14T09:00:11","slug":"alloy-customization","status":"publish","type":"page","link":"https:\/\/www.leekeegroup.com\/vn\/alloy-customization\/","title":{"rendered":"S\u1ea3n xu\u1ea5t h\u1ee3p kim"},"content":{"rendered":"<p>[vc_row css=&#8221;.vc_custom_1421949556992{margin-top: -50px !important;}&#8221;][vc_column]<div class=\"fullwidth-block clearfix\" style=\"background-position: center top;\"><script type=\"text\/javascript\">jQuery(function() { _initLayerSlider( '#layerslider_236_1q1tiukib2ic1', {sliderVersion: '6.11.1', responsiveUnder: 1260, hideUnder: 0, hideOver: 100000, pauseOnHover: 1, skin: 'v5', skinsPath: 'https:\/\/www.leekeegroup.com\/wp-content\/plugins\/LayerSlider\/assets\/static\/layerslider\/skins\/'}); });<\/script><div id=\"layerslider_236_1q1tiukib2ic1\" class=\"ls-wp-container fitvidsignore\" style=\"width:1260px;height:300px;max-width:1260px;margin:0 auto;margin-bottom: 0px;\"><div class=\"ls-slide\" data-ls=\"duration:4000;kenburnsscale:1.2;\"><img width=\"1258\" height=\"300\" src=\"https:\/\/www.leekeegroup.com\/wp-content\/uploads\/2020\/02\/16_business_unit_04-1.jpg\" class=\"ls-bg\" alt=\"\" loading=\"lazy\" srcset=\"https:\/\/www.leekeegroup.com\/wp-content\/uploads\/2020\/02\/16_business_unit_04-1.jpg 1258w, https:\/\/www.leekeegroup.com\/wp-content\/uploads\/2020\/02\/16_business_unit_04-1-300x72.jpg 300w, https:\/\/www.leekeegroup.com\/wp-content\/uploads\/2020\/02\/16_business_unit_04-1-768x183.jpg 768w, https:\/\/www.leekeegroup.com\/wp-content\/uploads\/2020\/02\/16_business_unit_04-1-1024x244.jpg 1024w\" sizes=\"(max-width: 1258px) 100vw, 1258px\" \/><\/div><\/div><\/div>[\/vc_column][\/vc_row][vc_row css=&#8221;.vc_custom_1421949556992{margin-top: -55px !important;}&#8221;][vc_column width = &#8220;3\/4&#8221;]<\/p>\n<h3 style=\"padding-top: 20px;\"><strong>S\u1ea2N XU\u1ea4T XANH<\/strong><\/h3>\n<p>[vc_column_text]C\u00e1c c\u01a1 s\u1edf s\u1ea3n xu\u1ea5t c\u1ee7a ch\u00fang t\u00f4i \u1edf Ninh Ba v\u00e0 H\u1ed3ng K\u00f4ng \u0111\u01b0\u1ee3c trang b\u1ecb c\u00e1c thi\u1ebft b\u1ecb v\u00e0 c\u00f4ng ngh\u1ec7 s\u1ea3n xu\u1ea5t h\u1ee3p kim ti\u00ean ti\u1ebfn, k\u1ebft h\u1ee3p v\u1edbi c\u00f4ng t\u00e1c ki\u1ec3m so\u00e1t quy tr\u00ecnh ch\u1eb7t ch\u1ebd nh\u1eb1m s\u1ea3n xu\u1ea5t c\u1ea3 hai lo\u1ea1i l\u00e0 h\u1ee3p kim k\u1ebdm v\u00e0 h\u1ee3p kim \u0111\u1eb7c bi\u1ec7t. Nh\u1eefng s\u1ea3n ph\u1ea9m n\u00e0y bao g\u1ed3m c\u00e1c th\u01b0\u01a1ng hi\u1ec7u n\u1ed5i ti\u1ebfng c\u1ee7a Lee Kee nh\u01b0 l\u00e0 &#8220;GZ&#8221; v\u00e0 &#8220;Mastercast&#8221;.<\/p>\n<p>C\u00f4ng ty con s\u1ea3n xu\u1ea5t h\u1ee3p kim k\u1ebdm thu\u1ed9c s\u1edf h\u1eefu ho\u00e0n to\u00e0n c\u1ee7a ch\u00fang t\u00f4i c\u00f3 tr\u1ee5 s\u1edf t\u1ea1i Ninh Ba, Trung Qu\u1ed1c, C\u00f4ng ty TNHH Genesis Alloys (Ninh Ba) Limited \u0111\u00e3 v\u00e0 \u0111ang n\u1ed5i ti\u1ebfng l\u00e0 m\u1ed9t trong nh\u1eefng nh\u00e0 s\u1ea3n xu\u1ea5t h\u1ee3p kim k\u1ebdm ch\u1ea5t l\u01b0\u1ee3ng cao v\u00e0 \u0111\u00e1ng tin c\u1eady nh\u1ea5t trong ng\u00e0nh c\u00f4ng nghi\u1ec7p kim lo\u1ea1i m\u00e0u.<\/p>\n<p><a href=\"http:\/\/en.genesisalloys.com\/\">Truy c\u1eadp trang web c\u1ee7a Genesis > ><\/a><\/p>\n<h3 style=\"padding-top: 20px;\"><strong>\u0110\u00c1P \u1ee8NG C\u00c1C TI\u00caU CHU\u1ea8N QU\u1ed0C T\u1ebe<\/strong><\/h3>\n<p>Trong h\u01a1n 20 n\u0103m qua, Lee Kee \u0111\u00e3 t\u1ea1o ra c\u00e1c lo\u1ea1i h\u1ee3p kim t\u00f9y ch\u1ec9nh \u0111\u1ec3 s\u1eed d\u1ee5ng trong nhi\u1ec1u ng\u00e0nh c\u00f4ng nghi\u1ec7p kh\u00e1c nhau. T\u1ea5t c\u1ea3 c\u00e1c thanh ho\u1eb7c ph\u00f4i kim lo\u1ea1i t\u00f9y ch\u1ec9nh \u0111\u1ec1u \u0111\u01b0\u1ee3c s\u1ea3n xu\u1ea5t t\u1eeb kim lo\u1ea1i nguy\u00ean ch\u1ea5t. V\u1edbi vi\u1ec7c ki\u1ec3m so\u00e1t quy tr\u00ecnh ch\u1eb7t ch\u1ebd, s\u1ea3n ph\u1ea9m cu\u1ed1i c\u00f9ng \u0111\u00e1p \u1ee9ng c\u00e1c y\u00eau c\u1ea7u tuy\u1ec7t \u0111\u00f4i v\u1ec1 th\u00e0nh ph\u1ea7n v\u00e0 \u0111\u1ed9 tinh khi\u1ebft c\u1ee7a ch\u00fang.<\/p>\n<p><a href=\"https:\/\/www.leekeegroup.com\/vn\/commitment-2\/\">Xem c\u00e1c c\u00f4ng nh\u1eadn qu\u1ed1c t\u1ebf m\u00e0 ch\u00fang t\u00f4i \u0111\u00e3 \u0111\u1ea1t \u0111\u01b0\u1ee3c > <\/a><\/p>\n<h3 style=\"padding-top: 20px;\"><strong>D\u1ecaCH V\u1ee4 CH\u1ea4T L\u01af\u1ee2NG<\/strong><\/h3>\n<p>\u0110\u1ed9i ng\u0169 b\u00e1n h\u00e0ng t\u1eadn t\u00e2m c\u1ee7a ch\u00fang t\u00f4i lu\u00f4n vui v\u1ebb h\u1ee3p t\u00e1c l\u00e0m vi\u1ec7c v\u1edbi c\u00e1c nh\u00e0 s\u1ea3n xu\u1ea5t v\u00e0 c\u00e1c nh\u00e0 \u0111\u00fac khu\u00f4n nh\u1eb1m \u0111\u01b0a ra c\u00e1c chi\u1ebfn l\u01b0\u1ee3c mua h\u00e0ng mang t\u00ednh chi\u1ebfn l\u01b0\u1ee3c, duy tr\u00ec h\u00e0ng t\u1ed3n kho \u1edf tr\u1ea1ng th\u00e1i \u0111\u00fang th\u1eddi \u0111i\u1ec3m v\u00e0 \u0111\u00e1p \u1ee9ng nhu c\u1ea7u kinh doanh \u0111a d\u1ea1ng c\u1ee7a b\u1ea1n.<\/p>\n<h3 style=\"padding-top: 20px;\"><strong>GI\u1ea2I TH\u01af\u1edeNG<\/strong><\/h3>\n<p>V\u1edbi vai tr\u00f2 l\u00e0 m\u1ed9t nh\u00e0 ti\u00ean phong trong vi\u1ec7c \u0111\u01b0a c\u00f4ng ngh\u1ec7 v\u00e0 b\u00ed quy\u1ebft s\u1ea3n xu\u1ea5t h\u1ee3p kim \u1edf n\u01b0\u1edbc ngo\u00e0i \u0111\u1ebfn Trung Qu\u1ed1c, T\u1eadp \u0111o\u00e0n Lee Kee \u0111\u00e3 x\u00e2y d\u1ef1ng m\u1ed9t \u0111\u1ed9i ng\u0169 chuy\u00ean gia luy\u1ec7n kim, c\u00f9ng v\u1edbi ph\u00f2ng th\u00ed nghi\u1ec7m \u0111\u01b0\u1ee3c c\u00f4ng nh\u1eadn c\u1ee7a m\u00ecnh nh\u1eb1m theo d\u00f5i v\u00e0 li\u00ean t\u1ee5c c\u1ea3i ti\u1ebfn quy tr\u00ecnh s\u1ea3n xu\u1ea5t h\u1ee3p kim c\u1ee7a ch\u00fang t\u00f4i. B\u00ean c\u1ea1nh danh ti\u1ebfng m\u00e0 ch\u00fang t\u00f4i \u0111\u1ea1t \u0111\u01b0\u1ee3c tr\u00ean to\u00e0n qu\u1ed1c v\u1ec1 c\u00e1c s\u1ea3n ph\u1ea9m ch\u1ea5t l\u01b0\u1ee3ng cao, ch\u00fang t\u00f4i c\u00f2n gi\u00e0nh \u0111\u01b0\u1ee3c s\u1ef1 c\u00f4ng nh\u1eadn v\u1ec1 nh\u1eefng n\u1ed7 l\u1ef1c t\u1eadn t\u1ee5y c\u1ee7a m\u00ecnh c\u1ea3 t\u1eeb ng\u00e0nh c\u00f4ng nghi\u1ec7p v\u00e0 c\u00e1c t\u1eadp \u0111o\u00e0n c\u00f4ng nghi\u1ec7p c\u00f3 uy t\u00edn.<\/p>\n<p>[vc_row_inner][vc_column_inner width=&#8221;1\/3&#8243;]<img loading=\"lazy\" class=\"aligncenter wp-image-7220\" src=\"https:\/\/www.leekeegroup.com\/wp-content\/uploads\/2020\/02\/Die-Casting-Top-Brand-2018.jpg\" width=\"242\" height=\"165\" \/><\/p>\n<p style=\"text-align: center;\">T\u1eadp \u0111o\u00e0n Lee Kee \u0111\u00e3 \u0111\u01b0\u1ee3c ZonZu Technology trao t\u1eb7ng Th\u01b0\u01a1ng hi\u1ec7u H\u1ee3p kim K\u1ebdm \u0110\u00fac T\u1ed1t nh\u1ea5t t\u1ea1i Trung Qu\u1ed1c trong hai n\u0103m li\u00ean ti\u1ebfp<\/p>\n<p>[\/vc_column_inner][vc_column_inner width=&#8221;1\/3&#8243;]<img loading=\"lazy\" class=\"aligncenter wp-image-5737\" src=\"https:\/\/www.leekeegroup.com\/wp-content\/uploads\/2020\/02\/YKK.jpg\" alt=\"icon_2 \" width=\"120\" height=\"180\" \/><\/p>\n<p style=\"text-align: center;\">Genesis \u0111\u00e3 \u0111\u01b0\u1ee3c YKK trao gi\u1ea3i gi\u1ea3i th\u01b0\u1edfng l\u00e0 Nh\u00e0 cung c\u1ea5p Xu\u1ea5t s\u1eafc v\u00e0o n\u0103m 2018<\/p>\n<p>[\/vc_column_inner][vc_column_inner width=&#8221;1\/3&#8243;]<img loading=\"lazy\" class=\"aligncenter wp-image-5737\" src=\"https:\/\/www.leekeegroup.com\/wp-content\/uploads\/2020\/02\/Foehl_Best-Supplier.jpg\" alt=\"icon_2 \" width=\"120\" height=\"180\" \/><\/p>\n<p style=\"text-align: center;\">Genesis \u0111\u00e3 \u0111\u01b0\u1ee3c F\u00f6hl China trao gi\u1ea3i th\u01b0\u1edfng l\u00e0 Nh\u00e0 cung c\u1ea5p Xu\u1ea5t s\u1eafc v\u00e0o n\u0103m 2019<\/p>\n<p>[\/vc_column_inner][\/vc_row_inner]<\/p>\n<p>[\/vc_column_text][\/vc_column][vc_column width =&#8221;1\/4&#8243;][vc_column_text]<\/p>\n<table style=\"text-align: left;\">\n<tbody>\n<tr>\n<th style=\"background-color: #dddddd; color: #c21332; font-size: 20px; text-align: center; padding-top: 15px; padding-bottom: 15px;\">C\u00e1c \u0111\u01a1n v\u1ecb kinh doanh kh\u00e1c<\/th>\n<\/tr>\n<tr>\n<th style=\"padding-left: 30px; border-bottom: 1px solid #e1e1e1; font-weight: normal; padding-top: 15px; padding-bottom: 15px;\"><a style=\"color: #4f5b69;\" href=\"https:\/\/www.leekeegroup.com\/vn\/technical-consultancy\/\">T\u01af V\u1ea4N K\u1ef8 THU\u1eacT<br \/>\n<\/a><\/th>\n<\/tr>\n<tr>\n<th style=\"padding-left: 30px; border-bottom: 1px solid #e1e1e1; font-weight: normal; padding-top: 15px; padding-bottom: 15px;\"><a style=\"color: #4f5b69;\" href=\"https:\/\/www.leekeegroup.com\/vn\/quality-assurance-and-testing\/\">\u0110\u1ea2M B\u1ea2O &#038; TH\u1eec NGHI\u1ec6M CH\u1ea4T L\u01af\u1ee2NG<br \/>\n<\/a><\/th>\n<\/tr>\n<tr>\n<th style=\"padding-left: 30px; border-bottom: 1px solid #e1e1e1; font-weight: normal; padding-top: 15px; padding-bottom: 15px;\"><a style=\"color: #4f5b69;\" href=\"https:\/\/www.leekeegroup.com\/vn\/market-intelligence-2\/\">T\u00ccNH B\u00c1O TH\u1eca TR\u01af\u1edcNG<br \/>\n<\/a><\/th>\n<\/tr>\n<tr>\n<th style=\"background-color: #ca3128; padding-left: 30px; border-bottom: 1px solid #e1e1e1; font-weight: normal; padding-top: 15px; padding-bottom: 15px;\"><a style=\"color: white;\" href=\"https:\/\/www.leekeegroup.com\/vn\/alloy-customization\/\">S\u1ea2N XU\u1ea4T H\u1ee2P KIM<br \/>\n<\/a><\/th>\n<\/tr>\n<tr>\n<th style=\"padding-left: 30px; border-bottom: 1px solid #e1e1e1; font-weight: normal; padding-top: 15px; padding-bottom: 15px;\"><a style=\"color: #4f5b69;\" href=\"https:\/\/www.leekeegroup.com\/vn\/supply-chain-management-2\/\">QU\u1ea2N L\u00dd CHU\u1ed6I CUNG \u1ee8NG<\/a><\/th>\n<\/tr>\n<tr>\n<th style=\"padding-left: 30px; border-bottom: 1px solid #e1e1e1; font-weight: normal; padding-top: 15px; padding-bottom: 15px;\"><a style=\"color: #4f5b69;\" href=\"https:\/\/www.leekeegroup.com\/vn\/research-development\/\">NGHI\u00caN C\u1ee8U V\u00c0 PH\u00c1T TRI\u1ec2N<\/a><\/th>\n<\/tr>\n<tr>\n<th style=\"background-color: #e1e1e1; color: #c21332; font-size: 20px; text-align: center; padding-top: 15px; padding-bottom: 15px !important;\"><a style=\"display: block; color: #c21332 !important;\" href=\"https:\/\/www.leekeegroup.com\/vn\/subscription\/\">\u0110\u0103ng k\u00fd nh\u1eadn b\u1ea3n tin c\u1ee7a ch\u00fang t\u00f4i<\/a><\/th>\n<\/tr>\n<tr>\n<th style=\"text-align: center; padding-bottom: 15px; padding-top: 15px;\">B\u1ea3n tin Lee Kee \u0111\u01b0\u1ee3c ph\u00e1t h\u00e0nh h\u00e0ng qu\u00fd \u0111\u1ec3 nh\u1ea5n m\u1ea1nh nh\u1eefng ph\u01b0\u01a1ng th\u1ee9c m\u00e0 ch\u00fang t\u00f4i \u0111ang s\u1eed d\u1ee5ng \u0111\u1ec3 mang l\u1ea1i gi\u00e1 tr\u1ecb cho kh\u00e1ch h\u00e0ng, bao g\u1ed3m c\u00e1c tin t\u1ee9c v\u1ec1 th\u1ecb tr\u01b0\u1eddng, c\u1eadp nh\u1eadt th\u00f4ng tin v\u1ec1 k\u1ef9 thu\u1eadt v\u00e0 th\u00f4ng tin v\u1ec1 c\u00f4ng ty.<\/th>\n<\/tr>\n<tr>\n<th style=\"text-align: center; border-bottom: 1px solid #e1e1e1; padding-bottom: 15px;\"><a style=\"background-color: #c21332; color: white !important; padding: 5px;\" href=\"https:\/\/www.leekeegroup.com\/vn\/subscription\/\">\u0110\u0103ng k\u00fd<\/a><\/th>\n<\/tr>\n<tr>\n<th style=\"border-bottom: 1px solid #e1e1e1; font-size: 20px; text-align: center; padding-top: 15px; padding-bottom: 15px; color: #4f5b69;\">Theo d\u00f5i ch\u00fang t\u00f4i tr\u00ean WeChat<img loading=\"lazy\" class=\"aligncenter size-full wp-image-1895\" src=\"https:\/\/www.leekeegroup.com\/wp-content\/uploads\/2016\/10\/Untitled-2.jpg\" alt=\"untitled-2\" width=\"135\" height=\"135\" \/><\/th>\n<\/tr>\n<tr>\n<th style=\"border-bottom: 1px solid #e1e1e1; font-size: 20px; text-align: center; padding-top: 15px; padding-bottom: 15px;\"><a style=\"color: #4f5b69;\" href=\"https:\/\/www.leekeegroup.com\/vn\/contact-us\/\">Li\u00ean h\u1ec7 ch\u00fang t\u00f4i<br \/>\n<\/a><\/th>\n<\/tr>\n<\/tbody>\n<\/table>\n<p>[\/vc_column][\/vc_row]<\/p>\n","protected":false},"excerpt":{"rendered":"<p>[vc_row css=&#8221;.vc_custom_1421949556992{margin-top: -50px !important;}&#8221;][vc_column][\/vc_column][\/vc_row][vc_row css=&#8221;.vc_custom_1421949556992{margin-top: -55px !important;}&#8221;][vc_column width = &#8220;3\/4&#8221;] S\u1ea2N XU\u1ea4T XANH [vc_column_text]C\u00e1c c\u01a1 s\u1edf s\u1ea3n xu\u1ea5t c\u1ee7a ch\u00fang&#8230;<\/p>\n","protected":false},"author":5,"featured_media":0,"parent":0,"menu_order":0,"comment_status":"closed","ping_status":"closed","template":"","meta":[],"_links":{"self":[{"href":"https:\/\/www.leekeegroup.com\/vn\/wp-json\/wp\/v2\/pages\/1929"}],"collection":[{"href":"https:\/\/www.leekeegroup.com\/vn\/wp-json\/wp\/v2\/pages"}],"about":[{"href":"https:\/\/www.leekeegroup.com\/vn\/wp-json\/wp\/v2\/types\/page"}],"author":[{"embeddable":true,"href":"https:\/\/www.leekeegroup.com\/vn\/wp-json\/wp\/v2\/users\/5"}],"replies":[{"embeddable":true,"href":"https:\/\/www.leekeegroup.com\/vn\/wp-json\/wp\/v2\/comments?post=1929"}],"version-history":[{"count":46,"href":"https:\/\/www.leekeegroup.com\/vn\/wp-json\/wp\/v2\/pages\/1929\/revisions"}],"predecessor-version":[{"id":12138,"href":"https:\/\/www.leekeegroup.com\/vn\/wp-json\/wp\/v2\/pages\/1929\/revisions\/12138"}],"wp:attachment":[{"href":"https:\/\/www.leekeegroup.com\/vn\/wp-json\/wp\/v2\/media?parent=1929"}],"curies":[{"name":"wp","href":"https:\/\/api.w.org\/{rel}","templated":true}]}}