{"id":1921,"date":"2016-10-23T05:49:13","date_gmt":"2016-10-23T05:49:13","guid":{"rendered":"http:\/\/www.leekeegroup.com\/?page_id=1921"},"modified":"2020-06-10T14:15:58","modified_gmt":"2020-06-10T06:15:58","slug":"quality-assurance-and-testing","status":"publish","type":"page","link":"https:\/\/www.leekeegroup.com\/vn\/quality-assurance-and-testing\/","title":{"rendered":"\u0110\u1ea2M B\u1ea2O &#038; TH\u1eec NGHI\u1ec6M CH\u1ea4T L\u01af\u1ee2NG"},"content":{"rendered":"<p>[vc_row css=&#8221;.vc_custom_1421949556992{margin-top: -50px !important;}&#8221;][vc_column]<div class=\"fullwidth-block clearfix\" style=\"background-position: center top;\"><script type=\"text\/javascript\">jQuery(function() { _initLayerSlider( '#layerslider_234_be94yxrx5h5g', {sliderVersion: '6.11.1', responsiveUnder: 1260, hideUnder: 0, hideOver: 100000, pauseOnHover: 1, skin: 'v5', skinsPath: 'https:\/\/www.leekeegroup.com\/wp-content\/plugins\/LayerSlider\/assets\/static\/layerslider\/skins\/'}); });<\/script><div id=\"layerslider_234_be94yxrx5h5g\" class=\"ls-wp-container fitvidsignore\" style=\"width:1260px;height:300px;max-width:1260px;margin:0 auto;margin-bottom: 0px;\"><div class=\"ls-slide\" data-ls=\"duration:4000;kenburnsscale:1.2;\"><img width=\"1258\" height=\"300\" src=\"https:\/\/www.leekeegroup.com\/wp-content\/uploads\/2020\/02\/15_business_unit_03-1.jpg\" class=\"ls-bg\" alt=\"\" loading=\"lazy\" srcset=\"https:\/\/www.leekeegroup.com\/wp-content\/uploads\/2020\/02\/15_business_unit_03-1.jpg 1258w, https:\/\/www.leekeegroup.com\/wp-content\/uploads\/2020\/02\/15_business_unit_03-1-300x72.jpg 300w, https:\/\/www.leekeegroup.com\/wp-content\/uploads\/2020\/02\/15_business_unit_03-1-768x183.jpg 768w, https:\/\/www.leekeegroup.com\/wp-content\/uploads\/2020\/02\/15_business_unit_03-1-1024x244.jpg 1024w\" sizes=\"(max-width: 1258px) 100vw, 1258px\" \/><\/div><\/div><\/div>[\/vc_column][\/vc_row][vc_row css=&#8221;.vc_custom_1421949556992{margin-top: -55px !important;}&#8221;][vc_column width = &#8220;3\/4&#8221;][vc_column_text]<\/p>\n<h3 style=\"padding-top: 20px;\"><strong>\u0110\u1ea2M B\u1ea2O &#038; TH\u1eec NGHI\u1ec6M CH\u1ea4T L\u01af\u1ee2NG <\/strong><\/h3>\n<p>[\/vc_column_text][vc_column_text]L\u00e0 ph\u00f2ng th\u00ed nghi\u1ec7m \u0111\u1ea7u ti\u00ean \u1edf H\u1ed3ng K\u00f4ng \u0111\u01b0\u1ee3c c\u00f4ng nh\u1eadn trong danh m\u1ee5c Kim lo\u1ea1i v\u00e0 H\u1ee3p kim Kim lo\u1ea1i theo \u0110\u1ec1 \u00e1n Ki\u1ec3m \u0111\u1ecbnh Ph\u00f2ng th\u00ed nghi\u1ec7m H\u1ed3ng K\u00f4ng (HOKLAS), Ph\u00f2ng th\u00ed nghi\u1ec7m Th\u1eed nghi\u1ec7m Kim lo\u1ea1i Promet \u0111\u01b0\u1ee3c trang b\u1ecb c\u00e1c ph\u01b0\u01a1ng ti\u1ec7n th\u1eed nghi\u1ec7m ti\u00ean ti\u1ebfn nh\u1eb1m ph\u1ee5c v\u1ee5 vi\u1ec7c th\u1eed nghi\u1ec7m v\u00e0 ph\u00e2n t\u00edch c\u00e1c kim lo\u1ea1i kh\u00e1c nhau.<\/p>\n<p>Promet hi\u1ec3u r\u1eb1ng c\u00e1c kim lo\u1ea1i \u0111\u1ec1u kh\u00f4ng gi\u1ed1ng nhau. \u0110\u1ed9i ng\u0169 gi\u00e0u s\u1ef1 hi\u1ec3u bi\u1ebft v\u00e0 kinh nghi\u1ec7m c\u1ee7a ch\u00fang t\u00f4i hi\u1ec3u r\u00f5 vi\u1ec7c th\u1eed nghi\u1ec7m v\u1eadt li\u1ec7u, ch\u1ee9ng nh\u1eadn s\u1ea3n ph\u1ea9m, luy\u1ec7n kim v\u00e0 thi\u1ebft k\u1ebf quy tr\u00ecnh \u0111\u1ed1i v\u1edbi r\u1ea5t nhi\u1ec1u ng\u00e0nh c\u00f4ng nghi\u1ec7p kh\u00e1c nhau. Ch\u00fang t\u00f4i gi\u00fap kh\u00e1ch h\u00e0ng gi\u1ea3m b\u1edbt s\u1ef1 kh\u00f4ng ch\u1eafc ch\u1eafn b\u1eb1ng c\u00e1ch ch\u1ee9ng minh ch\u1ea5t l\u01b0\u1ee3ng c\u1ee7a v\u1eadt li\u1ec7u, c\u00e1c th\u00e0nh ph\u1ea7n v\u00e0 s\u1ea3n ph\u1ea9m m\u00e0 tu\u00e2n th\u1ee7 theo c\u00e1c ti\u00eau chu\u1ea9n qu\u1ed1c t\u1ebf c\u1ee5 th\u1ec3 c\u00f3 li\u00ean quan.<\/p>\n<p>Ch\u00fang t\u00f4i l\u00e0 m\u1ed9t trong nh\u1eefng Nh\u00e0 ki\u1ec3m \u0111\u1ecbnh m\u1eabu v\u00e0 Nh\u00e0 ph\u00e2n t\u00edch \u0111\u01b0\u1ee3c ni\u00eam y\u1ebft tr\u00ean S\u00e0n giao d\u1ecbch kim lo\u1ea1i Lu\u00e2n \u0110\u00f4n (LME) \u0111\u01b0\u1ee3c ph\u00ea duy\u1ec7t \u0111\u1ed1i v\u1edbi c\u00e1c kim lo\u1ea1i k\u1ebdm, nh\u00f4m v\u00e0 v\u00e0 h\u1ee3p kim nh\u00f4m. Promet c\u0169ng l\u00e0 m\u1ed9t ph\u00f2ng th\u00ed nghi\u1ec7m \u0111\u01b0\u1ee3c ph\u00ea duy\u1ec7t nh\u1eb1m th\u1ef1c hi\u1ec7n vi\u1ec7c th\u1eed nghi\u1ec7m x\u00e2y d\u1ef1ng theo ti\u00eau chu\u1ea9n CS2: 2012.<\/p>\n<p>Nh\u1eb1m gi\u00fap c\u00e1c d\u1ef1 \u00e1n c\u1ee7a kh\u00e1ch h\u00e0ng c\u1ee7a ch\u00fang t\u00f4i \u0111\u01b0\u1ee3c th\u1ef1c hi\u1ec7n m\u1ed9t c\u00e1ch tr\u01a1n tru, ch\u00fang t\u00f4i t\u1ef1 h\u00e0o r\u1eb1ng ch\u00fang t\u00f4i lu\u00f4n cung c\u1ea5p c\u00e1c k\u1ebft qu\u1ea3 ch\u00ednh x\u00e1c trong th\u1eddi gian ch\u1edd \u0111\u1ee3i ng\u1eafn. D\u01b0\u1edbi \u0111\u00e2y l\u00e0 c\u00e1c l\u0129nh v\u1ef1c m\u00e0 ch\u00fang t\u00f4i hi\u1ec7n \u0111ang ho\u1ea1t \u0111\u1ed9ng:<\/p>\n<ul>\n<li>X\u00e2y d\u1ef1ng<\/li>\n<li>H\u00e0ng h\u00f3a ti\u00eau d\u00f9ng<\/li>\n<li>H\u1ec7 th\u1ed1ng n\u01b0\u1edbc &#038; Thi\u1ebft b\u1ecb v\u1ec7 sinh<\/li>\n<li>\u0110\u1ed3 trang s\u1ee9c<\/li>\n<li>\u0110\u1ed3 \u0111i\u1ec7n t\u1eed<\/li>\n<\/ul>\n<p>C\u00e1c v\u00ed d\u1ee5 v\u1ec1 D\u1ecbch v\u1ee5 th\u1eed nghi\u1ec7m:<\/p>\n<ul>\n<li>Ph\u00e2n t\u00edch h\u00f3a h\u1ecdc<\/li>\n<li>Ki\u1ec3m tra luy\u1ec7n kim<\/li>\n<li>K\u00ednh hi\u1ec3n vi \u0111i\u1ec7n t\u1eed qu\u00e9t (SEM)<\/li>\n<li>Th\u1eed nghi\u1ec7m m\u00f9 mu\u1ed1i (s\u01b0\u01a1ng m\u00f9)<\/li>\n<\/ul>\n<hr style=\"border-bottom: 1px solid #dddddd;\" \/>\n<p>[vc_row_inner][vc_column_inner width=&#8221;1\/2&#8243;]<img loading=\"lazy\" class=\"aligncenter size-full wp-image-1903\" style=\"padding-top: 10px;\" src=\"https:\/\/www.leekeegroup.com\/wp-content\/uploads\/2016\/10\/icon01-1.jpg\" alt=\"icon01\" width=\"149\" height=\"178\" \/>[\/vc_column_inner][vc_column_inner width=&#8221;1\/2&#8243;]<img loading=\"lazy\" class=\"aligncenter size-full wp-image-1904\" style=\"padding-top: 10px;\" src=\"https:\/\/www.leekeegroup.com\/wp-content\/uploads\/2016\/10\/icon02-1.jpg\" alt=\"icon02\" width=\"216\" height=\"164\" \/>[\/vc_column_inner][\/vc_row_inner]<\/p>\n<hr style=\"border-bottom: 1px solid #dddddd;\" \/>\n<p style=\"font-weight: bold;\"><a style=\"color: #384554;\" href=\"http:\/\/www.prometlab.com\/en\" target=\"_blank\">\u0110\u1ec3 bi\u1ebft th\u00eam th\u00f4ng tin, vui l\u00f2ng truy c\u1eadp<img loading=\"lazy\" style=\"vertical-align: text-top;\" src=\"https:\/\/www.leekeegroup.com\/wp-content\/uploads\/2016\/10\/logo.jpg\" alt=\"logo\" width=\"83\" height=\"16\" \/><\/a><\/p>\n<p>[\/vc_column_text][\/vc_column][vc_column width =&#8221;1\/4&#8243;][vc_column_text]<\/p>\n<table style=\"text-align: left;\">\n<tbody>\n<tr>\n<th style=\"background-color: #dddddd; color: #c21332; font-size: 20px; text-align: center; padding-top: 15px; padding-bottom: 15px;\">C\u00e1c \u0111\u01a1n v\u1ecb kinh doanh kh\u00e1c<\/th>\n<\/tr>\n<tr>\n<th style=\"padding-left: 30px; border-bottom: 1px solid #e1e1e1; font-weight: normal; padding-top: 15px; padding-bottom: 15px;\"><a style=\"color: #4f5b69;\" href=\"https:\/\/www.leekeegroup.com\/vn\/market-intelligence-2\/\">T\u00ccNH B\u00c1O TH\u1eca TR\u01af\u1edcNG<br \/>\n<\/a><\/th>\n<\/tr>\n<tr>\n<th style=\"padding-left: 30px; border-bottom: 1px solid #e1e1e1; font-weight: normal; padding-top: 15px; padding-bottom: 15px;\"><a style=\"color: #4f5b69;\" href=\"https:\/\/www.leekeegroup.com\/vn\/technical-consultancy\/\">T\u01af V\u1ea4N K\u1ef8 THU\u1eacT<br \/>\n<\/a><\/th>\n<\/tr>\n<tr>\n<th style=\"background-color: #ca3128; padding-left: 30px; border-bottom: 1px solid #e1e1e1; font-weight: normal; padding-top: 15px; padding-bottom: 15px;\"><a style=\"color: white;\"  href=\"https:\/\/www.leekeegroup.com\/vn\/quality-assurance-and-testing\/\">\u0110\u1ea2M B\u1ea2O &#038; TH\u1eec NGHI\u1ec6M CH\u1ea4T L\u01af\u1ee2NG<br \/>\n<\/a><\/th>\n<\/tr>\n<tr>\n<th style=\"padding-left: 30px; border-bottom: 1px solid #e1e1e1; font-weight: normal; padding-top: 15px; padding-bottom: 15px;\"><a style=\"color: #4f5b69;\" href=\"https:\/\/www.leekeegroup.com\/vn\/alloy-customization\/\">S\u1ea2N XU\u1ea4T H\u1ee2P KIM<br \/>\n<\/a><\/th>\n<\/tr>\n<tr>\n<th style=\"padding-left: 30px; border-bottom: 1px solid #e1e1e1; font-weight: normal; padding-top: 15px; padding-bottom: 15px;\"><a style=\"color: #4f5b69;\" href=\"https:\/\/www.leekeegroup.com\/vn\/supply-chain-management-2\/\">QU\u1ea2N L\u00dd CHU\u1ed6I CUNG \u1ee8NG<br \/>\n<\/a><\/th>\n<\/tr>\n<tr>\n<th style=\"padding-left: 30px; border-bottom: 1px solid #e1e1e1; font-weight: normal; padding-top: 15px; padding-bottom: 15px;\"><a style=\"color: #4f5b69;\" href=\"https:\/\/www.leekeegroup.com\/vn\/research-development\/\">NGHI\u00caN C\u1ee8U V\u00c0 PH\u00c1T TRI\u1ec2N<br \/>\n<\/a><\/th>\n<\/tr>\n<tr>\n<th style=\"background-color: #e1e1e1; color: #c21332; font-size: 20px; text-align: center; padding-top: 15px; padding-bottom: 15px !important;\"><a style=\"display: block; color: #c21332 !important;\" href=\"https:\/\/www.leekeegroup.com\/vn\/subscription\/\">\u0110\u0103ng k\u00fd nh\u1eadn b\u1ea3n tin c\u1ee7a ch\u00fang t\u00f4i<\/a><\/th>\n<\/tr>\n<tr>\n<th style=\"text-align: center; padding-bottom: 15px; padding-top: 15px;\">B\u1ea3n tin Lee Kee \u0111\u01b0\u1ee3c ph\u00e1t h\u00e0nh h\u00e0ng qu\u00fd \u0111\u1ec3 nh\u1ea5n m\u1ea1nh nh\u1eefng ph\u01b0\u01a1ng th\u1ee9c m\u00e0 ch\u00fang t\u00f4i \u0111ang s\u1eed d\u1ee5ng \u0111\u1ec3 mang l\u1ea1i gi\u00e1 tr\u1ecb cho kh\u00e1ch h\u00e0ng, bao g\u1ed3m c\u00e1c tin t\u1ee9c v\u1ec1 th\u1ecb tr\u01b0\u1eddng, c\u1eadp nh\u1eadt th\u00f4ng tin v\u1ec1 k\u1ef9 thu\u1eadt v\u00e0 th\u00f4ng tin v\u1ec1 c\u00f4ng ty.<\/th>\n<\/tr>\n<tr>\n<th style=\"text-align: center; border-bottom: 1px solid #e1e1e1; padding-bottom: 15px;\"><a style=\"background-color: #c21332; color: white !important; padding: 5px;\" href=\"https:\/\/www.leekeegroup.com\/vn\/subscription\/\">\u0110\u0103ng k\u00fd<\/a><\/th>\n<\/tr>\n<tr>\n<th style=\"border-bottom: 1px solid #e1e1e1; font-size: 20px; text-align: center; padding-top: 15px; padding-bottom: 15px; color: #4f5b69;\">Theo d\u00f5i ch\u00fang t\u00f4i tr\u00ean WeChat<img loading=\"lazy\" class=\"aligncenter size-full wp-image-1895\" src=\"https:\/\/www.leekeegroup.com\/wp-content\/uploads\/2016\/10\/Untitled-2.jpg\" alt=\"untitled-2\" width=\"135\" height=\"135\" \/><\/th>\n<\/tr>\n<tr>\n<th style=\"border-bottom: 1px solid #e1e1e1; font-size: 20px; text-align: center; padding-top: 15px; padding-bottom: 15px;\"><a style=\"color: #4f5b69;\" href=\"https:\/\/www.leekeegroup.com\/vn\/contact-us\/\">Li\u00ean h\u1ec7 ch\u00fang t\u00f4i<\/a><\/th>\n<\/tr>\n<\/tbody>\n<\/table>\n<p>[\/vc_column][\/vc_row]<\/p>\n","protected":false},"excerpt":{"rendered":"<p>[vc_row css=&#8221;.vc_custom_1421949556992{margin-top: -50px !important;}&#8221;][vc_column][\/vc_column][\/vc_row][vc_row css=&#8221;.vc_custom_1421949556992{margin-top: -55px !important;}&#8221;][vc_column width = &#8220;3\/4&#8221;][vc_column_text] \u0110\u1ea2M B\u1ea2O &#038; TH\u1eec NGHI\u1ec6M CH\u1ea4T L\u01af\u1ee2NG [\/vc_column_text][vc_column_text]L\u00e0 ph\u00f2ng th\u00ed&#8230;<\/p>\n","protected":false},"author":5,"featured_media":0,"parent":0,"menu_order":0,"comment_status":"closed","ping_status":"closed","template":"","meta":[],"_links":{"self":[{"href":"https:\/\/www.leekeegroup.com\/vn\/wp-json\/wp\/v2\/pages\/1921"}],"collection":[{"href":"https:\/\/www.leekeegroup.com\/vn\/wp-json\/wp\/v2\/pages"}],"about":[{"href":"https:\/\/www.leekeegroup.com\/vn\/wp-json\/wp\/v2\/types\/page"}],"author":[{"embeddable":true,"href":"https:\/\/www.leekeegroup.com\/vn\/wp-json\/wp\/v2\/users\/5"}],"replies":[{"embeddable":true,"href":"https:\/\/www.leekeegroup.com\/vn\/wp-json\/wp\/v2\/comments?post=1921"}],"version-history":[{"count":45,"href":"https:\/\/www.leekeegroup.com\/vn\/wp-json\/wp\/v2\/pages\/1921\/revisions"}],"predecessor-version":[{"id":4514,"href":"https:\/\/www.leekeegroup.com\/vn\/wp-json\/wp\/v2\/pages\/1921\/revisions\/4514"}],"wp:attachment":[{"href":"https:\/\/www.leekeegroup.com\/vn\/wp-json\/wp\/v2\/media?parent=1921"}],"curies":[{"name":"wp","href":"https:\/\/api.w.org\/{rel}","templated":true}]}}