{"id":1914,"date":"2016-10-23T05:41:13","date_gmt":"2016-10-23T05:41:13","guid":{"rendered":"http:\/\/www.leekeegroup.com\/?page_id=1914"},"modified":"2020-06-08T16:06:43","modified_gmt":"2020-06-08T08:06:43","slug":"market-intelligence-2","status":"publish","type":"page","link":"https:\/\/www.leekeegroup.com\/vn\/market-intelligence-2\/","title":{"rendered":"T\u00ecnh b\u00e1o th\u1ecb tr\u01b0\u1eddng"},"content":{"rendered":"<p>[vc_row css=&#8221;.vc_custom_1421949556992{margin-top: -50px !important;}&#8221;][vc_column]<div class=\"fullwidth-block clearfix\" style=\"background-position: center top;\"><script type=\"text\/javascript\">jQuery(function() { _initLayerSlider( '#layerslider_230_gxu9oqnz3xur', {sliderVersion: '6.11.1', responsiveUnder: 1260, hideUnder: 0, hideOver: 100000, pauseOnHover: 1, skin: 'v5', skinsPath: 'https:\/\/www.leekeegroup.com\/wp-content\/plugins\/LayerSlider\/assets\/static\/layerslider\/skins\/'}); });<\/script><div id=\"layerslider_230_gxu9oqnz3xur\" class=\"ls-wp-container fitvidsignore\" style=\"width:1260px;height:300px;max-width:1260px;margin:0 auto;margin-bottom: 0px;\"><div class=\"ls-slide\" data-ls=\"duration:4000;kenburnsscale:1.2;\"><img width=\"1258\" height=\"300\" src=\"https:\/\/www.leekeegroup.com\/wp-content\/uploads\/2020\/02\/13_business_unit_01-1.jpg\" class=\"ls-bg\" alt=\"\" loading=\"lazy\" srcset=\"https:\/\/www.leekeegroup.com\/wp-content\/uploads\/2020\/02\/13_business_unit_01-1.jpg 1258w, https:\/\/www.leekeegroup.com\/wp-content\/uploads\/2020\/02\/13_business_unit_01-1-300x72.jpg 300w, https:\/\/www.leekeegroup.com\/wp-content\/uploads\/2020\/02\/13_business_unit_01-1-768x183.jpg 768w, https:\/\/www.leekeegroup.com\/wp-content\/uploads\/2020\/02\/13_business_unit_01-1-1024x244.jpg 1024w\" sizes=\"(max-width: 1258px) 100vw, 1258px\" \/><\/div><\/div><\/div>[\/vc_column][\/vc_row][vc_row css=&#8221;.vc_custom_1421949556992{margin-top: -55px !important;}&#8221;][vc_column width = &#8220;3\/4&#8221;][vc_column_text]<\/p>\n<h3 style=\"padding-top: 20px;\"><strong>T\u00ccNH B\u00c1O TH\u1eca TR\u01af\u1edcNG<\/strong><\/h3>\n<p>[\/vc_column_text][vc_column_text]D\u1eabn tr\u01b0\u1edbc trong th\u1ebf gi\u1edbi kinh doanh ng\u00e0y nay \u0111\u00f2i h\u1ecfi c\u1ea7n c\u00f3 s\u1ef1 hi\u1ec3u bi\u1ebft r\u00f5 r\u00e0ng v\u1ec1 vi\u1ec7c ph\u00e1t tri\u1ec3n kinh t\u1ebf x\u00e3 h\u1ed9i \u1edf t\u1ea7m v\u0129 m\u00f4 v\u00e0 khu v\u1ef1c.<\/p>\n<p>Ch\u00fang t\u00f4i t\u1ef1 h\u00e0o khi bi\u1ebft r\u1eb1ng th\u1ecb tr\u01b0\u1eddng c\u1ee7a ch\u00fang t\u00f4i v\u00f4 c\u00f9ng thu\u1eadn l\u1ee3i v\u00e0 ch\u1ee9c n\u0103ng t\u00ecnh b\u00e1o th\u1ecb tr\u01b0\u1eddng c\u1ee7a ch\u00fang t\u00f4i \u0111\u01b0\u1ee3c giao nhi\u1ec7m v\u1ee5 n\u1eafm b\u1eaft th\u00f4ng tin v\u1ec1 c\u00e1c bi\u1ebfn \u0111\u1ed9ng v\u1ec1 gi\u00e1 kim lo\u1ea1i, xu h\u01b0\u1edbng th\u1ecb tr\u01b0\u1eddng v\u00e0 s\u1ef1 ph\u00e1t tri\u1ec3n c\u1ee7a ng\u00e0nh. Th\u00f4ng qua c\u00e1c b\u00e1o c\u00e1o h\u00e0ng th\u00e1ng v\u00e0 b\u1ea3n tin h\u00e0ng qu\u00fd, \u0111\u1ed9i ng\u0169 c\u1ee7a ch\u00fang t\u00f4i \u0111\u01b0a ra ph\u00e2n t\u00edch v\u1ec1 th\u1ecb tr\u01b0\u1eddng kim lo\u1ea1i \u0111\u1ec3 gi\u00fap t\u1eadp \u0111o\u00e0n ph\u00e1t tri\u1ec3n k\u1ebf ho\u1ea1ch kinh doanh c\u0169ng nh\u01b0 ph\u00e1t tri\u1ec3n chi\u1ebfn l\u01b0\u1ee3c \u0111\u1ecbnh gi\u00e1 m\u1ed9t c\u00e1ch chi\u1ebfn l\u01b0\u1ee3c.<\/p>\n<h3 style=\"padding-top: 20px;\"><strong>H\u1ec6 TH\u1ed0NG QU\u1ea2N L\u00dd TRI TH\u1ee8C <\/strong><\/h3>\n<p>T\u1eadp \u0111o\u00e0n Lee Kee tin r\u1eb1ng h\u1ecdc t\u1eadp kh\u00f4ng ch\u1ec9 l\u00e0 ngu\u1ed3n g\u1ed1c d\u1eabn \u0111\u1ebfn m\u1ecdi s\u1ef1 \u0111\u1ed5i m\u1edbi m\u00e0 c\u00f2n l\u00e0 l\u1ee3i th\u1ebf c\u1ea1nh tranh b\u1ec1n v\u1eefng v\u00e0 l\u00e2u d\u00e0i duy nh\u1ea5t. T\u1ea1i Lee Kee, ch\u00fang t\u00f4i t\u1ea1o ra, ti\u1ebfp nh\u1eadn, t\u1ed5 ch\u1ee9c, m\u1edf r\u1ed9ng, \u0111\u1ed5i m\u1edbi v\u00e0 chia s\u1ebb tri th\u1ee9c. H\u1ec7 th\u1ed1ng qu\u1ea3n l\u00fd tri th\u1ee9c c\u1ee7a ch\u00fang t\u00f4i kh\u00f4ng \u0111\u01a1n thu\u1ea7n ch\u1ec9 l\u00e0 m\u1ed9t c\u00f4ng c\u1ee5 \u0111\u00f3ng vai tr\u00f2 b\u1ea3o v\u1ec7 v\u1ed1n tr\u00ed tu\u1ec7 c\u1ee7a ch\u00fang t\u00f4i. H\u1ec7 th\u1ed1ng cho ph\u00e9p c\u00e1c nh\u00e2n vi\u00ean c\u1ee7a ch\u00fang t\u00f4i c\u1ed9ng t\u00e1c, k\u1ebft n\u1ed1i v\u00e0 nhanh ch\u00f3ng ti\u1ebfp c\u1eadn v\u1edbi c\u00e1c chuy\u00ean gia v\u00e0 nh\u1eefng th\u00f4ng tin c\u1ea7n thi\u1ebft trong m\u00f4i tr\u01b0\u1eddng kinh doanh ng\u00e0y c\u00e0ng \u0111\u1ed9t ph\u00e1 nh\u01b0 hi\u1ec7n nay.<\/p>\n<p>B\u1eb1ng c\u00e1ch t\u1ed5ng h\u1ee3p, x\u1eed l\u00fd v\u00e0 ph\u00e2n t\u00edch l\u01b0\u1ee3ng d\u1eef li\u1ec7u l\u1edbn t\u1eeb c\u00e1c ngu\u1ed3n th\u1ee9 c\u1ea5p v\u00e0 d\u1eef li\u1ec7u ch\u00ednh \u0111\u1ebfn t\u1eeb s\u1ef1 t\u01b0\u01a1ng t\u00e1c h\u00e0ng ng\u00e0y c\u1ee7a ch\u00fang t\u00f4i v\u1edbi h\u01a1n m\u1ed9t ngh\u00ecn kh\u00e1ch h\u00e0ng, ch\u00fang t\u00f4i hi\u1ec3u r\u00f5 h\u01a1n v\u00e0 \u0111\u01b0a ra quy\u1ebft \u0111\u1ecbnh c\u0169ng nh\u01b0 \u0111\u1ed9ng th\u00e1i chi\u1ebfn l\u01b0\u1ee3c t\u1ed1t h\u01a1n.<\/p>\n<hr style=\"border-bottom: 1px solid #dddddd;\" \/>\n<p>[vc_row_inner][vc_column_inner width=&#8221;1\/2&#8243;][vc_single_image image=&#8221;1906&#8243; img_size=&#8221;medium&#8221; alignment=&#8221;center&#8221;]<\/p>\n<p>[\/vc_column_inner][vc_column_inner width=&#8221;1\/2&#8243;]<\/p>\n<p style=\"text-align: center;\">Ch\u00fang t\u00f4i \u0111\u00e3 nh\u1eadn \u0111\u01b0\u1ee3c Gi\u1ea3i th\u01b0\u1edfng Doanh nghi\u1ec7p H\u1ecdc t\u1eadp t\u1eeb PVCHK v\u00e0o n\u0103m 2015<\/p>\n<p>[\/vc_column_inner][\/vc_row_inner][vc_row_inner]<\/p>\n<p>[vc_column_inner width=&#8221;1\/2&#8243;]<img loading=\"lazy\" class=\"aligncenter size-full wp-image-1907\" src=\"https:\/\/www.leekeegroup.com\/wp-content\/uploads\/2016\/10\/icon02-2.jpg\" alt=\"icon02\" width=\"150\" height=\"180\" \/><\/p>\n<p>[\/vc_column_inner][vc_column_inner width=&#8221;1\/2&#8243;]<\/p>\n<p style=\"text-align: center;\">Lee Kee \u0111\u00e3 nh\u1eadn \u0111\u01b0\u1ee3c Gi\u1ea3i th\u01b0\u1edfng Doanh nghi\u1ec7p Tri th\u1ee9c \u0111\u01b0\u1ee3c Ng\u01b0\u1ee1ng m\u1ed9 nh\u1ea5t t\u1ea1i H\u1ed3ng K\u00f4ngv\u00e0o n\u0103m 2014<\/p>\n<p>[\/vc_column_inner][\/vc_row_inner]<\/p>\n<hr style=\"border-bottom: 1px solid #dddddd;\" \/>\n<p>[\/vc_column_text][\/vc_column]<br \/>\n[vc_column width =&#8221;1\/4&#8243;][vc_column_text]<\/p>\n<table style=\"text-align: left;\">\n<tbody>\n<tr>\n<th style=\"background-color: #dddddd; color: #c21332; font-size: 20px; text-align: center; padding-top: 15px; padding-bottom: 15px;\">C\u00e1c \u0111\u01a1n v\u1ecb kinh doanh kh\u00e1c<\/th>\n<\/tr>\n<tr>\n<th style=\"background-color: #ca3128; padding-left: 30px; border-bottom: 1px solid #e1e1e1; font-weight: normal; padding-top: 15px; padding-bottom: 15px;\"><a style=\"color: white;\" href=\"https:\/\/www.leekeegroup.com\/vn\/market-intelligence-2\/\">T\u00ccNH B\u00c1O TH\u1eca TR\u01af\u1edcNG<br \/>\n<\/a><\/th>\n<\/tr>\n<tr>\n<th style=\"padding-left: 30px; border-bottom: 1px solid #e1e1e1; font-weight: normal; padding-top: 15px; padding-bottom: 15px;\"><a style=\"color: #4f5b69;\" href=\"https:\/\/www.leekeegroup.com\/vn\/technical-consultancy\/\">T\u01af V\u1ea4N K\u1ef8 THU\u1eacT<br \/>\n<\/a><\/th>\n<\/tr>\n<tr>\n<th style=\"padding-left: 30px; border-bottom: 1px solid #e1e1e1; font-weight: normal; padding-top: 15px; padding-bottom: 15px;\"><a style=\"color: #4f5b69;\" href=\"https:\/\/www.leekeegroup.com\/vn\/quality-assurance-and-testing\/\">\u0110\u1ea2M B\u1ea2O &#038; TH\u1eec NGHI\u1ec6M CH\u1ea4T L\u01af\u1ee2NG<br \/>\n<\/a><\/th>\n<\/tr>\n<tr>\n<th style=\"padding-left: 30px; border-bottom: 1px solid #e1e1e1; font-weight: normal; padding-top: 15px; padding-bottom: 15px;\"><a style=\"color: #4f5b69;\" href=\"https:\/\/www.leekeegroup.com\/vn\/alloy-customization\/\">S\u1ea2N XU\u1ea4T H\u1ee2P KIM<br \/>\n<\/a><\/th>\n<\/tr>\n<tr>\n<th style=\"padding-left: 30px; border-bottom: 1px solid #e1e1e1; font-weight: normal; padding-top: 15px; padding-bottom: 15px;\"><a style=\"color: #4f5b69;\" href=\"https:\/\/www.leekeegroup.com\/vn\/supply-chain-management-2\/\">QU\u1ea2N L\u00dd CHU\u1ed6I CUNG \u1ee8NG<br \/>\n<\/a><\/th>\n<\/tr>\n<tr>\n<th style=\"padding-left: 30px; border-bottom: 1px solid #e1e1e1; font-weight: normal; padding-top: 15px; padding-bottom: 15px;\"><a style=\"color: #4f5b69;\" href=\"https:\/\/www.leekeegroup.com\/vn\/research-development\/\">NGHI\u00caN C\u1ee8U V\u00c0 PH\u00c1T TRI\u1ec2N<br \/>\n<\/a><\/th>\n<\/tr>\n<tr>\n<th style=\"background-color: #e1e1e1; color: #c21332; font-size: 20px; text-align: center; padding-top: 15px; padding-bottom: 15px !important;\"><a style=\"display: block; color: #c21332 !important;\" href=\"https:\/\/www.leekeegroup.com\/vn\/subscription\/\">\u0110\u0103ng k\u00fd nh\u1eadn b\u1ea3n tin c\u1ee7a ch\u00fang t\u00f4i<\/a><\/th>\n<\/tr>\n<tr>\n<th style=\"text-align: center; padding-bottom: 15px; padding-top: 15px;\">B\u1ea3n tin Lee Kee \u0111\u01b0\u1ee3c ph\u00e1t h\u00e0nh h\u00e0ng qu\u00fd \u0111\u1ec3 nh\u1ea5n m\u1ea1nh nh\u1eefng ph\u01b0\u01a1ng th\u1ee9c m\u00e0 ch\u00fang t\u00f4i \u0111ang s\u1eed d\u1ee5ng \u0111\u1ec3 mang l\u1ea1i gi\u00e1 tr\u1ecb cho kh\u00e1ch h\u00e0ng, bao g\u1ed3m c\u00e1c tin t\u1ee9c v\u1ec1 th\u1ecb tr\u01b0\u1eddng, c\u1eadp nh\u1eadt th\u00f4ng tin v\u1ec1 k\u1ef9 thu\u1eadt v\u00e0 th\u00f4ng tin v\u1ec1 c\u00f4ng ty.<\/th>\n<\/tr>\n<tr>\n<th style=\"text-align: center; border-bottom: 1px solid #e1e1e1; padding-bottom: 15px;\"><a style=\"background-color: #c21332; color: white !important; padding: 5px;\" href=\"https:\/\/www.leekeegroup.com\/vn\/subscription\/\">\u0110\u0103ng k\u00fd<\/a><\/th>\n<\/tr>\n<tr>\n<th style=\"border-bottom: 1px solid #e1e1e1; font-size: 20px; text-align: center; padding-top: 15px; padding-bottom: 15px; color: #4f5b69;\">Theo d\u00f5i ch\u00fang t\u00f4i tr\u00ean WeChat<img loading=\"lazy\" class=\"aligncenter size-full wp-image-1895\" src=\"https:\/\/www.leekeegroup.com\/wp-content\/uploads\/2016\/10\/Untitled-2.jpg\" alt=\"untitled-2\" width=\"135\" height=\"135\" \/><\/th>\n<\/tr>\n<tr>\n<th style=\"border-bottom: 1px solid #e1e1e1; font-size: 20px; text-align: center; padding-top: 15px; padding-bottom: 15px;\"><a style=\"color: #4f5b69;\" href=\"https:\/\/www.leekeegroup.com\/vn\/contact-us\/\">Li\u00ean h\u1ec7 ch\u00fang t\u00f4i<\/a><\/th>\n<\/tr>\n<\/tbody>\n<\/table>\n<p>[\/vc_column][\/vc_row]<\/p>\n","protected":false},"excerpt":{"rendered":"<p>[vc_row css=&#8221;.vc_custom_1421949556992{margin-top: -50px !important;}&#8221;][vc_column][\/vc_column][\/vc_row][vc_row css=&#8221;.vc_custom_1421949556992{margin-top: -55px !important;}&#8221;][vc_column width = &#8220;3\/4&#8221;][vc_column_text] T\u00ccNH B\u00c1O TH\u1eca TR\u01af\u1edcNG [\/vc_column_text][vc_column_text]D\u1eabn tr\u01b0\u1edbc trong th\u1ebf gi\u1edbi kinh&#8230;<\/p>\n","protected":false},"author":5,"featured_media":0,"parent":0,"menu_order":0,"comment_status":"closed","ping_status":"closed","template":"","meta":[],"_links":{"self":[{"href":"https:\/\/www.leekeegroup.com\/vn\/wp-json\/wp\/v2\/pages\/1914"}],"collection":[{"href":"https:\/\/www.leekeegroup.com\/vn\/wp-json\/wp\/v2\/pages"}],"about":[{"href":"https:\/\/www.leekeegroup.com\/vn\/wp-json\/wp\/v2\/types\/page"}],"author":[{"embeddable":true,"href":"https:\/\/www.leekeegroup.com\/vn\/wp-json\/wp\/v2\/users\/5"}],"replies":[{"embeddable":true,"href":"https:\/\/www.leekeegroup.com\/vn\/wp-json\/wp\/v2\/comments?post=1914"}],"version-history":[{"count":40,"href":"https:\/\/www.leekeegroup.com\/vn\/wp-json\/wp\/v2\/pages\/1914\/revisions"}],"predecessor-version":[{"id":17915,"href":"https:\/\/www.leekeegroup.com\/vn\/wp-json\/wp\/v2\/pages\/1914\/revisions\/17915"}],"wp:attachment":[{"href":"https:\/\/www.leekeegroup.com\/vn\/wp-json\/wp\/v2\/media?parent=1914"}],"curies":[{"name":"wp","href":"https:\/\/api.w.org\/{rel}","templated":true}]}}