{"id":1881,"date":"2016-10-23T04:39:40","date_gmt":"2016-10-23T04:39:40","guid":{"rendered":"http:\/\/www.leekeegroup.com\/?page_id=1881"},"modified":"2022-08-26T16:30:23","modified_gmt":"2022-08-26T08:30:23","slug":"technical-consultancy","status":"publish","type":"page","link":"https:\/\/www.leekeegroup.com\/vn\/technical-consultancy\/","title":{"rendered":"T\u01af V\u1ea4N K\u1ef8 THU\u1eacT"},"content":{"rendered":"<p>[vc_row css=&#8221;.vc_custom_1421949556992{margin-top: -50px !important;}&#8221;][vc_column]<div class=\"fullwidth-block clearfix\" style=\"background-position: center top;\"><script type=\"text\/javascript\">jQuery(function() { _initLayerSlider( '#layerslider_232_5oatiss8n4yb', {sliderVersion: '6.11.1', responsiveUnder: 1260, hideUnder: 0, hideOver: 100000, pauseOnHover: 1, skin: 'v5', skinsPath: 'https:\/\/www.leekeegroup.com\/wp-content\/plugins\/LayerSlider\/assets\/static\/layerslider\/skins\/'}); });<\/script><div id=\"layerslider_232_5oatiss8n4yb\" class=\"ls-wp-container fitvidsignore\" style=\"width:1260px;height:300px;max-width:1260px;margin:0 auto;margin-bottom: 0px;\"><div class=\"ls-slide\" data-ls=\"duration:4000;kenburnsscale:1.2;\"><img width=\"1258\" height=\"300\" src=\"https:\/\/www.leekeegroup.com\/wp-content\/uploads\/2020\/02\/14_business_unit_02-1.jpg\" class=\"ls-bg\" alt=\"\" loading=\"lazy\" srcset=\"https:\/\/www.leekeegroup.com\/wp-content\/uploads\/2020\/02\/14_business_unit_02-1.jpg 1258w, https:\/\/www.leekeegroup.com\/wp-content\/uploads\/2020\/02\/14_business_unit_02-1-300x72.jpg 300w, https:\/\/www.leekeegroup.com\/wp-content\/uploads\/2020\/02\/14_business_unit_02-1-768x183.jpg 768w, https:\/\/www.leekeegroup.com\/wp-content\/uploads\/2020\/02\/14_business_unit_02-1-1024x244.jpg 1024w\" sizes=\"(max-width: 1258px) 100vw, 1258px\" \/><\/div><\/div><\/div>[\/vc_column][\/vc_row][vc_row css=&#8221;.vc_custom_1421949556992{margin-top: -55px !important;}&#8221;][vc_column width = &#8220;3\/4&#8221;][vc_column_text]<\/p>\n<h3 style=\"padding-top: 20px;\"><strong>T\u01af V\u1ea4N K\u1ef8 THU\u1eacT<\/strong><\/h3>\n<p>[\/vc_column_text][vc_column_text]D\u1ef1a tr\u00ean h\u01a1n 20 n\u0103m kinh nghi\u1ec7m v\u1ec1 gi\u1ea3i quy\u1ebft v\u1ea5n \u0111\u1ec1 trong c\u00e1c ng\u00e0nh s\u1ea3n xu\u1ea5t v\u00e0 \u0111\u00fac khu\u00f4n, ch\u00fang t\u00f4i \u0111\u00e3 h\u1ecdc h\u1ecfi \u0111\u01b0\u1ee3c gi\u00e1 tr\u1ecb c\u1ee7a vi\u1ec7c t\u00f9y ch\u1ec9nh c\u00e1c d\u1ecbch v\u1ee5 c\u1ee7a m\u00ecnh nh\u1eb1m \u0111\u00e1p \u1ee9ng nhu c\u1ea7u \u0111ang ng\u00e0y c\u00e0ng ph\u00e1t tri\u1ec3n c\u1ee7a ng\u00e0nh, t\u1eeb \u0111\u00f3 nh\u1eb1m t\u0103ng th\u00eam gi\u00e1 tr\u1ecb cho hi\u1ec7u qu\u1ea3 v\u1eadn h\u00e0nh c\u1ee7a kh\u00e1ch h\u00e0ng v\u00e0 mang l\u1ea1i k\u1ebft qu\u1ea3 t\u1ed1t ngay c\u1ea3 trong nh\u1eefng t\u00ecnh hu\u1ed1ng \u0111\u1ea7y th\u1eed th\u00e1ch nh\u1ea5t.<\/p>\n<p>\u0110\u1ed9i ng\u0169 t\u01b0 v\u1ea5n Promet Consultancy bao g\u1ed3m m\u1ed9t nh\u00f3m c\u00e1c chuy\u00ean gia trong ng\u00e0nh h\u00f3a h\u1ecdc, v\u1eadt li\u1ec7u v\u00e0 k\u1ef9 thu\u1eadt c\u00f4ng nghi\u1ec7p v\u00e0 h\u1ecd l\u00e0 nh\u1eefng ng\u01b0\u1eddi \u0111\u00e3 \u0111\u01b0a ra gi\u1ea3i ph\u00e1p cho c\u00e1c ki\u1ec3u th\u1eed th\u00e1ch v\u1ec1 kim lo\u1ea1i kh\u00e1c nhau, t\u1eeb vi\u1ec7c l\u1ef1a ch\u1ecdn kim lo\u1ea1i \u0111\u1ebfn t\u00f9y ch\u1ec9nh h\u1ee3p kim, t\u1eeb vi\u1ec7c ph\u00e2n t\u00edch l\u1ed7i, t\u0103ng c\u01b0\u1eddng quy tr\u00ecnh s\u1ea3n xu\u1ea5t \u0111\u1ebfn \u0111\u00e0o t\u1ea1o k\u1ef9 thu\u1eadt.<\/p>\n<p>C\u00e1c chuy\u00ean gia c\u1ee7a ch\u00fang t\u00f4i lu\u00f4n t\u00ecm c\u00e1ch nh\u1eb1m cung c\u1ea5p c\u00e1c gi\u1ea3i ph\u00e1p ph\u00f9 h\u1ee3p v\u00e0 thi\u1ebft th\u1ef1c \u0111\u1ed1i v\u1edbi c\u00e1c v\u1ea5n \u0111\u1ec1 ph\u1ee9c t\u1ea1p li\u00ean quan \u0111\u1ebfn kim lo\u1ea1i m\u00e0 c\u00e1c nh\u00e0 s\u1ea3n xu\u1ea5t, c\u00e1c th\u1ee3 \u0111\u00fac v\u00e0 ch\u1ee7 th\u01b0\u01a1ng hi\u1ec7u ph\u1ea3i \u0111\u1ed1i m\u1eb7t. Ch\u00fang t\u00f4i c\u0169ng x\u00e2y d\u1ef1ng th\u00e0nh c\u00f4ng m\u1ed1i quan h\u1ec7 tin c\u1eady v\u00e0 c\u1edfi m\u1edf v\u1edbi kh\u00e1ch h\u00e0ng, \u0111\u00e1p \u1ee9ng nhu c\u1ea7u c\u1ee7a h\u1ecd v\u00e0 v\u01b0\u01a1n xa h\u01a1n nh\u1eefng mong \u0111\u1ee3i c\u1ee7a h\u1ecd.<\/p>\n<p style=\"font-weight: bold;\">D\u1ecbch v\u1ee5 T\u01b0 v\u1ea5n K\u1ef9 thu\u1eadt c\u1ee7a ch\u00fang t\u00f4i bao g\u1ed3m:<\/p>\n<ul style=\"color: #384554;\">\n<li style=\"color: #384554;\">Ph\u00e2n t\u00edch l\u1ed7i c\u1ee7a c\u00e1c khi\u1ebfm khuy\u1ebft \u0111\u00fac<\/li>\n<li style=\"color: #384554;\">Ph\u00e1t tri\u1ec3n h\u1ee3p kim m\u1edbi \u0111\u1ed1i v\u1edbi c\u00e1c y\u00eau c\u1ea7u c\u1ee5 th\u1ec3<\/li>\n<li style=\"color: #384554;\">Thi\u1ebft k\u1ebf khu\u00f4n ph\u1ee5c v\u1ee5 vi\u1ec7c \u0111\u00fac khu\u00f4n<\/li>\n<li style=\"color: #384554;\">M\u00f4 ph\u1ecfng d\u00f2ng ch\u1ea3y c\u1ee7a khu\u00f4n<\/li>\n<li style=\"color: #384554;\">Qu\u1ea3n l\u00fd ch\u1ea5t l\u01b0\u1ee3ng kim lo\u1ea1i n\u00f3ng ch\u1ea3y<\/li>\n<li style=\"color: #384554;\">Ki\u1ec3m to\u00e1n nh\u00e0 m\u00e1y nh\u1eb1m t\u1ed1i \u01b0u h\u00f3a quy tr\u00ecnh<\/li>\n<li style=\"color: #384554;\">\u0110\u00e0o t\u1ea1o n\u1ed9i b\u1ed9 v\u1ec1 th\u1eed nghi\u1ec7m, t\u1ef1 \u0111\u1ed9ng h\u00f3a quy tr\u00ecnh<\/li>\n<li style=\"color: #384554;\">Thi\u1ebft k\u1ebf v\u00e0 qu\u1ea3n l\u00fd s\u1ea3n xu\u1ea5t b\u1ec1n v\u1eefng<\/li>\n<\/ul>\n<hr style=\"border-bottom: 1px solid #dddddd;\" \/>\n<p style=\"font-weight: bold;\"><a style=\"color: #384554;\" href=\"http:\/\/www.prometlab.com\/en\" target=\"_blank\">\u0110\u1ec3 bi\u1ebft th\u00eam th\u00f4ng tin, vui l\u00f2ng truy c\u1eadp<img loading=\"lazy\" style=\"vertical-align: text-top;\" src=\"https:\/\/www.leekeegroup.com\/wp-content\/uploads\/2022\/08\/Promet_logo_2022.png\" alt=\"logo\" width=\"63\" height=\"16\" \/><\/a><\/p>\n<p>[\/vc_column_text][\/vc_column]<br \/>\n[vc_column width =&#8221;1\/4&#8243;][vc_column_text]<\/p>\n<table style=\"text-align: left;\">\n<tbody>\n<tr>\n<th style=\"background-color: #dddddd; color: #c21332; font-size: 20px; text-align: center; padding-top: 15px; padding-bottom: 15px;\">C\u00e1c \u0111\u01a1n v\u1ecb kinh doanh kh\u00e1c<\/th>\n<\/tr>\n<tr>\n<th style=\"padding-left: 30px; border-bottom: 1px solid #e1e1e1; font-weight: normal; padding-top: 15px; padding-bottom: 15px;\"><a style=\"color: #4f5b69;\" href=\"https:\/\/www.leekeegroup.com\/vn\/market-intelligence-2\/\">T\u00ccNH B\u00c1O TH\u1eca TR\u01af\u1edcNG<br \/>\n<\/a><\/th>\n<\/tr>\n<tr>\n<th style=\"background-color: #ca3128; padding-left: 30px; border-bottom: 1px solid #e1e1e1; font-weight: normal; padding-top: 15px; padding-bottom: 15px;\"><a style=\"color: white;\" href=\"https:\/\/www.leekeegroup.com\/vn\/technical-consultancy\/\">T\u01af V\u1ea4N K\u1ef8 THU\u1eacT<br \/>\n<\/a><\/th>\n<\/tr>\n<tr>\n<th style=\"padding-left: 30px; border-bottom: 1px solid #e1e1e1; font-weight: normal; padding-top: 15px; padding-bottom: 15px;\"><a style=\"color: #4f5b69;\" href=\"https:\/\/www.leekeegroup.com\/vn\/quality-assurance-and-testing\/\">\u0110\u1ea2M B\u1ea2O &#038; TH\u1eec NGHI\u1ec6M CH\u1ea4T L\u01af\u1ee2NG<br \/>\n<\/a><\/th>\n<\/tr>\n<tr>\n<th style=\"padding-left: 30px; border-bottom: 1px solid #e1e1e1; font-weight: normal; padding-top: 15px; padding-bottom: 15px;\"><a style=\"color: #4f5b69;\" href=\"https:\/\/www.leekeegroup.com\/vn\/alloy-customization\/\">S\u1ea2N XU\u1ea4T H\u1ee2P KIM<br \/>\n<\/a><\/th>\n<\/tr>\n<tr>\n<th style=\"padding-left: 30px; border-bottom: 1px solid #e1e1e1; font-weight: normal; padding-top: 15px; padding-bottom: 15px;\"><a style=\"color: #4f5b69;\" href=\"https:\/\/www.leekeegroup.com\/vn\/supply-chain-management-2\/\">QU\u1ea2N L\u00dd CHU\u1ed6I CUNG \u1ee8NG<br \/>\n<\/a><\/th>\n<\/tr>\n<tr>\n<th style=\"padding-left: 30px; border-bottom: 1px solid #e1e1e1; font-weight: normal; padding-top: 15px; padding-bottom: 15px;\"><a style=\"color: #4f5b69;\" href=\"https:\/\/www.leekeegroup.com\/vn\/research-development\/\">NGHI\u00caN C\u1ee8U V\u00c0 PH\u00c1T TRI\u1ec2N<br \/>\n<\/a><\/th>\n<\/tr>\n<tr>\n<th style=\"background-color: #e1e1e1; color: #c21332; font-size: 20px; text-align: center; padding-top: 15px; padding-bottom: 15px !important;\"><a style=\"display: block; color: #c21332 !important;\" href=\"https:\/\/www.leekeegroup.com\/vn\/subscription\/\">\u0110\u0103ng k\u00fd nh\u1eadn b\u1ea3n tin c\u1ee7a ch\u00fang t\u00f4i<\/a><\/th>\n<\/tr>\n<tr>\n<th style=\"text-align: center; padding-bottom: 15px; padding-top: 15px;\">B\u1ea3n tin Lee Kee \u0111\u01b0\u1ee3c ph\u00e1t h\u00e0nh h\u00e0ng qu\u00fd \u0111\u1ec3 nh\u1ea5n m\u1ea1nh nh\u1eefng ph\u01b0\u01a1ng th\u1ee9c m\u00e0 ch\u00fang t\u00f4i \u0111ang s\u1eed d\u1ee5ng \u0111\u1ec3 mang l\u1ea1i gi\u00e1 tr\u1ecb cho kh\u00e1ch h\u00e0ng, bao g\u1ed3m c\u00e1c tin t\u1ee9c v\u1ec1 th\u1ecb tr\u01b0\u1eddng, c\u1eadp nh\u1eadt th\u00f4ng tin v\u1ec1 k\u1ef9 thu\u1eadt v\u00e0 th\u00f4ng tin v\u1ec1 c\u00f4ng ty.<\/th>\n<\/tr>\n<tr>\n<th style=\"text-align: center; border-bottom: 1px solid #e1e1e1; padding-bottom: 15px;\"><a style=\"background-color: #c21332; color: white !important; padding: 5px;\" href=\"https:\/\/www.leekeegroup.com\/vn\/subscription\/\">\u0110\u0103ng k\u00fd<\/a><\/th>\n<\/tr>\n<tr>\n<th style=\"border-bottom: 1px solid #e1e1e1; font-size: 20px; text-align: center; padding-top: 15px; padding-bottom: 15px; color: #4f5b69;\">Theo d\u00f5i ch\u00fang t\u00f4i tr\u00ean WeChat<img loading=\"lazy\" class=\"aligncenter size-full wp-image-1895\" src=\"https:\/\/www.leekeegroup.com\/wp-content\/uploads\/2016\/10\/Untitled-2.jpg\" alt=\"untitled-2\" width=\"135\" height=\"135\" \/><\/th>\n<\/tr>\n<tr>\n<th style=\"border-bottom: 1px solid #e1e1e1; font-size: 20px; text-align: center; padding-top: 15px; padding-bottom: 15px;\"><a style=\"color: #4f5b69;\" href=\"https:\/\/www.leekeegroup.com\/vn\/contact-us\/\">Li\u00ean h\u1ec7 ch\u00fang t\u00f4i<\/a><\/th>\n<\/tr>\n<\/tbody>\n<\/table>\n<p>[\/vc_column][\/vc_row]<\/p>\n","protected":false},"excerpt":{"rendered":"<p>[vc_row css=&#8221;.vc_custom_1421949556992{margin-top: -50px !important;}&#8221;][vc_column][\/vc_column][\/vc_row][vc_row css=&#8221;.vc_custom_1421949556992{margin-top: -55px !important;}&#8221;][vc_column width = &#8220;3\/4&#8221;][vc_column_text] T\u01af V\u1ea4N K\u1ef8 THU\u1eacT [\/vc_column_text][vc_column_text]D\u1ef1a tr\u00ean h\u01a1n 20 n\u0103m kinh&#8230;<\/p>\n","protected":false},"author":5,"featured_media":0,"parent":0,"menu_order":0,"comment_status":"closed","ping_status":"closed","template":"","meta":[],"_links":{"self":[{"href":"https:\/\/www.leekeegroup.com\/vn\/wp-json\/wp\/v2\/pages\/1881"}],"collection":[{"href":"https:\/\/www.leekeegroup.com\/vn\/wp-json\/wp\/v2\/pages"}],"about":[{"href":"https:\/\/www.leekeegroup.com\/vn\/wp-json\/wp\/v2\/types\/page"}],"author":[{"embeddable":true,"href":"https:\/\/www.leekeegroup.com\/vn\/wp-json\/wp\/v2\/users\/5"}],"replies":[{"embeddable":true,"href":"https:\/\/www.leekeegroup.com\/vn\/wp-json\/wp\/v2\/comments?post=1881"}],"version-history":[{"count":64,"href":"https:\/\/www.leekeegroup.com\/vn\/wp-json\/wp\/v2\/pages\/1881\/revisions"}],"predecessor-version":[{"id":12319,"href":"https:\/\/www.leekeegroup.com\/vn\/wp-json\/wp\/v2\/pages\/1881\/revisions\/12319"}],"wp:attachment":[{"href":"https:\/\/www.leekeegroup.com\/vn\/wp-json\/wp\/v2\/media?parent=1881"}],"curies":[{"name":"wp","href":"https:\/\/api.w.org\/{rel}","templated":true}]}}